{"id":15666,"date":"2021-07-19T10:42:11","date_gmt":"2021-07-19T08:42:11","guid":{"rendered":"https:\/\/optimiso-group.com\/logiciel\/module\/process-modelor\/"},"modified":"2022-11-09T11:42:51","modified_gmt":"2022-11-09T10:42:51","slug":"verfahren","status":"publish","type":"page","link":"https:\/\/optimiso-group.com\/de\/software\/module\/verfahren\/","title":{"rendered":"Verfahren"},"content":{"rendered":"<p>[et_pb_section fb_built=&#8220;1&#8243; _builder_version=&#8220;4.16&#8243; custom_padding=&#8220;100px|0px|0px|0px&#8220; global_colors_info=&#8220;{}&#8220;][et_pb_row _builder_version=&#8220;4.16&#8243; background_size=&#8220;initial&#8220; background_position=&#8220;top_left&#8220; background_repeat=&#8220;repeat&#8220; custom_padding=&#8220;0px|0px|33.1875px|0px&#8220; global_colors_info=&#8220;{}&#8220;][et_pb_column type=&#8220;4_4&#8243; _builder_version=&#8220;4.16&#8243; custom_padding=&#8220;|||&#8220; global_colors_info=&#8220;{}&#8220; custom_padding__hover=&#8220;|||&#8220;][et_pb_text _builder_version=&#8220;4.16&#8243; global_colors_info=&#8220;{}&#8220;]<\/p>\n<h1 style=\"text-align: left;\"><strong>Das Verfahrensmodul<\/strong><\/h1>\n<h2><strong>Das ideale grafische Werkzeug zur einfachen Modellierung von Prozessen und Abl\u00e4ufen<\/strong><\/h2>\n<p>Mit der Software von Optimiso wird die Modellbildung zum Kinderspiel. Sie leistet sogar eine \u00dcberarbeitung Ihrer Flussdiagramme. Sie k\u00f6nnen auf einfache Weise dynamische Verkn\u00fcpfungen erstellen, um alle Unternehmensteile mit Prozessen und Verfahren zu verkn\u00fcpfen: Rollen oder Positionen, Dokumente, Abteilungen oder Dienste, Indikatoren, Risiken, Sicherheitsvorkehrungen und Kontrollen.<\/p>\n<p>[\/et_pb_text][\/et_pb_column][\/et_pb_row][\/et_pb_section][et_pb_section fb_built=&#8220;1&#8243; _builder_version=&#8220;4.16&#8243; custom_padding=&#8220;0px|0px|0px|0px&#8220; global_colors_info=&#8220;{}&#8220;][et_pb_row _builder_version=&#8220;4.16&#8243; background_size=&#8220;initial&#8220; background_position=&#8220;top_left&#8220; background_repeat=&#8220;repeat&#8220; global_colors_info=&#8220;{}&#8220;][et_pb_column type=&#8220;4_4&#8243; _builder_version=&#8220;4.16&#8243; custom_padding=&#8220;|||&#8220; global_colors_info=&#8220;{}&#8220; custom_padding__hover=&#8220;|||&#8220;][et_pb_image src=&#8220;https:\/\/optimiso-group.com\/wp-content\/uploads\/2021\/07\/module-procedures.png&#8220; alt=&#8220;logiciel proc\u00e9dures&#8220; title_text=&#8220;module-procedures&#8220; align=&#8220;center&#8220; align_tablet=&#8220;center&#8220; align_phone=&#8220;&#8220; align_last_edited=&#8220;on|desktop&#8220; _builder_version=&#8220;4.16&#8243; always_center_on_mobile=&#8220;on&#8220; global_colors_info=&#8220;{}&#8220;]&nbsp;<br \/>\n[\/et_pb_image][\/et_pb_column][\/et_pb_row][\/et_pb_section][et_pb_section fb_built=&#8220;1&#8243; _builder_version=&#8220;4.16&#8243; custom_padding=&#8220;0px|0px|100px|0px&#8220; global_colors_info=&#8220;{}&#8220;][et_pb_row column_structure=&#8220;3_4,1_4&#8243; _builder_version=&#8220;4.16&#8243; background_size=&#8220;initial&#8220; background_position=&#8220;top_left&#8220; background_repeat=&#8220;repeat&#8220; custom_padding=&#8220;0px|0px|0px|0px&#8220; global_colors_info=&#8220;{}&#8220;][et_pb_column type=&#8220;3_4&#8243; _builder_version=&#8220;4.16&#8243; custom_padding=&#8220;|||&#8220; global_colors_info=&#8220;{}&#8220; custom_padding__hover=&#8220;|||&#8220;][et_pb_text _builder_version=&#8220;4.16&#8243; global_colors_info=&#8220;{}&#8220;]<\/p>\n<h2><strong>Die Vorz\u00fcge<br \/>\n<\/strong><\/h2>\n<ul>\n<li>Einfache und grafische Modellierung von Prozessen oder Prozeduren<\/li>\n<li>Automatisches Zeichnen von Flussdiagramme: Die Software zeichnet sie mit einem Klick neu<\/li>\n<li>Automatische Erstellung von Prozessaufzeichnungen<\/li>\n<li>Validierungs-Workflow<\/li>\n<li>Gew\u00e4hrleistung der R\u00fcckverfolgbarkeit, Integrit\u00e4t und Archivierung von Prozessen oder Verfahren<\/li>\n<li>Dynamische Beziehungen und Mapping mit allen Elementen der internen Organisation<\/li>\n<\/ul>\n<p>[\/et_pb_text][\/et_pb_column][et_pb_column type=&#8220;1_4&#8243; _builder_version=&#8220;4.16&#8243; custom_padding=&#8220;|||&#8220; global_colors_info=&#8220;{}&#8220; custom_padding__hover=&#8220;|||&#8220;][et_pb_text _builder_version=&#8220;4.16&#8243; global_colors_info=&#8220;{}&#8220;][\/et_pb_text][et_pb_button button_url=&#8220;\/optimiso-software-demo-anfrage\/&#8220; button_text=&#8220;Fordern Sie eine Demo an&#8220; _builder_version=&#8220;4.16&#8243; custom_button=&#8220;on&#8220; button_text_size=&#8220;16&#8243; button_text_color=&#8220;#ffffff&#8220; button_bg_color=&#8220;#02b1e6&#8243; button_border_width=&#8220;0&#8243; button_border_radius=&#8220;0&#8243; button_use_icon=&#8220;off&#8220; custom_padding=&#8220;15px|25px|15px|25px&#8220; custom_css_before=&#8220;display:none;&#8220; custom_css_after=&#8220;display:none;&#8220; button_text_color_hover=&#8220;#ffffff&#8220; button_border_radius_hover=&#8220;0&#8243; button_bg_color_hover=&#8220;#0ac4fd&#8220; saved_tabs=&#8220;all&#8220; global_colors_info=&#8220;{}&#8220; button_text_size__hover_enabled=&#8220;off&#8220; button_one_text_size__hover_enabled=&#8220;off&#8220; button_two_text_size__hover_enabled=&#8220;off&#8220; button_text_color__hover_enabled=&#8220;on&#8220; button_text_color__hover=&#8220;#ffffff&#8220; button_one_text_color__hover_enabled=&#8220;off&#8220; button_two_text_color__hover_enabled=&#8220;off&#8220; button_border_width__hover_enabled=&#8220;off&#8220; button_one_border_width__hover_enabled=&#8220;off&#8220; button_two_border_width__hover_enabled=&#8220;off&#8220; button_border_color__hover_enabled=&#8220;off&#8220; button_one_border_color__hover_enabled=&#8220;off&#8220; button_two_border_color__hover_enabled=&#8220;off&#8220; button_border_radius__hover_enabled=&#8220;on&#8220; button_border_radius__hover=&#8220;0&#8243; button_one_border_radius__hover_enabled=&#8220;off&#8220; button_two_border_radius__hover_enabled=&#8220;off&#8220; button_letter_spacing__hover_enabled=&#8220;off&#8220; button_one_letter_spacing__hover_enabled=&#8220;off&#8220; button_two_letter_spacing__hover_enabled=&#8220;off&#8220; button_bg_color__hover_enabled=&#8220;on&#8220; button_bg_color__hover=&#8220;#0ac4fd&#8220; button_one_bg_color__hover_enabled=&#8220;off&#8220; button_two_bg_color__hover_enabled=&#8220;off&#8220;][\/et_pb_button][\/et_pb_column][\/et_pb_row][\/et_pb_section]<\/p>\n","protected":false},"excerpt":{"rendered":"<p>Das Verfahrensmodul Das ideale grafische Werkzeug zur&#8230;<\/p>\n","protected":false},"author":6,"featured_media":0,"parent":7131,"menu_order":73,"comment_status":"closed","ping_status":"closed","template":"template-divi.php","meta":{"_acf_changed":false,"_et_pb_use_builder":"on","_et_pb_old_content":"","_et_gb_content_width":"","_mo_disable_npp":"","footnotes":""},"class_list":["post-15666","page","type-page","status-publish","hentry"],"acf":[],"yoast_head":"<!-- This site is optimized with the Yoast SEO plugin v24.5 - https:\/\/yoast.com\/wordpress\/plugins\/seo\/ -->\n<title>Das Verfahrensmodul - Optimiso Group<\/title>\n<meta name=\"description\" content=\"Das ideale grafische Werkzeug zur einfachen Modellierung von Verfahrensweisen Mit Optimiso wird die Modellierung zum Kinderspiel.\" \/>\n<meta name=\"robots\" content=\"index, follow, max-snippet:-1, max-image-preview:large, max-video-preview:-1\" \/>\n<link rel=\"canonical\" href=\"https:\/\/optimiso-group.com\/de\/software\/module\/verfahren\/\" \/>\n<meta property=\"og:locale\" content=\"de_DE\" \/>\n<meta property=\"og:type\" content=\"article\" \/>\n<meta property=\"og:title\" content=\"Das Verfahrensmodul - Optimiso Group\" \/>\n<meta property=\"og:description\" content=\"Das ideale grafische Werkzeug zur einfachen Modellierung von Verfahrensweisen Mit Optimiso wird die Modellierung zum Kinderspiel.\" \/>\n<meta property=\"og:url\" content=\"https:\/\/optimiso-group.com\/de\/software\/module\/verfahren\/\" \/>\n<meta property=\"og:site_name\" content=\"Optimiso Group\" \/>\n<meta property=\"article:modified_time\" content=\"2022-11-09T10:42:51+00:00\" \/>\n<meta name=\"twitter:card\" content=\"summary_large_image\" \/>\n<meta name=\"twitter:label1\" content=\"Gesch\u00e4tzte Lesezeit\" \/>\n\t<meta name=\"twitter:data1\" content=\"2\u00a0Minuten\" \/>\n<script type=\"application\/ld+json\" class=\"yoast-schema-graph\">{\"@context\":\"https:\/\/schema.org\",\"@graph\":[{\"@type\":\"WebPage\",\"@id\":\"https:\/\/optimiso-group.com\/de\/software\/module\/verfahren\/\",\"url\":\"https:\/\/optimiso-group.com\/de\/software\/module\/verfahren\/\",\"name\":\"Das Verfahrensmodul - Optimiso Group\",\"isPartOf\":{\"@id\":\"https:\/\/optimiso-group.com\/#website\"},\"datePublished\":\"2021-07-19T08:42:11+00:00\",\"dateModified\":\"2022-11-09T10:42:51+00:00\",\"description\":\"Das ideale grafische Werkzeug zur einfachen Modellierung von Verfahrensweisen Mit Optimiso wird die Modellierung zum Kinderspiel.\",\"breadcrumb\":{\"@id\":\"https:\/\/optimiso-group.com\/de\/software\/module\/verfahren\/#breadcrumb\"},\"inLanguage\":\"de\",\"potentialAction\":[{\"@type\":\"ReadAction\",\"target\":[\"https:\/\/optimiso-group.com\/de\/software\/module\/verfahren\/\"]}]},{\"@type\":\"BreadcrumbList\",\"@id\":\"https:\/\/optimiso-group.com\/de\/software\/module\/verfahren\/#breadcrumb\",\"itemListElement\":[{\"@type\":\"ListItem\",\"position\":1,\"name\":\"Startseite\",\"item\":\"https:\/\/optimiso-group.com\/de\/\"},{\"@type\":\"ListItem\",\"position\":2,\"name\":\"Software\",\"item\":\"https:\/\/optimiso-group.com\/de\/software\/\"},{\"@type\":\"ListItem\",\"position\":3,\"name\":\"Module\",\"item\":\"https:\/\/optimiso-group.com\/de\/software\/module\/\"},{\"@type\":\"ListItem\",\"position\":4,\"name\":\"Verfahren\"}]},{\"@type\":\"WebSite\",\"@id\":\"https:\/\/optimiso-group.com\/#website\",\"url\":\"https:\/\/optimiso-group.com\/\",\"name\":\"Optimiso Group\",\"description\":\"Optimiso Software macht Ihre regulatorischen Einschr\u00e4nkungen zu echten Vorteilen. Entdecken Sie unsere einfachen und n\u00fctzlichen L\u00f6sungen f\u00fcr Ihre Projekte in den Bereichen interne Organisation, ISO-Zertifizierung, interne Kontrolle und Risikomanagement.\",\"publisher\":{\"@id\":\"https:\/\/optimiso-group.com\/#organization\"},\"potentialAction\":[{\"@type\":\"SearchAction\",\"target\":{\"@type\":\"EntryPoint\",\"urlTemplate\":\"https:\/\/optimiso-group.com\/?s={search_term_string}\"},\"query-input\":{\"@type\":\"PropertyValueSpecification\",\"valueRequired\":true,\"valueName\":\"search_term_string\"}}],\"inLanguage\":\"de\"},{\"@type\":\"Organization\",\"@id\":\"https:\/\/optimiso-group.com\/#organization\",\"name\":\"Optimiso Group\",\"url\":\"https:\/\/optimiso-group.com\/\",\"logo\":{\"@type\":\"ImageObject\",\"inLanguage\":\"de\",\"@id\":\"https:\/\/optimiso-group.com\/#\/schema\/logo\/image\/\",\"url\":\"https:\/\/optimiso-group.com\/wp-content\/uploads\/2018\/03\/logo-optimiso-group.png\",\"contentUrl\":\"https:\/\/optimiso-group.com\/wp-content\/uploads\/2018\/03\/logo-optimiso-group.png\",\"width\":351,\"height\":177,\"caption\":\"Optimiso Group\"},\"image\":{\"@id\":\"https:\/\/optimiso-group.com\/#\/schema\/logo\/image\/\"}}]}<\/script>\n<!-- \/ Yoast SEO plugin. -->","yoast_head_json":{"title":"Das Verfahrensmodul - Optimiso Group","description":"Das ideale grafische Werkzeug zur einfachen Modellierung von Verfahrensweisen Mit Optimiso wird die Modellierung zum Kinderspiel.","robots":{"index":"index","follow":"follow","max-snippet":"max-snippet:-1","max-image-preview":"max-image-preview:large","max-video-preview":"max-video-preview:-1"},"canonical":"https:\/\/optimiso-group.com\/de\/software\/module\/verfahren\/","og_locale":"de_DE","og_type":"article","og_title":"Das Verfahrensmodul - Optimiso Group","og_description":"Das ideale grafische Werkzeug zur einfachen Modellierung von Verfahrensweisen Mit Optimiso wird die Modellierung zum Kinderspiel.","og_url":"https:\/\/optimiso-group.com\/de\/software\/module\/verfahren\/","og_site_name":"Optimiso Group","article_modified_time":"2022-11-09T10:42:51+00:00","twitter_card":"summary_large_image","twitter_misc":{"Gesch\u00e4tzte Lesezeit":"2\u00a0Minuten"},"schema":{"@context":"https:\/\/schema.org","@graph":[{"@type":"WebPage","@id":"https:\/\/optimiso-group.com\/de\/software\/module\/verfahren\/","url":"https:\/\/optimiso-group.com\/de\/software\/module\/verfahren\/","name":"Das Verfahrensmodul - Optimiso Group","isPartOf":{"@id":"https:\/\/optimiso-group.com\/#website"},"datePublished":"2021-07-19T08:42:11+00:00","dateModified":"2022-11-09T10:42:51+00:00","description":"Das ideale grafische Werkzeug zur einfachen Modellierung von Verfahrensweisen Mit Optimiso wird die Modellierung zum Kinderspiel.","breadcrumb":{"@id":"https:\/\/optimiso-group.com\/de\/software\/module\/verfahren\/#breadcrumb"},"inLanguage":"de","potentialAction":[{"@type":"ReadAction","target":["https:\/\/optimiso-group.com\/de\/software\/module\/verfahren\/"]}]},{"@type":"BreadcrumbList","@id":"https:\/\/optimiso-group.com\/de\/software\/module\/verfahren\/#breadcrumb","itemListElement":[{"@type":"ListItem","position":1,"name":"Startseite","item":"https:\/\/optimiso-group.com\/de\/"},{"@type":"ListItem","position":2,"name":"Software","item":"https:\/\/optimiso-group.com\/de\/software\/"},{"@type":"ListItem","position":3,"name":"Module","item":"https:\/\/optimiso-group.com\/de\/software\/module\/"},{"@type":"ListItem","position":4,"name":"Verfahren"}]},{"@type":"WebSite","@id":"https:\/\/optimiso-group.com\/#website","url":"https:\/\/optimiso-group.com\/","name":"Optimiso Group","description":"Optimiso Software macht Ihre regulatorischen Einschr\u00e4nkungen zu echten Vorteilen. Entdecken Sie unsere einfachen und n\u00fctzlichen L\u00f6sungen f\u00fcr Ihre Projekte in den Bereichen interne Organisation, ISO-Zertifizierung, interne Kontrolle und Risikomanagement.","publisher":{"@id":"https:\/\/optimiso-group.com\/#organization"},"potentialAction":[{"@type":"SearchAction","target":{"@type":"EntryPoint","urlTemplate":"https:\/\/optimiso-group.com\/?s={search_term_string}"},"query-input":{"@type":"PropertyValueSpecification","valueRequired":true,"valueName":"search_term_string"}}],"inLanguage":"de"},{"@type":"Organization","@id":"https:\/\/optimiso-group.com\/#organization","name":"Optimiso Group","url":"https:\/\/optimiso-group.com\/","logo":{"@type":"ImageObject","inLanguage":"de","@id":"https:\/\/optimiso-group.com\/#\/schema\/logo\/image\/","url":"https:\/\/optimiso-group.com\/wp-content\/uploads\/2018\/03\/logo-optimiso-group.png","contentUrl":"https:\/\/optimiso-group.com\/wp-content\/uploads\/2018\/03\/logo-optimiso-group.png","width":351,"height":177,"caption":"Optimiso Group"},"image":{"@id":"https:\/\/optimiso-group.com\/#\/schema\/logo\/image\/"}}]}},"_links":{"self":[{"href":"https:\/\/optimiso-group.com\/de\/wp-json\/wp\/v2\/pages\/15666","targetHints":{"allow":["GET"]}}],"collection":[{"href":"https:\/\/optimiso-group.com\/de\/wp-json\/wp\/v2\/pages"}],"about":[{"href":"https:\/\/optimiso-group.com\/de\/wp-json\/wp\/v2\/types\/page"}],"author":[{"embeddable":true,"href":"https:\/\/optimiso-group.com\/de\/wp-json\/wp\/v2\/users\/6"}],"replies":[{"embeddable":true,"href":"https:\/\/optimiso-group.com\/de\/wp-json\/wp\/v2\/comments?post=15666"}],"version-history":[{"count":0,"href":"https:\/\/optimiso-group.com\/de\/wp-json\/wp\/v2\/pages\/15666\/revisions"}],"up":[{"embeddable":true,"href":"https:\/\/optimiso-group.com\/de\/wp-json\/wp\/v2\/pages\/7131"}],"wp:attachment":[{"href":"https:\/\/optimiso-group.com\/de\/wp-json\/wp\/v2\/media?parent=15666"}],"curies":[{"name":"wp","href":"https:\/\/api.w.org\/{rel}","templated":true}]}}