{"id":18483,"date":"2021-10-22T11:04:19","date_gmt":"2021-10-22T09:04:19","guid":{"rendered":"https:\/\/optimiso-group.com\/vision\/"},"modified":"2026-01-21T15:48:19","modified_gmt":"2026-01-21T14:48:19","slug":"vision","status":"publish","type":"page","link":"https:\/\/optimiso-group.com\/de\/vision\/","title":{"rendered":"Vision"},"content":{"rendered":"<p>[et_pb_section fb_built=&#8220;1&#8243; admin_label=&#8220;Hero Section&#8220; _builder_version=&#8220;4.16&#8243; use_background_color_gradient=&#8220;on&#8220; background_color_gradient_stops=&#8220;rgba(0,0,0,0.4) 0%|rgba(0,0,0,0.4) 100%&#8220; background_color_gradient_overlays_image=&#8220;on&#8220; background_color_gradient_start=&#8220;rgba(0,0,0,0.4)&#8220; background_color_gradient_end=&#8220;rgba(0,0,0,0.4)&#8220; background_image=&#8220;https:\/\/optimiso-group.com\/wp-content\/uploads\/2021\/10\/ben-lowe-sqdy-rjg8wg-unsplash-scaled.jpg&#8220; background_position=&#8220;center_right&#8220; custom_padding=&#8220;6%||6%|&#8220; bottom_divider_height=&#8220;60px&#8220; global_colors_info=&#8220;{}&#8220; background_color_gradient_direction__hover=&#8220;180deg&#8220; background_color_gradient_direction__hover_enabled=&#8220;180deg&#8220; background_color_gradient_start_position__hover=&#8220;0%&#8220; background_color_gradient_start_position__hover_enabled=&#8220;0%&#8220; background_color_gradient_end_position__hover=&#8220;100%&#8220; background_color_gradient_end_position__hover_enabled=&#8220;100%&#8220; background_color_gradient_stops__hover=&#8220;rgba(0,0,0,0.4) 0%|rgba(0,0,0,0.4) 100%&#8220;][et_pb_row admin_label=&#8220;Page Title Area&#8220; _builder_version=&#8220;4.16&#8243; global_colors_info=&#8220;{}&#8220;][et_pb_column type=&#8220;4_4&#8243; _builder_version=&#8220;4.16&#8243; custom_padding=&#8220;|||&#8220; global_colors_info=&#8220;{}&#8220; custom_padding__hover=&#8220;|||&#8220;][et_pb_text admin_label=&#8220;Hero Section Title&#8220; _builder_version=&#8220;4.16&#8243; text_font=&#8220;Roboto||||||||&#8220; text_font_size=&#8220;18px&#8220; text_line_height=&#8220;1.8em&#8220; header_font=&#8220;Arial|700|||||||&#8220; header_font_size=&#8220;50px&#8220; header_2_font=&#8220;Montserrat|700|||||||&#8220; header_2_text_color=&#8220;rgba(255,255,255,0.6)&#8220; header_2_font_size=&#8220;90px&#8220; header_2_letter_spacing=&#8220;3px&#8220; header_2_line_height=&#8220;1.1em&#8220; text_orientation=&#8220;center&#8220; background_layout=&#8220;dark&#8220; max_width=&#8220;700px&#8220; module_alignment=&#8220;center&#8220; custom_margin=&#8220;|||&#8220; animation_direction=&#8220;bottom&#8220; header_font_size_tablet=&#8220;&#8220; header_font_size_phone=&#8220;28px&#8220; header_font_size_last_edited=&#8220;on|phone&#8220; header_2_font_size_tablet=&#8220;&#8220; header_2_font_size_phone=&#8220;50px&#8220; header_2_font_size_last_edited=&#8220;on|phone&#8220; global_colors_info=&#8220;{}&#8220;]<\/p>\n<h1>Vision<\/h1>\n<p>[\/et_pb_text][\/et_pb_column][\/et_pb_row][\/et_pb_section][et_pb_section fb_built=&#8220;1&#8243; _builder_version=&#8220;4.16&#8243; _module_preset=&#8220;default&#8220; custom_padding=&#8220;17px||23px|||&#8220; global_colors_info=&#8220;{}&#8220;][et_pb_row _builder_version=&#8220;4.16&#8243; _module_preset=&#8220;default&#8220; global_colors_info=&#8220;{}&#8220;][et_pb_column type=&#8220;4_4&#8243; _builder_version=&#8220;4.16&#8243; _module_preset=&#8220;default&#8220; global_colors_info=&#8220;{}&#8220;][et_pb_text _builder_version=&#8220;4.27.4&#8243; _module_preset=&#8220;default&#8220; text_font=&#8220;Roboto||||||||&#8220; hover_enabled=&#8220;0&#8243; global_colors_info=&#8220;{}&#8220; sticky_enabled=&#8220;0&#8243;]<\/p>\n<h2><span style=\"color: #000000;\"><strong>Unsere Kunden mit Leidenschaft begleiten<\/strong><\/span><\/h2>\n<p>Seit jeher haben Menschen versucht, ihre Organisation zu vereinfachen, ihre Werkzeuge zu verbessern und ihr Wissen weiterzugeben. Die gro\u00dfen Zivilisationen haben diese Bed\u00fcrfnisse in Vorschriften und Kontrollen umgesetzt.<\/p>\n<p>Historisch betrachtet erscheinen gesetzliche und regulatorische Anforderungen nicht mehr als Handlungshindernis, sondern als Unterst\u00fctzungshilfen f\u00fcr Innovation und Fortschritt!<\/p>\n<p>Bei Optimiso sind wir fasziniert von allem, was Menschen erfinden, um besser zusammenzuarbeiten und ihre Praktiken weiterzuentwickeln. Mit dieser konstruktiven Vision begleiten wir alle unsere Kunden.<\/p>\n<p><strong>\u00a0<\/strong><\/p>\n<div class=\"et_pb_module et_pb_text et_pb_text_1  et_pb_text_align_left et_pb_bg_layout_light\">\n<div class=\"et_pb_text_inner\">\n<h2><span style=\"color: #000000;\"><strong>Ihre Einschr\u00e4nkungen in St\u00e4rken verwandeln<\/strong><\/span><\/h2>\n<p>Normen und andere regulatorische Anforderungen sind oft komplex und werden falsch interpretiert. Dies kann f\u00fcr mehr als ein Unternehmen verwirrend sein.<\/p>\n<p>Bei Optimiso kennen wir Ihre Schwierigkeiten. Seit 2005 arbeiten wir daran, Ihren <a href=\"https:\/\/optimiso-group.com\/de\/logiciel\/interne-kontrolle\/\">internen Kontrollverfahren<\/a>,\u00a0<a href=\"https:\/\/optimiso-group.com\/de\/logiciel\/zertifizierungen\/\">ISO-Zertifizierungen<\/a>, dem\u00a0<a href=\"https:\/\/optimiso-group.com\/de\/logiciel\/risikomanagement\/\">Risikomanagement<\/a>\u00a0sowie der\u00a0<a href=\"https:\/\/optimiso-group.com\/de\/logiciel\/interne-organisation\/\">Organisation &amp; HR<\/a>\u00a0wieder einen Sinn zu geben.<\/p>\n<p>Wir setzen uns daf\u00fcr ein, dass Verfahren niemals eine Knechtschaft, sondern ein echter Vorteil f\u00fcr das Unternehmen und seine Mitarbeiter sind.<\/p>\n<\/div>\n<\/div>\n<div class=\"et_pb_module et_pb_text et_pb_text_2  et_pb_text_align_left et_pb_bg_layout_light\">\n<div class=\"et_pb_text_inner\">\n<h2><strong><span style=\"color: #000000;\">Digitalisierung vereinfacht Ihr Leben<\/span><br \/><\/strong><\/h2>\n<p>Bei allem was wir tun, verfolgen wir das gleiche Ziel: die Dinge einfach und n\u00fctzlich zu machen! Das ist die t\u00e4gliche Geisteshaltung aller unserer Mitarbeiter, ein Team von Enthusiasten, die Schweizer Genauigkeit mit franz\u00f6sischer Kreativit\u00e4t verbinden.<\/p>\n<p>Wir nutzen die beste Technologie, um pragmatische und intuitive L\u00f6sungen anzubieten.<\/p>\n<p>Die Optimiso Software wird daher so nah wie m\u00f6glich an Ihren Gesch\u00e4ftsbed\u00fcrfnissen entwickelt. Sie integriert laufend neue Technologien, um Ihnen so viele Aufgaben wie m\u00f6glich abzunehmen und an Ihrer Stelle zu arbeiten.<\/p>\n<p>&nbsp;<\/p>\n<\/div>\n<\/div>\n<div class=\"et_pb_module et_pb_text et_pb_text_3  et_pb_text_align_left et_pb_bg_layout_light\">\n<div class=\"et_pb_text_inner\">\n<h2><span style=\"color: #000000;\"><strong>Inspiriert von gro\u00dfen Abenteurern<\/strong><\/span><\/h2>\n<p>In einem sich st\u00e4ndig ver\u00e4ndernden Umfeld ist das Unternehmen mit zunehmend komplexen oder unvorhersehbaren Risiken konfrontiert. Die geringste Nachl\u00e4ssigkeit kann sein Image, seine finanzielle Gesundheit und vor allem die Sicherheit der Mitarbeiter gef\u00e4hrden. Das Erkennen, Bewerten und Managen von Risiken kann sich schnell in ein extremes Abenteuer verwandeln.<\/p>\n<p>Deshalb pflegen wir bei der Optimiso Ausdauer und Entschlossenheit. Wir nehmen uns ein Beispiel an Seglern, Astronauten und herausragenden Sportlern, die Ehrgeiz, Ausdauer, aber auch unersch\u00fctterliche Geduld verk\u00f6rpern.<\/p>\n<p>Wir laden diese emblematischen Pers\u00f6nlichkeiten gerne zu Kundenveranstaltungen ein. Mike Horn und G\u00e9raldine Fasnacht haben uns mit au\u00dfergew\u00f6hnlichen Konferenzen begeistert.<\/p>\n<p>&nbsp;<\/p>\n<\/div>\n<\/div>\n<div class=\"et_pb_module et_pb_text et_pb_text_4  et_pb_text_align_left et_pb_bg_layout_light\">\n<div class=\"et_pb_text_inner\">\n<h2><span style=\"color: #000000;\"><strong>Wo immer Sie uns brauchen<\/strong><\/span><\/h2>\n<p>Unsere Unterst\u00fctzung in Franz\u00f6sisch, Englisch oder Deutsch kennt keine Grenzen. Unsere Cloud-L\u00f6sungen h\u00e4ngen nicht von der Distanz ab.<\/p>\n<p>Im Versicherungswesen, im Bankwesen, in der \u00f6ffentlichen Verwaltung, in der Industrie, im Bauwesen, im medizinischen und sozialen Bereich statten wir Einrichtungen jeder Gr\u00f6\u00dfe aus, \u00fcberall auf der Welt. Unsere Teams bieten allen unseren Kunden einen qualitativ hochwertigen Service, ob von Angesicht zu Angesicht oder per Videokonferenz.<\/p>\n<p>Mit der Optimiso entscheiden Sie sich f\u00fcr ein solides Unternehmen, das die Kontinuit\u00e4t und Nachhaltigkeit seiner Aktivit\u00e4ten sicherstellen m\u00f6chte, eine Firma auf dem neuesten Stand der Technik und ein leidenschaftliches Team.<\/p>\n<\/div>\n<\/div>\n<div id=\"gtx-trans\" style=\"position: absolute; left: 156px; top: 1291.06px;\">\n<div class=\"gtx-trans-icon\">\u00a0<\/div>\n<\/div>\n<p>[\/et_pb_text][\/et_pb_column][\/et_pb_row][\/et_pb_section]<\/p>\n","protected":false},"excerpt":{"rendered":"<p>Vision Unsere Kunden mit Leidenschaft begleiten Seit&#8230;<\/p>\n","protected":false},"author":6,"featured_media":0,"parent":0,"menu_order":38,"comment_status":"closed","ping_status":"closed","template":"","meta":{"_acf_changed":false,"_et_pb_use_builder":"on","_et_pb_old_content":"","_et_gb_content_width":"","_mo_disable_npp":"","footnotes":""},"class_list":["post-18483","page","type-page","status-publish","hentry"],"acf":[],"yoast_head":"<!-- This site is optimized with the Yoast SEO plugin v24.5 - https:\/\/yoast.com\/wordpress\/plugins\/seo\/ -->\n<title>Unsere Vision - Unsere Kunden mit Leidenschaft begleiten<\/title>\n<meta name=\"description\" content=\"Die Optimiso strebt an, ihre Position als internationaler Wirtschaftsakteur in den Bereichen interne Kontrolle, ISO-Zertifizierungen, Risikomanagement und interne Organisation auszubauen.\" \/>\n<meta name=\"robots\" content=\"index, follow, max-snippet:-1, max-image-preview:large, max-video-preview:-1\" \/>\n<link rel=\"canonical\" href=\"https:\/\/optimiso-group.com\/de\/vision\/\" \/>\n<meta property=\"og:locale\" content=\"de_DE\" \/>\n<meta property=\"og:type\" content=\"article\" \/>\n<meta property=\"og:title\" content=\"Unsere Vision - Unsere Kunden mit Leidenschaft begleiten\" \/>\n<meta property=\"og:description\" content=\"Die Optimiso strebt an, ihre Position als internationaler Wirtschaftsakteur in den Bereichen interne Kontrolle, ISO-Zertifizierungen, Risikomanagement und interne Organisation auszubauen.\" \/>\n<meta property=\"og:url\" content=\"https:\/\/optimiso-group.com\/de\/vision\/\" \/>\n<meta property=\"og:site_name\" content=\"Optimiso Group\" \/>\n<meta property=\"article:modified_time\" content=\"2026-01-21T14:48:19+00:00\" \/>\n<meta name=\"twitter:card\" content=\"summary_large_image\" \/>\n<meta name=\"twitter:label1\" content=\"Gesch\u00e4tzte Lesezeit\" \/>\n\t<meta name=\"twitter:data1\" content=\"3\u00a0Minuten\" \/>\n<script type=\"application\/ld+json\" class=\"yoast-schema-graph\">{\"@context\":\"https:\/\/schema.org\",\"@graph\":[{\"@type\":\"WebPage\",\"@id\":\"https:\/\/optimiso-group.com\/de\/vision\/\",\"url\":\"https:\/\/optimiso-group.com\/de\/vision\/\",\"name\":\"Unsere Vision - Unsere Kunden mit Leidenschaft begleiten\",\"isPartOf\":{\"@id\":\"https:\/\/optimiso-group.com\/#website\"},\"datePublished\":\"2021-10-22T09:04:19+00:00\",\"dateModified\":\"2026-01-21T14:48:19+00:00\",\"description\":\"Die Optimiso strebt an, ihre Position als internationaler Wirtschaftsakteur in den Bereichen interne Kontrolle, ISO-Zertifizierungen, Risikomanagement und interne Organisation auszubauen.\",\"breadcrumb\":{\"@id\":\"https:\/\/optimiso-group.com\/de\/vision\/#breadcrumb\"},\"inLanguage\":\"de\",\"potentialAction\":[{\"@type\":\"ReadAction\",\"target\":[\"https:\/\/optimiso-group.com\/de\/vision\/\"]}]},{\"@type\":\"BreadcrumbList\",\"@id\":\"https:\/\/optimiso-group.com\/de\/vision\/#breadcrumb\",\"itemListElement\":[{\"@type\":\"ListItem\",\"position\":1,\"name\":\"Startseite\",\"item\":\"https:\/\/optimiso-group.com\/de\/\"},{\"@type\":\"ListItem\",\"position\":2,\"name\":\"Vision\"}]},{\"@type\":\"WebSite\",\"@id\":\"https:\/\/optimiso-group.com\/#website\",\"url\":\"https:\/\/optimiso-group.com\/\",\"name\":\"Optimiso Group\",\"description\":\"Optimiso Software macht Ihre regulatorischen Einschr\u00e4nkungen zu echten Vorteilen. Entdecken Sie unsere einfachen und n\u00fctzlichen L\u00f6sungen f\u00fcr Ihre Projekte in den Bereichen interne Organisation, ISO-Zertifizierung, interne Kontrolle und Risikomanagement.\",\"publisher\":{\"@id\":\"https:\/\/optimiso-group.com\/#organization\"},\"potentialAction\":[{\"@type\":\"SearchAction\",\"target\":{\"@type\":\"EntryPoint\",\"urlTemplate\":\"https:\/\/optimiso-group.com\/?s={search_term_string}\"},\"query-input\":{\"@type\":\"PropertyValueSpecification\",\"valueRequired\":true,\"valueName\":\"search_term_string\"}}],\"inLanguage\":\"de\"},{\"@type\":\"Organization\",\"@id\":\"https:\/\/optimiso-group.com\/#organization\",\"name\":\"Optimiso Group\",\"url\":\"https:\/\/optimiso-group.com\/\",\"logo\":{\"@type\":\"ImageObject\",\"inLanguage\":\"de\",\"@id\":\"https:\/\/optimiso-group.com\/#\/schema\/logo\/image\/\",\"url\":\"https:\/\/optimiso-group.com\/wp-content\/uploads\/2018\/03\/logo-optimiso-group.png\",\"contentUrl\":\"https:\/\/optimiso-group.com\/wp-content\/uploads\/2018\/03\/logo-optimiso-group.png\",\"width\":351,\"height\":177,\"caption\":\"Optimiso Group\"},\"image\":{\"@id\":\"https:\/\/optimiso-group.com\/#\/schema\/logo\/image\/\"}}]}<\/script>\n<!-- \/ Yoast SEO plugin. -->","yoast_head_json":{"title":"Unsere Vision - Unsere Kunden mit Leidenschaft begleiten","description":"Die Optimiso strebt an, ihre Position als internationaler Wirtschaftsakteur in den Bereichen interne Kontrolle, ISO-Zertifizierungen, Risikomanagement und interne Organisation auszubauen.","robots":{"index":"index","follow":"follow","max-snippet":"max-snippet:-1","max-image-preview":"max-image-preview:large","max-video-preview":"max-video-preview:-1"},"canonical":"https:\/\/optimiso-group.com\/de\/vision\/","og_locale":"de_DE","og_type":"article","og_title":"Unsere Vision - Unsere Kunden mit Leidenschaft begleiten","og_description":"Die Optimiso strebt an, ihre Position als internationaler Wirtschaftsakteur in den Bereichen interne Kontrolle, ISO-Zertifizierungen, Risikomanagement und interne Organisation auszubauen.","og_url":"https:\/\/optimiso-group.com\/de\/vision\/","og_site_name":"Optimiso Group","article_modified_time":"2026-01-21T14:48:19+00:00","twitter_card":"summary_large_image","twitter_misc":{"Gesch\u00e4tzte Lesezeit":"3\u00a0Minuten"},"schema":{"@context":"https:\/\/schema.org","@graph":[{"@type":"WebPage","@id":"https:\/\/optimiso-group.com\/de\/vision\/","url":"https:\/\/optimiso-group.com\/de\/vision\/","name":"Unsere Vision - Unsere Kunden mit Leidenschaft begleiten","isPartOf":{"@id":"https:\/\/optimiso-group.com\/#website"},"datePublished":"2021-10-22T09:04:19+00:00","dateModified":"2026-01-21T14:48:19+00:00","description":"Die Optimiso strebt an, ihre Position als internationaler Wirtschaftsakteur in den Bereichen interne Kontrolle, ISO-Zertifizierungen, Risikomanagement und interne Organisation auszubauen.","breadcrumb":{"@id":"https:\/\/optimiso-group.com\/de\/vision\/#breadcrumb"},"inLanguage":"de","potentialAction":[{"@type":"ReadAction","target":["https:\/\/optimiso-group.com\/de\/vision\/"]}]},{"@type":"BreadcrumbList","@id":"https:\/\/optimiso-group.com\/de\/vision\/#breadcrumb","itemListElement":[{"@type":"ListItem","position":1,"name":"Startseite","item":"https:\/\/optimiso-group.com\/de\/"},{"@type":"ListItem","position":2,"name":"Vision"}]},{"@type":"WebSite","@id":"https:\/\/optimiso-group.com\/#website","url":"https:\/\/optimiso-group.com\/","name":"Optimiso Group","description":"Optimiso Software macht Ihre regulatorischen Einschr\u00e4nkungen zu echten Vorteilen. Entdecken Sie unsere einfachen und n\u00fctzlichen L\u00f6sungen f\u00fcr Ihre Projekte in den Bereichen interne Organisation, ISO-Zertifizierung, interne Kontrolle und Risikomanagement.","publisher":{"@id":"https:\/\/optimiso-group.com\/#organization"},"potentialAction":[{"@type":"SearchAction","target":{"@type":"EntryPoint","urlTemplate":"https:\/\/optimiso-group.com\/?s={search_term_string}"},"query-input":{"@type":"PropertyValueSpecification","valueRequired":true,"valueName":"search_term_string"}}],"inLanguage":"de"},{"@type":"Organization","@id":"https:\/\/optimiso-group.com\/#organization","name":"Optimiso Group","url":"https:\/\/optimiso-group.com\/","logo":{"@type":"ImageObject","inLanguage":"de","@id":"https:\/\/optimiso-group.com\/#\/schema\/logo\/image\/","url":"https:\/\/optimiso-group.com\/wp-content\/uploads\/2018\/03\/logo-optimiso-group.png","contentUrl":"https:\/\/optimiso-group.com\/wp-content\/uploads\/2018\/03\/logo-optimiso-group.png","width":351,"height":177,"caption":"Optimiso Group"},"image":{"@id":"https:\/\/optimiso-group.com\/#\/schema\/logo\/image\/"}}]}},"_links":{"self":[{"href":"https:\/\/optimiso-group.com\/de\/wp-json\/wp\/v2\/pages\/18483","targetHints":{"allow":["GET"]}}],"collection":[{"href":"https:\/\/optimiso-group.com\/de\/wp-json\/wp\/v2\/pages"}],"about":[{"href":"https:\/\/optimiso-group.com\/de\/wp-json\/wp\/v2\/types\/page"}],"author":[{"embeddable":true,"href":"https:\/\/optimiso-group.com\/de\/wp-json\/wp\/v2\/users\/6"}],"replies":[{"embeddable":true,"href":"https:\/\/optimiso-group.com\/de\/wp-json\/wp\/v2\/comments?post=18483"}],"version-history":[{"count":1,"href":"https:\/\/optimiso-group.com\/de\/wp-json\/wp\/v2\/pages\/18483\/revisions"}],"predecessor-version":[{"id":28960,"href":"https:\/\/optimiso-group.com\/de\/wp-json\/wp\/v2\/pages\/18483\/revisions\/28960"}],"wp:attachment":[{"href":"https:\/\/optimiso-group.com\/de\/wp-json\/wp\/v2\/media?parent=18483"}],"curies":[{"name":"wp","href":"https:\/\/api.w.org\/{rel}","templated":true}]}}