{"id":18495,"date":"2021-10-13T15:52:45","date_gmt":"2021-10-13T13:52:45","guid":{"rendered":"https:\/\/optimiso-group.com\/a-propos-optimiso\/"},"modified":"2026-01-20T16:38:04","modified_gmt":"2026-01-20T15:38:04","slug":"uber-optimiso-group","status":"publish","type":"page","link":"https:\/\/optimiso-group.com\/de\/uber-optimiso-group\/","title":{"rendered":"Optimiso Group"},"content":{"rendered":"<p>[et_pb_section fb_built=&#8220;1&#8243; admin_label=&#8220;Hero Section&#8220; _builder_version=&#8220;4.16&#8243; use_background_color_gradient=&#8220;on&#8220; background_color_gradient_stops=&#8220;rgba(0,0,0,0.4) 0%|rgba(0,0,0,0.4) 100%&#8220; background_color_gradient_overlays_image=&#8220;on&#8220; background_color_gradient_start=&#8220;rgba(0,0,0,0.4)&#8220; background_color_gradient_end=&#8220;rgba(0,0,0,0.4)&#8220; background_image=&#8220;https:\/\/optimiso-group.com\/wp-content\/uploads\/2021\/11\/leman-geneve.jpg&#8220; background_position=&#8220;center_right&#8220; custom_padding=&#8220;6%||6%|&#8220; bottom_divider_height=&#8220;60px&#8220; global_colors_info=&#8220;{}&#8220; background_color_gradient_direction__hover=&#8220;180deg&#8220; background_color_gradient_direction__hover_enabled=&#8220;180deg&#8220; background_color_gradient_start_position__hover=&#8220;0%&#8220; background_color_gradient_start_position__hover_enabled=&#8220;0%&#8220; background_color_gradient_end_position__hover=&#8220;100%&#8220; background_color_gradient_end_position__hover_enabled=&#8220;100%&#8220; background_color_gradient_stops__hover=&#8220;rgba(0,0,0,0.4) 0%|rgba(0,0,0,0.4) 100%&#8220;][et_pb_row admin_label=&#8220;Page Title Area&#8220; _builder_version=&#8220;4.16&#8243; hover_transition_duration=&#8220;0ms&#8220; global_colors_info=&#8220;{}&#8220;][et_pb_column type=&#8220;4_4&#8243; _builder_version=&#8220;4.16&#8243; custom_padding=&#8220;|||&#8220; global_colors_info=&#8220;{}&#8220; custom_padding__hover=&#8220;|||&#8220;][et_pb_text admin_label=&#8220;Hero Section Title&#8220; _builder_version=&#8220;4.27.4&#8243; text_font=&#8220;Roboto||||||||&#8220; text_font_size=&#8220;18px&#8220; text_line_height=&#8220;1.8em&#8220; header_font=&#8220;Arial|700|||||||&#8220; header_font_size=&#8220;50px&#8220; header_2_font=&#8220;Montserrat|700|||||||&#8220; header_2_text_color=&#8220;rgba(255,255,255,0.6)&#8220; header_2_font_size=&#8220;90px&#8220; header_2_letter_spacing=&#8220;3px&#8220; header_2_line_height=&#8220;1.1em&#8220; text_orientation=&#8220;center&#8220; background_layout=&#8220;dark&#8220; max_width=&#8220;700px&#8220; module_alignment=&#8220;center&#8220; custom_margin=&#8220;|||&#8220; animation_direction=&#8220;bottom&#8220; hover_enabled=&#8220;0&#8243; header_font_size_tablet=&#8220;&#8220; header_font_size_phone=&#8220;28px&#8220; header_font_size_last_edited=&#8220;on|phone&#8220; header_2_font_size_tablet=&#8220;&#8220; header_2_font_size_phone=&#8220;50px&#8220; header_2_font_size_last_edited=&#8220;on|phone&#8220; global_colors_info=&#8220;{}&#8220; sticky_enabled=&#8220;0&#8243;]<\/p>\n<h1>Optimiso<\/h1>\n<div id=\"gtx-trans\" style=\"position: absolute; left: 207px; top: 74.4375px;\">\n<div class=\"gtx-trans-icon\">\u00a0<\/div>\n<\/div>\n<p>[\/et_pb_text][\/et_pb_column][\/et_pb_row][\/et_pb_section][et_pb_section fb_built=&#8220;1&#8243; admin_label=&#8220;About Me Section&#8220; _builder_version=&#8220;4.16&#8243; custom_padding=&#8220;1px||1px||true|&#8220; global_colors_info=&#8220;{}&#8220;][et_pb_row column_structure=&#8220;1_2,1_4,1_4&#8243; admin_label=&#8220;About Me Area&#8220; _builder_version=&#8220;4.16&#8243; global_colors_info=&#8220;{}&#8220;][et_pb_column type=&#8220;1_2&#8243; _builder_version=&#8220;4.16&#8243; custom_padding=&#8220;|||&#8220; global_colors_info=&#8220;{}&#8220; custom_padding__hover=&#8220;|||&#8220;][et_pb_text _builder_version=&#8220;4.27.4&#8243; text_font=&#8220;Roboto||||||||&#8220; text_font_size=&#8220;16px&#8220; text_line_height=&#8220;1.8em&#8220; header_font=&#8220;Roboto||||||||&#8220; max_width=&#8220;90%&#8220; custom_margin=&#8220;|||&#8220; animation_direction=&#8220;left&#8220; hover_enabled=&#8220;0&#8243; global_colors_info=&#8220;{}&#8220; sticky_enabled=&#8220;0&#8243;]<\/p>\n<p>Die 2005 gegr\u00fcndete Optimiso mit Sitz in der Schweiz bietet 360\u00b0-L\u00f6sungen f\u00fcr alle Projekte in Bezug auf interne Kontrolle, ISO-Zertifizierungen, interne Organisation oder Risikomanagement.<\/p>\n<p>Dazu bietet sie die Software Optimiso und einen Beratungsservice an. Die zur Verf\u00fcgung gestellten Methoden und Software sind das Ergebnis von mehr als 20 Jahren Entwicklung und Praxiserfahrung.<\/p>\n<p>Optimiso betreut heute mehr als 270 aktive und renommierte Kunden in den Bereichen Immobilien, Versicherungen, Finanzen, \u00f6ffentliche Verwaltung, Sozialmedizin, Bauwesen, Vertrieb, Industrie, IT, Ausbildung usw.<\/p>\n<p>Um die Qualit\u00e4t ihrer Leistungen und die Informationssicherheit zu gew\u00e4hrleisten, ist die Optimiso nach <strong>ISO 9001<\/strong> und <strong>ISO 27001<\/strong> zertifiziert.<\/p>\n<p>Im Jahr 2025 schlie\u00dft sich Optimiso mit Acuredge und Pocket Result zusammen, um <a href=\"https:\/\/iskera.com\/en\" target=\"_blank\" rel=\"noopener\">Iskera<\/a> zu bilden &#8211; den europ\u00e4ischen Marktf\u00fchrer im Bereich Tech-GRC.<\/p>\n<div id=\"gtx-trans\" style=\"position: absolute; left: 732px; top: 280px;\">\n<div class=\"gtx-trans-icon\">\u00a0<\/div>\n<\/div>\n<p>[\/et_pb_text][\/et_pb_column][et_pb_column type=&#8220;1_4&#8243; _builder_version=&#8220;4.16&#8243; custom_padding=&#8220;|||&#8220; global_colors_info=&#8220;{}&#8220; custom_padding__hover=&#8220;|||&#8220;][et_pb_number_counter title=&#8220;Kunden&#8220; number=&#8220;270&#8243; percent_sign=&#8220;off&#8220; _builder_version=&#8220;4.27.4&#8243; title_font=&#8220;Roboto||||||||&#8220; title_text_color=&#8220;#666666&#8243; number_font=&#8220;Roboto|600|||||||&#8220; number_text_color=&#8220;#2a2a2a&#8220; number_font_size=&#8220;48px&#8220; number_line_height=&#8220;100px&#8220; background_color=&#8220;#ffffff&#8220; custom_padding=&#8220;10px||30px|&#8220; animation_direction=&#8220;left&#8220; border_radii=&#8220;on|3px|3px|3px|3px&#8220; border_color_all=&#8220;#01b1ec&#8220; border_width_left=&#8220;6px&#8220; box_shadow_style=&#8220;preset2&#8243; box_shadow_horizontal=&#8220;0px&#8220; box_shadow_vertical=&#8220;7px&#8220; box_shadow_blur=&#8220;23px&#8220; box_shadow_color=&#8220;rgba(0,0,0,0.05)&#8220; global_colors_info=&#8220;{}&#8220;][\/et_pb_number_counter][et_pb_number_counter title=&#8220;Benutzer&#8220; number=&#8220;27000&#8243; percent_sign=&#8220;off&#8220; _builder_version=&#8220;4.27.4&#8243; title_font=&#8220;Roboto||||||||&#8220; title_text_color=&#8220;#666666&#8243; number_font=&#8220;Roboto|600|||||||&#8220; number_text_color=&#8220;#2a2a2a&#8220; number_font_size=&#8220;48px&#8220; number_line_height=&#8220;100px&#8220; background_color=&#8220;#ffffff&#8220; custom_padding=&#8220;10px||30px|&#8220; animation_direction=&#8220;bottom&#8220; border_radii=&#8220;on|3px|3px|3px|3px&#8220; border_width_left=&#8220;6px&#8220; border_color_left=&#8220;#01b1ec&#8220; box_shadow_style=&#8220;preset1&#8243; box_shadow_color=&#8220;rgba(0,0,0,0.05)&#8220; global_colors_info=&#8220;{}&#8220;][\/et_pb_number_counter][\/et_pb_column][et_pb_column type=&#8220;1_4&#8243; _builder_version=&#8220;4.16&#8243; custom_padding=&#8220;|||&#8220; global_colors_info=&#8220;{}&#8220; custom_padding__hover=&#8220;|||&#8220;][et_pb_number_counter title=&#8220;Jahre Erfahrung&#8220; number=&#8220;20&#8243; percent_sign=&#8220;off&#8220; _builder_version=&#8220;4.27.4&#8243; title_font=&#8220;Roboto||||||||&#8220; title_text_color=&#8220;#666666&#8243; number_font=&#8220;Roboto|600|||||||&#8220; number_text_color=&#8220;#2a2a2a&#8220; number_font_size=&#8220;48px&#8220; number_line_height=&#8220;100px&#8220; background_color=&#8220;#ffffff&#8220; custom_padding=&#8220;10px||30px|&#8220; animation_direction=&#8220;top&#8220; border_radii=&#8220;on|3px|3px|3px|3px&#8220; border_width_left=&#8220;6px&#8220; border_color_left=&#8220;#01b1ec&#8220; box_shadow_style=&#8220;preset2&#8243; box_shadow_horizontal=&#8220;0px&#8220; box_shadow_vertical=&#8220;7px&#8220; box_shadow_blur=&#8220;23px&#8220; box_shadow_color=&#8220;rgba(0,0,0,0.05)&#8220; global_colors_info=&#8220;{}&#8220;][\/et_pb_number_counter][\/et_pb_column][\/et_pb_row][et_pb_row column_structure=&#8220;1_4,1_4,1_4,1_4&#8243; _builder_version=&#8220;4.16&#8243; _module_preset=&#8220;default&#8220; min_height=&#8220;139.7px&#8220; custom_padding=&#8220;0px||0px|||&#8220; global_colors_info=&#8220;{}&#8220;][et_pb_column type=&#8220;1_4&#8243; _builder_version=&#8220;4.16&#8243; _module_preset=&#8220;default&#8220; global_colors_info=&#8220;{}&#8220;][et_pb_image src=&#8220;https:\/\/optimiso-group.com\/wp-content\/uploads\/2023\/08\/iso-9001-bureau-veritas.png&#8220; alt=&#8220;Optimiso Group certifi\u00e9 ISO 9001&#8243; title_text=&#8220;ISO 9001 Bureau Veritas&#8220; url=&#8220;https:\/\/www.bureauveritas.ch\/en&#8220; url_new_window=&#8220;on&#8220; _builder_version=&#8220;4.21.2&#8243; _module_preset=&#8220;default&#8220; global_colors_info=&#8220;{}&#8220;][\/et_pb_image][\/et_pb_column][et_pb_column type=&#8220;1_4&#8243; _builder_version=&#8220;4.16&#8243; _module_preset=&#8220;default&#8220; global_colors_info=&#8220;{}&#8220;][et_pb_image src=&#8220;https:\/\/optimiso-group.com\/wp-content\/uploads\/2023\/08\/iso-27001-bureau-veritas.png&#8220; alt=&#8220;Optimiso Group certifi\u00e9 ISO 27001&#8243; title_text=&#8220;ISO 27001 Bureau Veritas&#8220; url=&#8220;https:\/\/www.bureauveritas.ch\/en&#8220; _builder_version=&#8220;4.21.2&#8243; _module_preset=&#8220;default&#8220; global_colors_info=&#8220;{}&#8220;][\/et_pb_image][\/et_pb_column][et_pb_column type=&#8220;1_4&#8243; _builder_version=&#8220;4.16&#8243; _module_preset=&#8220;default&#8220; global_colors_info=&#8220;{}&#8220;][et_pb_image src=&#8220;https:\/\/optimiso-group.com\/wp-content\/uploads\/2023\/08\/optimiso-microsoft-partner.png&#8220; alt=&#8220;microsoft partner&#8220; title_text=&#8220;optimiso-microsoft-partner&#8220; _builder_version=&#8220;4.21.2&#8243; _module_preset=&#8220;default&#8220; global_colors_info=&#8220;{}&#8220;][\/et_pb_image][\/et_pb_column][et_pb_column type=&#8220;1_4&#8243; _builder_version=&#8220;4.16&#8243; _module_preset=&#8220;default&#8220; global_colors_info=&#8220;{}&#8220;][\/et_pb_column][\/et_pb_row][\/et_pb_section][et_pb_section fb_built=&#8220;1&#8243; admin_label=&#8220;My Skills Section&#8220; _builder_version=&#8220;4.16&#8243; custom_padding=&#8220;14px||34px|||&#8220; global_colors_info=&#8220;{}&#8220;][et_pb_row column_structure=&#8220;1_4,1_4,1_4,1_4&#8243; _builder_version=&#8220;4.16&#8243; _module_preset=&#8220;default&#8220; global_colors_info=&#8220;{}&#8220;][et_pb_column type=&#8220;1_4&#8243; _builder_version=&#8220;4.16&#8243; _module_preset=&#8220;default&#8220; global_colors_info=&#8220;{}&#8220;][et_pb_image src=&#8220;https:\/\/optimiso-group.com\/wp-content\/uploads\/2022\/07\/mannschaft.png&#8220; alt=&#8220;collaborateurs Optimiso Group&#8220; title_text=&#8220;Mannschaft&#8220; url=&#8220;https:\/\/optimiso-group.com\/de\/mannschaft\/&#8220; align=&#8220;center&#8220; _builder_version=&#8220;4.17.4&#8243; _module_preset=&#8220;default&#8220; border_color_all=&#8220;RGBA(0,0,0,0)&#8220; global_colors_info=&#8220;{}&#8220; border_width_all__hover_enabled=&#8220;on|hover&#8220; border_width_all__hover=&#8220;5px&#8220;][\/et_pb_image][\/et_pb_column][et_pb_column type=&#8220;1_4&#8243; _builder_version=&#8220;4.16&#8243; _module_preset=&#8220;default&#8220; global_colors_info=&#8220;{}&#8220;][et_pb_image src=&#8220;https:\/\/optimiso-group.com\/wp-content\/uploads\/2021\/11\/corporate-social-responsibility.png&#8220; alt=&#8220;csr software&#8220; title_text=&#8220;corporate-social-responsibility&#8220; url=&#8220;https:\/\/optimiso-group.com\/de\/soziale-verantwortung-unternehmens\/&#8220; align=&#8220;center&#8220; _builder_version=&#8220;4.16&#8243; _module_preset=&#8220;default&#8220; border_color_all=&#8220;RGBA(0,0,0,0)&#8220; global_colors_info=&#8220;{}&#8220; border_width_all__hover_enabled=&#8220;on|hover&#8220; border_width_all__hover=&#8220;5px&#8220;][\/et_pb_image][\/et_pb_column][et_pb_column type=&#8220;1_4&#8243; _builder_version=&#8220;4.16&#8243; _module_preset=&#8220;default&#8220; global_colors_info=&#8220;{}&#8220;][et_pb_image src=&#8220;https:\/\/optimiso-group.com\/wp-content\/uploads\/2021\/10\/quipe-10.png&#8220; title_text=&#8220;quipe (10)&#8220; url=&#8220;https:\/\/optimiso-group.com\/de\/vision\/&#8220; _builder_version=&#8220;4.16&#8243; _module_preset=&#8220;default&#8220; border_color_all=&#8220;RGBA(0,0,0,0)&#8220; global_colors_info=&#8220;{}&#8220; border_width_all__hover_enabled=&#8220;on|hover&#8220; border_width_all__hover=&#8220;5px&#8220;][\/et_pb_image][\/et_pb_column][et_pb_column type=&#8220;1_4&#8243; _builder_version=&#8220;4.16&#8243; _module_preset=&#8220;default&#8220; global_colors_info=&#8220;{}&#8220;][et_pb_image src=&#8220;https:\/\/optimiso-group.com\/wp-content\/uploads\/2021\/11\/optimiso-suite-software.png&#8220; alt=&#8220;Optimiso Suite Software&#8220; title_text=&#8220;optimiso-suite-software&#8220; url=&#8220;https:\/\/optimiso-group.com\/de\/uber-die-software\/&#8220; align=&#8220;center&#8220; _builder_version=&#8220;4.16&#8243; _module_preset=&#8220;default&#8220; border_color_all=&#8220;RGBA(0,0,0,0)&#8220; global_colors_info=&#8220;{}&#8220; border_width_all__hover_enabled=&#8220;on|hover&#8220; border_width_all__hover=&#8220;5px&#8220;][\/et_pb_image][\/et_pb_column][\/et_pb_row][\/et_pb_section]<\/p>\n","protected":false},"excerpt":{"rendered":"<p>Optimiso \u00a0 Die 2005 gegr\u00fcndete Optimiso mit Sitz in&#8230;<\/p>\n","protected":false},"author":6,"featured_media":0,"parent":0,"menu_order":59,"comment_status":"closed","ping_status":"closed","template":"","meta":{"_acf_changed":false,"_et_pb_use_builder":"on","_et_pb_old_content":"","_et_gb_content_width":"","_mo_disable_npp":"","footnotes":""},"class_list":["post-18495","page","type-page","status-publish","hentry"],"acf":[],"yoast_head":"<!-- This site is optimized with the Yoast SEO plugin v24.5 - https:\/\/yoast.com\/wordpress\/plugins\/seo\/ -->\n<title>Uber Optimiso - Software und Beratung<\/title>\n<meta name=\"description\" content=\"Optimiso bietet seit mehr als 20 Jahren L\u00f6sungen f\u00fcr die interne Kontrolle, ISO-Zertifizierungen und sogar das Risikomanagement.\" \/>\n<meta name=\"robots\" content=\"index, follow, max-snippet:-1, max-image-preview:large, max-video-preview:-1\" \/>\n<link rel=\"canonical\" href=\"https:\/\/optimiso-group.com\/de\/uber-optimiso-group\/\" \/>\n<meta property=\"og:locale\" content=\"de_DE\" \/>\n<meta property=\"og:type\" content=\"article\" \/>\n<meta property=\"og:title\" content=\"Uber Optimiso - Software und Beratung\" \/>\n<meta property=\"og:description\" content=\"Optimiso bietet seit mehr als 20 Jahren L\u00f6sungen f\u00fcr die interne Kontrolle, ISO-Zertifizierungen und sogar das Risikomanagement.\" \/>\n<meta property=\"og:url\" content=\"https:\/\/optimiso-group.com\/de\/uber-optimiso-group\/\" \/>\n<meta property=\"og:site_name\" content=\"Optimiso Group\" \/>\n<meta property=\"article:modified_time\" content=\"2026-01-20T15:38:04+00:00\" \/>\n<meta name=\"twitter:card\" content=\"summary_large_image\" \/>\n<meta name=\"twitter:label1\" content=\"Gesch\u00e4tzte Lesezeit\" \/>\n\t<meta name=\"twitter:data1\" content=\"3\u00a0Minuten\" \/>\n<script type=\"application\/ld+json\" class=\"yoast-schema-graph\">{\"@context\":\"https:\/\/schema.org\",\"@graph\":[{\"@type\":\"WebPage\",\"@id\":\"https:\/\/optimiso-group.com\/de\/uber-optimiso-group\/\",\"url\":\"https:\/\/optimiso-group.com\/de\/uber-optimiso-group\/\",\"name\":\"Uber Optimiso - Software und Beratung\",\"isPartOf\":{\"@id\":\"https:\/\/optimiso-group.com\/#website\"},\"datePublished\":\"2021-10-13T13:52:45+00:00\",\"dateModified\":\"2026-01-20T15:38:04+00:00\",\"description\":\"Optimiso bietet seit mehr als 20 Jahren L\u00f6sungen f\u00fcr die interne Kontrolle, ISO-Zertifizierungen und sogar das Risikomanagement.\",\"breadcrumb\":{\"@id\":\"https:\/\/optimiso-group.com\/de\/uber-optimiso-group\/#breadcrumb\"},\"inLanguage\":\"de\",\"potentialAction\":[{\"@type\":\"ReadAction\",\"target\":[\"https:\/\/optimiso-group.com\/de\/uber-optimiso-group\/\"]}]},{\"@type\":\"BreadcrumbList\",\"@id\":\"https:\/\/optimiso-group.com\/de\/uber-optimiso-group\/#breadcrumb\",\"itemListElement\":[{\"@type\":\"ListItem\",\"position\":1,\"name\":\"Startseite\",\"item\":\"https:\/\/optimiso-group.com\/de\/\"},{\"@type\":\"ListItem\",\"position\":2,\"name\":\"Optimiso Group\"}]},{\"@type\":\"WebSite\",\"@id\":\"https:\/\/optimiso-group.com\/#website\",\"url\":\"https:\/\/optimiso-group.com\/\",\"name\":\"Optimiso Group\",\"description\":\"Optimiso Software macht Ihre regulatorischen Einschr\u00e4nkungen zu echten Vorteilen. Entdecken Sie unsere einfachen und n\u00fctzlichen L\u00f6sungen f\u00fcr Ihre Projekte in den Bereichen interne Organisation, ISO-Zertifizierung, interne Kontrolle und Risikomanagement.\",\"publisher\":{\"@id\":\"https:\/\/optimiso-group.com\/#organization\"},\"potentialAction\":[{\"@type\":\"SearchAction\",\"target\":{\"@type\":\"EntryPoint\",\"urlTemplate\":\"https:\/\/optimiso-group.com\/?s={search_term_string}\"},\"query-input\":{\"@type\":\"PropertyValueSpecification\",\"valueRequired\":true,\"valueName\":\"search_term_string\"}}],\"inLanguage\":\"de\"},{\"@type\":\"Organization\",\"@id\":\"https:\/\/optimiso-group.com\/#organization\",\"name\":\"Optimiso Group\",\"url\":\"https:\/\/optimiso-group.com\/\",\"logo\":{\"@type\":\"ImageObject\",\"inLanguage\":\"de\",\"@id\":\"https:\/\/optimiso-group.com\/#\/schema\/logo\/image\/\",\"url\":\"https:\/\/optimiso-group.com\/wp-content\/uploads\/2018\/03\/logo-optimiso-group.png\",\"contentUrl\":\"https:\/\/optimiso-group.com\/wp-content\/uploads\/2018\/03\/logo-optimiso-group.png\",\"width\":351,\"height\":177,\"caption\":\"Optimiso Group\"},\"image\":{\"@id\":\"https:\/\/optimiso-group.com\/#\/schema\/logo\/image\/\"}}]}<\/script>\n<!-- \/ Yoast SEO plugin. -->","yoast_head_json":{"title":"Uber Optimiso - Software und Beratung","description":"Optimiso bietet seit mehr als 20 Jahren L\u00f6sungen f\u00fcr die interne Kontrolle, ISO-Zertifizierungen und sogar das Risikomanagement.","robots":{"index":"index","follow":"follow","max-snippet":"max-snippet:-1","max-image-preview":"max-image-preview:large","max-video-preview":"max-video-preview:-1"},"canonical":"https:\/\/optimiso-group.com\/de\/uber-optimiso-group\/","og_locale":"de_DE","og_type":"article","og_title":"Uber Optimiso - Software und Beratung","og_description":"Optimiso bietet seit mehr als 20 Jahren L\u00f6sungen f\u00fcr die interne Kontrolle, ISO-Zertifizierungen und sogar das Risikomanagement.","og_url":"https:\/\/optimiso-group.com\/de\/uber-optimiso-group\/","og_site_name":"Optimiso Group","article_modified_time":"2026-01-20T15:38:04+00:00","twitter_card":"summary_large_image","twitter_misc":{"Gesch\u00e4tzte Lesezeit":"3\u00a0Minuten"},"schema":{"@context":"https:\/\/schema.org","@graph":[{"@type":"WebPage","@id":"https:\/\/optimiso-group.com\/de\/uber-optimiso-group\/","url":"https:\/\/optimiso-group.com\/de\/uber-optimiso-group\/","name":"Uber Optimiso - Software und Beratung","isPartOf":{"@id":"https:\/\/optimiso-group.com\/#website"},"datePublished":"2021-10-13T13:52:45+00:00","dateModified":"2026-01-20T15:38:04+00:00","description":"Optimiso bietet seit mehr als 20 Jahren L\u00f6sungen f\u00fcr die interne Kontrolle, ISO-Zertifizierungen und sogar das Risikomanagement.","breadcrumb":{"@id":"https:\/\/optimiso-group.com\/de\/uber-optimiso-group\/#breadcrumb"},"inLanguage":"de","potentialAction":[{"@type":"ReadAction","target":["https:\/\/optimiso-group.com\/de\/uber-optimiso-group\/"]}]},{"@type":"BreadcrumbList","@id":"https:\/\/optimiso-group.com\/de\/uber-optimiso-group\/#breadcrumb","itemListElement":[{"@type":"ListItem","position":1,"name":"Startseite","item":"https:\/\/optimiso-group.com\/de\/"},{"@type":"ListItem","position":2,"name":"Optimiso Group"}]},{"@type":"WebSite","@id":"https:\/\/optimiso-group.com\/#website","url":"https:\/\/optimiso-group.com\/","name":"Optimiso Group","description":"Optimiso Software macht Ihre regulatorischen Einschr\u00e4nkungen zu echten Vorteilen. Entdecken Sie unsere einfachen und n\u00fctzlichen L\u00f6sungen f\u00fcr Ihre Projekte in den Bereichen interne Organisation, ISO-Zertifizierung, interne Kontrolle und Risikomanagement.","publisher":{"@id":"https:\/\/optimiso-group.com\/#organization"},"potentialAction":[{"@type":"SearchAction","target":{"@type":"EntryPoint","urlTemplate":"https:\/\/optimiso-group.com\/?s={search_term_string}"},"query-input":{"@type":"PropertyValueSpecification","valueRequired":true,"valueName":"search_term_string"}}],"inLanguage":"de"},{"@type":"Organization","@id":"https:\/\/optimiso-group.com\/#organization","name":"Optimiso Group","url":"https:\/\/optimiso-group.com\/","logo":{"@type":"ImageObject","inLanguage":"de","@id":"https:\/\/optimiso-group.com\/#\/schema\/logo\/image\/","url":"https:\/\/optimiso-group.com\/wp-content\/uploads\/2018\/03\/logo-optimiso-group.png","contentUrl":"https:\/\/optimiso-group.com\/wp-content\/uploads\/2018\/03\/logo-optimiso-group.png","width":351,"height":177,"caption":"Optimiso Group"},"image":{"@id":"https:\/\/optimiso-group.com\/#\/schema\/logo\/image\/"}}]}},"_links":{"self":[{"href":"https:\/\/optimiso-group.com\/de\/wp-json\/wp\/v2\/pages\/18495","targetHints":{"allow":["GET"]}}],"collection":[{"href":"https:\/\/optimiso-group.com\/de\/wp-json\/wp\/v2\/pages"}],"about":[{"href":"https:\/\/optimiso-group.com\/de\/wp-json\/wp\/v2\/types\/page"}],"author":[{"embeddable":true,"href":"https:\/\/optimiso-group.com\/de\/wp-json\/wp\/v2\/users\/6"}],"replies":[{"embeddable":true,"href":"https:\/\/optimiso-group.com\/de\/wp-json\/wp\/v2\/comments?post=18495"}],"version-history":[{"count":3,"href":"https:\/\/optimiso-group.com\/de\/wp-json\/wp\/v2\/pages\/18495\/revisions"}],"predecessor-version":[{"id":28925,"href":"https:\/\/optimiso-group.com\/de\/wp-json\/wp\/v2\/pages\/18495\/revisions\/28925"}],"wp:attachment":[{"href":"https:\/\/optimiso-group.com\/de\/wp-json\/wp\/v2\/media?parent=18495"}],"curies":[{"name":"wp","href":"https:\/\/api.w.org\/{rel}","templated":true}]}}