{"id":18583,"date":"2021-10-22T11:09:01","date_gmt":"2021-10-22T09:09:01","guid":{"rendered":"https:\/\/optimiso-group.com\/a-propos-du-logiciel\/"},"modified":"2026-01-21T15:27:18","modified_gmt":"2026-01-21T14:27:18","slug":"uber-die-software","status":"publish","type":"page","link":"https:\/\/optimiso-group.com\/de\/uber-die-software\/","title":{"rendered":"\u00dcber die Software"},"content":{"rendered":"<p>[et_pb_section fb_built=&#8220;1&#8243; admin_label=&#8220;Hero Section&#8220; _builder_version=&#8220;4.16&#8243; use_background_color_gradient=&#8220;on&#8220; background_color_gradient_stops=&#8220;rgba(0,0,0,0.4) 0%|rgba(0,0,0,0.4) 100%&#8220; background_color_gradient_overlays_image=&#8220;on&#8220; background_color_gradient_start=&#8220;rgba(0,0,0,0.4)&#8220; background_color_gradient_end=&#8220;rgba(0,0,0,0.4)&#8220; background_image=&#8220;https:\/\/optimiso-group.com\/wp-content\/uploads\/2021\/10\/visuel-guide-de-formation-3-scaled.jpg&#8220; background_position=&#8220;center_right&#8220; custom_padding=&#8220;6%||6%||false|false&#8220; bottom_divider_height=&#8220;60px&#8220; global_colors_info=&#8220;{}&#8220; background_color_gradient_direction__hover=&#8220;180deg&#8220; background_color_gradient_direction__hover_enabled=&#8220;180deg&#8220; background_color_gradient_start_position__hover=&#8220;0%&#8220; background_color_gradient_start_position__hover_enabled=&#8220;0%&#8220; background_color_gradient_end_position__hover=&#8220;100%&#8220; background_color_gradient_end_position__hover_enabled=&#8220;100%&#8220; background_color_gradient_stops__hover=&#8220;rgba(0,0,0,0.4) 0%|rgba(0,0,0,0.4) 100%&#8220;][et_pb_row admin_label=&#8220;Page Title Area&#8220; _builder_version=&#8220;4.16&#8243; custom_padding=&#8220;||||false|false&#8220; hover_transition_duration=&#8220;0ms&#8220; global_colors_info=&#8220;{}&#8220;][et_pb_column type=&#8220;4_4&#8243; _builder_version=&#8220;4.16&#8243; custom_padding=&#8220;|||&#8220; global_colors_info=&#8220;{}&#8220; custom_padding__hover=&#8220;|||&#8220;][et_pb_text admin_label=&#8220;Hero Section Title&#8220; _builder_version=&#8220;4.27.4&#8243; text_font=&#8220;Roboto||||||||&#8220; text_font_size=&#8220;18px&#8220; text_line_height=&#8220;1.8em&#8220; header_font=&#8220;Arial|700|||||||&#8220; header_font_size=&#8220;50px&#8220; header_2_font=&#8220;Montserrat|700|||||||&#8220; header_2_text_color=&#8220;rgba(255,255,255,0.6)&#8220; header_2_font_size=&#8220;90px&#8220; header_2_letter_spacing=&#8220;3px&#8220; header_2_line_height=&#8220;1.1em&#8220; text_orientation=&#8220;center&#8220; background_layout=&#8220;dark&#8220; max_width=&#8220;700px&#8220; module_alignment=&#8220;center&#8220; custom_margin=&#8220;|||&#8220; animation_direction=&#8220;bottom&#8220; hover_enabled=&#8220;0&#8243; header_font_size_tablet=&#8220;&#8220; header_font_size_phone=&#8220;28px&#8220; header_font_size_last_edited=&#8220;on|phone&#8220; header_2_font_size_tablet=&#8220;&#8220; header_2_font_size_phone=&#8220;50px&#8220; header_2_font_size_last_edited=&#8220;on|phone&#8220; global_colors_info=&#8220;{}&#8220; sticky_enabled=&#8220;0&#8243;]<\/p>\n<h1><strong>Optimiso Software<\/strong><\/h1>\n<div id=\"gtx-trans\" style=\"position: absolute; left: 222px; top: 74.4375px;\">\n<div class=\"gtx-trans-icon\">\u00a0<\/div>\n<\/div>\n<p>[\/et_pb_text][\/et_pb_column][\/et_pb_row][\/et_pb_section][et_pb_section fb_built=&#8220;1&#8243; _builder_version=&#8220;4.16&#8243; custom_padding=&#8220;100px|0px|0px|0px&#8220; global_colors_info=&#8220;{}&#8220;][et_pb_row _builder_version=&#8220;4.16&#8243; background_size=&#8220;initial&#8220; background_position=&#8220;top_left&#8220; background_repeat=&#8220;repeat&#8220; custom_padding=&#8220;0px|0px|33.1875px|0px&#8220; global_colors_info=&#8220;{}&#8220;][et_pb_column type=&#8220;4_4&#8243; _builder_version=&#8220;4.16&#8243; custom_padding=&#8220;|||&#8220; global_colors_info=&#8220;{}&#8220; custom_padding__hover=&#8220;|||&#8220;][et_pb_text _builder_version=&#8220;4.27.4&#8243; text_font=&#8220;Roboto||||||||&#8220; header_font=&#8220;||||||||&#8220; hover_enabled=&#8220;0&#8243; global_colors_info=&#8220;{}&#8220; sticky_enabled=&#8220;0&#8243;]<\/p>\n<h2 style=\"text-align: left;\"><span style=\"color: #000000;\"><strong>Die besten Technologien, sicher und zuverl\u00e4ssig<\/strong><\/span><\/h2>\n<p>Die mit den besten Technologien entwickelte Optimiso-Software ist skalierbar, um den Erwartungen der Anwender und den neuesten technischen Anforderungen gerecht zu werden. Jede neue Version der Software wird erst nach einem Prozess ver\u00f6ffentlicht, der unz\u00e4hlige Tests und sorgf\u00e4ltigste Dokumentationen durchlaufen hat. Mit seiner robusten Struktur, die die prim\u00e4re Garantie f\u00fcr Datensicherheit ist, erf\u00fcllt Optimiso die strengsten Anforderungen an die Informationssicherheit.<\/p>\n<ul>\n<li>Ein internes Entwicklerteam mit Sitz in Genf<\/li>\n<li>Modernste Entwicklungstechnologien<\/li>\n<li>Agiles Management der Softwareentwicklung<\/li>\n<\/ul>\n<p>&nbsp;<\/p>\n<h2 style=\"text-align: left;\"><span style=\"color: #000000;\"><strong>Vollst\u00e4ndige Web-Software, kompatibel mit Tablet-PCs und Smartphones<\/strong><\/span><\/h2>\n<p>&nbsp;<\/p>\n<p class=\"aligncenter wp-image-5792 size-large\"><img loading=\"lazy\" decoding=\"async\" class=\"aligncenter wp-image-5792 size-large\" src=\"https:\/\/optimiso-group.com\/wp-content\/uploads\/2018\/03\/page_technique-1024x410.png\" alt=\"\" width=\"1024\" height=\"410\" srcset=\"https:\/\/optimiso-group.com\/wp-content\/uploads\/2018\/03\/page_technique-1024x410.png 1024w, https:\/\/optimiso-group.com\/wp-content\/uploads\/2018\/03\/page_technique-300x120.png 300w, https:\/\/optimiso-group.com\/wp-content\/uploads\/2018\/03\/page_technique-768x307.png 768w, https:\/\/optimiso-group.com\/wp-content\/uploads\/2018\/03\/page_technique-1080x432.png 1080w, https:\/\/optimiso-group.com\/wp-content\/uploads\/2018\/03\/page_technique.png 2000w\" sizes=\"(max-width: 1024px) 100vw, 1024px\" \/><\/p>\n<p>[\/et_pb_text][\/et_pb_column][\/et_pb_row][et_pb_row _builder_version=&#8220;4.16&#8243; background_size=&#8220;initial&#8220; background_position=&#8220;top_left&#8220; background_repeat=&#8220;repeat&#8220; custom_padding=&#8220;0px|0px|33.1875px|0px&#8220; global_colors_info=&#8220;{}&#8220;][et_pb_column type=&#8220;4_4&#8243; _builder_version=&#8220;4.16&#8243; custom_padding=&#8220;|||&#8220; global_colors_info=&#8220;{}&#8220; custom_padding__hover=&#8220;|||&#8220;][et_pb_text admin_label=&#8220;Titre : Version SaaS ou On Premise ?&#8220; _builder_version=&#8220;4.16&#8243; text_font=&#8220;Roboto||||||||&#8220; global_colors_info=&#8220;{}&#8220;]<\/p>\n<h2><span style=\"color: #000000;\"><strong>Im SaaS-Modus oder im On Premises?<\/strong><\/span><\/h2>\n<p>[\/et_pb_text][\/et_pb_column][\/et_pb_row][et_pb_row column_structure=&#8220;1_2,1_2&#8243; _builder_version=&#8220;4.16&#8243; background_size=&#8220;initial&#8220; background_position=&#8220;top_left&#8220; background_repeat=&#8220;repeat&#8220; custom_padding=&#8220;0px|0px|0px|0px||&#8220; global_colors_info=&#8220;{}&#8220;][et_pb_column type=&#8220;1_2&#8243; _builder_version=&#8220;4.16&#8243; custom_padding=&#8220;|||&#8220; global_colors_info=&#8220;{}&#8220; custom_padding__hover=&#8220;|||&#8220;][et_pb_text admin_label=&#8220;SaaS&#8220; _builder_version=&#8220;4.16&#8243; text_font=&#8220;Roboto||||||||&#8220; header_font=&#8220;Roboto||||||||&#8220; global_colors_info=&#8220;{}&#8220;]<\/p>\n<h2 style=\"text-align: center;\">\u00a0<img loading=\"lazy\" decoding=\"async\" class=\"alignnone size-full wp-image-6544\" src=\"https:\/\/optimiso-group.com\/wp-content\/uploads\/2018\/03\/cloud.png\" alt=\"\" width=\"186\" height=\"186\" srcset=\"https:\/\/optimiso-group.com\/wp-content\/uploads\/2018\/03\/cloud.png 186w, https:\/\/optimiso-group.com\/wp-content\/uploads\/2018\/03\/cloud-150x150.png 150w\" sizes=\"(max-width: 186px) 100vw, 186px\" \/><\/h2>\n<h2><span style=\"color: #000000;\"><strong>Im SaaS-Modus: verabschieden Sie sich von allen technischen Einschr\u00e4nkungen<\/strong><\/span><\/h2>\n<ul>\n<li>Keine Serverwartungskosten<\/li>\n<li>Sicherheit, Backup und Speicherung von ausgelagerten Daten<\/li>\n<li>Hosting \u00fcber Microsoft Azure, das globale\u00a0<em>Best Practices<\/em>\u00a0in der Informationssicherheit implementiert<\/li>\n<li>Von uns durchgef\u00fchrte Updates<\/li>\n<li>Zugang \u00fcberall, t\u00e4glich, rund um die Uhr<\/li>\n<h2 style=\"text-align: center;\">\u00a0<img loading=\"lazy\" decoding=\"async\" class=\"alignnone size-full wp-image-6544\" src=\"https:\/\/optimiso-group.com\/wp-content\/uploads\/2021\/12\/microsoft-partner-1-300x180.png\" alt=\"\" width=\"186\" height=\"186\" \/><\/h2>\n<p>[\/et_pb_text][\/et_pb_column][et_pb_column type=&#8220;1_2&#8243; _builder_version=&#8220;4.16&#8243; custom_padding=&#8220;|||&#8220; global_colors_info=&#8220;{}&#8220; custom_padding__hover=&#8220;|||&#8220;][et_pb_text admin_label=&#8220;Licence&#8220; _builder_version=&#8220;4.16&#8243; text_font=&#8220;Roboto||||||||&#8220; header_font=&#8220;Roboto||||||||&#8220; global_colors_info=&#8220;{}&#8220;]<\/p>\n<h2 style=\"text-align: center;\">\u00a0<img loading=\"lazy\" decoding=\"async\" class=\"alignnone size-full wp-image-6545\" src=\"https:\/\/optimiso-group.com\/wp-content\/uploads\/2018\/03\/pc.png\" alt=\"\" width=\"186\" height=\"186\" srcset=\"https:\/\/optimiso-group.com\/wp-content\/uploads\/2018\/03\/pc.png 186w, https:\/\/optimiso-group.com\/wp-content\/uploads\/2018\/03\/pc-150x150.png 150w\" sizes=\"(max-width: 186px) 100vw, 186px\" \/><\/h2>\n<h2><span style=\"color: #000000;\"><strong>Im On Premises Modus : Behalten Sie die Software-Umgebung im Griff<\/strong><\/span><\/h2>\n<ul>\n<li>Volle Kontrolle \u00fcber die Infrastruktur<\/li>\n<li>Daten, die auf Ihren eigenen Servern gespeichert sind.<\/li>\n<\/ul>\n<p>[\/et_pb_text][\/et_pb_column][\/et_pb_row][et_pb_row _builder_version=&#8220;4.16&#8243; background_size=&#8220;initial&#8220; background_position=&#8220;top_left&#8220; background_repeat=&#8220;repeat&#8220; custom_padding=&#8220;0px|0px|47.2px|0px||&#8220; global_colors_info=&#8220;{}&#8220;][et_pb_column type=&#8220;4_4&#8243; _builder_version=&#8220;4.16&#8243; custom_padding=&#8220;|||&#8220; global_colors_info=&#8220;{}&#8220; custom_padding__hover=&#8220;|||&#8220;][et_pb_text admin_label=&#8220;Contact&#8220; _builder_version=&#8220;4.16&#8243; text_font=&#8220;Roboto||||||||&#8220; header_font=&#8220;Roboto||||||||&#8220; custom_margin=&#8220;||19px|||&#8220; global_colors_info=&#8220;{}&#8220;]<\/p>\n<p style=\"text-align: center;\">Kontaktieren Sie uns, um die richtige L\u00f6sung f\u00fcr Ihr Unternehmen zu finden.<\/p>\n<p>[\/et_pb_text][et_pb_button button_url=&#8220;https:\/\/optimiso-group.com\/de\/kontakt\/&#8220; button_text=&#8220;Nehmen Sie Kontakt zu uns auf&#8220; button_alignment=&#8220;center&#8220; button_text_tablet=&#8220;&#8220; button_text_phone=&#8220;&#8220; button_text_last_edited=&#8220;on|desktop&#8220; _builder_version=&#8220;4.16&#8243; _module_preset=&#8220;default&#8220; custom_button=&#8220;on&#8220; button_bg_color=&#8220;#01b1ec&#8220; button_font=&#8220;Roboto|600|||||||&#8220; button_use_icon=&#8220;off&#8220; background_layout=&#8220;dark&#8220; global_colors_info=&#8220;{}&#8220; custom_margin__hover_enabled=&#8220;on|desktop&#8220; custom_padding__hover_enabled=&#8220;on|hover&#8220;][\/et_pb_button][\/et_pb_column][\/et_pb_row][et_pb_row _builder_version=&#8220;4.16&#8243; background_size=&#8220;initial&#8220; background_position=&#8220;top_left&#8220; background_repeat=&#8220;repeat&#8220; custom_padding=&#8220;0px|0px|33.1875px|0px&#8220; global_colors_info=&#8220;{}&#8220;][et_pb_column type=&#8220;4_4&#8243; _builder_version=&#8220;4.16&#8243; custom_padding=&#8220;|||&#8220; global_colors_info=&#8220;{}&#8220; custom_padding__hover=&#8220;|||&#8220;][et_pb_text admin_label=&#8220;Nos experts \u00e0 votre service&#8220; _builder_version=&#8220;4.16&#8243; text_font=&#8220;Roboto||||||||&#8220; header_font=&#8220;Roboto||||||||&#8220; global_colors_info=&#8220;{}&#8220;]<\/p>\n<h2><span style=\"color: #000000;\"><strong>Unsere Experten sind Ihnen zu Diensten<\/strong><\/span><\/h2>\n<p>Sobald Sie die Optimiso-Software besitzen, bleiben wir f\u00fcr Sie pr\u00e4sent und sind bestrebt, Ihnen das bestm\u00f6gliche Erlebnis zu bieten. Mit der Optimiso-Software entscheiden Sie sich f\u00fcr eine doppelte Unterst\u00fctzung, sowohl durch Business-Experten, die bereits \u00e4hnliche Projekte wie Ihres realisiert haben, und technische Experten.<\/p>\n<p>Die Optimiso Support-Plattform bedeutet:<\/p>\n<ul>\n<li>Schnelle und pr\u00e4zise Antworten auf alle Ihre Anfragen<\/li>\n<li>Halbw\u00f6chentliche Webinare zu bestimmten Themenbereichen<\/li>\n<li>Bebilderte Schulungsunterlagen oder Videos sind jederzeit abrufbar.<\/li>\n<\/ul>\n<p>[\/et_pb_text][et_pb_button button_url=&#8220;https:\/\/support.optimiso.com\/portal\/home&#8220; button_text=&#8220;Zugang Support&#8220; button_alignment=&#8220;center&#8220; button_text_tablet=&#8220;&#8220; button_text_phone=&#8220;&#8220; button_text_last_edited=&#8220;on|desktop&#8220; _builder_version=&#8220;4.16&#8243; _module_preset=&#8220;default&#8220; custom_button=&#8220;on&#8220; button_bg_color=&#8220;#01b1ec&#8220; button_font=&#8220;Roboto|600|||||||&#8220; button_use_icon=&#8220;off&#8220; background_layout=&#8220;dark&#8220; global_colors_info=&#8220;{}&#8220; custom_margin__hover_enabled=&#8220;on|desktop&#8220; custom_padding__hover_enabled=&#8220;on|hover&#8220;][\/et_pb_button][\/et_pb_column][\/et_pb_row][\/et_pb_section]<\/p>\n","protected":false},"excerpt":{"rendered":"<p>Optimiso Software \u00a0 Die besten Technologien, sicher&#8230;<\/p>\n","protected":false},"author":6,"featured_media":0,"parent":0,"menu_order":35,"comment_status":"closed","ping_status":"closed","template":"","meta":{"_acf_changed":false,"_et_pb_use_builder":"on","_et_pb_old_content":"","_et_gb_content_width":"","_mo_disable_npp":"","footnotes":""},"class_list":["post-18583","page","type-page","status-publish","hentry"],"acf":[],"yoast_head":"<!-- This site is optimized with the Yoast SEO plugin v24.5 - https:\/\/yoast.com\/wordpress\/plugins\/seo\/ -->\n<title>\u00dcber die Optimiso Software - Optimiso Group<\/title>\n<meta name=\"description\" content=\"Die Optimiso-Software ist mit Tablets und Smartphones kompatibel und kann je nach den spezifischen Anforderungen erweitert werden.\" \/>\n<meta name=\"robots\" content=\"index, follow, max-snippet:-1, max-image-preview:large, max-video-preview:-1\" \/>\n<link rel=\"canonical\" href=\"https:\/\/optimiso-group.com\/de\/uber-die-software\/\" \/>\n<meta property=\"og:locale\" content=\"de_DE\" \/>\n<meta property=\"og:type\" content=\"article\" \/>\n<meta property=\"og:title\" content=\"\u00dcber die Optimiso Software - Optimiso Group\" \/>\n<meta property=\"og:description\" content=\"Die Optimiso-Software ist mit Tablets und Smartphones kompatibel und kann je nach den spezifischen Anforderungen erweitert werden.\" \/>\n<meta property=\"og:url\" content=\"https:\/\/optimiso-group.com\/de\/uber-die-software\/\" \/>\n<meta property=\"og:site_name\" content=\"Optimiso Group\" \/>\n<meta property=\"article:modified_time\" content=\"2026-01-21T14:27:18+00:00\" \/>\n<meta property=\"og:image\" content=\"https:\/\/optimiso-group.com\/wp-content\/uploads\/2018\/03\/page_technique.png\" \/>\n\t<meta property=\"og:image:width\" content=\"2000\" \/>\n\t<meta property=\"og:image:height\" content=\"800\" \/>\n\t<meta property=\"og:image:type\" content=\"image\/png\" \/>\n<meta name=\"twitter:card\" content=\"summary_large_image\" \/>\n<meta name=\"twitter:label1\" content=\"Gesch\u00e4tzte Lesezeit\" \/>\n\t<meta name=\"twitter:data1\" content=\"3\u00a0Minuten\" \/>\n<script type=\"application\/ld+json\" class=\"yoast-schema-graph\">{\"@context\":\"https:\/\/schema.org\",\"@graph\":[{\"@type\":\"WebPage\",\"@id\":\"https:\/\/optimiso-group.com\/de\/uber-die-software\/\",\"url\":\"https:\/\/optimiso-group.com\/de\/uber-die-software\/\",\"name\":\"\u00dcber die Optimiso Software - Optimiso Group\",\"isPartOf\":{\"@id\":\"https:\/\/optimiso-group.com\/#website\"},\"primaryImageOfPage\":{\"@id\":\"https:\/\/optimiso-group.com\/de\/uber-die-software\/#primaryimage\"},\"image\":{\"@id\":\"https:\/\/optimiso-group.com\/de\/uber-die-software\/#primaryimage\"},\"thumbnailUrl\":\"https:\/\/optimiso-group.com\/wp-content\/uploads\/2018\/03\/page_technique-1024x410.png\",\"datePublished\":\"2021-10-22T09:09:01+00:00\",\"dateModified\":\"2026-01-21T14:27:18+00:00\",\"description\":\"Die Optimiso-Software ist mit Tablets und Smartphones kompatibel und kann je nach den spezifischen Anforderungen erweitert werden.\",\"breadcrumb\":{\"@id\":\"https:\/\/optimiso-group.com\/de\/uber-die-software\/#breadcrumb\"},\"inLanguage\":\"de\",\"potentialAction\":[{\"@type\":\"ReadAction\",\"target\":[\"https:\/\/optimiso-group.com\/de\/uber-die-software\/\"]}]},{\"@type\":\"ImageObject\",\"inLanguage\":\"de\",\"@id\":\"https:\/\/optimiso-group.com\/de\/uber-die-software\/#primaryimage\",\"url\":\"https:\/\/optimiso-group.com\/wp-content\/uploads\/2018\/03\/page_technique-1024x410.png\",\"contentUrl\":\"https:\/\/optimiso-group.com\/wp-content\/uploads\/2018\/03\/page_technique-1024x410.png\"},{\"@type\":\"BreadcrumbList\",\"@id\":\"https:\/\/optimiso-group.com\/de\/uber-die-software\/#breadcrumb\",\"itemListElement\":[{\"@type\":\"ListItem\",\"position\":1,\"name\":\"Startseite\",\"item\":\"https:\/\/optimiso-group.com\/de\/\"},{\"@type\":\"ListItem\",\"position\":2,\"name\":\"\u00dcber die Software\"}]},{\"@type\":\"WebSite\",\"@id\":\"https:\/\/optimiso-group.com\/#website\",\"url\":\"https:\/\/optimiso-group.com\/\",\"name\":\"Optimiso Group\",\"description\":\"Optimiso Software macht Ihre regulatorischen Einschr\u00e4nkungen zu echten Vorteilen. Entdecken Sie unsere einfachen und n\u00fctzlichen L\u00f6sungen f\u00fcr Ihre Projekte in den Bereichen interne Organisation, ISO-Zertifizierung, interne Kontrolle und Risikomanagement.\",\"publisher\":{\"@id\":\"https:\/\/optimiso-group.com\/#organization\"},\"potentialAction\":[{\"@type\":\"SearchAction\",\"target\":{\"@type\":\"EntryPoint\",\"urlTemplate\":\"https:\/\/optimiso-group.com\/?s={search_term_string}\"},\"query-input\":{\"@type\":\"PropertyValueSpecification\",\"valueRequired\":true,\"valueName\":\"search_term_string\"}}],\"inLanguage\":\"de\"},{\"@type\":\"Organization\",\"@id\":\"https:\/\/optimiso-group.com\/#organization\",\"name\":\"Optimiso Group\",\"url\":\"https:\/\/optimiso-group.com\/\",\"logo\":{\"@type\":\"ImageObject\",\"inLanguage\":\"de\",\"@id\":\"https:\/\/optimiso-group.com\/#\/schema\/logo\/image\/\",\"url\":\"https:\/\/optimiso-group.com\/wp-content\/uploads\/2018\/03\/logo-optimiso-group.png\",\"contentUrl\":\"https:\/\/optimiso-group.com\/wp-content\/uploads\/2018\/03\/logo-optimiso-group.png\",\"width\":351,\"height\":177,\"caption\":\"Optimiso Group\"},\"image\":{\"@id\":\"https:\/\/optimiso-group.com\/#\/schema\/logo\/image\/\"}}]}<\/script>\n<!-- \/ Yoast SEO plugin. -->","yoast_head_json":{"title":"\u00dcber die Optimiso Software - Optimiso Group","description":"Die Optimiso-Software ist mit Tablets und Smartphones kompatibel und kann je nach den spezifischen Anforderungen erweitert werden.","robots":{"index":"index","follow":"follow","max-snippet":"max-snippet:-1","max-image-preview":"max-image-preview:large","max-video-preview":"max-video-preview:-1"},"canonical":"https:\/\/optimiso-group.com\/de\/uber-die-software\/","og_locale":"de_DE","og_type":"article","og_title":"\u00dcber die Optimiso Software - Optimiso Group","og_description":"Die Optimiso-Software ist mit Tablets und Smartphones kompatibel und kann je nach den spezifischen Anforderungen erweitert werden.","og_url":"https:\/\/optimiso-group.com\/de\/uber-die-software\/","og_site_name":"Optimiso Group","article_modified_time":"2026-01-21T14:27:18+00:00","og_image":[{"width":2000,"height":800,"url":"https:\/\/optimiso-group.com\/wp-content\/uploads\/2018\/03\/page_technique.png","type":"image\/png"}],"twitter_card":"summary_large_image","twitter_misc":{"Gesch\u00e4tzte Lesezeit":"3\u00a0Minuten"},"schema":{"@context":"https:\/\/schema.org","@graph":[{"@type":"WebPage","@id":"https:\/\/optimiso-group.com\/de\/uber-die-software\/","url":"https:\/\/optimiso-group.com\/de\/uber-die-software\/","name":"\u00dcber die Optimiso Software - Optimiso Group","isPartOf":{"@id":"https:\/\/optimiso-group.com\/#website"},"primaryImageOfPage":{"@id":"https:\/\/optimiso-group.com\/de\/uber-die-software\/#primaryimage"},"image":{"@id":"https:\/\/optimiso-group.com\/de\/uber-die-software\/#primaryimage"},"thumbnailUrl":"https:\/\/optimiso-group.com\/wp-content\/uploads\/2018\/03\/page_technique-1024x410.png","datePublished":"2021-10-22T09:09:01+00:00","dateModified":"2026-01-21T14:27:18+00:00","description":"Die Optimiso-Software ist mit Tablets und Smartphones kompatibel und kann je nach den spezifischen Anforderungen erweitert werden.","breadcrumb":{"@id":"https:\/\/optimiso-group.com\/de\/uber-die-software\/#breadcrumb"},"inLanguage":"de","potentialAction":[{"@type":"ReadAction","target":["https:\/\/optimiso-group.com\/de\/uber-die-software\/"]}]},{"@type":"ImageObject","inLanguage":"de","@id":"https:\/\/optimiso-group.com\/de\/uber-die-software\/#primaryimage","url":"https:\/\/optimiso-group.com\/wp-content\/uploads\/2018\/03\/page_technique-1024x410.png","contentUrl":"https:\/\/optimiso-group.com\/wp-content\/uploads\/2018\/03\/page_technique-1024x410.png"},{"@type":"BreadcrumbList","@id":"https:\/\/optimiso-group.com\/de\/uber-die-software\/#breadcrumb","itemListElement":[{"@type":"ListItem","position":1,"name":"Startseite","item":"https:\/\/optimiso-group.com\/de\/"},{"@type":"ListItem","position":2,"name":"\u00dcber die Software"}]},{"@type":"WebSite","@id":"https:\/\/optimiso-group.com\/#website","url":"https:\/\/optimiso-group.com\/","name":"Optimiso Group","description":"Optimiso Software macht Ihre regulatorischen Einschr\u00e4nkungen zu echten Vorteilen. Entdecken Sie unsere einfachen und n\u00fctzlichen L\u00f6sungen f\u00fcr Ihre Projekte in den Bereichen interne Organisation, ISO-Zertifizierung, interne Kontrolle und Risikomanagement.","publisher":{"@id":"https:\/\/optimiso-group.com\/#organization"},"potentialAction":[{"@type":"SearchAction","target":{"@type":"EntryPoint","urlTemplate":"https:\/\/optimiso-group.com\/?s={search_term_string}"},"query-input":{"@type":"PropertyValueSpecification","valueRequired":true,"valueName":"search_term_string"}}],"inLanguage":"de"},{"@type":"Organization","@id":"https:\/\/optimiso-group.com\/#organization","name":"Optimiso Group","url":"https:\/\/optimiso-group.com\/","logo":{"@type":"ImageObject","inLanguage":"de","@id":"https:\/\/optimiso-group.com\/#\/schema\/logo\/image\/","url":"https:\/\/optimiso-group.com\/wp-content\/uploads\/2018\/03\/logo-optimiso-group.png","contentUrl":"https:\/\/optimiso-group.com\/wp-content\/uploads\/2018\/03\/logo-optimiso-group.png","width":351,"height":177,"caption":"Optimiso Group"},"image":{"@id":"https:\/\/optimiso-group.com\/#\/schema\/logo\/image\/"}}]}},"_links":{"self":[{"href":"https:\/\/optimiso-group.com\/de\/wp-json\/wp\/v2\/pages\/18583","targetHints":{"allow":["GET"]}}],"collection":[{"href":"https:\/\/optimiso-group.com\/de\/wp-json\/wp\/v2\/pages"}],"about":[{"href":"https:\/\/optimiso-group.com\/de\/wp-json\/wp\/v2\/types\/page"}],"author":[{"embeddable":true,"href":"https:\/\/optimiso-group.com\/de\/wp-json\/wp\/v2\/users\/6"}],"replies":[{"embeddable":true,"href":"https:\/\/optimiso-group.com\/de\/wp-json\/wp\/v2\/comments?post=18583"}],"version-history":[{"count":1,"href":"https:\/\/optimiso-group.com\/de\/wp-json\/wp\/v2\/pages\/18583\/revisions"}],"predecessor-version":[{"id":28941,"href":"https:\/\/optimiso-group.com\/de\/wp-json\/wp\/v2\/pages\/18583\/revisions\/28941"}],"wp:attachment":[{"href":"https:\/\/optimiso-group.com\/de\/wp-json\/wp\/v2\/media?parent=18583"}],"curies":[{"name":"wp","href":"https:\/\/api.w.org\/{rel}","templated":true}]}}