{"id":18898,"date":"2021-10-22T11:22:26","date_gmt":"2021-10-22T09:22:26","guid":{"rendered":"https:\/\/optimiso-group.com\/rse\/"},"modified":"2026-01-21T15:56:19","modified_gmt":"2026-01-21T14:56:19","slug":"soziale-verantwortung-unternehmens","status":"publish","type":"page","link":"https:\/\/optimiso-group.com\/de\/soziale-verantwortung-unternehmens\/","title":{"rendered":"Soziale Verantwortung des Unternehmens"},"content":{"rendered":"<p>[et_pb_section fb_built=&#8220;1&#8243; admin_label=&#8220;Hero Section&#8220; _builder_version=&#8220;4.16&#8243; use_background_color_gradient=&#8220;on&#8220; background_color_gradient_stops=&#8220;rgba(0,0,0,0.4) 0%|rgba(0,0,0,0.4) 100%&#8220; background_color_gradient_overlays_image=&#8220;on&#8220; background_color_gradient_start=&#8220;rgba(0,0,0,0.4)&#8220; background_color_gradient_end=&#8220;rgba(0,0,0,0.4)&#8220; background_image=&#8220;https:\/\/optimiso-group.com\/wp-content\/uploads\/2021\/10\/slide1.jpg&#8220; background_position=&#8220;center_right&#8220; custom_padding=&#8220;6%||6%|&#8220; bottom_divider_height=&#8220;60px&#8220; global_colors_info=&#8220;{}&#8220; background_color_gradient_direction__hover=&#8220;180deg&#8220; background_color_gradient_direction__hover_enabled=&#8220;180deg&#8220; background_color_gradient_start_position__hover=&#8220;0%&#8220; background_color_gradient_start_position__hover_enabled=&#8220;0%&#8220; background_color_gradient_end_position__hover=&#8220;100%&#8220; background_color_gradient_end_position__hover_enabled=&#8220;100%&#8220; background_color_gradient_stops__hover=&#8220;rgba(0,0,0,0.4) 0%|rgba(0,0,0,0.4) 100%&#8220;][et_pb_row admin_label=&#8220;Page Title Area&#8220; _builder_version=&#8220;4.16&#8243; global_colors_info=&#8220;{}&#8220;][et_pb_column type=&#8220;4_4&#8243; _builder_version=&#8220;4.16&#8243; custom_padding=&#8220;|||&#8220; global_colors_info=&#8220;{}&#8220; custom_padding__hover=&#8220;|||&#8220;][et_pb_text admin_label=&#8220;Hero Section Title&#8220; _builder_version=&#8220;4.27.4&#8243; text_font=&#8220;Roboto||||||||&#8220; text_font_size=&#8220;18px&#8220; text_line_height=&#8220;1.8em&#8220; header_font=&#8220;Arial|700|||||||&#8220; header_font_size=&#8220;50px&#8220; header_2_font=&#8220;Montserrat|700|||||||&#8220; header_2_text_color=&#8220;rgba(255,255,255,0.6)&#8220; header_2_font_size=&#8220;90px&#8220; header_2_letter_spacing=&#8220;3px&#8220; header_2_line_height=&#8220;1.1em&#8220; text_orientation=&#8220;center&#8220; background_layout=&#8220;dark&#8220; max_width=&#8220;700px&#8220; module_alignment=&#8220;center&#8220; custom_margin=&#8220;|||&#8220; animation_direction=&#8220;bottom&#8220; hover_enabled=&#8220;0&#8243; header_font_size_tablet=&#8220;&#8220; header_font_size_phone=&#8220;28px&#8220; header_font_size_last_edited=&#8220;on|phone&#8220; header_2_font_size_tablet=&#8220;&#8220; header_2_font_size_phone=&#8220;50px&#8220; header_2_font_size_last_edited=&#8220;on|phone&#8220; global_colors_info=&#8220;{}&#8220; sticky_enabled=&#8220;0&#8243;]<\/p>\n<h1>CSR der Optimiso<\/h1>\n<div id=\"gtx-trans\" style=\"position: absolute; left: 346px; top: 9.4375px;\">\n<div class=\"gtx-trans-icon\">\u00a0<\/div>\n<\/div>\n<p>[\/et_pb_text][\/et_pb_column][\/et_pb_row][\/et_pb_section][et_pb_section fb_built=&#8220;1&#8243; admin_label=&#8220;About Me Section&#8220; _builder_version=&#8220;4.16&#8243; custom_padding=&#8220;30px||30px||true|&#8220; global_colors_info=&#8220;{}&#8220;][et_pb_row column_structure=&#8220;3_5,2_5&#8243; _builder_version=&#8220;4.16&#8243; _module_preset=&#8220;default&#8220; global_colors_info=&#8220;{}&#8220;][et_pb_column type=&#8220;3_5&#8243; _builder_version=&#8220;4.16&#8243; _module_preset=&#8220;default&#8220; global_colors_info=&#8220;{}&#8220;][et_pb_text _builder_version=&#8220;4.27.4&#8243; _module_preset=&#8220;default&#8220; text_font=&#8220;Roboto||||||||&#8220; header_font=&#8220;Roboto||||||||&#8220; hover_enabled=&#8220;0&#8243; global_colors_info=&#8220;{}&#8220; sticky_enabled=&#8220;0&#8243;]<\/p>\n<h3><span style=\"color: #000000;\"><strong>Unseren Umwelteinfluss reduzieren<\/strong><\/span><\/h3>\n<p>Optimiso verpflichtet sich, ihren Umwelteinfluss zu ermitteln und vorbeugende Massnahmen zu ergreifen, um diesen zu reduzieren.<\/p>\n<ul>\n<li>Nutzung von \u00d6ko-Mobilit\u00e4tsmitteln f\u00fcr Gesch\u00e4ftsfahrten<\/li>\n<li>Dematerialisierung der Unterlagen und Recycling von Verbrauchsmaterial<\/li>\n<li>R\u00e4umlichkeiten in einem Minergie-Geb\u00e4ude<\/li>\n<\/ul>\n<p>&nbsp;<\/p>\n<div id=\"gtx-trans\" style=\"position: absolute; left: 104px; top: 97.5156px;\">\n<div class=\"gtx-trans-icon\">\u00a0<\/div>\n<\/div>\n<p>[\/et_pb_text][\/et_pb_column][et_pb_column type=&#8220;2_5&#8243; _builder_version=&#8220;4.16&#8243; _module_preset=&#8220;default&#8220; global_colors_info=&#8220;{}&#8220;][et_pb_image src=&#8220;https:\/\/optimiso-group.com\/wp-content\/uploads\/2021\/11\/champ-de-tournesol.png&#8220; alt=&#8220;rse optimiso group&#8220; title_text=&#8220;Champ de tournesol&#8220; _builder_version=&#8220;4.16&#8243; _module_preset=&#8220;default&#8220; global_colors_info=&#8220;{}&#8220;][\/et_pb_image][\/et_pb_column][\/et_pb_row][et_pb_row column_structure=&#8220;2_5,3_5&#8243; _builder_version=&#8220;4.16&#8243; _module_preset=&#8220;default&#8220; global_colors_info=&#8220;{}&#8220;][et_pb_column type=&#8220;2_5&#8243; _builder_version=&#8220;4.16&#8243; _module_preset=&#8220;default&#8220; global_colors_info=&#8220;{}&#8220;][et_pb_image src=&#8220;https:\/\/optimiso-group.com\/wp-content\/uploads\/2021\/11\/personnes-heureuses.png&#8220; alt=&#8220;valeurs humaines&#8220; title_text=&#8220;Personnes heureuses&#8220; _builder_version=&#8220;4.16&#8243; _module_preset=&#8220;default&#8220; global_colors_info=&#8220;{}&#8220;][\/et_pb_image][\/et_pb_column][et_pb_column type=&#8220;3_5&#8243; _builder_version=&#8220;4.16&#8243; _module_preset=&#8220;default&#8220; global_colors_info=&#8220;{}&#8220;][et_pb_text _builder_version=&#8220;4.27.4&#8243; _module_preset=&#8220;default&#8220; text_font=&#8220;Roboto||||||||&#8220; header_font=&#8220;Roboto||||||||&#8220; hover_enabled=&#8220;0&#8243; global_colors_info=&#8220;{}&#8220; sticky_enabled=&#8220;0&#8243;]<\/p>\n<h3><span style=\"color: #000000;\">Der Mensch im Mittelpunkt unserer Werte<\/span><\/h3>\n<p>Optimiso stellt den Menschen in den Mittelpunkt ihrer Werte. Zu diesem Zweck verfolgt sie eine engagierte Politik gegen\u00fcber Mitarbeitern und anderen.<\/p>\n<ul>\n<li>Beteiligung an der Integration junger Menschen in den Arbeitsmarkt<\/li>\n<li>Beitrag zum Wohlbefinden der Mitarbeiter und Ablehnung jeglicher Diskriminierung<\/li>\n<li>Unterst\u00fctzung von Vereinen, die sich in den Bereichen Sport, Solidarit\u00e4t und Sterbebegleitung engagieren<\/li>\n<\/ul>\n<div id=\"gtx-trans\" style=\"position: absolute; left: 80px; top: 49.5156px;\">\n<div class=\"gtx-trans-icon\">\u00a0<\/div>\n<\/div>\n<div id=\"gtx-trans\" style=\"position: absolute; left: 80px; top: 49.5156px;\">\n<div class=\"gtx-trans-icon\">\u00a0<\/div>\n<\/div>\n<p>[\/et_pb_text][dica_divi_carousel show_items_desktop=&#8220;3&#8243; dot_nav=&#8220;on&#8220; item_spacing=&#8220;100&#8243; advanced_effect=&#8220;1&#8243; dots_active_color=&#8220;#01b1ec&#8220; _builder_version=&#8220;4.27.4&#8243; _module_preset=&#8220;default&#8220; custom_margin=&#8220;5px|||||&#8220; custom_padding=&#8220;||0px|||&#8220; global_colors_info=&#8220;{}&#8220;][dica_divi_carouselitem button_url_new_window=&#8220;1&#8243; image=&#8220;https:\/\/optimiso-group.com\/wp-content\/uploads\/2025\/02\/club-nautique-de-crans.png&#8220; _builder_version=&#8220;4.27.4&#8243; _module_preset=&#8220;default&#8220; link_option_url=&#8220;https:\/\/cncrans.ch\/&#8220; link_option_url_new_window=&#8220;on&#8220; global_colors_info=&#8220;{}&#8220;][\/dica_divi_carouselitem][dica_divi_carouselitem button_url_new_window=&#8220;1&#8243; image=&#8220;https:\/\/optimiso-group.com\/wp-content\/uploads\/2025\/02\/la-maison-de-tara.png&#8220; _builder_version=&#8220;4.27.4&#8243; _module_preset=&#8220;default&#8220; link_option_url=&#8220;https:\/\/www.lamaisondetara.ch\/&#8220; link_option_url_new_window=&#8220;on&#8220; global_colors_info=&#8220;{}&#8220;][\/dica_divi_carouselitem][dica_divi_carouselitem button_url_new_window=&#8220;1&#8243; image=&#8220;https:\/\/optimiso-group.com\/wp-content\/uploads\/2025\/02\/centre-otium.png&#8220; _builder_version=&#8220;4.27.4&#8243; _module_preset=&#8220;default&#8220; link_option_url=&#8220;https:\/\/otium.center\/&#8220; link_option_url_new_window=&#8220;on&#8220; global_colors_info=&#8220;{}&#8220;][\/dica_divi_carouselitem][\/dica_divi_carousel][\/et_pb_column][\/et_pb_row][et_pb_row column_structure=&#8220;3_5,2_5&#8243; _builder_version=&#8220;4.16&#8243; _module_preset=&#8220;default&#8220; global_colors_info=&#8220;{}&#8220;][et_pb_column type=&#8220;3_5&#8243; _builder_version=&#8220;4.16&#8243; _module_preset=&#8220;default&#8220; global_colors_info=&#8220;{}&#8220;][et_pb_text _builder_version=&#8220;4.27.4&#8243; _module_preset=&#8220;default&#8220; text_font=&#8220;Roboto||||||||&#8220; header_font=&#8220;Roboto||||||||&#8220; hover_enabled=&#8220;0&#8243; global_colors_info=&#8220;{}&#8220; sticky_enabled=&#8220;0&#8243;]<\/p>\n<h3><span style=\"color: #000000;\"><strong>Nachhaltig Werte schaffen<\/strong><\/span><\/h3>\n<p>Optimiso hat sich zum Ziel gesetzt, ihre Position als internationaler Wirtschaftsakteur in den Bereichen interne Kontrolle, ISO-Zertifizierungen, Risikomanagement und interne Organisation auszubauen.<\/p>\n<ul>\n<li>Innovation, unsere Priorit\u00e4t<\/li>\n<li>Qualit\u00e4t, Zufriedenheit und Sicherheit f\u00fcr unsere Kundschaft<\/li>\n<li>Garantierte Stabilit\u00e4t und Kontinuit\u00e4t<\/li>\n<\/ul>\n<div id=\"gtx-trans\" style=\"position: absolute; left: 83px; top: 97.5156px;\">\n<div class=\"gtx-trans-icon\">\u00a0<\/div>\n<\/div>\n<div id=\"gtx-trans\" style=\"position: absolute; left: 83px; top: 97.5156px;\">\n<div class=\"gtx-trans-icon\">\u00a0<\/div>\n<\/div>\n<p>[\/et_pb_text][\/et_pb_column][et_pb_column type=&#8220;2_5&#8243; _builder_version=&#8220;4.16&#8243; _module_preset=&#8220;default&#8220; global_colors_info=&#8220;{}&#8220;][et_pb_image src=&#8220;https:\/\/optimiso-group.com\/wp-content\/uploads\/2021\/11\/innovation.png&#8220; alt=&#8220;innovation optimiso group&#8220; title_text=&#8220;Innovation&#8220; _builder_version=&#8220;4.16&#8243; _module_preset=&#8220;default&#8220; global_colors_info=&#8220;{}&#8220;][\/et_pb_image][\/et_pb_column][\/et_pb_row][\/et_pb_section]<\/p>\n","protected":false},"excerpt":{"rendered":"<p>CSR der Optimiso \u00a0 Unseren Umwelteinfluss reduzieren&#8230;<\/p>\n","protected":false},"author":6,"featured_media":0,"parent":0,"menu_order":19,"comment_status":"closed","ping_status":"closed","template":"","meta":{"_acf_changed":false,"_et_pb_use_builder":"on","_et_pb_old_content":"","_et_gb_content_width":"","_mo_disable_npp":"","footnotes":""},"class_list":["post-18898","page","type-page","status-publish","hentry"],"acf":[],"yoast_head":"<!-- This site is optimized with the Yoast SEO plugin v24.5 - https:\/\/yoast.com\/wordpress\/plugins\/seo\/ -->\n<title>Soziale Verantwortung des Unternehmens - Optimiso by Iskera<\/title>\n<meta name=\"description\" content=\"Durch CSR setzt sich die Optimiso daf\u00fcr ein, ihre Umweltbelastung zu reduzieren, einen Mehrwert zu schaffen und den Menschen in den Mittelpunkt ihrer Werte zu stellen.\" \/>\n<meta name=\"robots\" content=\"index, follow, max-snippet:-1, max-image-preview:large, max-video-preview:-1\" \/>\n<link rel=\"canonical\" href=\"https:\/\/optimiso-group.com\/de\/soziale-verantwortung-unternehmens\/\" \/>\n<meta property=\"og:locale\" content=\"de_DE\" \/>\n<meta property=\"og:type\" content=\"article\" \/>\n<meta property=\"og:title\" content=\"Soziale Verantwortung des Unternehmens - Optimiso by Iskera\" \/>\n<meta property=\"og:description\" content=\"Durch CSR setzt sich die Optimiso daf\u00fcr ein, ihre Umweltbelastung zu reduzieren, einen Mehrwert zu schaffen und den Menschen in den Mittelpunkt ihrer Werte zu stellen.\" \/>\n<meta property=\"og:url\" content=\"https:\/\/optimiso-group.com\/de\/soziale-verantwortung-unternehmens\/\" \/>\n<meta property=\"og:site_name\" content=\"Optimiso Group\" \/>\n<meta property=\"article:modified_time\" content=\"2026-01-21T14:56:19+00:00\" \/>\n<meta name=\"twitter:card\" content=\"summary_large_image\" \/>\n<meta name=\"twitter:label1\" content=\"Gesch\u00e4tzte Lesezeit\" \/>\n\t<meta name=\"twitter:data1\" content=\"2\u00a0Minuten\" \/>\n<script type=\"application\/ld+json\" class=\"yoast-schema-graph\">{\"@context\":\"https:\/\/schema.org\",\"@graph\":[{\"@type\":\"WebPage\",\"@id\":\"https:\/\/optimiso-group.com\/de\/soziale-verantwortung-unternehmens\/\",\"url\":\"https:\/\/optimiso-group.com\/de\/soziale-verantwortung-unternehmens\/\",\"name\":\"Soziale Verantwortung des Unternehmens - Optimiso by Iskera\",\"isPartOf\":{\"@id\":\"https:\/\/optimiso-group.com\/#website\"},\"datePublished\":\"2021-10-22T09:22:26+00:00\",\"dateModified\":\"2026-01-21T14:56:19+00:00\",\"description\":\"Durch CSR setzt sich die Optimiso daf\u00fcr ein, ihre Umweltbelastung zu reduzieren, einen Mehrwert zu schaffen und den Menschen in den Mittelpunkt ihrer Werte zu stellen.\",\"breadcrumb\":{\"@id\":\"https:\/\/optimiso-group.com\/de\/soziale-verantwortung-unternehmens\/#breadcrumb\"},\"inLanguage\":\"de\",\"potentialAction\":[{\"@type\":\"ReadAction\",\"target\":[\"https:\/\/optimiso-group.com\/de\/soziale-verantwortung-unternehmens\/\"]}]},{\"@type\":\"BreadcrumbList\",\"@id\":\"https:\/\/optimiso-group.com\/de\/soziale-verantwortung-unternehmens\/#breadcrumb\",\"itemListElement\":[{\"@type\":\"ListItem\",\"position\":1,\"name\":\"Startseite\",\"item\":\"https:\/\/optimiso-group.com\/de\/\"},{\"@type\":\"ListItem\",\"position\":2,\"name\":\"Soziale Verantwortung des Unternehmens\"}]},{\"@type\":\"WebSite\",\"@id\":\"https:\/\/optimiso-group.com\/#website\",\"url\":\"https:\/\/optimiso-group.com\/\",\"name\":\"Optimiso Group\",\"description\":\"Optimiso Software macht Ihre regulatorischen Einschr\u00e4nkungen zu echten Vorteilen. Entdecken Sie unsere einfachen und n\u00fctzlichen L\u00f6sungen f\u00fcr Ihre Projekte in den Bereichen interne Organisation, ISO-Zertifizierung, interne Kontrolle und Risikomanagement.\",\"publisher\":{\"@id\":\"https:\/\/optimiso-group.com\/#organization\"},\"potentialAction\":[{\"@type\":\"SearchAction\",\"target\":{\"@type\":\"EntryPoint\",\"urlTemplate\":\"https:\/\/optimiso-group.com\/?s={search_term_string}\"},\"query-input\":{\"@type\":\"PropertyValueSpecification\",\"valueRequired\":true,\"valueName\":\"search_term_string\"}}],\"inLanguage\":\"de\"},{\"@type\":\"Organization\",\"@id\":\"https:\/\/optimiso-group.com\/#organization\",\"name\":\"Optimiso Group\",\"url\":\"https:\/\/optimiso-group.com\/\",\"logo\":{\"@type\":\"ImageObject\",\"inLanguage\":\"de\",\"@id\":\"https:\/\/optimiso-group.com\/#\/schema\/logo\/image\/\",\"url\":\"https:\/\/optimiso-group.com\/wp-content\/uploads\/2018\/03\/logo-optimiso-group.png\",\"contentUrl\":\"https:\/\/optimiso-group.com\/wp-content\/uploads\/2018\/03\/logo-optimiso-group.png\",\"width\":351,\"height\":177,\"caption\":\"Optimiso Group\"},\"image\":{\"@id\":\"https:\/\/optimiso-group.com\/#\/schema\/logo\/image\/\"}}]}<\/script>\n<!-- \/ Yoast SEO plugin. -->","yoast_head_json":{"title":"Soziale Verantwortung des Unternehmens - Optimiso by Iskera","description":"Durch CSR setzt sich die Optimiso daf\u00fcr ein, ihre Umweltbelastung zu reduzieren, einen Mehrwert zu schaffen und den Menschen in den Mittelpunkt ihrer Werte zu stellen.","robots":{"index":"index","follow":"follow","max-snippet":"max-snippet:-1","max-image-preview":"max-image-preview:large","max-video-preview":"max-video-preview:-1"},"canonical":"https:\/\/optimiso-group.com\/de\/soziale-verantwortung-unternehmens\/","og_locale":"de_DE","og_type":"article","og_title":"Soziale Verantwortung des Unternehmens - Optimiso by Iskera","og_description":"Durch CSR setzt sich die Optimiso daf\u00fcr ein, ihre Umweltbelastung zu reduzieren, einen Mehrwert zu schaffen und den Menschen in den Mittelpunkt ihrer Werte zu stellen.","og_url":"https:\/\/optimiso-group.com\/de\/soziale-verantwortung-unternehmens\/","og_site_name":"Optimiso Group","article_modified_time":"2026-01-21T14:56:19+00:00","twitter_card":"summary_large_image","twitter_misc":{"Gesch\u00e4tzte Lesezeit":"2\u00a0Minuten"},"schema":{"@context":"https:\/\/schema.org","@graph":[{"@type":"WebPage","@id":"https:\/\/optimiso-group.com\/de\/soziale-verantwortung-unternehmens\/","url":"https:\/\/optimiso-group.com\/de\/soziale-verantwortung-unternehmens\/","name":"Soziale Verantwortung des Unternehmens - Optimiso by Iskera","isPartOf":{"@id":"https:\/\/optimiso-group.com\/#website"},"datePublished":"2021-10-22T09:22:26+00:00","dateModified":"2026-01-21T14:56:19+00:00","description":"Durch CSR setzt sich die Optimiso daf\u00fcr ein, ihre Umweltbelastung zu reduzieren, einen Mehrwert zu schaffen und den Menschen in den Mittelpunkt ihrer Werte zu stellen.","breadcrumb":{"@id":"https:\/\/optimiso-group.com\/de\/soziale-verantwortung-unternehmens\/#breadcrumb"},"inLanguage":"de","potentialAction":[{"@type":"ReadAction","target":["https:\/\/optimiso-group.com\/de\/soziale-verantwortung-unternehmens\/"]}]},{"@type":"BreadcrumbList","@id":"https:\/\/optimiso-group.com\/de\/soziale-verantwortung-unternehmens\/#breadcrumb","itemListElement":[{"@type":"ListItem","position":1,"name":"Startseite","item":"https:\/\/optimiso-group.com\/de\/"},{"@type":"ListItem","position":2,"name":"Soziale Verantwortung des Unternehmens"}]},{"@type":"WebSite","@id":"https:\/\/optimiso-group.com\/#website","url":"https:\/\/optimiso-group.com\/","name":"Optimiso Group","description":"Optimiso Software macht Ihre regulatorischen Einschr\u00e4nkungen zu echten Vorteilen. Entdecken Sie unsere einfachen und n\u00fctzlichen L\u00f6sungen f\u00fcr Ihre Projekte in den Bereichen interne Organisation, ISO-Zertifizierung, interne Kontrolle und Risikomanagement.","publisher":{"@id":"https:\/\/optimiso-group.com\/#organization"},"potentialAction":[{"@type":"SearchAction","target":{"@type":"EntryPoint","urlTemplate":"https:\/\/optimiso-group.com\/?s={search_term_string}"},"query-input":{"@type":"PropertyValueSpecification","valueRequired":true,"valueName":"search_term_string"}}],"inLanguage":"de"},{"@type":"Organization","@id":"https:\/\/optimiso-group.com\/#organization","name":"Optimiso Group","url":"https:\/\/optimiso-group.com\/","logo":{"@type":"ImageObject","inLanguage":"de","@id":"https:\/\/optimiso-group.com\/#\/schema\/logo\/image\/","url":"https:\/\/optimiso-group.com\/wp-content\/uploads\/2018\/03\/logo-optimiso-group.png","contentUrl":"https:\/\/optimiso-group.com\/wp-content\/uploads\/2018\/03\/logo-optimiso-group.png","width":351,"height":177,"caption":"Optimiso Group"},"image":{"@id":"https:\/\/optimiso-group.com\/#\/schema\/logo\/image\/"}}]}},"_links":{"self":[{"href":"https:\/\/optimiso-group.com\/de\/wp-json\/wp\/v2\/pages\/18898","targetHints":{"allow":["GET"]}}],"collection":[{"href":"https:\/\/optimiso-group.com\/de\/wp-json\/wp\/v2\/pages"}],"about":[{"href":"https:\/\/optimiso-group.com\/de\/wp-json\/wp\/v2\/types\/page"}],"author":[{"embeddable":true,"href":"https:\/\/optimiso-group.com\/de\/wp-json\/wp\/v2\/users\/6"}],"replies":[{"embeddable":true,"href":"https:\/\/optimiso-group.com\/de\/wp-json\/wp\/v2\/comments?post=18898"}],"version-history":[{"count":2,"href":"https:\/\/optimiso-group.com\/de\/wp-json\/wp\/v2\/pages\/18898\/revisions"}],"predecessor-version":[{"id":28964,"href":"https:\/\/optimiso-group.com\/de\/wp-json\/wp\/v2\/pages\/18898\/revisions\/28964"}],"wp:attachment":[{"href":"https:\/\/optimiso-group.com\/de\/wp-json\/wp\/v2\/media?parent=18898"}],"curies":[{"name":"wp","href":"https:\/\/api.w.org\/{rel}","templated":true}]}}