{"id":20499,"date":"2021-11-16T13:12:52","date_gmt":"2021-11-16T12:12:52","guid":{"rendered":"https:\/\/optimiso-group.com\/videos\/logiciel-controle-interne\/"},"modified":"2025-02-10T11:02:04","modified_gmt":"2025-02-10T10:02:04","slug":"sortware-interne-kontrolle","status":"publish","type":"page","link":"https:\/\/optimiso-group.com\/de\/videos\/sortware-interne-kontrolle\/","title":{"rendered":"Video &#8211; Eine interne Kontrolle in 3 Klicks dank Optimiso Suite"},"content":{"rendered":"<p>[et_pb_section fb_built=&#8220;1&#8243; _builder_version=&#8220;4.16&#8243; _module_preset=&#8220;default&#8220; custom_padding=&#8220;38px||38px||true|&#8220; global_colors_info=&#8220;{}&#8220;][et_pb_row _builder_version=&#8220;4.16&#8243; _module_preset=&#8220;default&#8220; custom_margin=&#8220;-29px|auto||auto||&#8220; custom_padding=&#8220;0px|||||&#8220; global_colors_info=&#8220;{}&#8220;][et_pb_column type=&#8220;4_4&#8243; _builder_version=&#8220;4.16&#8243; _module_preset=&#8220;default&#8220; global_colors_info=&#8220;{}&#8220;][et_pb_text _builder_version=&#8220;4.16.0&#8243; _module_preset=&#8220;default&#8220; global_colors_info=&#8220;{}&#8220;]<\/p>\n<h1><span style=\"color: #000000;\"><strong>Eine interne Kontrolle in 3 Klicks dank Optimiso Suite<\/strong><\/span><\/h1>\n<div id=\"gtx-trans\" style=\"position: absolute; left: 422px; top: 9.4375px;\">\n<div class=\"gtx-trans-icon\">\u00a0<\/div>\n<\/div>\n<p>[\/et_pb_text][et_pb_text _builder_version=&#8220;4.16&#8243; _module_preset=&#8220;default&#8220; custom_padding=&#8220;||0px|||&#8220; global_colors_info=&#8220;{}&#8220;]<\/p>\n<div style=\"padding:56.25% 0 0 0;position:relative;\"><iframe src=\"https:\/\/player.vimeo.com\/video\/353753144?h=1f33516921&amp;badge=0&amp;autopause=0&amp;player_id=0&amp;app_id=58479\" frameborder=\"0\" allow=\"autoplay; fullscreen; picture-in-picture\" allowfullscreen style=\"position:absolute;top:0;left:0;width:100%;height:100%;\" title=\"Ihr Internes Kontrollsystem und Risikomanagement in drei Klicks dank der Optimiso Suite Software !\"><\/iframe><\/div>\n<p><script src=\"https:\/\/player.vimeo.com\/api\/player.js\"><\/script><\/p>\n<p>[\/et_pb_text][et_pb_text _builder_version=&#8220;4.27.0&#8243; _module_preset=&#8220;default&#8220; global_colors_info=&#8220;{}&#8220;]<\/p>\n<p>Mit der Optimiso Suite Software verwandeln Sie die interne Kontrolle in einen echten Vorteil f\u00fcr Ihr Unternehmen. Erleichtern Sie Ihren Mitarbeitern die Arbeit und reduzieren Sie Risiken!<\/p>\n<ul>\n<li>Kontrollmatrix immer auf dem neuesten Stand<\/li>\n<li>Vollautomatische Kontroll\u00fcberwachung<\/li>\n<li>Von Auditoren genehmigte L\u00f6sung<\/li>\n<\/ul>\n<div id=\"gtx-trans\" style=\"position: absolute; left: -4px; top: 0px;\">\n<div class=\"gtx-trans-icon\">\u00a0<\/div>\n<\/div>\n<p>[\/et_pb_text][\/et_pb_column][\/et_pb_row][et_pb_row _builder_version=&#8220;4.16.0&#8243; _module_preset=&#8220;default&#8220; custom_margin=&#8220;-37px|auto||auto||&#8220; global_colors_info=&#8220;{}&#8220;][et_pb_column type=&#8220;4_4&#8243; _builder_version=&#8220;4.16.0&#8243; _module_preset=&#8220;default&#8220; global_colors_info=&#8220;{}&#8220;][et_pb_button button_url=&#8220;https:\/\/optimiso-group.com\/de\/optimiso-software-demo-anfrage\/?utm_source=website&#038;utm_medium=video&#8220; button_text=&#8220;Eine Demo erhalten&#8220; button_alignment=&#8220;center&#8220; _builder_version=&#8220;4.16.0&#8243; _module_preset=&#8220;default&#8220; custom_button=&#8220;on&#8220; button_text_color=&#8220;#01b1ec&#8220; button_border_width=&#8220;2px&#8220; button_use_icon=&#8220;off&#8220; global_colors_info=&#8220;{}&#8220; transform_styles__hover_enabled=&#8220;on|desktop&#8220; transform_scale__hover_enabled=&#8220;on|hover&#8220; transform_translate__hover_enabled=&#8220;on|desktop&#8220; transform_rotate__hover_enabled=&#8220;on|desktop&#8220; transform_skew__hover_enabled=&#8220;on|desktop&#8220; transform_origin__hover_enabled=&#8220;on|desktop&#8220; custom_margin__hover_enabled=&#8220;on|desktop&#8220; button_text_size__hover_enabled=&#8220;on|desktop&#8220; button_text_color__hover_enabled=&#8220;on|hover&#8220; button_border_width__hover_enabled=&#8220;on|hover&#8220; button_text_color__hover=&#8220;#01b1ec&#8220; button_border_width__hover=&#8220;2px&#8220; button_border_color__hover_enabled=&#8220;on|hover&#8220; button_border_radius__hover_enabled=&#8220;on|hover&#8220; button_border_radius__hover=&#8220;3px&#8220; filter_hue_rotate__hover_enabled=&#8220;on|hover&#8220; button_bg_color__hover_enabled=&#8220;on|hover&#8220; button_bg_color__hover=&#8220;#ffffff&#8220; button_bg_enable_color__hover=&#8220;on&#8220; button_border_color__hover=&#8220;#01b1ec&#8220;][\/et_pb_button][\/et_pb_column][\/et_pb_row][\/et_pb_section]<\/p>\n","protected":false},"excerpt":{"rendered":"<p>Eine interne Kontrolle in 3 Klicks dank Optimiso&#8230;<\/p>\n","protected":false},"author":6,"featured_media":0,"parent":7474,"menu_order":32,"comment_status":"closed","ping_status":"closed","template":"","meta":{"_acf_changed":false,"_et_pb_use_builder":"on","_et_pb_old_content":"","_et_gb_content_width":"","_mo_disable_npp":"","footnotes":""},"class_list":["post-20499","page","type-page","status-publish","hentry"],"acf":[],"yoast_head":"<!-- This site is optimized with the Yoast SEO plugin v24.5 - https:\/\/yoast.com\/wordpress\/plugins\/seo\/ -->\n<title>Video - Eine interne Kontrolle in 3 Klicks dank Optimiso Suite<\/title>\n<meta name=\"description\" content=\"Optimiso Suite verwandelt interne Kontrolle in einen Unternehmensvorteil, erleichtert die Arbeit und reduziert Risiken!\" \/>\n<meta name=\"robots\" content=\"index, follow, max-snippet:-1, max-image-preview:large, max-video-preview:-1\" \/>\n<link rel=\"canonical\" href=\"https:\/\/optimiso-group.com\/de\/videos\/sortware-interne-kontrolle\/\" \/>\n<meta property=\"og:locale\" content=\"de_DE\" \/>\n<meta property=\"og:type\" content=\"article\" \/>\n<meta property=\"og:title\" content=\"Video - Eine interne Kontrolle in 3 Klicks dank Optimiso Suite\" \/>\n<meta property=\"og:description\" content=\"Optimiso Suite verwandelt interne Kontrolle in einen Unternehmensvorteil, erleichtert die Arbeit und reduziert Risiken!\" \/>\n<meta property=\"og:url\" content=\"https:\/\/optimiso-group.com\/de\/videos\/sortware-interne-kontrolle\/\" \/>\n<meta property=\"og:site_name\" content=\"Optimiso Group\" \/>\n<meta property=\"article:modified_time\" content=\"2025-02-10T10:02:04+00:00\" \/>\n<meta name=\"twitter:card\" content=\"summary_large_image\" \/>\n<meta name=\"twitter:label1\" content=\"Gesch\u00e4tzte Lesezeit\" \/>\n\t<meta name=\"twitter:data1\" content=\"1\u00a0Minute\" \/>\n<script type=\"application\/ld+json\" class=\"yoast-schema-graph\">{\"@context\":\"https:\/\/schema.org\",\"@graph\":[{\"@type\":\"WebPage\",\"@id\":\"https:\/\/optimiso-group.com\/de\/videos\/sortware-interne-kontrolle\/\",\"url\":\"https:\/\/optimiso-group.com\/de\/videos\/sortware-interne-kontrolle\/\",\"name\":\"Video - Eine interne Kontrolle in 3 Klicks dank Optimiso Suite\",\"isPartOf\":{\"@id\":\"https:\/\/optimiso-group.com\/#website\"},\"datePublished\":\"2021-11-16T12:12:52+00:00\",\"dateModified\":\"2025-02-10T10:02:04+00:00\",\"description\":\"Optimiso Suite verwandelt interne Kontrolle in einen Unternehmensvorteil, erleichtert die Arbeit und reduziert Risiken!\",\"breadcrumb\":{\"@id\":\"https:\/\/optimiso-group.com\/de\/videos\/sortware-interne-kontrolle\/#breadcrumb\"},\"inLanguage\":\"de\",\"potentialAction\":[{\"@type\":\"ReadAction\",\"target\":[\"https:\/\/optimiso-group.com\/de\/videos\/sortware-interne-kontrolle\/\"]}]},{\"@type\":\"BreadcrumbList\",\"@id\":\"https:\/\/optimiso-group.com\/de\/videos\/sortware-interne-kontrolle\/#breadcrumb\",\"itemListElement\":[{\"@type\":\"ListItem\",\"position\":1,\"name\":\"Startseite\",\"item\":\"https:\/\/optimiso-group.com\/de\/\"},{\"@type\":\"ListItem\",\"position\":2,\"name\":\"Vid\u00e9os\",\"item\":\"https:\/\/optimiso-group.com\/de\/videos\/\"},{\"@type\":\"ListItem\",\"position\":3,\"name\":\"Video &#8211; Eine interne Kontrolle in 3 Klicks dank Optimiso Suite\"}]},{\"@type\":\"WebSite\",\"@id\":\"https:\/\/optimiso-group.com\/#website\",\"url\":\"https:\/\/optimiso-group.com\/\",\"name\":\"Optimiso Group\",\"description\":\"Optimiso Software macht Ihre regulatorischen Einschr\u00e4nkungen zu echten Vorteilen. Entdecken Sie unsere einfachen und n\u00fctzlichen L\u00f6sungen f\u00fcr Ihre Projekte in den Bereichen interne Organisation, ISO-Zertifizierung, interne Kontrolle und Risikomanagement.\",\"publisher\":{\"@id\":\"https:\/\/optimiso-group.com\/#organization\"},\"potentialAction\":[{\"@type\":\"SearchAction\",\"target\":{\"@type\":\"EntryPoint\",\"urlTemplate\":\"https:\/\/optimiso-group.com\/?s={search_term_string}\"},\"query-input\":{\"@type\":\"PropertyValueSpecification\",\"valueRequired\":true,\"valueName\":\"search_term_string\"}}],\"inLanguage\":\"de\"},{\"@type\":\"Organization\",\"@id\":\"https:\/\/optimiso-group.com\/#organization\",\"name\":\"Optimiso Group\",\"url\":\"https:\/\/optimiso-group.com\/\",\"logo\":{\"@type\":\"ImageObject\",\"inLanguage\":\"de\",\"@id\":\"https:\/\/optimiso-group.com\/#\/schema\/logo\/image\/\",\"url\":\"https:\/\/optimiso-group.com\/wp-content\/uploads\/2018\/03\/logo-optimiso-group.png\",\"contentUrl\":\"https:\/\/optimiso-group.com\/wp-content\/uploads\/2018\/03\/logo-optimiso-group.png\",\"width\":351,\"height\":177,\"caption\":\"Optimiso Group\"},\"image\":{\"@id\":\"https:\/\/optimiso-group.com\/#\/schema\/logo\/image\/\"}}]}<\/script>\n<!-- \/ Yoast SEO plugin. -->","yoast_head_json":{"title":"Video - Eine interne Kontrolle in 3 Klicks dank Optimiso Suite","description":"Optimiso Suite verwandelt interne Kontrolle in einen Unternehmensvorteil, erleichtert die Arbeit und reduziert Risiken!","robots":{"index":"index","follow":"follow","max-snippet":"max-snippet:-1","max-image-preview":"max-image-preview:large","max-video-preview":"max-video-preview:-1"},"canonical":"https:\/\/optimiso-group.com\/de\/videos\/sortware-interne-kontrolle\/","og_locale":"de_DE","og_type":"article","og_title":"Video - Eine interne Kontrolle in 3 Klicks dank Optimiso Suite","og_description":"Optimiso Suite verwandelt interne Kontrolle in einen Unternehmensvorteil, erleichtert die Arbeit und reduziert Risiken!","og_url":"https:\/\/optimiso-group.com\/de\/videos\/sortware-interne-kontrolle\/","og_site_name":"Optimiso Group","article_modified_time":"2025-02-10T10:02:04+00:00","twitter_card":"summary_large_image","twitter_misc":{"Gesch\u00e4tzte Lesezeit":"1\u00a0Minute"},"schema":{"@context":"https:\/\/schema.org","@graph":[{"@type":"WebPage","@id":"https:\/\/optimiso-group.com\/de\/videos\/sortware-interne-kontrolle\/","url":"https:\/\/optimiso-group.com\/de\/videos\/sortware-interne-kontrolle\/","name":"Video - Eine interne Kontrolle in 3 Klicks dank Optimiso Suite","isPartOf":{"@id":"https:\/\/optimiso-group.com\/#website"},"datePublished":"2021-11-16T12:12:52+00:00","dateModified":"2025-02-10T10:02:04+00:00","description":"Optimiso Suite verwandelt interne Kontrolle in einen Unternehmensvorteil, erleichtert die Arbeit und reduziert Risiken!","breadcrumb":{"@id":"https:\/\/optimiso-group.com\/de\/videos\/sortware-interne-kontrolle\/#breadcrumb"},"inLanguage":"de","potentialAction":[{"@type":"ReadAction","target":["https:\/\/optimiso-group.com\/de\/videos\/sortware-interne-kontrolle\/"]}]},{"@type":"BreadcrumbList","@id":"https:\/\/optimiso-group.com\/de\/videos\/sortware-interne-kontrolle\/#breadcrumb","itemListElement":[{"@type":"ListItem","position":1,"name":"Startseite","item":"https:\/\/optimiso-group.com\/de\/"},{"@type":"ListItem","position":2,"name":"Vid\u00e9os","item":"https:\/\/optimiso-group.com\/de\/videos\/"},{"@type":"ListItem","position":3,"name":"Video &#8211; Eine interne Kontrolle in 3 Klicks dank Optimiso Suite"}]},{"@type":"WebSite","@id":"https:\/\/optimiso-group.com\/#website","url":"https:\/\/optimiso-group.com\/","name":"Optimiso Group","description":"Optimiso Software macht Ihre regulatorischen Einschr\u00e4nkungen zu echten Vorteilen. Entdecken Sie unsere einfachen und n\u00fctzlichen L\u00f6sungen f\u00fcr Ihre Projekte in den Bereichen interne Organisation, ISO-Zertifizierung, interne Kontrolle und Risikomanagement.","publisher":{"@id":"https:\/\/optimiso-group.com\/#organization"},"potentialAction":[{"@type":"SearchAction","target":{"@type":"EntryPoint","urlTemplate":"https:\/\/optimiso-group.com\/?s={search_term_string}"},"query-input":{"@type":"PropertyValueSpecification","valueRequired":true,"valueName":"search_term_string"}}],"inLanguage":"de"},{"@type":"Organization","@id":"https:\/\/optimiso-group.com\/#organization","name":"Optimiso Group","url":"https:\/\/optimiso-group.com\/","logo":{"@type":"ImageObject","inLanguage":"de","@id":"https:\/\/optimiso-group.com\/#\/schema\/logo\/image\/","url":"https:\/\/optimiso-group.com\/wp-content\/uploads\/2018\/03\/logo-optimiso-group.png","contentUrl":"https:\/\/optimiso-group.com\/wp-content\/uploads\/2018\/03\/logo-optimiso-group.png","width":351,"height":177,"caption":"Optimiso Group"},"image":{"@id":"https:\/\/optimiso-group.com\/#\/schema\/logo\/image\/"}}]}},"_links":{"self":[{"href":"https:\/\/optimiso-group.com\/de\/wp-json\/wp\/v2\/pages\/20499","targetHints":{"allow":["GET"]}}],"collection":[{"href":"https:\/\/optimiso-group.com\/de\/wp-json\/wp\/v2\/pages"}],"about":[{"href":"https:\/\/optimiso-group.com\/de\/wp-json\/wp\/v2\/types\/page"}],"author":[{"embeddable":true,"href":"https:\/\/optimiso-group.com\/de\/wp-json\/wp\/v2\/users\/6"}],"replies":[{"embeddable":true,"href":"https:\/\/optimiso-group.com\/de\/wp-json\/wp\/v2\/comments?post=20499"}],"version-history":[{"count":2,"href":"https:\/\/optimiso-group.com\/de\/wp-json\/wp\/v2\/pages\/20499\/revisions"}],"predecessor-version":[{"id":27481,"href":"https:\/\/optimiso-group.com\/de\/wp-json\/wp\/v2\/pages\/20499\/revisions\/27481"}],"up":[{"embeddable":true,"href":"https:\/\/optimiso-group.com\/de\/wp-json\/wp\/v2\/pages\/7474"}],"wp:attachment":[{"href":"https:\/\/optimiso-group.com\/de\/wp-json\/wp\/v2\/media?parent=20499"}],"curies":[{"name":"wp","href":"https:\/\/api.w.org\/{rel}","templated":true}]}}