{"id":20520,"date":"2022-05-20T11:26:31","date_gmt":"2022-05-20T09:26:31","guid":{"rendered":"https:\/\/optimiso-group.com\/kunden\/finanzinstitutionen-2\/"},"modified":"2026-01-30T11:55:09","modified_gmt":"2026-01-30T10:55:09","slug":"gebaeaude-konstruction","status":"publish","type":"page","link":"https:\/\/optimiso-group.com\/de\/kunden\/gebaeaude-konstruction\/","title":{"rendered":"Geba\u00fcde und Konstruction"},"content":{"rendered":"<p>[et_pb_section fb_built=&#8220;1&#8243; fullwidth=&#8220;on&#8220; _builder_version=&#8220;4.16&#8243; _module_preset=&#8220;default&#8220; use_background_color_gradient=&#8220;on&#8220; background_color_gradient_direction=&#8220;105deg&#8220; global_colors_info=&#8220;{}&#8220;][et_pb_fullwidth_header title=&#8220;Geba\u00fcde &#038; Konstruction&#8220; button_one_text=&#8220;Die Vorteile ansehen (2 min)&#8220; button_one_url=&#8220;https:\/\/optimiso-group.com\/de\/videos\/sofware-iso-zertifizierungen\/&#8220; button_two_text=&#8220;Die L\u00f6sung entdecken&#8220; button_two_url=&#8220;https:\/\/optimiso-group.com\/de\/software\/zertifizierungen\/certification-iso-9001\/&#8220; content_tablet=&#8220;&#8220; content_phone=&#8220;&#8220; content_last_edited=&#8220;on|phone&#8220; _builder_version=&#8220;4.27.0&#8243; _module_preset=&#8220;default&#8220; title_font=&#8220;Arial|700|||||||&#8220; title_font_size=&#8220;50px&#8220; content_font=&#8220;Arial|700|||||||&#8220; subhead_font=&#8220;||||||||&#8220; subhead_font_size=&#8220;25px&#8220; background_color=&#8220;#FFFFFF&#8220; use_background_color_gradient=&#8220;on&#8220; background_color_gradient_stops=&#8220;rgba(0,0,0,0.38) 0%|rgba(0,0,0,0.44) 100%&#8220; background_color_gradient_overlays_image=&#8220;on&#8220; background_color_gradient_start=&#8220;rgba(0,0,0,0.38)&#8220; background_color_gradient_end=&#8220;rgba(0,0,0,0.44)&#8220; background_image=&#8220;https:\/\/optimiso-group.com\/wp-content\/uploads\/2024\/08\/reunion-de-chantier.webp&#8220; background_position=&#8220;top_right&#8220; custom_button_one=&#8220;on&#8220; button_one_text_color=&#8220;#FFFFFF&#8220; button_one_bg_color=&#8220;#01b1ec&#8220; button_one_border_width=&#8220;3px&#8220; button_one_border_color=&#8220;#01b1ec&#8220; button_one_border_radius=&#8220;0px&#8220; button_one_letter_spacing=&#8220;0px&#8220; button_one_use_icon=&#8220;off&#8220; custom_button_two=&#8220;on&#8220; button_two_text_color=&#8220;#FFFFFF&#8220; button_two_bg_color=&#8220;RGBA(0,0,0,0)&#8220; button_two_border_width=&#8220;3px&#8220; button_two_border_color=&#8220;#FFFFFF&#8220; button_two_border_radius=&#8220;0px&#8220; button_two_use_icon=&#8220;off&#8220; button_two_custom_margin=&#8220;|0px||0px|false|false&#8220; custom_padding=&#8220;40px||40px||false|false&#8220; custom_padding_tablet=&#8220;&#8220; custom_padding_phone=&#8220;20px||20px||false|false&#8220; custom_padding_last_edited=&#8220;on|phone&#8220; title_font_size_tablet=&#8220;&#8220; title_font_size_phone=&#8220;25px&#8220; title_font_size_last_edited=&#8220;on|desktop&#8220; subhead_text_color_tablet=&#8220;&#8220; subhead_text_color_phone=&#8220;&#8220; subhead_text_color_last_edited=&#8220;on|phone&#8220; subhead_font_size_tablet=&#8220;&#8220; subhead_font_size_phone=&#8220;20px&#8220; subhead_font_size_last_edited=&#8220;on|phone&#8220; button_one_text_size_tablet=&#8220;&#8220; button_one_text_size_phone=&#8220;16px&#8220; button_one_text_size_last_edited=&#8220;on|phone&#8220; button_two_text_size_tablet=&#8220;&#8220; button_two_text_size_phone=&#8220;16px&#8220; button_two_text_size_last_edited=&#8220;on|desktop&#8220; global_colors_info=&#8220;{}&#8220;]<\/p>\n<p>&nbsp;<\/p>\n<p>&nbsp;<\/p>\n<p>[\/et_pb_fullwidth_header][\/et_pb_section][et_pb_section fb_built=&#8220;1&#8243; _builder_version=&#8220;4.16&#8243; custom_padding=&#8220;0px|0px|0px|0px||&#8220; global_colors_info=&#8220;{}&#8220;][et_pb_row _builder_version=&#8220;4.16&#8243; _module_preset=&#8220;default&#8220; min_height=&#8220;11.9px&#8220; custom_padding=&#8220;45px|20px|20px|20px|false|false&#8220; global_colors_info=&#8220;{}&#8220;][et_pb_column type=&#8220;4_4&#8243; _builder_version=&#8220;4.16&#8243; _module_preset=&#8220;default&#8220; global_colors_info=&#8220;{}&#8220;][et_pb_text _builder_version=&#8220;4.17.3&#8243; _module_preset=&#8220;default&#8220; text_font=&#8220;Arial||||||||&#8220; text_text_color=&#8220;#000000&#8243; custom_padding=&#8220;||0px|||&#8220; global_colors_info=&#8220;{}&#8220;]<\/p>\n<h3><strong>Ein Integriertes Managementsystem, das f\u00fcr die Mitarbeiter und das Management n\u00fctzlich ist<\/strong><\/h3>\n<p>[\/et_pb_text][et_pb_text _builder_version=&#8220;4.17.3&#8243; _module_preset=&#8220;default&#8220; text_font=&#8220;Arial||||||||&#8220; text_text_color=&#8220;#000000&#8243; custom_padding=&#8220;||0px|||&#8220; global_colors_info=&#8220;{}&#8220;]<\/p>\n<p><span style=\"color: #555555;\">In der Baubranche ist es \u00fcblich, \u00fcber ein <strong>Integriertes Managementsystem<\/strong> oder <strong>IMS<\/strong> zu verf\u00fcgen. Es garantiert Ihre Zuverl\u00e4ssigkeit und demonstriert eine Kultur der kontinuierlichen Verbesserung in Bezug auf Qualit\u00e4t, Sicherheit und Umwelt. \u00a0<\/span><\/p>\n<p><span style=\"color: #555555;\">Viele Unternehmen sind nach <strong>ISO 9001<\/strong>, <strong>ISO 14001<\/strong> und <a href=\"https:\/\/optimiso-group.com\/de\/software\/zertifizierungen\/iso-45001_zertifizierung\/\"><strong><span style=\"color: #02b1e6;\">ISO 45001<\/span><\/strong><\/a> zertifiziert, um die Wirksamkeit des IMS oder <strong>Qualit\u00e4ts-, Sicherheits- und Umweltsystems<\/strong> zu belegen. Dies ist die h\u00e4ufigste Dreifachzertifizierung. Dar\u00fcber hinaus halten sich die Unternehmen in diesem Sektor inzwischen auch an andere Normen wie EcoEntreprise, <span style=\"color: #02b1e6;\"><a style=\"color: #02b1e6;\" href=\"https:\/\/www.iso.org\/iso-50001-energy-management.html\" target=\"_blank\" rel=\"noopener\">ISO 50001<\/a><\/span>, MASE oder Qualibat.<\/span><\/p>\n<p><span style=\"color: #555555;\">Au\u00dferdem ist es wichtig, eine <strong>starke Organisation<\/strong> zu haben. Da die Mitarbeiter auf dem Gel\u00e4nde verstreut sind, ist es in der Regel schwierig, interne Dokumente zu kommunizieren. Sie m\u00fcssen auch die Kompetenzen verwalten und \u00fcberwachen, da einige Funktionen regelm\u00e4\u00dfige Eignungspr\u00fcfungen erfordern, wie z. B. die Erneuerung von speziellen F\u00fchrerscheinen f\u00fcr Fahrzeuge.<\/span><\/p>\n<p><span style=\"color: #555555;\">Um Ihre Herausforderungen im Zusammenhang mit dem <strong>IMS<\/strong> und der <strong>internen Organisation<\/strong> zu meistern, m\u00fcssen Sie :<\/span><\/p>\n<ul>\n<li><span style=\"color: #555555;\">Risiken identifizieren und bewerten.<\/span><\/li>\n<li><span style=\"color: #555555;\">Ihre interne Organisation beschreiben (Prozesse, Arbeitsverfahren und Stellenbeschreibungen).<\/span><\/li>\n<li><span style=\"color: #555555;\">Die ordnungsgem\u00e4\u00dfe Anwendung der Verfahren und Schutzma\u00dfnahmen \u00fcberwachen.<\/span><\/li>\n<li><span style=\"color: #555555;\">Vorf\u00e4lle und Verbesserungen verwalten<\/span><\/li>\n<\/ul>\n<div id=\"gtx-trans\" style=\"position: absolute; left: 337px; top: 160px;\">\n<div class=\"gtx-trans-icon\">\u00a0<\/div>\n<\/div>\n<p>[\/et_pb_text][\/et_pb_column][\/et_pb_row][et_pb_row _builder_version=&#8220;4.16&#8243; _module_preset=&#8220;default&#8220; background_color=&#8220;#f6f6f6&#8243; min_height=&#8220;11.9px&#8220; custom_padding=&#8220;|20px|20px|20px|false|false&#8220; global_colors_info=&#8220;{}&#8220;][et_pb_column type=&#8220;4_4&#8243; _builder_version=&#8220;4.16&#8243; _module_preset=&#8220;default&#8220; global_colors_info=&#8220;{}&#8220;][et_pb_text _builder_version=&#8220;4.17.3&#8243; _module_preset=&#8220;default&#8220; text_font=&#8220;Arial||||||||&#8220; text_text_color=&#8220;#000000&#8243; custom_padding=&#8220;||0px|||&#8220; global_colors_info=&#8220;{}&#8220;]<\/p>\n<h3><strong>Erleichtern Sie die Verwaltung Ihres Integrierten Managementsystems<\/strong><\/h3>\n<div id=\"gtx-trans\" style=\"position: absolute; left: 460px; top: 3.71875px;\">\n<div class=\"gtx-trans-icon\">\u00a0<\/div>\n<\/div>\n<p>[\/et_pb_text][et_pb_text _builder_version=&#8220;4.27.4&#8243; _module_preset=&#8220;default&#8220; text_font=&#8220;Arial||||||||&#8220; text_text_color=&#8220;#000000&#8243; custom_padding=&#8220;||0px|||&#8220; hover_enabled=&#8220;0&#8243; global_colors_info=&#8220;{}&#8220; sticky_enabled=&#8220;0&#8243;]<\/p>\n<p><span style=\"color: #555555;\">Machen Sie das IMS zu einem echten Vorteil f\u00fcr Ihr Unternehmen. Entscheiden Sie sich wie viele Akteure im Baugewerbe und in der Bauindustrie f\u00fcr Optimiso und :<\/span><\/p>\n<ul>\n<li><span style=\"color: #555555;\">Profitieren Sie von einem zuverl\u00e4ssigen und zentralisierten Integrierten Managementsystem.<\/span><\/li>\n<li><span style=\"color: #555555;\">Verbessern Sie die Beteiligung der Mitarbeiter am Qualit\u00e4tsmanagement.<\/span><\/li>\n<li><span style=\"color: #555555;\">Melden Sie Vorf\u00e4lle und Nichtkonformit\u00e4ten schnell.<\/span><\/li>\n<li><span style=\"color: #555555;\">Automatisieren Sie die \u00dcberwachung von Schutzma\u00dfnahmen.<\/span><\/li>\n<li><span style=\"color: #555555;\">Beweisen Sie bei Audits schnell die Einhaltung von Vorschriften.<\/span><\/li>\n<li><span style=\"color: #555555;\">Stellen Sie Ihre internen Dokumente problemlos allen Mitarbeitern zur Verf\u00fcgung.<\/span><\/li>\n<\/ul>\n<div id=\"gtx-trans\" style=\"position: absolute; left: 113px; top: 24px;\">\n<div class=\"gtx-trans-icon\">\u00a0<\/div>\n<\/div>\n<p>[\/et_pb_text][\/et_pb_column][\/et_pb_row][et_pb_row _builder_version=&#8220;4.16&#8243; _module_preset=&#8220;default&#8220; min_height=&#8220;11.9px&#8220; custom_padding=&#8220;18px|20px|20px|20px|false|false&#8220; global_colors_info=&#8220;{}&#8220;][et_pb_column type=&#8220;4_4&#8243; _builder_version=&#8220;4.16&#8243; _module_preset=&#8220;default&#8220; global_colors_info=&#8220;{}&#8220;][et_pb_text _builder_version=&#8220;4.17.4&#8243; _module_preset=&#8220;default&#8220; text_font=&#8220;Arial||||||||&#8220; text_text_color=&#8220;#000000&#8243; custom_padding=&#8220;||0px|||&#8220; global_colors_info=&#8220;{}&#8220;]<\/p>\n<h3><strong>Einige Referenzen<\/strong><\/h3>\n<div id=\"gtx-trans\" style=\"position: absolute; left: 254px; top: 97.5156px;\">\n<div class=\"gtx-trans-icon\">\u00a0<\/div>\n<\/div>\n<p>[\/et_pb_text][dica_divi_carousel show_items_tablet=&#8220;4&#8243; dot_nav=&#8220;on&#8220; item_spacing=&#8220;50&#8243; advanced_effect=&#8220;1&#8243; dots_active_color=&#8220;#01b1ec&#8220; _builder_version=&#8220;4.17.4&#8243; _module_preset=&#8220;default&#8220; custom_margin=&#8220;5px|||||&#8220; custom_padding=&#8220;||0px|||&#8220; global_colors_info=&#8220;{}&#8220;][dica_divi_carouselitem button_url_new_window=&#8220;1&#8243; image=&#8220;https:\/\/optimiso-group.com\/wp-content\/uploads\/2022\/08\/facchinetti-sa.png&#8220; _builder_version=&#8220;4.17.4&#8243; _module_preset=&#8220;default&#8220; link_option_url=&#8220;https:\/\/www.facchinettisa.ch\/&#8220; link_option_url_new_window=&#8220;on&#8220; global_colors_info=&#8220;{}&#8220;][\/dica_divi_carouselitem][dica_divi_carouselitem button_url_new_window=&#8220;1&#8243; image=&#8220;https:\/\/optimiso-group.com\/wp-content\/uploads\/2022\/08\/amaudruz-sa.png&#8220; _builder_version=&#8220;4.17.4&#8243; _module_preset=&#8220;default&#8220; link_option_url=&#8220;https:\/\/www.amaudruz.ch\/&#8220; link_option_url_new_window=&#8220;on&#8220; global_colors_info=&#8220;{}&#8220;][\/dica_divi_carouselitem][dica_divi_carouselitem button_url_new_window=&#8220;1&#8243; image=&#8220;https:\/\/optimiso-group.com\/wp-content\/uploads\/2022\/08\/construction-metalliques-isele.png&#8220; _builder_version=&#8220;4.17.4&#8243; _module_preset=&#8220;default&#8220; link_option_url=&#8220;https:\/\/www.constructionsmetalliques.ch\/&#8220; link_option_url_new_window=&#8220;on&#8220; global_colors_info=&#8220;{}&#8220;][\/dica_divi_carouselitem][dica_divi_carouselitem button_url_new_window=&#8220;1&#8243; image=&#8220;https:\/\/optimiso-group.com\/wp-content\/uploads\/2022\/08\/perrin.png&#8220; _builder_version=&#8220;4.17.4&#8243; _module_preset=&#8220;default&#8220; link_option_url=&#8220;https:\/\/www.perrin-freres.ch\/&#8220; link_option_url_new_window=&#8220;on&#8220; global_colors_info=&#8220;{}&#8220;][\/dica_divi_carouselitem][dica_divi_carouselitem button_url_new_window=&#8220;1&#8243; image=&#8220;https:\/\/optimiso-group.com\/wp-content\/uploads\/2022\/09\/ronchi.png&#8220; _builder_version=&#8220;4.17.4&#8243; _module_preset=&#8220;default&#8220; link_option_url=&#8220;https:\/\/www.ronchi-graviers.ch\/&#8220; link_option_url_new_window=&#8220;on&#8220; global_colors_info=&#8220;{}&#8220;][\/dica_divi_carouselitem][\/dica_divi_carousel][et_pb_text _builder_version=&#8220;4.17.4&#8243; _module_preset=&#8220;default&#8220; text_font=&#8220;Arial||||||||&#8220; text_text_color=&#8220;#000000&#8243; custom_margin=&#8220;||50px|||&#8220; custom_padding=&#8220;||0px|||&#8220; global_colors_info=&#8220;{}&#8220;]<\/p>\n<p><span style=\"color: #555555;\">Und viele andere&#8230;<\/span><\/p>\n<div id=\"gtx-trans\" style=\"position: absolute; left: 91px; top: 48px;\">\n<div class=\"gtx-trans-icon\">\u00a0<\/div>\n<\/div>\n<p>[\/et_pb_text][et_pb_text _builder_version=&#8220;4.17.3&#8243; _module_preset=&#8220;default&#8220; text_font=&#8220;Arial||||||||&#8220; text_text_color=&#8220;#000000&#8243; custom_padding=&#8220;||0px|||&#8220; global_colors_info=&#8220;{}&#8220;]<\/p>\n<h3><strong>Ein Projekt ?<\/strong><\/h3>\n<p><span style=\"color: #555555;\">Sie m\u00f6chten ein IMS einf\u00fchren oder Ihre interne Organisation verbessern?<\/span><\/p>\n<div id=\"gtx-trans\" style=\"position: absolute; left: 255px; top: 49.5156px;\">\n<div class=\"gtx-trans-icon\">\u00a0<\/div>\n<\/div>\n<p>[\/et_pb_text][et_pb_button button_url=&#8220;https:\/\/optimiso-group.com\/de\/kontakt\/&#8220; button_text=&#8220;Lass uns dar\u00fcber reden&#8220; button_alignment=&#8220;center&#8220; _builder_version=&#8220;4.17.3&#8243; custom_button=&#8220;on&#8220; button_text_size=&#8220;20px&#8220; button_text_color=&#8220;#FFFFFF&#8220; button_bg_color=&#8220;#01b1ec&#8220; button_border_width=&#8220;3px&#8220; button_border_color=&#8220;#01b1ec&#8220; button_border_radius=&#8220;0px&#8220; button_letter_spacing=&#8220;0px&#8220; button_font=&#8220;||||||||&#8220; button_use_icon=&#8220;off&#8220; background_layout=&#8220;dark&#8220; custom_margin=&#8220;|||&#8220; custom_padding=&#8220;3px|17px|3px|17px|false|false&#8220; button_text_size_tablet=&#8220;&#8220; button_text_size_phone=&#8220;16px&#8220; button_text_size_last_edited=&#8220;on|phone&#8220; button_font_tablet=&#8220;&#8220; button_font_phone=&#8220;&#8220; button_font_last_edited=&#8220;on|phone&#8220; button_letter_spacing_hover=&#8220;1px&#8220; locked=&#8220;off&#8220; global_colors_info=&#8220;{}&#8220; button_text_size__hover_enabled=&#8220;off&#8220; button_one_text_size__hover_enabled=&#8220;off&#8220; button_two_text_size__hover_enabled=&#8220;off&#8220; button_text_color__hover_enabled=&#8220;off&#8220; button_one_text_color__hover_enabled=&#8220;off&#8220; button_two_text_color__hover_enabled=&#8220;off&#8220; button_border_width__hover_enabled=&#8220;off&#8220; button_one_border_width__hover_enabled=&#8220;off&#8220; button_two_border_width__hover_enabled=&#8220;off&#8220; button_border_color__hover_enabled=&#8220;off&#8220; button_one_border_color__hover_enabled=&#8220;off&#8220; button_two_border_color__hover_enabled=&#8220;off&#8220; button_border_radius__hover_enabled=&#8220;off&#8220; button_one_border_radius__hover_enabled=&#8220;off&#8220; button_two_border_radius__hover_enabled=&#8220;off&#8220; button_letter_spacing__hover_enabled=&#8220;on|hover&#8220; button_letter_spacing__hover=&#8220;0px&#8220; button_one_letter_spacing__hover_enabled=&#8220;off&#8220; button_two_letter_spacing__hover_enabled=&#8220;off&#8220; button_bg_color__hover_enabled=&#8220;off&#8220; button_one_bg_color__hover_enabled=&#8220;off&#8220; button_two_bg_color__hover_enabled=&#8220;off&#8220;][\/et_pb_button][\/et_pb_column][\/et_pb_row][\/et_pb_section]<\/p>\n","protected":false},"excerpt":{"rendered":"<p>Geba\u00fcde &#038; Konstruction &nbsp; &nbsp; Die Vorteile&#8230;<\/p>\n","protected":false},"author":6,"featured_media":26977,"parent":7180,"menu_order":0,"comment_status":"closed","ping_status":"closed","template":"","meta":{"_acf_changed":false,"_et_pb_use_builder":"on","_et_pb_old_content":"","_et_gb_content_width":"","_mo_disable_npp":"","footnotes":""},"class_list":["post-20520","page","type-page","status-publish","has-post-thumbnail","hentry"],"acf":[],"yoast_head":"<!-- This site is optimized with the Yoast SEO plugin v24.5 - https:\/\/yoast.com\/wordpress\/plugins\/seo\/ -->\n<title>Geba\u00fcde &amp; Konstruction - Optimiso by Iskera<\/title>\n<meta name=\"description\" content=\"Das Baugewerbe und die Bauindustrie sind risikoreiche Umgebungen. Optimiso begleitet Sie: SMI, ISO 9001, ISO 14001 und ISO 45001.\" \/>\n<meta name=\"robots\" content=\"index, follow, max-snippet:-1, max-image-preview:large, max-video-preview:-1\" \/>\n<link rel=\"canonical\" href=\"https:\/\/optimiso-group.com\/de\/kunden\/gebaeaude-konstruction\/\" \/>\n<meta property=\"og:locale\" content=\"de_DE\" \/>\n<meta property=\"og:type\" content=\"article\" \/>\n<meta property=\"og:title\" content=\"Geba\u00fcde &amp; Konstruction - Optimiso by Iskera\" \/>\n<meta property=\"og:description\" content=\"Das Baugewerbe und die Bauindustrie sind risikoreiche Umgebungen. Optimiso begleitet Sie: SMI, ISO 9001, ISO 14001 und ISO 45001.\" \/>\n<meta property=\"og:url\" content=\"https:\/\/optimiso-group.com\/de\/kunden\/gebaeaude-konstruction\/\" \/>\n<meta property=\"og:site_name\" content=\"Optimiso Group\" \/>\n<meta property=\"article:modified_time\" content=\"2026-01-30T10:55:09+00:00\" \/>\n<meta property=\"og:image\" content=\"https:\/\/optimiso-group.com\/wp-content\/uploads\/2024\/08\/reunion-de-chantier.webp\" \/>\n\t<meta property=\"og:image:width\" content=\"1000\" \/>\n\t<meta property=\"og:image:height\" content=\"400\" \/>\n\t<meta property=\"og:image:type\" content=\"image\/webp\" \/>\n<meta name=\"twitter:card\" content=\"summary_large_image\" \/>\n<meta name=\"twitter:label1\" content=\"Gesch\u00e4tzte Lesezeit\" \/>\n\t<meta name=\"twitter:data1\" content=\"3\u00a0Minuten\" \/>\n<script type=\"application\/ld+json\" class=\"yoast-schema-graph\">{\"@context\":\"https:\/\/schema.org\",\"@graph\":[{\"@type\":\"WebPage\",\"@id\":\"https:\/\/optimiso-group.com\/de\/kunden\/gebaeaude-konstruction\/\",\"url\":\"https:\/\/optimiso-group.com\/de\/kunden\/gebaeaude-konstruction\/\",\"name\":\"Geba\u00fcde & Konstruction - Optimiso by Iskera\",\"isPartOf\":{\"@id\":\"https:\/\/optimiso-group.com\/#website\"},\"primaryImageOfPage\":{\"@id\":\"https:\/\/optimiso-group.com\/de\/kunden\/gebaeaude-konstruction\/#primaryimage\"},\"image\":{\"@id\":\"https:\/\/optimiso-group.com\/de\/kunden\/gebaeaude-konstruction\/#primaryimage\"},\"thumbnailUrl\":\"https:\/\/optimiso-group.com\/wp-content\/uploads\/2024\/08\/reunion-de-chantier.webp\",\"datePublished\":\"2022-05-20T09:26:31+00:00\",\"dateModified\":\"2026-01-30T10:55:09+00:00\",\"description\":\"Das Baugewerbe und die Bauindustrie sind risikoreiche Umgebungen. Optimiso begleitet Sie: SMI, ISO 9001, ISO 14001 und ISO 45001.\",\"breadcrumb\":{\"@id\":\"https:\/\/optimiso-group.com\/de\/kunden\/gebaeaude-konstruction\/#breadcrumb\"},\"inLanguage\":\"de\",\"potentialAction\":[{\"@type\":\"ReadAction\",\"target\":[\"https:\/\/optimiso-group.com\/de\/kunden\/gebaeaude-konstruction\/\"]}]},{\"@type\":\"ImageObject\",\"inLanguage\":\"de\",\"@id\":\"https:\/\/optimiso-group.com\/de\/kunden\/gebaeaude-konstruction\/#primaryimage\",\"url\":\"https:\/\/optimiso-group.com\/wp-content\/uploads\/2024\/08\/reunion-de-chantier.webp\",\"contentUrl\":\"https:\/\/optimiso-group.com\/wp-content\/uploads\/2024\/08\/reunion-de-chantier.webp\",\"width\":1000,\"height\":400,\"caption\":\"logiciel qse btp\"},{\"@type\":\"BreadcrumbList\",\"@id\":\"https:\/\/optimiso-group.com\/de\/kunden\/gebaeaude-konstruction\/#breadcrumb\",\"itemListElement\":[{\"@type\":\"ListItem\",\"position\":1,\"name\":\"Startseite\",\"item\":\"https:\/\/optimiso-group.com\/de\/\"},{\"@type\":\"ListItem\",\"position\":2,\"name\":\"Kunden\",\"item\":\"https:\/\/optimiso-group.com\/de\/kunden\/\"},{\"@type\":\"ListItem\",\"position\":3,\"name\":\"Geba\u00fcde und Konstruction\"}]},{\"@type\":\"WebSite\",\"@id\":\"https:\/\/optimiso-group.com\/#website\",\"url\":\"https:\/\/optimiso-group.com\/\",\"name\":\"Optimiso Group\",\"description\":\"Optimiso Software macht Ihre regulatorischen Einschr\u00e4nkungen zu echten Vorteilen. Entdecken Sie unsere einfachen und n\u00fctzlichen L\u00f6sungen f\u00fcr Ihre Projekte in den Bereichen interne Organisation, ISO-Zertifizierung, interne Kontrolle und Risikomanagement.\",\"publisher\":{\"@id\":\"https:\/\/optimiso-group.com\/#organization\"},\"potentialAction\":[{\"@type\":\"SearchAction\",\"target\":{\"@type\":\"EntryPoint\",\"urlTemplate\":\"https:\/\/optimiso-group.com\/?s={search_term_string}\"},\"query-input\":{\"@type\":\"PropertyValueSpecification\",\"valueRequired\":true,\"valueName\":\"search_term_string\"}}],\"inLanguage\":\"de\"},{\"@type\":\"Organization\",\"@id\":\"https:\/\/optimiso-group.com\/#organization\",\"name\":\"Optimiso Group\",\"url\":\"https:\/\/optimiso-group.com\/\",\"logo\":{\"@type\":\"ImageObject\",\"inLanguage\":\"de\",\"@id\":\"https:\/\/optimiso-group.com\/#\/schema\/logo\/image\/\",\"url\":\"https:\/\/optimiso-group.com\/wp-content\/uploads\/2018\/03\/logo-optimiso-group.png\",\"contentUrl\":\"https:\/\/optimiso-group.com\/wp-content\/uploads\/2018\/03\/logo-optimiso-group.png\",\"width\":351,\"height\":177,\"caption\":\"Optimiso Group\"},\"image\":{\"@id\":\"https:\/\/optimiso-group.com\/#\/schema\/logo\/image\/\"}}]}<\/script>\n<!-- \/ Yoast SEO plugin. -->","yoast_head_json":{"title":"Geba\u00fcde & Konstruction - Optimiso by Iskera","description":"Das Baugewerbe und die Bauindustrie sind risikoreiche Umgebungen. Optimiso begleitet Sie: SMI, ISO 9001, ISO 14001 und ISO 45001.","robots":{"index":"index","follow":"follow","max-snippet":"max-snippet:-1","max-image-preview":"max-image-preview:large","max-video-preview":"max-video-preview:-1"},"canonical":"https:\/\/optimiso-group.com\/de\/kunden\/gebaeaude-konstruction\/","og_locale":"de_DE","og_type":"article","og_title":"Geba\u00fcde & Konstruction - Optimiso by Iskera","og_description":"Das Baugewerbe und die Bauindustrie sind risikoreiche Umgebungen. Optimiso begleitet Sie: SMI, ISO 9001, ISO 14001 und ISO 45001.","og_url":"https:\/\/optimiso-group.com\/de\/kunden\/gebaeaude-konstruction\/","og_site_name":"Optimiso Group","article_modified_time":"2026-01-30T10:55:09+00:00","og_image":[{"width":1000,"height":400,"url":"https:\/\/optimiso-group.com\/wp-content\/uploads\/2024\/08\/reunion-de-chantier.webp","type":"image\/webp"}],"twitter_card":"summary_large_image","twitter_misc":{"Gesch\u00e4tzte Lesezeit":"3\u00a0Minuten"},"schema":{"@context":"https:\/\/schema.org","@graph":[{"@type":"WebPage","@id":"https:\/\/optimiso-group.com\/de\/kunden\/gebaeaude-konstruction\/","url":"https:\/\/optimiso-group.com\/de\/kunden\/gebaeaude-konstruction\/","name":"Geba\u00fcde & Konstruction - Optimiso by Iskera","isPartOf":{"@id":"https:\/\/optimiso-group.com\/#website"},"primaryImageOfPage":{"@id":"https:\/\/optimiso-group.com\/de\/kunden\/gebaeaude-konstruction\/#primaryimage"},"image":{"@id":"https:\/\/optimiso-group.com\/de\/kunden\/gebaeaude-konstruction\/#primaryimage"},"thumbnailUrl":"https:\/\/optimiso-group.com\/wp-content\/uploads\/2024\/08\/reunion-de-chantier.webp","datePublished":"2022-05-20T09:26:31+00:00","dateModified":"2026-01-30T10:55:09+00:00","description":"Das Baugewerbe und die Bauindustrie sind risikoreiche Umgebungen. Optimiso begleitet Sie: SMI, ISO 9001, ISO 14001 und ISO 45001.","breadcrumb":{"@id":"https:\/\/optimiso-group.com\/de\/kunden\/gebaeaude-konstruction\/#breadcrumb"},"inLanguage":"de","potentialAction":[{"@type":"ReadAction","target":["https:\/\/optimiso-group.com\/de\/kunden\/gebaeaude-konstruction\/"]}]},{"@type":"ImageObject","inLanguage":"de","@id":"https:\/\/optimiso-group.com\/de\/kunden\/gebaeaude-konstruction\/#primaryimage","url":"https:\/\/optimiso-group.com\/wp-content\/uploads\/2024\/08\/reunion-de-chantier.webp","contentUrl":"https:\/\/optimiso-group.com\/wp-content\/uploads\/2024\/08\/reunion-de-chantier.webp","width":1000,"height":400,"caption":"logiciel qse btp"},{"@type":"BreadcrumbList","@id":"https:\/\/optimiso-group.com\/de\/kunden\/gebaeaude-konstruction\/#breadcrumb","itemListElement":[{"@type":"ListItem","position":1,"name":"Startseite","item":"https:\/\/optimiso-group.com\/de\/"},{"@type":"ListItem","position":2,"name":"Kunden","item":"https:\/\/optimiso-group.com\/de\/kunden\/"},{"@type":"ListItem","position":3,"name":"Geba\u00fcde und Konstruction"}]},{"@type":"WebSite","@id":"https:\/\/optimiso-group.com\/#website","url":"https:\/\/optimiso-group.com\/","name":"Optimiso Group","description":"Optimiso Software macht Ihre regulatorischen Einschr\u00e4nkungen zu echten Vorteilen. Entdecken Sie unsere einfachen und n\u00fctzlichen L\u00f6sungen f\u00fcr Ihre Projekte in den Bereichen interne Organisation, ISO-Zertifizierung, interne Kontrolle und Risikomanagement.","publisher":{"@id":"https:\/\/optimiso-group.com\/#organization"},"potentialAction":[{"@type":"SearchAction","target":{"@type":"EntryPoint","urlTemplate":"https:\/\/optimiso-group.com\/?s={search_term_string}"},"query-input":{"@type":"PropertyValueSpecification","valueRequired":true,"valueName":"search_term_string"}}],"inLanguage":"de"},{"@type":"Organization","@id":"https:\/\/optimiso-group.com\/#organization","name":"Optimiso Group","url":"https:\/\/optimiso-group.com\/","logo":{"@type":"ImageObject","inLanguage":"de","@id":"https:\/\/optimiso-group.com\/#\/schema\/logo\/image\/","url":"https:\/\/optimiso-group.com\/wp-content\/uploads\/2018\/03\/logo-optimiso-group.png","contentUrl":"https:\/\/optimiso-group.com\/wp-content\/uploads\/2018\/03\/logo-optimiso-group.png","width":351,"height":177,"caption":"Optimiso Group"},"image":{"@id":"https:\/\/optimiso-group.com\/#\/schema\/logo\/image\/"}}]}},"_links":{"self":[{"href":"https:\/\/optimiso-group.com\/de\/wp-json\/wp\/v2\/pages\/20520","targetHints":{"allow":["GET"]}}],"collection":[{"href":"https:\/\/optimiso-group.com\/de\/wp-json\/wp\/v2\/pages"}],"about":[{"href":"https:\/\/optimiso-group.com\/de\/wp-json\/wp\/v2\/types\/page"}],"author":[{"embeddable":true,"href":"https:\/\/optimiso-group.com\/de\/wp-json\/wp\/v2\/users\/6"}],"replies":[{"embeddable":true,"href":"https:\/\/optimiso-group.com\/de\/wp-json\/wp\/v2\/comments?post=20520"}],"version-history":[{"count":1,"href":"https:\/\/optimiso-group.com\/de\/wp-json\/wp\/v2\/pages\/20520\/revisions"}],"predecessor-version":[{"id":29110,"href":"https:\/\/optimiso-group.com\/de\/wp-json\/wp\/v2\/pages\/20520\/revisions\/29110"}],"up":[{"embeddable":true,"href":"https:\/\/optimiso-group.com\/de\/wp-json\/wp\/v2\/pages\/7180"}],"wp:featuredmedia":[{"embeddable":true,"href":"https:\/\/optimiso-group.com\/de\/wp-json\/wp\/v2\/media\/26977"}],"wp:attachment":[{"href":"https:\/\/optimiso-group.com\/de\/wp-json\/wp\/v2\/media?parent=20520"}],"curies":[{"name":"wp","href":"https:\/\/api.w.org\/{rel}","templated":true}]}}