{"id":20681,"date":"2021-11-16T13:49:25","date_gmt":"2021-11-16T12:49:25","guid":{"rendered":"https:\/\/optimiso-group.com\/videos\/software-internal-organisation-hr\/"},"modified":"2026-02-17T10:57:35","modified_gmt":"2026-02-17T09:57:35","slug":"software-internal-organisation-hr","status":"publish","type":"page","link":"https:\/\/optimiso-group.com\/de\/videos\/software-internal-organisation-hr\/","title":{"rendered":"Video &#8211; Ihre interne und HR Organisation in drei Klicks dank der Optimiso Software !"},"content":{"rendered":"<p>[et_pb_section fb_built=&#8220;1&#8243; _builder_version=&#8220;4.16&#8243; _module_preset=&#8220;default&#8220; custom_padding=&#8220;38px|||||&#8220; global_colors_info=&#8220;{}&#8220;][et_pb_row _builder_version=&#8220;4.16&#8243; _module_preset=&#8220;default&#8220; custom_margin=&#8220;-29px|auto||auto||&#8220; custom_padding=&#8220;0px||2px|||&#8220; global_colors_info=&#8220;{}&#8220;][et_pb_column type=&#8220;4_4&#8243; _builder_version=&#8220;4.16&#8243; _module_preset=&#8220;default&#8220; global_colors_info=&#8220;{}&#8220;][et_pb_text _builder_version=&#8220;4.27.4&#8243; _module_preset=&#8220;default&#8220; hover_enabled=&#8220;0&#8243; global_colors_info=&#8220;{}&#8220; sticky_enabled=&#8220;0&#8243;]<\/p>\n<h1><strong><span style=\"color: #000000;\">Ihre interne und HR Organisation in drei Klicks dank der Optimiso Software !<\/span><\/strong><\/h1>\n<div id=\"gtx-trans\" style=\"position: absolute; left: -6px; top: 9.4375px;\">\n<div class=\"gtx-trans-icon\">\u00a0<\/div>\n<\/div>\n<p>[\/et_pb_text][et_pb_text _builder_version=&#8220;4.16.0&#8243; _module_preset=&#8220;default&#8220; custom_padding=&#8220;||0px|||&#8220; global_colors_info=&#8220;{}&#8220;]<\/p>\n<div style=\"padding:56.25% 0 0 0;position:relative;\"><iframe src=\"https:\/\/player.vimeo.com\/video\/353753051?h=4ad0fa0e39&amp;badge=0&amp;autopause=0&amp;player_id=0&amp;app_id=58479\" frameborder=\"0\" allow=\"autoplay; fullscreen; picture-in-picture\" allowfullscreen style=\"position:absolute;top:0;left:0;width:100%;height:100%;\" title=\"Ihre interne und HR Organisation in drei Klicks dank der Optimiso Suite Software !\"><\/iframe><\/div>\n<p><script src=\"https:\/\/player.vimeo.com\/api\/player.js\"><\/script><\/p>\n<p>[\/et_pb_text][et_pb_text _builder_version=&#8220;4.16.0&#8243; _module_preset=&#8220;default&#8220; global_colors_info=&#8220;{}&#8220;]<\/p>\n<p>Unabh\u00e4ngig von Ihrer T\u00e4tigkeit ist die interne Organisation die Grundlage f\u00fcr das reibungslose Funktionieren Ihres Unternehmens. Es reicht nicht aus, dar\u00fcber nachzudenken und sie den Mitarbeitern zu erkl\u00e4ren, sie muss auch beschrieben und f\u00fcr alle leicht zug\u00e4nglich gemacht werden.<\/p>\n<p>Mit der Optimiso Software werden Sie an Effizienz und Flexibilit\u00e4t gewinnen.<\/p>\n<ul>\n<li>Zentralisierte und f\u00fcr alle zug\u00e4ngliche Informationen<\/li>\n<li>Einfache Dokumentation aller Ihrer Aktivit\u00e4ten<\/li>\n<li>L\u00f6sung, die mit den normativen und gesetzlichen Anforderungen konform ist<\/li>\n<\/ul>\n<p>[\/et_pb_text][\/et_pb_column][\/et_pb_row][et_pb_row _builder_version=&#8220;4.16.0&#8243; _module_preset=&#8220;default&#8220; global_colors_info=&#8220;{}&#8220;][et_pb_column type=&#8220;4_4&#8243; _builder_version=&#8220;4.16.0&#8243; _module_preset=&#8220;default&#8220; global_colors_info=&#8220;{}&#8220;][et_pb_button button_url=&#8220;https:\/\/optimiso-group.com\/de\/optimiso-software-demo-anfrage\/?utm_source=website&#038;utm_medium=video&#8220; button_text=&#8220;Eine Demo erhalten&#8220; button_alignment=&#8220;center&#8220; _builder_version=&#8220;4.16.0&#8243; _module_preset=&#8220;default&#8220; custom_button=&#8220;on&#8220; button_text_color=&#8220;#01b1ec&#8220; button_border_width=&#8220;2px&#8220; button_use_icon=&#8220;off&#8220; global_colors_info=&#8220;{}&#8220; transform_styles__hover_enabled=&#8220;on|desktop&#8220; transform_scale__hover_enabled=&#8220;on|hover&#8220; transform_translate__hover_enabled=&#8220;on|desktop&#8220; transform_rotate__hover_enabled=&#8220;on|desktop&#8220; transform_skew__hover_enabled=&#8220;on|desktop&#8220; transform_origin__hover_enabled=&#8220;on|desktop&#8220; custom_margin__hover_enabled=&#8220;on|desktop&#8220; button_text_size__hover_enabled=&#8220;on|desktop&#8220; button_text_color__hover_enabled=&#8220;on|hover&#8220; button_border_width__hover_enabled=&#8220;on|hover&#8220; button_text_color__hover=&#8220;#01b1ec&#8220; button_border_width__hover=&#8220;2px&#8220; button_border_color__hover_enabled=&#8220;on|hover&#8220; button_border_radius__hover_enabled=&#8220;on|hover&#8220; button_border_radius__hover=&#8220;3px&#8220; filter_hue_rotate__hover_enabled=&#8220;on|hover&#8220; button_bg_color__hover_enabled=&#8220;on|hover&#8220; button_bg_color__hover=&#8220;#ffffff&#8220; button_bg_enable_color__hover=&#8220;on&#8220; button_border_color__hover=&#8220;#01b1ec&#8220;][\/et_pb_button][\/et_pb_column][\/et_pb_row][\/et_pb_section]<\/p>\n","protected":false},"excerpt":{"rendered":"<p>Ihre interne und HR Organisation in drei Klicks dank&#8230;<\/p>\n","protected":false},"author":6,"featured_media":0,"parent":7474,"menu_order":23,"comment_status":"closed","ping_status":"closed","template":"","meta":{"_acf_changed":false,"_et_pb_use_builder":"on","_et_pb_old_content":"","_et_gb_content_width":"","_mo_disable_npp":"","footnotes":""},"class_list":["post-20681","page","type-page","status-publish","hentry"],"acf":[],"yoast_head":"<!-- This site is optimized with the Yoast SEO plugin v24.5 - https:\/\/yoast.com\/wordpress\/plugins\/seo\/ -->\n<title>Ihre interne und HR Organisation in drei Klicks mit Optimiso !<\/title>\n<meta name=\"description\" content=\"Unabh\u00e4ngig von Ihrer T\u00e4tigkeit ist die interne Organisation die Grundlage f\u00fcr das reibungslose Funktionieren Ihres Unternehmens.\" \/>\n<meta name=\"robots\" content=\"index, follow, max-snippet:-1, max-image-preview:large, max-video-preview:-1\" \/>\n<link rel=\"canonical\" href=\"https:\/\/optimiso-group.com\/de\/videos\/software-internal-organisation-hr\/\" \/>\n<meta property=\"og:locale\" content=\"de_DE\" \/>\n<meta property=\"og:type\" content=\"article\" \/>\n<meta property=\"og:title\" content=\"Ihre interne und HR Organisation in drei Klicks mit Optimiso !\" \/>\n<meta property=\"og:description\" content=\"Unabh\u00e4ngig von Ihrer T\u00e4tigkeit ist die interne Organisation die Grundlage f\u00fcr das reibungslose Funktionieren Ihres Unternehmens.\" \/>\n<meta property=\"og:url\" content=\"https:\/\/optimiso-group.com\/de\/videos\/software-internal-organisation-hr\/\" \/>\n<meta property=\"og:site_name\" content=\"Optimiso Group\" \/>\n<meta property=\"article:modified_time\" content=\"2026-02-17T09:57:35+00:00\" \/>\n<meta name=\"twitter:card\" content=\"summary_large_image\" \/>\n<meta name=\"twitter:label1\" content=\"Gesch\u00e4tzte Lesezeit\" \/>\n\t<meta name=\"twitter:data1\" content=\"1\u00a0Minute\" \/>\n<script type=\"application\/ld+json\" class=\"yoast-schema-graph\">{\"@context\":\"https:\/\/schema.org\",\"@graph\":[{\"@type\":\"WebPage\",\"@id\":\"https:\/\/optimiso-group.com\/de\/videos\/software-internal-organisation-hr\/\",\"url\":\"https:\/\/optimiso-group.com\/de\/videos\/software-internal-organisation-hr\/\",\"name\":\"Ihre interne und HR Organisation in drei Klicks mit Optimiso !\",\"isPartOf\":{\"@id\":\"https:\/\/optimiso-group.com\/#website\"},\"datePublished\":\"2021-11-16T12:49:25+00:00\",\"dateModified\":\"2026-02-17T09:57:35+00:00\",\"description\":\"Unabh\u00e4ngig von Ihrer T\u00e4tigkeit ist die interne Organisation die Grundlage f\u00fcr das reibungslose Funktionieren Ihres Unternehmens.\",\"breadcrumb\":{\"@id\":\"https:\/\/optimiso-group.com\/de\/videos\/software-internal-organisation-hr\/#breadcrumb\"},\"inLanguage\":\"de\",\"potentialAction\":[{\"@type\":\"ReadAction\",\"target\":[\"https:\/\/optimiso-group.com\/de\/videos\/software-internal-organisation-hr\/\"]}]},{\"@type\":\"BreadcrumbList\",\"@id\":\"https:\/\/optimiso-group.com\/de\/videos\/software-internal-organisation-hr\/#breadcrumb\",\"itemListElement\":[{\"@type\":\"ListItem\",\"position\":1,\"name\":\"Startseite\",\"item\":\"https:\/\/optimiso-group.com\/de\/\"},{\"@type\":\"ListItem\",\"position\":2,\"name\":\"Vid\u00e9os\",\"item\":\"https:\/\/optimiso-group.com\/de\/videos\/\"},{\"@type\":\"ListItem\",\"position\":3,\"name\":\"Video &#8211; Ihre interne und HR Organisation in drei Klicks dank der Optimiso Software !\"}]},{\"@type\":\"WebSite\",\"@id\":\"https:\/\/optimiso-group.com\/#website\",\"url\":\"https:\/\/optimiso-group.com\/\",\"name\":\"Optimiso Group\",\"description\":\"Optimiso Software macht Ihre regulatorischen Einschr\u00e4nkungen zu echten Vorteilen. Entdecken Sie unsere einfachen und n\u00fctzlichen L\u00f6sungen f\u00fcr Ihre Projekte in den Bereichen interne Organisation, ISO-Zertifizierung, interne Kontrolle und Risikomanagement.\",\"publisher\":{\"@id\":\"https:\/\/optimiso-group.com\/#organization\"},\"potentialAction\":[{\"@type\":\"SearchAction\",\"target\":{\"@type\":\"EntryPoint\",\"urlTemplate\":\"https:\/\/optimiso-group.com\/?s={search_term_string}\"},\"query-input\":{\"@type\":\"PropertyValueSpecification\",\"valueRequired\":true,\"valueName\":\"search_term_string\"}}],\"inLanguage\":\"de\"},{\"@type\":\"Organization\",\"@id\":\"https:\/\/optimiso-group.com\/#organization\",\"name\":\"Optimiso Group\",\"url\":\"https:\/\/optimiso-group.com\/\",\"logo\":{\"@type\":\"ImageObject\",\"inLanguage\":\"de\",\"@id\":\"https:\/\/optimiso-group.com\/#\/schema\/logo\/image\/\",\"url\":\"https:\/\/optimiso-group.com\/wp-content\/uploads\/2018\/03\/logo-optimiso-group.png\",\"contentUrl\":\"https:\/\/optimiso-group.com\/wp-content\/uploads\/2018\/03\/logo-optimiso-group.png\",\"width\":351,\"height\":177,\"caption\":\"Optimiso Group\"},\"image\":{\"@id\":\"https:\/\/optimiso-group.com\/#\/schema\/logo\/image\/\"}}]}<\/script>\n<!-- \/ Yoast SEO plugin. -->","yoast_head_json":{"title":"Ihre interne und HR Organisation in drei Klicks mit Optimiso !","description":"Unabh\u00e4ngig von Ihrer T\u00e4tigkeit ist die interne Organisation die Grundlage f\u00fcr das reibungslose Funktionieren Ihres Unternehmens.","robots":{"index":"index","follow":"follow","max-snippet":"max-snippet:-1","max-image-preview":"max-image-preview:large","max-video-preview":"max-video-preview:-1"},"canonical":"https:\/\/optimiso-group.com\/de\/videos\/software-internal-organisation-hr\/","og_locale":"de_DE","og_type":"article","og_title":"Ihre interne und HR Organisation in drei Klicks mit Optimiso !","og_description":"Unabh\u00e4ngig von Ihrer T\u00e4tigkeit ist die interne Organisation die Grundlage f\u00fcr das reibungslose Funktionieren Ihres Unternehmens.","og_url":"https:\/\/optimiso-group.com\/de\/videos\/software-internal-organisation-hr\/","og_site_name":"Optimiso Group","article_modified_time":"2026-02-17T09:57:35+00:00","twitter_card":"summary_large_image","twitter_misc":{"Gesch\u00e4tzte Lesezeit":"1\u00a0Minute"},"schema":{"@context":"https:\/\/schema.org","@graph":[{"@type":"WebPage","@id":"https:\/\/optimiso-group.com\/de\/videos\/software-internal-organisation-hr\/","url":"https:\/\/optimiso-group.com\/de\/videos\/software-internal-organisation-hr\/","name":"Ihre interne und HR Organisation in drei Klicks mit Optimiso !","isPartOf":{"@id":"https:\/\/optimiso-group.com\/#website"},"datePublished":"2021-11-16T12:49:25+00:00","dateModified":"2026-02-17T09:57:35+00:00","description":"Unabh\u00e4ngig von Ihrer T\u00e4tigkeit ist die interne Organisation die Grundlage f\u00fcr das reibungslose Funktionieren Ihres Unternehmens.","breadcrumb":{"@id":"https:\/\/optimiso-group.com\/de\/videos\/software-internal-organisation-hr\/#breadcrumb"},"inLanguage":"de","potentialAction":[{"@type":"ReadAction","target":["https:\/\/optimiso-group.com\/de\/videos\/software-internal-organisation-hr\/"]}]},{"@type":"BreadcrumbList","@id":"https:\/\/optimiso-group.com\/de\/videos\/software-internal-organisation-hr\/#breadcrumb","itemListElement":[{"@type":"ListItem","position":1,"name":"Startseite","item":"https:\/\/optimiso-group.com\/de\/"},{"@type":"ListItem","position":2,"name":"Vid\u00e9os","item":"https:\/\/optimiso-group.com\/de\/videos\/"},{"@type":"ListItem","position":3,"name":"Video &#8211; Ihre interne und HR Organisation in drei Klicks dank der Optimiso Software !"}]},{"@type":"WebSite","@id":"https:\/\/optimiso-group.com\/#website","url":"https:\/\/optimiso-group.com\/","name":"Optimiso Group","description":"Optimiso Software macht Ihre regulatorischen Einschr\u00e4nkungen zu echten Vorteilen. Entdecken Sie unsere einfachen und n\u00fctzlichen L\u00f6sungen f\u00fcr Ihre Projekte in den Bereichen interne Organisation, ISO-Zertifizierung, interne Kontrolle und Risikomanagement.","publisher":{"@id":"https:\/\/optimiso-group.com\/#organization"},"potentialAction":[{"@type":"SearchAction","target":{"@type":"EntryPoint","urlTemplate":"https:\/\/optimiso-group.com\/?s={search_term_string}"},"query-input":{"@type":"PropertyValueSpecification","valueRequired":true,"valueName":"search_term_string"}}],"inLanguage":"de"},{"@type":"Organization","@id":"https:\/\/optimiso-group.com\/#organization","name":"Optimiso Group","url":"https:\/\/optimiso-group.com\/","logo":{"@type":"ImageObject","inLanguage":"de","@id":"https:\/\/optimiso-group.com\/#\/schema\/logo\/image\/","url":"https:\/\/optimiso-group.com\/wp-content\/uploads\/2018\/03\/logo-optimiso-group.png","contentUrl":"https:\/\/optimiso-group.com\/wp-content\/uploads\/2018\/03\/logo-optimiso-group.png","width":351,"height":177,"caption":"Optimiso Group"},"image":{"@id":"https:\/\/optimiso-group.com\/#\/schema\/logo\/image\/"}}]}},"_links":{"self":[{"href":"https:\/\/optimiso-group.com\/de\/wp-json\/wp\/v2\/pages\/20681","targetHints":{"allow":["GET"]}}],"collection":[{"href":"https:\/\/optimiso-group.com\/de\/wp-json\/wp\/v2\/pages"}],"about":[{"href":"https:\/\/optimiso-group.com\/de\/wp-json\/wp\/v2\/types\/page"}],"author":[{"embeddable":true,"href":"https:\/\/optimiso-group.com\/de\/wp-json\/wp\/v2\/users\/6"}],"replies":[{"embeddable":true,"href":"https:\/\/optimiso-group.com\/de\/wp-json\/wp\/v2\/comments?post=20681"}],"version-history":[{"count":3,"href":"https:\/\/optimiso-group.com\/de\/wp-json\/wp\/v2\/pages\/20681\/revisions"}],"predecessor-version":[{"id":29161,"href":"https:\/\/optimiso-group.com\/de\/wp-json\/wp\/v2\/pages\/20681\/revisions\/29161"}],"up":[{"embeddable":true,"href":"https:\/\/optimiso-group.com\/de\/wp-json\/wp\/v2\/pages\/7474"}],"wp:attachment":[{"href":"https:\/\/optimiso-group.com\/de\/wp-json\/wp\/v2\/media?parent=20681"}],"curies":[{"name":"wp","href":"https:\/\/api.w.org\/{rel}","templated":true}]}}