{"id":21796,"date":"2022-09-15T10:13:54","date_gmt":"2022-09-15T08:13:54","guid":{"rendered":"https:\/\/optimiso-group.com\/kunden\/finanzinstitutionen\/"},"modified":"2026-01-30T11:44:45","modified_gmt":"2026-01-30T10:44:45","slug":"transport","status":"publish","type":"page","link":"https:\/\/optimiso-group.com\/de\/kunden\/transport\/","title":{"rendered":"Transport"},"content":{"rendered":"<p>[et_pb_section fb_built=&#8220;1&#8243; fullwidth=&#8220;on&#8220; _builder_version=&#8220;4.16&#8243; _module_preset=&#8220;default&#8220; use_background_color_gradient=&#8220;on&#8220; background_color_gradient_direction=&#8220;105deg&#8220; global_colors_info=&#8220;{}&#8220;][et_pb_fullwidth_header title=&#8220;Transport&#8220; button_one_text=&#8220;Die Vorteile ansehen (2 min)&#8220; button_one_url=&#8220;https:\/\/optimiso-group.com\/de\/videos\/sofware-iso-zertifizierungen\/&#8220; button_two_text=&#8220;Die L\u00f6sung entdecken&#8220; button_two_url=&#8220;https:\/\/optimiso-group.com\/de\/software\/zertifizierungen\/certification-iso-9001\/&#8220; content_tablet=&#8220;&#8220; content_phone=&#8220;&#8220; content_last_edited=&#8220;on|phone&#8220; _builder_version=&#8220;4.17.4&#8243; _module_preset=&#8220;default&#8220; title_font=&#8220;Arial|700|||||||&#8220; title_font_size=&#8220;50px&#8220; content_font=&#8220;Arial|700|||||||&#8220; subhead_font=&#8220;||||||||&#8220; subhead_font_size=&#8220;25px&#8220; background_color=&#8220;#FFFFFF&#8220; use_background_color_gradient=&#8220;on&#8220; background_color_gradient_direction=&#8220;150deg&#8220; background_color_gradient_stops=&#8220;rgba(0,0,0,0.38) 100%|rgba(0,0,0,0.44) 100%&#8220; background_color_gradient_overlays_image=&#8220;on&#8220; background_color_gradient_start=&#8220;rgba(0,0,0,0.38)&#8220; background_color_gradient_end=&#8220;rgba(0,0,0,0.44)&#8220; background_image=&#8220;https:\/\/optimiso-group.com\/wp-content\/uploads\/2022\/09\/secteur-transport-min.png&#8220; custom_button_one=&#8220;on&#8220; button_one_text_color=&#8220;#FFFFFF&#8220; button_one_bg_color=&#8220;#01b1ec&#8220; button_one_border_width=&#8220;3px&#8220; button_one_border_color=&#8220;#01b1ec&#8220; button_one_border_radius=&#8220;0px&#8220; button_one_letter_spacing=&#8220;0px&#8220; button_one_use_icon=&#8220;off&#8220; custom_button_two=&#8220;on&#8220; button_two_text_color=&#8220;#FFFFFF&#8220; button_two_bg_color=&#8220;RGBA(0,0,0,0)&#8220; button_two_border_width=&#8220;3px&#8220; button_two_border_color=&#8220;#FFFFFF&#8220; button_two_border_radius=&#8220;0px&#8220; button_two_use_icon=&#8220;off&#8220; button_two_custom_margin=&#8220;|0px||0px|false|false&#8220; custom_padding=&#8220;40px||40px||false|false&#8220; custom_padding_tablet=&#8220;&#8220; custom_padding_phone=&#8220;20px||20px||false|false&#8220; custom_padding_last_edited=&#8220;on|phone&#8220; title_font_size_tablet=&#8220;&#8220; title_font_size_phone=&#8220;25px&#8220; title_font_size_last_edited=&#8220;on|desktop&#8220; subhead_text_color_tablet=&#8220;&#8220; subhead_text_color_phone=&#8220;&#8220; subhead_text_color_last_edited=&#8220;on|phone&#8220; subhead_font_size_tablet=&#8220;&#8220; subhead_font_size_phone=&#8220;20px&#8220; subhead_font_size_last_edited=&#8220;on|phone&#8220; button_one_text_size_tablet=&#8220;&#8220; button_one_text_size_phone=&#8220;16px&#8220; button_one_text_size_last_edited=&#8220;on|phone&#8220; button_two_text_size_tablet=&#8220;&#8220; button_two_text_size_phone=&#8220;16px&#8220; button_two_text_size_last_edited=&#8220;on|desktop&#8220; global_colors_info=&#8220;{}&#8220;]<\/p>\n<p>&nbsp;<\/p>\n<p>&nbsp;<\/p>\n<p>[\/et_pb_fullwidth_header][\/et_pb_section][et_pb_section fb_built=&#8220;1&#8243; _builder_version=&#8220;4.16&#8243; custom_padding=&#8220;0px|0px|0px|0px||&#8220; global_colors_info=&#8220;{}&#8220;][et_pb_row _builder_version=&#8220;4.16&#8243; _module_preset=&#8220;default&#8220; min_height=&#8220;11.9px&#8220; custom_padding=&#8220;45px|20px|20px|20px|false|false&#8220; global_colors_info=&#8220;{}&#8220;][et_pb_column type=&#8220;4_4&#8243; _builder_version=&#8220;4.16&#8243; _module_preset=&#8220;default&#8220; global_colors_info=&#8220;{}&#8220;][et_pb_text _builder_version=&#8220;4.17.4&#8243; _module_preset=&#8220;default&#8220; text_font=&#8220;Arial||||||||&#8220; text_text_color=&#8220;#000000&#8243; custom_padding=&#8220;||0px|||&#8220; global_colors_info=&#8220;{}&#8220;]<\/p>\n<h3><strong>Sicherstellung der Qualit\u00e4t Ihrer Dienstleistungen und Einhaltung von VorschriftenIm<\/strong><\/h3>\n<p>[\/et_pb_text][et_pb_text _builder_version=&#8220;4.17.4&#8243; _module_preset=&#8220;default&#8220; text_font=&#8220;Arial||||||||&#8220; text_text_color=&#8220;#000000&#8243; custom_padding=&#8220;||0px|||&#8220; global_colors_info=&#8220;{}&#8220;]<\/p>\n<p><span style=\"color: #555555;\">Transportsektor m\u00fcssen Sie st\u00e4ndig die <strong>Qualit\u00e4t<\/strong> Ihrer Dienstleistungen <strong>garantieren<\/strong> und die <strong>Zufriedenheit<\/strong> Ihrer <strong>Kunden<\/strong> sicherstellen. <\/span><span style=\"color: #555555;\">Wahrscheinlich sind Sie nach <a href=\"https:\/\/optimiso-group.com\/de\/software\/zertifizierungen\/certification-iso-9001\/\"><strong>ISO 9001<\/strong><\/a> zertifiziert, um die Qualit\u00e4t Ihrer Dienstleistungen zu belegen, nach <a href=\"https:\/\/optimiso-group.com\/de\/software\/zertifizierungen\/iso-14001-zertifizierung\/\"><strong>ISO 14001<\/strong><\/a>, um Ihre Umweltleistung zu verbessern, oder nach <a href=\"https:\/\/optimiso-group.com\/de\/software\/zertifizierungen\/iso-45001_zertifizierung\/\"><strong>ISO 45001<\/strong><\/a>, um die Sicherheit Ihrer Mitarbeiter zu gew\u00e4hrleisten. Andere, spezifischere Normen (WCA, <a href=\"https:\/\/www.bazg.admin.ch\/bazg\/de\/home\/information-firmen\/waren-anmelden\/aeo-zugelassener-wirtschaftsbeteiligter.html\" target=\"_blank\" rel=\"noopener\" class=\"broken_link\">OAS<\/a> usw.) k\u00f6nnen Teil Ihrer Zertifizierungen sein.<\/span><\/p>\n<p><span style=\"color: #555555;\">Zus\u00e4tzlich zu diesen Ma\u00dfnahmen entscheiden sich einige Unternehmen f\u00fcr die Einf\u00fchrung einer <a href=\"https:\/\/optimiso-group.com\/de\/software\/interne-kontrolle\/internes-kontrollsystem\/\"><strong>internen Kontrolle<\/strong><\/a>. Dies kann mit geltenden Vorschriften zusammenh\u00e4ngen (\u00f6ffentliche Einrichtung oder Gro\u00dfunternehmen) oder mit dem Wunsch, gute Praktiken zu beweisen und das Risiko von Fehlern und Betrug zu verringern.\u00a0<\/span><\/p>\n<p><span style=\"color: #555555;\">Im Transportsektor ist es von grundlegender Bedeutung, eine <strong>starke Organisation<\/strong> zu schaffen und den Austausch mit den Mitarbeitern zu erleichtern, die oft \u00fcber das ganze Land verteilt sind. Es ist auch notwendig, die Kompetenzen zu verwalten und zu \u00fcberwachen, da einige Funktionen regelm\u00e4\u00dfige Eignungstests erfordern, wie z. B. die Erneuerung bestimmter Fahrzeuggenehmigungen.<\/span><\/p>\n<p><span style=\"color: #555555;\">Um zu beweisen, dass Sie diese verschiedenen Anforderungen erf\u00fcllen, m\u00fcssen Sie:<\/span><\/p>\n<ul>\n<li><span style=\"color: #555555;\">Ihre interne Organisation beschreiben (Prozesse, Arbeitsabl\u00e4ufe und Stellenbeschreibungen)<\/span><\/li>\n<li><span style=\"color: #555555;\">Risiken identifizieren und bewerten<\/span><\/li>\n<li><span style=\"color: #555555;\">Vorf\u00e4lle verwalten und Pl\u00e4ne zur kontinuierlichen Verbesserung umsetzen<\/span><\/li>\n<li><span style=\"color: #555555;\">Qualit\u00e4tssicherungsma\u00dfnahmen bewerten und die Einhaltung der Dienstleistungen garantieren<\/span><\/li>\n<li><span style=\"color: #555555;\">Berichte und andere rechtliche Dokumente erstellen<\/span><\/li>\n<\/ul>\n<p>[\/et_pb_text][\/et_pb_column][\/et_pb_row][et_pb_row _builder_version=&#8220;4.16&#8243; _module_preset=&#8220;default&#8220; background_color=&#8220;#f6f6f6&#8243; min_height=&#8220;11.9px&#8220; custom_padding=&#8220;|20px|20px|20px|false|false&#8220; global_colors_info=&#8220;{}&#8220;][et_pb_column type=&#8220;4_4&#8243; _builder_version=&#8220;4.16&#8243; _module_preset=&#8220;default&#8220; global_colors_info=&#8220;{}&#8220;][et_pb_text _builder_version=&#8220;4.17.4&#8243; _module_preset=&#8220;default&#8220; text_font=&#8220;Arial||||||||&#8220; text_text_color=&#8220;#000000&#8243; custom_padding=&#8220;||0px|||&#8220; global_colors_info=&#8220;{}&#8220;]<\/p>\n<h3><strong>Digitalisieren Sie Ihre Systeme f\u00fcr CSR, interne Kontrolle und interne Organisation<\/strong><\/h3>\n<div id=\"gtx-trans\" style=\"position: absolute; left: 208px; top: 3.71875px;\">\n<div class=\"gtx-trans-icon\">\u00a0<\/div>\n<\/div>\n<p>[\/et_pb_text][et_pb_text _builder_version=&#8220;4.27.4&#8243; _module_preset=&#8220;default&#8220; text_font=&#8220;Arial||||||||&#8220; text_text_color=&#8220;#000000&#8243; custom_padding=&#8220;||0px|||&#8220; hover_enabled=&#8220;0&#8243; global_colors_info=&#8220;{}&#8220; sticky_enabled=&#8220;0&#8243;]<\/p>\n<p><span style=\"color: #555555;\">Wie viele Akteure des Transportsektors machen Sie diese Anforderungen und Normen zu einem echten Vorteil f\u00fcr Ihr Unternehmen, indem Sie sich f\u00fcr Optimiso entscheiden!<\/span><\/p>\n<ul>\n<li><span style=\"color: #555555;\">Profitieren Sie von einem zuverl\u00e4ssigen und zentralisierten Qualit\u00e4tssystem<\/span><\/li>\n<li><span style=\"color: #555555;\">Verbessern Sie die Beteiligung der Mitarbeiter am Qualit\u00e4tsmanagement<\/span><\/li>\n<li><span style=\"color: #555555;\">Melden Sie schnell Vorf\u00e4lle und Nichtkonformit\u00e4ten<\/span><\/li>\n<li><span style=\"color: #555555;\">Automatisieren Sie die Nachverfolgung von Vorf\u00e4llen, Aktionspl\u00e4nen und Kontrollen- Beweisen Sie leicht Ihre Konformit\u00e4t bei Audits<\/span><\/li>\n<li><span style=\"color: #555555;\">Kommunizieren Sie leicht Ihre internen Dokumente an alle Mitarbeiter<\/span><\/li>\n<\/ul>\n<div id=\"gtx-trans\" style=\"position: absolute; left: 100px; top: 24px;\">\n<div class=\"gtx-trans-icon\">\u00a0<\/div>\n<\/div>\n<p>[\/et_pb_text][\/et_pb_column][\/et_pb_row][et_pb_row _builder_version=&#8220;4.17.4&#8243; _module_preset=&#8220;default&#8220; custom_padding=&#8220;|20px|20px|20px|false|false&#8220; global_colors_info=&#8220;{}&#8220;][et_pb_column type=&#8220;4_4&#8243; _builder_version=&#8220;4.17.4&#8243; _module_preset=&#8220;default&#8220; global_colors_info=&#8220;{}&#8220;][et_pb_text _builder_version=&#8220;4.17.4&#8243; _module_preset=&#8220;default&#8220; text_font=&#8220;Arial||||||||&#8220; text_text_color=&#8220;#000000&#8243; custom_padding=&#8220;||0px|||&#8220; global_colors_info=&#8220;{}&#8220;]<\/p>\n<h3><strong>Einige Referenzen<\/strong><\/h3>\n<div id=\"gtx-trans\" style=\"position: absolute; left: -25px; top: 3.71875px;\">\n<div class=\"gtx-trans-icon\">\u00a0<\/div>\n<\/div>\n<p>[\/et_pb_text][dica_divi_carousel show_items_tablet=&#8220;4&#8243; dot_nav=&#8220;on&#8220; item_spacing=&#8220;100&#8243; advanced_effect=&#8220;1&#8243; dots_active_color=&#8220;#01b1ec&#8220; carousel_container_margin=&#8220;-10px||-30px||false|false&#8220; _builder_version=&#8220;4.18.0&#8243; _module_preset=&#8220;default&#8220; custom_margin=&#8220;5px|||||&#8220; custom_padding=&#8220;||0px|||&#8220; global_colors_info=&#8220;{}&#8220;][dica_divi_carouselitem button_url_new_window=&#8220;1&#8243; image=&#8220;https:\/\/optimiso-group.com\/wp-content\/uploads\/2022\/09\/vmcv.png&#8220; _builder_version=&#8220;4.17.4&#8243; _module_preset=&#8220;default&#8220; link_option_url=&#8220;https:\/\/www.vmcv.ch\/de&#8220; link_option_url_new_window=&#8220;on&#8220; global_colors_info=&#8220;{}&#8220;][\/dica_divi_carouselitem][dica_divi_carouselitem button_url_new_window=&#8220;1&#8243; image=&#8220;https:\/\/optimiso-group.com\/wp-content\/uploads\/2022\/09\/mcb.png&#8220; _builder_version=&#8220;4.17.4&#8243; _module_preset=&#8220;default&#8220; link_option_url=&#8220;https:\/\/www.mbc.ch\/&#8220; link_option_url_new_window=&#8220;on&#8220; global_colors_info=&#8220;{}&#8220;][\/dica_divi_carouselitem][dica_divi_carouselitem button_url_new_window=&#8220;1&#8243; image=&#8220;https:\/\/optimiso-group.com\/wp-content\/uploads\/2022\/10\/transn.png&#8220; _builder_version=&#8220;4.18.0&#8243; _module_preset=&#8220;default&#8220; link_option_url=&#8220;https:\/\/www.transn.ch\/&#8220; link_option_url_new_window=&#8220;on&#8220; global_colors_info=&#8220;{}&#8220;][\/dica_divi_carouselitem][\/dica_divi_carousel][et_pb_text _builder_version=&#8220;4.17.4&#8243; _module_preset=&#8220;default&#8220; global_colors_info=&#8220;{}&#8220;]<\/p>\n<p>Und viele andere&#8230;<\/p>\n<p>[\/et_pb_text][\/et_pb_column][\/et_pb_row][et_pb_row _builder_version=&#8220;4.16&#8243; _module_preset=&#8220;default&#8220; min_height=&#8220;11.9px&#8220; custom_padding=&#8220;29px|20px|20px|20px|false|false&#8220; global_colors_info=&#8220;{}&#8220;][et_pb_column type=&#8220;4_4&#8243; _builder_version=&#8220;4.16&#8243; _module_preset=&#8220;default&#8220; global_colors_info=&#8220;{}&#8220;][et_pb_text _builder_version=&#8220;4.17.4&#8243; _module_preset=&#8220;default&#8220; text_font=&#8220;Arial||||||||&#8220; text_text_color=&#8220;#000000&#8243; custom_padding=&#8220;||0px|||&#8220; global_colors_info=&#8220;{}&#8220;]<\/p>\n<h3><strong>Ein Projekt ?<\/strong><\/h3>\n<p><span style=\"color: #555555;\">Haben Sie ein Projekt, das mit Qualit\u00e4t, interner Kontrolle oder interner Organisation zu tun hat?<\/span><\/p>\n<p>[\/et_pb_text][et_pb_button button_url=&#8220;https:\/\/optimiso-group.com\/de\/kontakt\/&#8220; button_text=&#8220;Lass uns dar\u00fcber reden !&#8220; button_alignment=&#8220;center&#8220; _builder_version=&#8220;4.17.4&#8243; custom_button=&#8220;on&#8220; button_text_size=&#8220;20px&#8220; button_text_color=&#8220;#FFFFFF&#8220; button_bg_color=&#8220;#01b1ec&#8220; button_border_width=&#8220;3px&#8220; button_border_color=&#8220;#01b1ec&#8220; button_border_radius=&#8220;0px&#8220; button_letter_spacing=&#8220;0px&#8220; button_font=&#8220;||||||||&#8220; button_use_icon=&#8220;off&#8220; background_layout=&#8220;dark&#8220; custom_margin=&#8220;|||&#8220; custom_padding=&#8220;3px|17px|3px|17px|false|false&#8220; button_text_size_tablet=&#8220;&#8220; button_text_size_phone=&#8220;16px&#8220; button_text_size_last_edited=&#8220;on|phone&#8220; button_font_tablet=&#8220;&#8220; button_font_phone=&#8220;&#8220; button_font_last_edited=&#8220;on|phone&#8220; button_letter_spacing_hover=&#8220;1px&#8220; locked=&#8220;off&#8220; global_colors_info=&#8220;{}&#8220; button_text_size__hover_enabled=&#8220;off&#8220; button_one_text_size__hover_enabled=&#8220;off&#8220; button_two_text_size__hover_enabled=&#8220;off&#8220; button_text_color__hover_enabled=&#8220;off&#8220; button_one_text_color__hover_enabled=&#8220;off&#8220; button_two_text_color__hover_enabled=&#8220;off&#8220; button_border_width__hover_enabled=&#8220;off&#8220; button_one_border_width__hover_enabled=&#8220;off&#8220; button_two_border_width__hover_enabled=&#8220;off&#8220; button_border_color__hover_enabled=&#8220;off&#8220; button_one_border_color__hover_enabled=&#8220;off&#8220; button_two_border_color__hover_enabled=&#8220;off&#8220; button_border_radius__hover_enabled=&#8220;off&#8220; button_one_border_radius__hover_enabled=&#8220;off&#8220; button_two_border_radius__hover_enabled=&#8220;off&#8220; button_letter_spacing__hover_enabled=&#8220;on|hover&#8220; button_letter_spacing__hover=&#8220;0px&#8220; button_one_letter_spacing__hover_enabled=&#8220;off&#8220; button_two_letter_spacing__hover_enabled=&#8220;off&#8220; button_bg_color__hover_enabled=&#8220;off&#8220; button_one_bg_color__hover_enabled=&#8220;off&#8220; button_two_bg_color__hover_enabled=&#8220;off&#8220;][\/et_pb_button][\/et_pb_column][\/et_pb_row][\/et_pb_section]<\/p>\n","protected":false},"excerpt":{"rendered":"<p>Transport &nbsp; &nbsp; Die Vorteile ansehen (2&#8230;<\/p>\n","protected":false},"author":6,"featured_media":21842,"parent":7180,"menu_order":16,"comment_status":"closed","ping_status":"closed","template":"","meta":{"_acf_changed":false,"_et_pb_use_builder":"on","_et_pb_old_content":"","_et_gb_content_width":"","_mo_disable_npp":"","footnotes":""},"class_list":["post-21796","page","type-page","status-publish","has-post-thumbnail","hentry"],"acf":[],"yoast_head":"<!-- This site is optimized with the Yoast SEO plugin v24.5 - https:\/\/yoast.com\/wordpress\/plugins\/seo\/ -->\n<title>Qualit\u00e4tsmanagement und Organisation im Transportsektor<\/title>\n<meta name=\"description\" content=\"Mit der Software Optimiso sichern Sie die Qualit\u00e4t Ihrer Dienstleistungen und digitalisieren Ihre QSE-, internen Kontroll- und Organisationssysteme.\" \/>\n<meta name=\"robots\" content=\"index, follow, max-snippet:-1, max-image-preview:large, max-video-preview:-1\" \/>\n<link rel=\"canonical\" href=\"https:\/\/optimiso-group.com\/de\/kunden\/transport\/\" \/>\n<meta property=\"og:locale\" content=\"de_DE\" \/>\n<meta property=\"og:type\" content=\"article\" \/>\n<meta property=\"og:title\" content=\"Qualit\u00e4tsmanagement und Organisation im Transportsektor\" \/>\n<meta property=\"og:description\" content=\"Mit der Software Optimiso sichern Sie die Qualit\u00e4t Ihrer Dienstleistungen und digitalisieren Ihre QSE-, internen Kontroll- und Organisationssysteme.\" \/>\n<meta property=\"og:url\" content=\"https:\/\/optimiso-group.com\/de\/kunden\/transport\/\" \/>\n<meta property=\"og:site_name\" content=\"Optimiso Group\" \/>\n<meta property=\"article:modified_time\" content=\"2026-01-30T10:44:45+00:00\" \/>\n<meta property=\"og:image\" content=\"https:\/\/optimiso-group.com\/wp-content\/uploads\/2022\/09\/transport.png\" \/>\n\t<meta property=\"og:image:width\" content=\"500\" \/>\n\t<meta property=\"og:image:height\" content=\"500\" \/>\n\t<meta property=\"og:image:type\" content=\"image\/png\" \/>\n<meta name=\"twitter:card\" content=\"summary_large_image\" \/>\n<meta name=\"twitter:label1\" content=\"Gesch\u00e4tzte Lesezeit\" \/>\n\t<meta name=\"twitter:data1\" content=\"3\u00a0Minuten\" \/>\n<script type=\"application\/ld+json\" class=\"yoast-schema-graph\">{\"@context\":\"https:\/\/schema.org\",\"@graph\":[{\"@type\":\"WebPage\",\"@id\":\"https:\/\/optimiso-group.com\/de\/kunden\/transport\/\",\"url\":\"https:\/\/optimiso-group.com\/de\/kunden\/transport\/\",\"name\":\"Qualit\u00e4tsmanagement und Organisation im Transportsektor\",\"isPartOf\":{\"@id\":\"https:\/\/optimiso-group.com\/#website\"},\"primaryImageOfPage\":{\"@id\":\"https:\/\/optimiso-group.com\/de\/kunden\/transport\/#primaryimage\"},\"image\":{\"@id\":\"https:\/\/optimiso-group.com\/de\/kunden\/transport\/#primaryimage\"},\"thumbnailUrl\":\"https:\/\/optimiso-group.com\/wp-content\/uploads\/2022\/09\/transport.png\",\"datePublished\":\"2022-09-15T08:13:54+00:00\",\"dateModified\":\"2026-01-30T10:44:45+00:00\",\"description\":\"Mit der Software Optimiso sichern Sie die Qualit\u00e4t Ihrer Dienstleistungen und digitalisieren Ihre QSE-, internen Kontroll- und Organisationssysteme.\",\"breadcrumb\":{\"@id\":\"https:\/\/optimiso-group.com\/de\/kunden\/transport\/#breadcrumb\"},\"inLanguage\":\"de\",\"potentialAction\":[{\"@type\":\"ReadAction\",\"target\":[\"https:\/\/optimiso-group.com\/de\/kunden\/transport\/\"]}]},{\"@type\":\"ImageObject\",\"inLanguage\":\"de\",\"@id\":\"https:\/\/optimiso-group.com\/de\/kunden\/transport\/#primaryimage\",\"url\":\"https:\/\/optimiso-group.com\/wp-content\/uploads\/2022\/09\/transport.png\",\"contentUrl\":\"https:\/\/optimiso-group.com\/wp-content\/uploads\/2022\/09\/transport.png\",\"width\":500,\"height\":500,\"caption\":\"qualit\u00e9 de services transport\"},{\"@type\":\"BreadcrumbList\",\"@id\":\"https:\/\/optimiso-group.com\/de\/kunden\/transport\/#breadcrumb\",\"itemListElement\":[{\"@type\":\"ListItem\",\"position\":1,\"name\":\"Startseite\",\"item\":\"https:\/\/optimiso-group.com\/de\/\"},{\"@type\":\"ListItem\",\"position\":2,\"name\":\"Kunden\",\"item\":\"https:\/\/optimiso-group.com\/de\/kunden\/\"},{\"@type\":\"ListItem\",\"position\":3,\"name\":\"Transport\"}]},{\"@type\":\"WebSite\",\"@id\":\"https:\/\/optimiso-group.com\/#website\",\"url\":\"https:\/\/optimiso-group.com\/\",\"name\":\"Optimiso Group\",\"description\":\"Optimiso Software macht Ihre regulatorischen Einschr\u00e4nkungen zu echten Vorteilen. Entdecken Sie unsere einfachen und n\u00fctzlichen L\u00f6sungen f\u00fcr Ihre Projekte in den Bereichen interne Organisation, ISO-Zertifizierung, interne Kontrolle und Risikomanagement.\",\"publisher\":{\"@id\":\"https:\/\/optimiso-group.com\/#organization\"},\"potentialAction\":[{\"@type\":\"SearchAction\",\"target\":{\"@type\":\"EntryPoint\",\"urlTemplate\":\"https:\/\/optimiso-group.com\/?s={search_term_string}\"},\"query-input\":{\"@type\":\"PropertyValueSpecification\",\"valueRequired\":true,\"valueName\":\"search_term_string\"}}],\"inLanguage\":\"de\"},{\"@type\":\"Organization\",\"@id\":\"https:\/\/optimiso-group.com\/#organization\",\"name\":\"Optimiso Group\",\"url\":\"https:\/\/optimiso-group.com\/\",\"logo\":{\"@type\":\"ImageObject\",\"inLanguage\":\"de\",\"@id\":\"https:\/\/optimiso-group.com\/#\/schema\/logo\/image\/\",\"url\":\"https:\/\/optimiso-group.com\/wp-content\/uploads\/2018\/03\/logo-optimiso-group.png\",\"contentUrl\":\"https:\/\/optimiso-group.com\/wp-content\/uploads\/2018\/03\/logo-optimiso-group.png\",\"width\":351,\"height\":177,\"caption\":\"Optimiso Group\"},\"image\":{\"@id\":\"https:\/\/optimiso-group.com\/#\/schema\/logo\/image\/\"}}]}<\/script>\n<!-- \/ Yoast SEO plugin. -->","yoast_head_json":{"title":"Qualit\u00e4tsmanagement und Organisation im Transportsektor","description":"Mit der Software Optimiso sichern Sie die Qualit\u00e4t Ihrer Dienstleistungen und digitalisieren Ihre QSE-, internen Kontroll- und Organisationssysteme.","robots":{"index":"index","follow":"follow","max-snippet":"max-snippet:-1","max-image-preview":"max-image-preview:large","max-video-preview":"max-video-preview:-1"},"canonical":"https:\/\/optimiso-group.com\/de\/kunden\/transport\/","og_locale":"de_DE","og_type":"article","og_title":"Qualit\u00e4tsmanagement und Organisation im Transportsektor","og_description":"Mit der Software Optimiso sichern Sie die Qualit\u00e4t Ihrer Dienstleistungen und digitalisieren Ihre QSE-, internen Kontroll- und Organisationssysteme.","og_url":"https:\/\/optimiso-group.com\/de\/kunden\/transport\/","og_site_name":"Optimiso Group","article_modified_time":"2026-01-30T10:44:45+00:00","og_image":[{"width":500,"height":500,"url":"https:\/\/optimiso-group.com\/wp-content\/uploads\/2022\/09\/transport.png","type":"image\/png"}],"twitter_card":"summary_large_image","twitter_misc":{"Gesch\u00e4tzte Lesezeit":"3\u00a0Minuten"},"schema":{"@context":"https:\/\/schema.org","@graph":[{"@type":"WebPage","@id":"https:\/\/optimiso-group.com\/de\/kunden\/transport\/","url":"https:\/\/optimiso-group.com\/de\/kunden\/transport\/","name":"Qualit\u00e4tsmanagement und Organisation im Transportsektor","isPartOf":{"@id":"https:\/\/optimiso-group.com\/#website"},"primaryImageOfPage":{"@id":"https:\/\/optimiso-group.com\/de\/kunden\/transport\/#primaryimage"},"image":{"@id":"https:\/\/optimiso-group.com\/de\/kunden\/transport\/#primaryimage"},"thumbnailUrl":"https:\/\/optimiso-group.com\/wp-content\/uploads\/2022\/09\/transport.png","datePublished":"2022-09-15T08:13:54+00:00","dateModified":"2026-01-30T10:44:45+00:00","description":"Mit der Software Optimiso sichern Sie die Qualit\u00e4t Ihrer Dienstleistungen und digitalisieren Ihre QSE-, internen Kontroll- und Organisationssysteme.","breadcrumb":{"@id":"https:\/\/optimiso-group.com\/de\/kunden\/transport\/#breadcrumb"},"inLanguage":"de","potentialAction":[{"@type":"ReadAction","target":["https:\/\/optimiso-group.com\/de\/kunden\/transport\/"]}]},{"@type":"ImageObject","inLanguage":"de","@id":"https:\/\/optimiso-group.com\/de\/kunden\/transport\/#primaryimage","url":"https:\/\/optimiso-group.com\/wp-content\/uploads\/2022\/09\/transport.png","contentUrl":"https:\/\/optimiso-group.com\/wp-content\/uploads\/2022\/09\/transport.png","width":500,"height":500,"caption":"qualit\u00e9 de services transport"},{"@type":"BreadcrumbList","@id":"https:\/\/optimiso-group.com\/de\/kunden\/transport\/#breadcrumb","itemListElement":[{"@type":"ListItem","position":1,"name":"Startseite","item":"https:\/\/optimiso-group.com\/de\/"},{"@type":"ListItem","position":2,"name":"Kunden","item":"https:\/\/optimiso-group.com\/de\/kunden\/"},{"@type":"ListItem","position":3,"name":"Transport"}]},{"@type":"WebSite","@id":"https:\/\/optimiso-group.com\/#website","url":"https:\/\/optimiso-group.com\/","name":"Optimiso Group","description":"Optimiso Software macht Ihre regulatorischen Einschr\u00e4nkungen zu echten Vorteilen. Entdecken Sie unsere einfachen und n\u00fctzlichen L\u00f6sungen f\u00fcr Ihre Projekte in den Bereichen interne Organisation, ISO-Zertifizierung, interne Kontrolle und Risikomanagement.","publisher":{"@id":"https:\/\/optimiso-group.com\/#organization"},"potentialAction":[{"@type":"SearchAction","target":{"@type":"EntryPoint","urlTemplate":"https:\/\/optimiso-group.com\/?s={search_term_string}"},"query-input":{"@type":"PropertyValueSpecification","valueRequired":true,"valueName":"search_term_string"}}],"inLanguage":"de"},{"@type":"Organization","@id":"https:\/\/optimiso-group.com\/#organization","name":"Optimiso Group","url":"https:\/\/optimiso-group.com\/","logo":{"@type":"ImageObject","inLanguage":"de","@id":"https:\/\/optimiso-group.com\/#\/schema\/logo\/image\/","url":"https:\/\/optimiso-group.com\/wp-content\/uploads\/2018\/03\/logo-optimiso-group.png","contentUrl":"https:\/\/optimiso-group.com\/wp-content\/uploads\/2018\/03\/logo-optimiso-group.png","width":351,"height":177,"caption":"Optimiso Group"},"image":{"@id":"https:\/\/optimiso-group.com\/#\/schema\/logo\/image\/"}}]}},"_links":{"self":[{"href":"https:\/\/optimiso-group.com\/de\/wp-json\/wp\/v2\/pages\/21796","targetHints":{"allow":["GET"]}}],"collection":[{"href":"https:\/\/optimiso-group.com\/de\/wp-json\/wp\/v2\/pages"}],"about":[{"href":"https:\/\/optimiso-group.com\/de\/wp-json\/wp\/v2\/types\/page"}],"author":[{"embeddable":true,"href":"https:\/\/optimiso-group.com\/de\/wp-json\/wp\/v2\/users\/6"}],"replies":[{"embeddable":true,"href":"https:\/\/optimiso-group.com\/de\/wp-json\/wp\/v2\/comments?post=21796"}],"version-history":[{"count":1,"href":"https:\/\/optimiso-group.com\/de\/wp-json\/wp\/v2\/pages\/21796\/revisions"}],"predecessor-version":[{"id":29100,"href":"https:\/\/optimiso-group.com\/de\/wp-json\/wp\/v2\/pages\/21796\/revisions\/29100"}],"up":[{"embeddable":true,"href":"https:\/\/optimiso-group.com\/de\/wp-json\/wp\/v2\/pages\/7180"}],"wp:featuredmedia":[{"embeddable":true,"href":"https:\/\/optimiso-group.com\/de\/wp-json\/wp\/v2\/media\/21842"}],"wp:attachment":[{"href":"https:\/\/optimiso-group.com\/de\/wp-json\/wp\/v2\/media?parent=21796"}],"curies":[{"name":"wp","href":"https:\/\/api.w.org\/{rel}","templated":true}]}}