{"id":22765,"date":"2023-05-04T14:10:53","date_gmt":"2023-05-04T12:10:53","guid":{"rendered":"https:\/\/optimiso-group.com\/kunden\/medizin\/"},"modified":"2026-02-03T09:49:53","modified_gmt":"2026-02-03T08:49:53","slug":"lebensmittelindustrie","status":"publish","type":"page","link":"https:\/\/optimiso-group.com\/de\/kunden\/lebensmittelindustrie\/","title":{"rendered":"Lebensmittelindustrie"},"content":{"rendered":"<p>[et_pb_section fb_built=&#8220;1&#8243; fullwidth=&#8220;on&#8220; _builder_version=&#8220;4.16&#8243; _module_preset=&#8220;default&#8220; use_background_color_gradient=&#8220;on&#8220; background_color_gradient_direction=&#8220;105deg&#8220; global_colors_info=&#8220;{}&#8220;][et_pb_fullwidth_header title=&#8220;Lebensmittelindustrie&#8220; button_one_text=&#8220;Die Vorteile ansehen (2 min)&#8220; button_one_url=&#8220;https:\/\/optimiso-group.com\/de\/videos\/sofware-iso-zertifizierungen\/&#8220; button_two_text=&#8220;Die L\u00f6sung entdecken&#8220; button_two_url=&#8220;https:\/\/optimiso-group.com\/de\/software\/zertifizierungen\/iso-22000-zertifizierung\/&#8220; content_tablet=&#8220;&#8220; content_phone=&#8220;&#8220; content_last_edited=&#8220;on|phone&#8220; _builder_version=&#8220;4.21.0&#8243; _module_preset=&#8220;default&#8220; title_font=&#8220;Arial|700|||||||&#8220; title_font_size=&#8220;50px&#8220; content_font=&#8220;Arial|700|||||||&#8220; subhead_font=&#8220;||||||||&#8220; subhead_font_size=&#8220;25px&#8220; background_color=&#8220;#FFFFFF&#8220; use_background_color_gradient=&#8220;on&#8220; background_color_gradient_stops=&#8220;rgba(0,0,0,0.38) 0%|rgba(0,0,0,0.44) 100%&#8220; background_color_gradient_overlays_image=&#8220;on&#8220; background_color_gradient_start=&#8220;rgba(0,0,0,0.38)&#8220; background_color_gradient_end=&#8220;rgba(0,0,0,0.44)&#8220; background_image=&#8220;https:\/\/optimiso-group.com\/wp-content\/uploads\/2023\/05\/agroalimentaire-1.png&#8220; background_position=&#8220;top_right&#8220; custom_button_one=&#8220;on&#8220; button_one_text_color=&#8220;#FFFFFF&#8220; button_one_bg_color=&#8220;#01b1ec&#8220; button_one_border_width=&#8220;3px&#8220; button_one_border_color=&#8220;#01b1ec&#8220; button_one_border_radius=&#8220;0px&#8220; button_one_letter_spacing=&#8220;0px&#8220; button_one_use_icon=&#8220;off&#8220; custom_button_two=&#8220;on&#8220; button_two_text_color=&#8220;#FFFFFF&#8220; button_two_bg_color=&#8220;RGBA(0,0,0,0)&#8220; button_two_border_width=&#8220;3px&#8220; button_two_border_color=&#8220;#FFFFFF&#8220; button_two_border_radius=&#8220;0px&#8220; button_two_use_icon=&#8220;off&#8220; button_two_custom_margin=&#8220;|0px||0px|false|false&#8220; custom_padding=&#8220;40px||40px||false|false&#8220; custom_padding_tablet=&#8220;&#8220; custom_padding_phone=&#8220;20px||20px||false|false&#8220; custom_padding_last_edited=&#8220;on|phone&#8220; title_font_size_tablet=&#8220;&#8220; title_font_size_phone=&#8220;25px&#8220; title_font_size_last_edited=&#8220;on|desktop&#8220; subhead_text_color_tablet=&#8220;&#8220; subhead_text_color_phone=&#8220;&#8220; subhead_text_color_last_edited=&#8220;on|phone&#8220; subhead_font_size_tablet=&#8220;&#8220; subhead_font_size_phone=&#8220;20px&#8220; subhead_font_size_last_edited=&#8220;on|phone&#8220; button_one_text_size_tablet=&#8220;&#8220; button_one_text_size_phone=&#8220;16px&#8220; button_one_text_size_last_edited=&#8220;on|phone&#8220; button_two_text_size_tablet=&#8220;&#8220; button_two_text_size_phone=&#8220;16px&#8220; button_two_text_size_last_edited=&#8220;on|desktop&#8220; global_colors_info=&#8220;{}&#8220;]<\/p>\n<p>&nbsp;<\/p>\n<p>&nbsp;<\/p>\n<p>[\/et_pb_fullwidth_header][\/et_pb_section][et_pb_section fb_built=&#8220;1&#8243; _builder_version=&#8220;4.16&#8243; custom_padding=&#8220;0px|0px|0px|0px||&#8220; global_colors_info=&#8220;{}&#8220;][et_pb_row _builder_version=&#8220;4.16&#8243; _module_preset=&#8220;default&#8220; min_height=&#8220;11.9px&#8220; custom_padding=&#8220;45px|20px|20px|20px|false|false&#8220; global_colors_info=&#8220;{}&#8220;][et_pb_column type=&#8220;4_4&#8243; _builder_version=&#8220;4.16&#8243; _module_preset=&#8220;default&#8220; global_colors_info=&#8220;{}&#8220;][et_pb_text _builder_version=&#8220;4.21.0&#8243; _module_preset=&#8220;default&#8220; text_font=&#8220;Arial||||||||&#8220; text_text_color=&#8220;#000000&#8243; custom_padding=&#8220;||0px|||&#8220; global_colors_info=&#8220;{}&#8220;]<\/p>\n<h3><strong>Gesichertes Wachstum und erleichterte Einhaltung von Vorschriften<\/strong><\/h3>\n<div id=\"gtx-trans\" style=\"position: absolute; left: 50px; top: 48px;\">\n<div class=\"gtx-trans-icon\">\u00a0<\/div>\n<\/div>\n<p>[\/et_pb_text][et_pb_text _builder_version=&#8220;4.21.0&#8243; _module_preset=&#8220;default&#8220; text_font=&#8220;Arial||||||||&#8220; text_text_color=&#8220;#000000&#8243; custom_padding=&#8220;||0px|||&#8220; global_colors_info=&#8220;{}&#8220;]<\/p>\n<p><span style=\"color: #555555;\">Unternehmen der Lebensmittelbranche m\u00fcssen Zertifizierungen und Zulassungen erwerben, um <strong>neue M\u00e4rkte zu erobern<\/strong> und ihre <strong>bew\u00e4hrten Verfahren nachzuweisen<\/strong>.<\/span><\/p>\n<p><span style=\"color: #555555;\">Sie haben wahrscheinlich ein nach <a href=\"https:\/\/optimiso-group.com\/de\/software\/zertifizierungen\/iso-22000-zertifizierung\/\">ISO 22000<\/a> oder HACCP zertifiziertes Managementsystem f\u00fcr Lebensmittelsicherheit eingef\u00fchrt, um die Lebensmittelsicherheit zu gew\u00e4hrleisten und Ihre Risiken zu beherrschen.<\/span><\/p>\n<p><span style=\"color: #555555;\">Erg\u00e4nzend dazu entscheiden sich einige Unternehmen f\u00fcr spezifischere Zertifizierungen und Labels: <a href=\"https:\/\/optimiso-group.com\/de\/software\/zertifizierungen\/certification-iso-9001\/\">ISO 9001<\/a> f\u00fcr das Qualit\u00e4tsmanagement, <a href=\"https:\/\/optimiso-group.com\/de\/software\/zertifizierungen\/iso-14001-zertifizierung\/\">ISO 14001<\/a> oder Biologische Landwirtschaft, um das Engagement f\u00fcr Nachhaltigkeit zu demonstrieren, <a href=\"https:\/\/www.ifs-certification.com\/de\/food-standard\">IFS Food<\/a> etc.<\/span><\/p>\n<p><span style=\"color: #555555;\">Um den Fortbestand Ihres Unternehmens zu sichern, ist es wichtig, Arbeitsabl\u00e4ufe zu beschreiben und zu vereinheitlichen. So k\u00f6nnen Sie Ihre Aktivit\u00e4ten kontrollieren, die Kosten f\u00fcr Nicht-Qualit\u00e4t senken und die Weitergabe von Know-how sicherstellen.<\/span><\/p>\n<p><span style=\"color: #555555;\">Um Ihre Konformit\u00e4t mit diesen verschiedenen Anforderungen nachzuweisen, m\u00fcssen Sie :<\/span><\/p>\n<ul>\n<li><span style=\"color: #555555;\">Risiken identifizieren und bewerten.<\/span><\/li>\n<li><span style=\"color: #555555;\">Vorf\u00e4lle und Nichtkonformit\u00e4ten verwalten.<\/span><\/li>\n<li><span style=\"color: #555555;\">Leistungsindikatoren einf\u00fchren<\/span><\/li>\n<li><span style=\"color: #555555;\">Ihre Referenzdokumentation (Prozesse, Verfahren, Anweisungen usw.) verwalten.<\/span><\/li>\n<li><span style=\"color: #555555;\">Ihre interne Organisation beschreiben<\/span><\/li>\n<li><span style=\"color: #555555;\">Erstellen Sie Reportings und andere gesetzliche Dokumente<\/span><\/li>\n<\/ul>\n<p>[\/et_pb_text][\/et_pb_column][\/et_pb_row][et_pb_row _builder_version=&#8220;4.19.5&#8243; _module_preset=&#8220;default&#8220; background_color=&#8220;#f6f6f6&#8243; min_height=&#8220;11.9px&#8220; custom_padding=&#8220;|20px|20px|20px|false|false&#8220; global_colors_info=&#8220;{}&#8220;][et_pb_column type=&#8220;4_4&#8243; _builder_version=&#8220;4.16&#8243; _module_preset=&#8220;default&#8220; global_colors_info=&#8220;{}&#8220;][et_pb_text _builder_version=&#8220;4.21.0&#8243; _module_preset=&#8220;default&#8220; text_font=&#8220;Arial||||||||&#8220; text_text_color=&#8220;#000000&#8243; custom_padding=&#8220;||0px|||&#8220; global_colors_info=&#8220;{}&#8220;]<\/p>\n<h3><strong>Erleichtern Sie die Verwaltung Ihrer Managementsystem f\u00fcr Lebensmittelsicherheit -, QSE- und Risikosysteme<\/strong><\/h3>\n<p>[\/et_pb_text][et_pb_text _builder_version=&#8220;4.27.4&#8243; _module_preset=&#8220;default&#8220; text_font=&#8220;Arial||||||||&#8220; text_text_color=&#8220;#000000&#8243; custom_padding=&#8220;||0px|||&#8220; hover_enabled=&#8220;0&#8243; global_colors_info=&#8220;{}&#8220; sticky_enabled=&#8220;0&#8243;]<\/p>\n<p><span style=\"color: #555555;\">Machen Sie aus diesen Anforderungen einen echten Trumpf f\u00fcr Ihr Unternehmen. Entscheiden Sie sich wie viele Akteure der Lebensmittelbranche f\u00fcr die L\u00f6sung Optimiso und :<\/span><\/p>\n<ul>\n<li><span style=\"color: #555555;\">Profitieren Sie von einem zuverl\u00e4ssigen und zentralisierten SMSDA.<\/span><\/li>\n<li><span style=\"color: #555555;\">Bewerten und verwalten Sie Ihre Risiken effizient.<\/span><\/li>\n<li><span style=\"color: #555555;\">Automatisieren Sie die Verfolgung von Aufgaben und Kontrollen.<\/span><\/li>\n<li><span style=\"color: #555555;\">Melden Sie Vorf\u00e4lle und Nichtkonformit\u00e4ten schnell.<\/span><\/li>\n<li><span style=\"color: #555555;\">Kommunizieren Sie Ihre Dokumentation problemlos an Mitarbeiter.<\/span><\/li>\n<li><span style=\"color: #555555;\">Profitieren Sie von einem Berichtswesen und einer von Wirtschaftspr\u00fcfern genehmigten L\u00f6sung.<\/span><\/li>\n<\/ul>\n<div id=\"gtx-trans\" style=\"position: absolute; left: 185px; top: 72px;\">\n<div class=\"gtx-trans-icon\">\u00a0<\/div>\n<\/div>\n<p>[\/et_pb_text][\/et_pb_column][\/et_pb_row][et_pb_row _builder_version=&#8220;4.21.0&#8243; _module_preset=&#8220;default&#8220; global_colors_info=&#8220;{}&#8220;][et_pb_column type=&#8220;4_4&#8243; _builder_version=&#8220;4.21.0&#8243; _module_preset=&#8220;default&#8220; global_colors_info=&#8220;{}&#8220;][dica_divi_carousel show_items_tablet=&#8220;4&#8243; dot_nav=&#8220;on&#8220; item_spacing=&#8220;100&#8243; advanced_effect=&#8220;1&#8243; dots_active_color=&#8220;#01b1ec&#8220; _builder_version=&#8220;4.21.0&#8243; _module_preset=&#8220;default&#8220; custom_margin=&#8220;5px|||||&#8220; custom_padding=&#8220;||0px|||&#8220; global_colors_info=&#8220;{}&#8220;][dica_divi_carouselitem button_url_new_window=&#8220;1&#8243; image=&#8220;https:\/\/optimiso-group.com\/wp-content\/uploads\/2023\/05\/noz.png&#8220; _builder_version=&#8220;4.21.0&#8243; _module_preset=&#8220;default&#8220; link_option_url=&#8220;https:\/\/www.nozarrivages.com\/&#8220; link_option_url_new_window=&#8220;on&#8220; global_colors_info=&#8220;{}&#8220;][\/dica_divi_carouselitem][dica_divi_carouselitem button_url_new_window=&#8220;1&#8243; image=&#8220;https:\/\/optimiso-group.com\/wp-content\/uploads\/2023\/05\/roduit.png&#8220; _builder_version=&#8220;4.21.0&#8243; _module_preset=&#8220;default&#8220; link_option_url=&#8220;https:\/\/www.roduitsa.ch\/&#8220; link_option_url_new_window=&#8220;on&#8220; global_colors_info=&#8220;{}&#8220;][\/dica_divi_carouselitem][dica_divi_carouselitem button_url_new_window=&#8220;1&#8243; image=&#8220;https:\/\/optimiso-group.com\/wp-content\/uploads\/2023\/05\/concordance.png&#8220; _builder_version=&#8220;4.21.0&#8243; _module_preset=&#8220;default&#8220; link_option_url=&#8220;https:\/\/www.concordance.ch\/&#8220; link_option_url_new_window=&#8220;on&#8220; global_colors_info=&#8220;{}&#8220;][\/dica_divi_carouselitem][dica_divi_carouselitem button_url_new_window=&#8220;1&#8243; image=&#8220;https:\/\/optimiso-group.com\/wp-content\/uploads\/2023\/05\/bj-coffee.png&#8220; _builder_version=&#8220;4.21.0&#8243; _module_preset=&#8220;default&#8220; link_option_url=&#8220;https:\/\/www.bj-coffee.ch\/en\/&#8220; link_option_url_new_window=&#8220;on&#8220; global_colors_info=&#8220;{}&#8220;][\/dica_divi_carouselitem][\/dica_divi_carousel][\/et_pb_column][\/et_pb_row][et_pb_row _builder_version=&#8220;4.16&#8243; _module_preset=&#8220;default&#8220; min_height=&#8220;11.9px&#8220; custom_padding=&#8220;18px|20px|20px|20px|false|false&#8220; global_colors_info=&#8220;{}&#8220;][et_pb_column type=&#8220;4_4&#8243; _builder_version=&#8220;4.16&#8243; _module_preset=&#8220;default&#8220; global_colors_info=&#8220;{}&#8220;][et_pb_text _builder_version=&#8220;4.21.0&#8243; _module_preset=&#8220;default&#8220; text_font=&#8220;Arial||||||||&#8220; text_text_color=&#8220;#000000&#8243; custom_padding=&#8220;||0px|||&#8220; global_colors_info=&#8220;{}&#8220;]<\/p>\n<h3><strong>Ein Projekt ?<\/strong><\/h3>\n<p><span style=\"color: #555555;\">Haben Sie ein Projekt, das mit Lebensmittelsicherheit, QSE oder Risiken zu tun hat?<\/span><\/p>\n<p>[\/et_pb_text][et_pb_button button_url=&#8220;https:\/\/optimiso-group.com\/de\/kontakt\/&#8220; button_text=&#8220;Lass uns dar\u00fcber reden !&#8220; button_alignment=&#8220;center&#8220; _builder_version=&#8220;4.21.0&#8243; custom_button=&#8220;on&#8220; button_text_size=&#8220;20px&#8220; button_text_color=&#8220;#FFFFFF&#8220; button_bg_color=&#8220;#01b1ec&#8220; button_border_width=&#8220;3px&#8220; button_border_color=&#8220;#01b1ec&#8220; button_border_radius=&#8220;0px&#8220; button_letter_spacing=&#8220;0px&#8220; button_font=&#8220;||||||||&#8220; button_use_icon=&#8220;off&#8220; background_layout=&#8220;dark&#8220; custom_margin=&#8220;|||&#8220; custom_padding=&#8220;3px|17px|3px|17px|false|false&#8220; button_text_size_tablet=&#8220;&#8220; button_text_size_phone=&#8220;16px&#8220; button_text_size_last_edited=&#8220;on|phone&#8220; button_font_tablet=&#8220;&#8220; button_font_phone=&#8220;&#8220; button_font_last_edited=&#8220;on|phone&#8220; button_letter_spacing_hover=&#8220;1px&#8220; locked=&#8220;off&#8220; global_colors_info=&#8220;{}&#8220; button_text_size__hover_enabled=&#8220;off&#8220; button_one_text_size__hover_enabled=&#8220;off&#8220; button_two_text_size__hover_enabled=&#8220;off&#8220; button_text_color__hover_enabled=&#8220;off&#8220; button_one_text_color__hover_enabled=&#8220;off&#8220; button_two_text_color__hover_enabled=&#8220;off&#8220; button_border_width__hover_enabled=&#8220;off&#8220; button_one_border_width__hover_enabled=&#8220;off&#8220; button_two_border_width__hover_enabled=&#8220;off&#8220; button_border_color__hover_enabled=&#8220;off&#8220; button_one_border_color__hover_enabled=&#8220;off&#8220; button_two_border_color__hover_enabled=&#8220;off&#8220; button_border_radius__hover_enabled=&#8220;off&#8220; button_one_border_radius__hover_enabled=&#8220;off&#8220; button_two_border_radius__hover_enabled=&#8220;off&#8220; button_letter_spacing__hover_enabled=&#8220;on|hover&#8220; button_letter_spacing__hover=&#8220;0px&#8220; button_one_letter_spacing__hover_enabled=&#8220;off&#8220; button_two_letter_spacing__hover_enabled=&#8220;off&#8220; button_bg_color__hover_enabled=&#8220;off&#8220; button_one_bg_color__hover_enabled=&#8220;off&#8220; button_two_bg_color__hover_enabled=&#8220;off&#8220;][\/et_pb_button][\/et_pb_column][\/et_pb_row][\/et_pb_section]<\/p>\n","protected":false},"excerpt":{"rendered":"<p>Lebensmittelindustrie &nbsp; &nbsp; Die Vorteile&#8230;<\/p>\n","protected":false},"author":6,"featured_media":22786,"parent":7180,"menu_order":0,"comment_status":"closed","ping_status":"closed","template":"","meta":{"_acf_changed":false,"_et_pb_use_builder":"on","_et_pb_old_content":"","_et_gb_content_width":"","_mo_disable_npp":"","footnotes":""},"class_list":["post-22765","page","type-page","status-publish","has-post-thumbnail","hentry"],"acf":[],"yoast_head":"<!-- This site is optimized with the Yoast SEO plugin v24.5 - https:\/\/yoast.com\/wordpress\/plugins\/seo\/ -->\n<title>SMSA, QSE und Risiken in der Agrar- und Ern\u00e4hrungswirtschaft<\/title>\n<meta name=\"description\" content=\"Wie viele Betriebe in der Lebensmittel- und Getr\u00e4nkeindustrie erleichtern Sie sich die Verwaltung Ihrer Systeme mit Optimiso.\" \/>\n<meta name=\"robots\" content=\"index, follow, max-snippet:-1, max-image-preview:large, max-video-preview:-1\" \/>\n<link rel=\"canonical\" href=\"https:\/\/optimiso-group.com\/de\/kunden\/lebensmittelindustrie\/\" \/>\n<meta property=\"og:locale\" content=\"de_DE\" \/>\n<meta property=\"og:type\" content=\"article\" \/>\n<meta property=\"og:title\" content=\"SMSA, QSE und Risiken in der Agrar- und Ern\u00e4hrungswirtschaft\" \/>\n<meta property=\"og:description\" content=\"Wie viele Betriebe in der Lebensmittel- und Getr\u00e4nkeindustrie erleichtern Sie sich die Verwaltung Ihrer Systeme mit Optimiso.\" \/>\n<meta property=\"og:url\" content=\"https:\/\/optimiso-group.com\/de\/kunden\/lebensmittelindustrie\/\" \/>\n<meta property=\"og:site_name\" content=\"Optimiso Group\" \/>\n<meta property=\"article:modified_time\" content=\"2026-02-03T08:49:53+00:00\" \/>\n<meta property=\"og:image\" content=\"https:\/\/optimiso-group.com\/wp-content\/uploads\/2023\/05\/agroalimentaire-1.png\" \/>\n\t<meta property=\"og:image:width\" content=\"2000\" \/>\n\t<meta property=\"og:image:height\" content=\"800\" \/>\n\t<meta property=\"og:image:type\" content=\"image\/png\" \/>\n<meta name=\"twitter:card\" content=\"summary_large_image\" \/>\n<meta name=\"twitter:label1\" content=\"Gesch\u00e4tzte Lesezeit\" \/>\n\t<meta name=\"twitter:data1\" content=\"3\u00a0Minuten\" \/>\n<script type=\"application\/ld+json\" class=\"yoast-schema-graph\">{\"@context\":\"https:\/\/schema.org\",\"@graph\":[{\"@type\":\"WebPage\",\"@id\":\"https:\/\/optimiso-group.com\/de\/kunden\/lebensmittelindustrie\/\",\"url\":\"https:\/\/optimiso-group.com\/de\/kunden\/lebensmittelindustrie\/\",\"name\":\"SMSA, QSE und Risiken in der Agrar- und Ern\u00e4hrungswirtschaft\",\"isPartOf\":{\"@id\":\"https:\/\/optimiso-group.com\/#website\"},\"primaryImageOfPage\":{\"@id\":\"https:\/\/optimiso-group.com\/de\/kunden\/lebensmittelindustrie\/#primaryimage\"},\"image\":{\"@id\":\"https:\/\/optimiso-group.com\/de\/kunden\/lebensmittelindustrie\/#primaryimage\"},\"thumbnailUrl\":\"https:\/\/optimiso-group.com\/wp-content\/uploads\/2023\/05\/agroalimentaire-1.png\",\"datePublished\":\"2023-05-04T12:10:53+00:00\",\"dateModified\":\"2026-02-03T08:49:53+00:00\",\"description\":\"Wie viele Betriebe in der Lebensmittel- und Getr\u00e4nkeindustrie erleichtern Sie sich die Verwaltung Ihrer Systeme mit Optimiso.\",\"breadcrumb\":{\"@id\":\"https:\/\/optimiso-group.com\/de\/kunden\/lebensmittelindustrie\/#breadcrumb\"},\"inLanguage\":\"de\",\"potentialAction\":[{\"@type\":\"ReadAction\",\"target\":[\"https:\/\/optimiso-group.com\/de\/kunden\/lebensmittelindustrie\/\"]}]},{\"@type\":\"ImageObject\",\"inLanguage\":\"de\",\"@id\":\"https:\/\/optimiso-group.com\/de\/kunden\/lebensmittelindustrie\/#primaryimage\",\"url\":\"https:\/\/optimiso-group.com\/wp-content\/uploads\/2023\/05\/agroalimentaire-1.png\",\"contentUrl\":\"https:\/\/optimiso-group.com\/wp-content\/uploads\/2023\/05\/agroalimentaire-1.png\",\"width\":2000,\"height\":800,\"caption\":\"haccp agroalimentaire\"},{\"@type\":\"BreadcrumbList\",\"@id\":\"https:\/\/optimiso-group.com\/de\/kunden\/lebensmittelindustrie\/#breadcrumb\",\"itemListElement\":[{\"@type\":\"ListItem\",\"position\":1,\"name\":\"Startseite\",\"item\":\"https:\/\/optimiso-group.com\/de\/\"},{\"@type\":\"ListItem\",\"position\":2,\"name\":\"Kunden\",\"item\":\"https:\/\/optimiso-group.com\/de\/kunden\/\"},{\"@type\":\"ListItem\",\"position\":3,\"name\":\"Lebensmittelindustrie\"}]},{\"@type\":\"WebSite\",\"@id\":\"https:\/\/optimiso-group.com\/#website\",\"url\":\"https:\/\/optimiso-group.com\/\",\"name\":\"Optimiso Group\",\"description\":\"Optimiso Software macht Ihre regulatorischen Einschr\u00e4nkungen zu echten Vorteilen. Entdecken Sie unsere einfachen und n\u00fctzlichen L\u00f6sungen f\u00fcr Ihre Projekte in den Bereichen interne Organisation, ISO-Zertifizierung, interne Kontrolle und Risikomanagement.\",\"publisher\":{\"@id\":\"https:\/\/optimiso-group.com\/#organization\"},\"potentialAction\":[{\"@type\":\"SearchAction\",\"target\":{\"@type\":\"EntryPoint\",\"urlTemplate\":\"https:\/\/optimiso-group.com\/?s={search_term_string}\"},\"query-input\":{\"@type\":\"PropertyValueSpecification\",\"valueRequired\":true,\"valueName\":\"search_term_string\"}}],\"inLanguage\":\"de\"},{\"@type\":\"Organization\",\"@id\":\"https:\/\/optimiso-group.com\/#organization\",\"name\":\"Optimiso Group\",\"url\":\"https:\/\/optimiso-group.com\/\",\"logo\":{\"@type\":\"ImageObject\",\"inLanguage\":\"de\",\"@id\":\"https:\/\/optimiso-group.com\/#\/schema\/logo\/image\/\",\"url\":\"https:\/\/optimiso-group.com\/wp-content\/uploads\/2018\/03\/logo-optimiso-group.png\",\"contentUrl\":\"https:\/\/optimiso-group.com\/wp-content\/uploads\/2018\/03\/logo-optimiso-group.png\",\"width\":351,\"height\":177,\"caption\":\"Optimiso Group\"},\"image\":{\"@id\":\"https:\/\/optimiso-group.com\/#\/schema\/logo\/image\/\"}}]}<\/script>\n<!-- \/ Yoast SEO plugin. -->","yoast_head_json":{"title":"SMSA, QSE und Risiken in der Agrar- und Ern\u00e4hrungswirtschaft","description":"Wie viele Betriebe in der Lebensmittel- und Getr\u00e4nkeindustrie erleichtern Sie sich die Verwaltung Ihrer Systeme mit Optimiso.","robots":{"index":"index","follow":"follow","max-snippet":"max-snippet:-1","max-image-preview":"max-image-preview:large","max-video-preview":"max-video-preview:-1"},"canonical":"https:\/\/optimiso-group.com\/de\/kunden\/lebensmittelindustrie\/","og_locale":"de_DE","og_type":"article","og_title":"SMSA, QSE und Risiken in der Agrar- und Ern\u00e4hrungswirtschaft","og_description":"Wie viele Betriebe in der Lebensmittel- und Getr\u00e4nkeindustrie erleichtern Sie sich die Verwaltung Ihrer Systeme mit Optimiso.","og_url":"https:\/\/optimiso-group.com\/de\/kunden\/lebensmittelindustrie\/","og_site_name":"Optimiso Group","article_modified_time":"2026-02-03T08:49:53+00:00","og_image":[{"width":2000,"height":800,"url":"https:\/\/optimiso-group.com\/wp-content\/uploads\/2023\/05\/agroalimentaire-1.png","type":"image\/png"}],"twitter_card":"summary_large_image","twitter_misc":{"Gesch\u00e4tzte Lesezeit":"3\u00a0Minuten"},"schema":{"@context":"https:\/\/schema.org","@graph":[{"@type":"WebPage","@id":"https:\/\/optimiso-group.com\/de\/kunden\/lebensmittelindustrie\/","url":"https:\/\/optimiso-group.com\/de\/kunden\/lebensmittelindustrie\/","name":"SMSA, QSE und Risiken in der Agrar- und Ern\u00e4hrungswirtschaft","isPartOf":{"@id":"https:\/\/optimiso-group.com\/#website"},"primaryImageOfPage":{"@id":"https:\/\/optimiso-group.com\/de\/kunden\/lebensmittelindustrie\/#primaryimage"},"image":{"@id":"https:\/\/optimiso-group.com\/de\/kunden\/lebensmittelindustrie\/#primaryimage"},"thumbnailUrl":"https:\/\/optimiso-group.com\/wp-content\/uploads\/2023\/05\/agroalimentaire-1.png","datePublished":"2023-05-04T12:10:53+00:00","dateModified":"2026-02-03T08:49:53+00:00","description":"Wie viele Betriebe in der Lebensmittel- und Getr\u00e4nkeindustrie erleichtern Sie sich die Verwaltung Ihrer Systeme mit Optimiso.","breadcrumb":{"@id":"https:\/\/optimiso-group.com\/de\/kunden\/lebensmittelindustrie\/#breadcrumb"},"inLanguage":"de","potentialAction":[{"@type":"ReadAction","target":["https:\/\/optimiso-group.com\/de\/kunden\/lebensmittelindustrie\/"]}]},{"@type":"ImageObject","inLanguage":"de","@id":"https:\/\/optimiso-group.com\/de\/kunden\/lebensmittelindustrie\/#primaryimage","url":"https:\/\/optimiso-group.com\/wp-content\/uploads\/2023\/05\/agroalimentaire-1.png","contentUrl":"https:\/\/optimiso-group.com\/wp-content\/uploads\/2023\/05\/agroalimentaire-1.png","width":2000,"height":800,"caption":"haccp agroalimentaire"},{"@type":"BreadcrumbList","@id":"https:\/\/optimiso-group.com\/de\/kunden\/lebensmittelindustrie\/#breadcrumb","itemListElement":[{"@type":"ListItem","position":1,"name":"Startseite","item":"https:\/\/optimiso-group.com\/de\/"},{"@type":"ListItem","position":2,"name":"Kunden","item":"https:\/\/optimiso-group.com\/de\/kunden\/"},{"@type":"ListItem","position":3,"name":"Lebensmittelindustrie"}]},{"@type":"WebSite","@id":"https:\/\/optimiso-group.com\/#website","url":"https:\/\/optimiso-group.com\/","name":"Optimiso Group","description":"Optimiso Software macht Ihre regulatorischen Einschr\u00e4nkungen zu echten Vorteilen. Entdecken Sie unsere einfachen und n\u00fctzlichen L\u00f6sungen f\u00fcr Ihre Projekte in den Bereichen interne Organisation, ISO-Zertifizierung, interne Kontrolle und Risikomanagement.","publisher":{"@id":"https:\/\/optimiso-group.com\/#organization"},"potentialAction":[{"@type":"SearchAction","target":{"@type":"EntryPoint","urlTemplate":"https:\/\/optimiso-group.com\/?s={search_term_string}"},"query-input":{"@type":"PropertyValueSpecification","valueRequired":true,"valueName":"search_term_string"}}],"inLanguage":"de"},{"@type":"Organization","@id":"https:\/\/optimiso-group.com\/#organization","name":"Optimiso Group","url":"https:\/\/optimiso-group.com\/","logo":{"@type":"ImageObject","inLanguage":"de","@id":"https:\/\/optimiso-group.com\/#\/schema\/logo\/image\/","url":"https:\/\/optimiso-group.com\/wp-content\/uploads\/2018\/03\/logo-optimiso-group.png","contentUrl":"https:\/\/optimiso-group.com\/wp-content\/uploads\/2018\/03\/logo-optimiso-group.png","width":351,"height":177,"caption":"Optimiso Group"},"image":{"@id":"https:\/\/optimiso-group.com\/#\/schema\/logo\/image\/"}}]}},"_links":{"self":[{"href":"https:\/\/optimiso-group.com\/de\/wp-json\/wp\/v2\/pages\/22765","targetHints":{"allow":["GET"]}}],"collection":[{"href":"https:\/\/optimiso-group.com\/de\/wp-json\/wp\/v2\/pages"}],"about":[{"href":"https:\/\/optimiso-group.com\/de\/wp-json\/wp\/v2\/types\/page"}],"author":[{"embeddable":true,"href":"https:\/\/optimiso-group.com\/de\/wp-json\/wp\/v2\/users\/6"}],"replies":[{"embeddable":true,"href":"https:\/\/optimiso-group.com\/de\/wp-json\/wp\/v2\/comments?post=22765"}],"version-history":[{"count":1,"href":"https:\/\/optimiso-group.com\/de\/wp-json\/wp\/v2\/pages\/22765\/revisions"}],"predecessor-version":[{"id":29122,"href":"https:\/\/optimiso-group.com\/de\/wp-json\/wp\/v2\/pages\/22765\/revisions\/29122"}],"up":[{"embeddable":true,"href":"https:\/\/optimiso-group.com\/de\/wp-json\/wp\/v2\/pages\/7180"}],"wp:featuredmedia":[{"embeddable":true,"href":"https:\/\/optimiso-group.com\/de\/wp-json\/wp\/v2\/media\/22786"}],"wp:attachment":[{"href":"https:\/\/optimiso-group.com\/de\/wp-json\/wp\/v2\/media?parent=22765"}],"curies":[{"name":"wp","href":"https:\/\/api.w.org\/{rel}","templated":true}]}}