{"id":7046,"date":"2018-03-19T15:14:30","date_gmt":"2018-03-19T14:14:30","guid":{"rendered":"https:\/\/optimiso-group.com\/interne-organisation\/organigramme\/"},"modified":"2019-07-08T13:49:30","modified_gmt":"2019-07-08T11:49:30","slug":"organigramm","status":"publish","type":"page","link":"https:\/\/optimiso-group.com\/de\/software\/interne-organisation\/organigramm\/","title":{"rendered":"Organigramm"},"content":{"rendered":"<p>[et_pb_section admin_label=&#8220;section&#8220;]<br \/>\n[et_pb_row admin_label=&#8220;row&#8220;]<br \/>\n[et_pb_column type=&#8220;4_4&#8243;]<br \/>\n[et_pb_text admin_label=&#8220;Text&#8220;]<\/p>\n<p>[\/et_pb_text]<br \/>\n[\/et_pb_column]<br \/>\n[\/et_pb_row]<br \/>\n[\/et_pb_section]<\/p>\n","protected":false},"excerpt":{"rendered":"<p>&#8230;<\/p>\n","protected":false},"author":1,"featured_media":0,"parent":7021,"menu_order":168,"comment_status":"closed","ping_status":"closed","template":"template-software.php","meta":{"_acf_changed":false,"_et_pb_use_builder":"on","_et_pb_old_content":"","_et_gb_content_width":"","_mo_disable_npp":"","footnotes":""},"class_list":["post-7046","page","type-page","status-publish","hentry"],"acf":[],"yoast_head":"<!-- This site is optimized with the Yoast SEO plugin v24.5 - https:\/\/yoast.com\/wordpress\/plugins\/seo\/ -->\n<title>Organigramm-Software | Optimiso<\/title>\n<meta name=\"description\" content=\"Mit der Software Optimiso k\u00f6nnen Sie Ihr Organigramm in ein echtes Management-Tool verwandeln. Das Flussdiagramm ist schnell gezeichnet und wird n\u00fctzlich.\" \/>\n<meta name=\"robots\" content=\"index, follow, max-snippet:-1, max-image-preview:large, max-video-preview:-1\" \/>\n<link rel=\"canonical\" href=\"https:\/\/optimiso-group.com\/de\/software\/interne-organisation\/organigramm\/\" \/>\n<meta property=\"og:locale\" content=\"de_DE\" \/>\n<meta property=\"og:type\" content=\"article\" \/>\n<meta property=\"og:title\" content=\"Organigramm-Software | Optimiso\" \/>\n<meta property=\"og:description\" content=\"Mit der Software Optimiso k\u00f6nnen Sie Ihr Organigramm in ein echtes Management-Tool verwandeln. Das Flussdiagramm ist schnell gezeichnet und wird n\u00fctzlich.\" \/>\n<meta property=\"og:url\" content=\"https:\/\/optimiso-group.com\/de\/software\/interne-organisation\/organigramm\/\" \/>\n<meta property=\"og:site_name\" content=\"Optimiso Group\" \/>\n<meta property=\"article:modified_time\" content=\"2019-07-08T11:49:30+00:00\" \/>\n<meta name=\"twitter:card\" content=\"summary_large_image\" \/>\n<script type=\"application\/ld+json\" class=\"yoast-schema-graph\">{\"@context\":\"https:\/\/schema.org\",\"@graph\":[{\"@type\":\"WebPage\",\"@id\":\"https:\/\/optimiso-group.com\/de\/software\/interne-organisation\/organigramm\/\",\"url\":\"https:\/\/optimiso-group.com\/de\/software\/interne-organisation\/organigramm\/\",\"name\":\"Organigramm-Software | Optimiso\",\"isPartOf\":{\"@id\":\"https:\/\/optimiso-group.com\/#website\"},\"datePublished\":\"2018-03-19T14:14:30+00:00\",\"dateModified\":\"2019-07-08T11:49:30+00:00\",\"description\":\"Mit der Software Optimiso k\u00f6nnen Sie Ihr Organigramm in ein echtes Management-Tool verwandeln. Das Flussdiagramm ist schnell gezeichnet und wird n\u00fctzlich.\",\"breadcrumb\":{\"@id\":\"https:\/\/optimiso-group.com\/de\/software\/interne-organisation\/organigramm\/#breadcrumb\"},\"inLanguage\":\"de\",\"potentialAction\":[{\"@type\":\"ReadAction\",\"target\":[\"https:\/\/optimiso-group.com\/de\/software\/interne-organisation\/organigramm\/\"]}]},{\"@type\":\"BreadcrumbList\",\"@id\":\"https:\/\/optimiso-group.com\/de\/software\/interne-organisation\/organigramm\/#breadcrumb\",\"itemListElement\":[{\"@type\":\"ListItem\",\"position\":1,\"name\":\"Startseite\",\"item\":\"https:\/\/optimiso-group.com\/de\/\"},{\"@type\":\"ListItem\",\"position\":2,\"name\":\"Software\",\"item\":\"https:\/\/optimiso-group.com\/de\/software\/\"},{\"@type\":\"ListItem\",\"position\":3,\"name\":\"Organisation und HR\",\"item\":\"https:\/\/optimiso-group.com\/de\/software\/interne-organisation\/\"},{\"@type\":\"ListItem\",\"position\":4,\"name\":\"Organigramm\"}]},{\"@type\":\"WebSite\",\"@id\":\"https:\/\/optimiso-group.com\/#website\",\"url\":\"https:\/\/optimiso-group.com\/\",\"name\":\"Optimiso Group\",\"description\":\"Optimiso Software macht Ihre regulatorischen Einschr\u00e4nkungen zu echten Vorteilen. Entdecken Sie unsere einfachen und n\u00fctzlichen L\u00f6sungen f\u00fcr Ihre Projekte in den Bereichen interne Organisation, ISO-Zertifizierung, interne Kontrolle und Risikomanagement.\",\"publisher\":{\"@id\":\"https:\/\/optimiso-group.com\/#organization\"},\"potentialAction\":[{\"@type\":\"SearchAction\",\"target\":{\"@type\":\"EntryPoint\",\"urlTemplate\":\"https:\/\/optimiso-group.com\/?s={search_term_string}\"},\"query-input\":{\"@type\":\"PropertyValueSpecification\",\"valueRequired\":true,\"valueName\":\"search_term_string\"}}],\"inLanguage\":\"de\"},{\"@type\":\"Organization\",\"@id\":\"https:\/\/optimiso-group.com\/#organization\",\"name\":\"Optimiso Group\",\"url\":\"https:\/\/optimiso-group.com\/\",\"logo\":{\"@type\":\"ImageObject\",\"inLanguage\":\"de\",\"@id\":\"https:\/\/optimiso-group.com\/#\/schema\/logo\/image\/\",\"url\":\"https:\/\/optimiso-group.com\/wp-content\/uploads\/2018\/03\/logo-optimiso-group.png\",\"contentUrl\":\"https:\/\/optimiso-group.com\/wp-content\/uploads\/2018\/03\/logo-optimiso-group.png\",\"width\":351,\"height\":177,\"caption\":\"Optimiso Group\"},\"image\":{\"@id\":\"https:\/\/optimiso-group.com\/#\/schema\/logo\/image\/\"}}]}<\/script>\n<!-- \/ Yoast SEO plugin. -->","yoast_head_json":{"title":"Organigramm-Software | Optimiso","description":"Mit der Software Optimiso k\u00f6nnen Sie Ihr Organigramm in ein echtes Management-Tool verwandeln. Das Flussdiagramm ist schnell gezeichnet und wird n\u00fctzlich.","robots":{"index":"index","follow":"follow","max-snippet":"max-snippet:-1","max-image-preview":"max-image-preview:large","max-video-preview":"max-video-preview:-1"},"canonical":"https:\/\/optimiso-group.com\/de\/software\/interne-organisation\/organigramm\/","og_locale":"de_DE","og_type":"article","og_title":"Organigramm-Software | Optimiso","og_description":"Mit der Software Optimiso k\u00f6nnen Sie Ihr Organigramm in ein echtes Management-Tool verwandeln. Das Flussdiagramm ist schnell gezeichnet und wird n\u00fctzlich.","og_url":"https:\/\/optimiso-group.com\/de\/software\/interne-organisation\/organigramm\/","og_site_name":"Optimiso Group","article_modified_time":"2019-07-08T11:49:30+00:00","twitter_card":"summary_large_image","schema":{"@context":"https:\/\/schema.org","@graph":[{"@type":"WebPage","@id":"https:\/\/optimiso-group.com\/de\/software\/interne-organisation\/organigramm\/","url":"https:\/\/optimiso-group.com\/de\/software\/interne-organisation\/organigramm\/","name":"Organigramm-Software | Optimiso","isPartOf":{"@id":"https:\/\/optimiso-group.com\/#website"},"datePublished":"2018-03-19T14:14:30+00:00","dateModified":"2019-07-08T11:49:30+00:00","description":"Mit der Software Optimiso k\u00f6nnen Sie Ihr Organigramm in ein echtes Management-Tool verwandeln. Das Flussdiagramm ist schnell gezeichnet und wird n\u00fctzlich.","breadcrumb":{"@id":"https:\/\/optimiso-group.com\/de\/software\/interne-organisation\/organigramm\/#breadcrumb"},"inLanguage":"de","potentialAction":[{"@type":"ReadAction","target":["https:\/\/optimiso-group.com\/de\/software\/interne-organisation\/organigramm\/"]}]},{"@type":"BreadcrumbList","@id":"https:\/\/optimiso-group.com\/de\/software\/interne-organisation\/organigramm\/#breadcrumb","itemListElement":[{"@type":"ListItem","position":1,"name":"Startseite","item":"https:\/\/optimiso-group.com\/de\/"},{"@type":"ListItem","position":2,"name":"Software","item":"https:\/\/optimiso-group.com\/de\/software\/"},{"@type":"ListItem","position":3,"name":"Organisation und HR","item":"https:\/\/optimiso-group.com\/de\/software\/interne-organisation\/"},{"@type":"ListItem","position":4,"name":"Organigramm"}]},{"@type":"WebSite","@id":"https:\/\/optimiso-group.com\/#website","url":"https:\/\/optimiso-group.com\/","name":"Optimiso Group","description":"Optimiso Software macht Ihre regulatorischen Einschr\u00e4nkungen zu echten Vorteilen. Entdecken Sie unsere einfachen und n\u00fctzlichen L\u00f6sungen f\u00fcr Ihre Projekte in den Bereichen interne Organisation, ISO-Zertifizierung, interne Kontrolle und Risikomanagement.","publisher":{"@id":"https:\/\/optimiso-group.com\/#organization"},"potentialAction":[{"@type":"SearchAction","target":{"@type":"EntryPoint","urlTemplate":"https:\/\/optimiso-group.com\/?s={search_term_string}"},"query-input":{"@type":"PropertyValueSpecification","valueRequired":true,"valueName":"search_term_string"}}],"inLanguage":"de"},{"@type":"Organization","@id":"https:\/\/optimiso-group.com\/#organization","name":"Optimiso Group","url":"https:\/\/optimiso-group.com\/","logo":{"@type":"ImageObject","inLanguage":"de","@id":"https:\/\/optimiso-group.com\/#\/schema\/logo\/image\/","url":"https:\/\/optimiso-group.com\/wp-content\/uploads\/2018\/03\/logo-optimiso-group.png","contentUrl":"https:\/\/optimiso-group.com\/wp-content\/uploads\/2018\/03\/logo-optimiso-group.png","width":351,"height":177,"caption":"Optimiso Group"},"image":{"@id":"https:\/\/optimiso-group.com\/#\/schema\/logo\/image\/"}}]}},"_links":{"self":[{"href":"https:\/\/optimiso-group.com\/de\/wp-json\/wp\/v2\/pages\/7046","targetHints":{"allow":["GET"]}}],"collection":[{"href":"https:\/\/optimiso-group.com\/de\/wp-json\/wp\/v2\/pages"}],"about":[{"href":"https:\/\/optimiso-group.com\/de\/wp-json\/wp\/v2\/types\/page"}],"author":[{"embeddable":true,"href":"https:\/\/optimiso-group.com\/de\/wp-json\/wp\/v2\/users\/1"}],"replies":[{"embeddable":true,"href":"https:\/\/optimiso-group.com\/de\/wp-json\/wp\/v2\/comments?post=7046"}],"version-history":[{"count":0,"href":"https:\/\/optimiso-group.com\/de\/wp-json\/wp\/v2\/pages\/7046\/revisions"}],"up":[{"embeddable":true,"href":"https:\/\/optimiso-group.com\/de\/wp-json\/wp\/v2\/pages\/7021"}],"wp:attachment":[{"href":"https:\/\/optimiso-group.com\/de\/wp-json\/wp\/v2\/media?parent=7046"}],"curies":[{"name":"wp","href":"https:\/\/api.w.org\/{rel}","templated":true}]}}