{"id":7057,"date":"2018-02-19T13:53:56","date_gmt":"2018-02-19T12:53:56","guid":{"rendered":"https:\/\/optimiso-group.com\/certifications\/"},"modified":"2026-01-21T16:25:39","modified_gmt":"2026-01-21T15:25:39","slug":"zertifizierungen","status":"publish","type":"page","link":"https:\/\/optimiso-group.com\/de\/software\/zertifizierungen\/","title":{"rendered":"Zertifizierungen"},"content":{"rendered":"<p>Unabh\u00e4ngig von der Gr\u00f6\u00dfe des Unternehmens oder der Gesch\u00e4ftst\u00e4tigkeit bringen Standards f\u00fcr Managementsysteme viele Vorteile mit sich. Sie tragen insbesondere zur Strukturierung der Organisation bei und f\u00f6rdern die kontinuierliche Verbesserung zur Erreichung der gesteckten Ziele.<\/p>\n<p>Mit Hilfe der Optimiso-Software sind Sie dank einer intuitiven und interaktiven Webplattform in der Lage, die Beteiligung aller Mitarbeiter zu f\u00f6rdern. Auch in der Dokumentenverwaltung sparen Sie so erheblich Zeit.<\/p>\n","protected":false},"excerpt":{"rendered":"<p>Unabh\u00e4ngig von der Gr\u00f6\u00dfe des Unternehmens oder der Gesch\u00e4ftst\u00e4tigkeit bringen Standards f\u00fcr Managementsysteme viele Vorteile mit sich. Sie tragen insbesondere zur Strukturierung der Organisation bei und f\u00f6rdern die kontinuierliche Verbesserung zur Erreichung der gesteckten Ziele. Mit Hilfe der Optimiso-Software sind Sie dank einer intuitiven und interaktiven Webplattform in der Lage, die Beteiligung aller Mitarbeiter zu [&hellip;]<\/p>\n","protected":false},"author":1,"featured_media":0,"parent":7364,"menu_order":232,"comment_status":"closed","ping_status":"closed","template":"template-level-2-V2.php","meta":{"_acf_changed":false,"_et_pb_use_builder":"","_et_pb_old_content":"","_et_gb_content_width":"","_mo_disable_npp":"","footnotes":""},"class_list":["post-7057","page","type-page","status-publish","hentry"],"acf":[],"yoast_head":"<!-- This site is optimized with the Yoast SEO plugin v24.5 - https:\/\/yoast.com\/wordpress\/plugins\/seo\/ -->\n<title>Software-Zertifizierungen ISO | Optimiso<\/title>\n<meta name=\"description\" content=\"Optimiso Software macht es leicht, alle Managementsysteme zu implementieren: Qualit\u00e4t, Sicherheit, Umwelt (QSU), Lebensmittelsicherheit...\" \/>\n<meta name=\"robots\" content=\"index, follow, max-snippet:-1, max-image-preview:large, max-video-preview:-1\" \/>\n<link rel=\"canonical\" href=\"https:\/\/optimiso-group.com\/de\/software\/zertifizierungen\/\" \/>\n<meta property=\"og:locale\" content=\"de_DE\" \/>\n<meta property=\"og:type\" content=\"article\" \/>\n<meta property=\"og:title\" content=\"Software-Zertifizierungen ISO | Optimiso\" \/>\n<meta property=\"og:description\" content=\"Optimiso Software macht es leicht, alle Managementsysteme zu implementieren: Qualit\u00e4t, Sicherheit, Umwelt (QSU), Lebensmittelsicherheit...\" \/>\n<meta property=\"og:url\" content=\"https:\/\/optimiso-group.com\/de\/software\/zertifizierungen\/\" \/>\n<meta property=\"og:site_name\" content=\"Optimiso Group\" \/>\n<meta property=\"article:modified_time\" content=\"2026-01-21T15:25:39+00:00\" \/>\n<meta name=\"twitter:card\" content=\"summary_large_image\" \/>\n<meta name=\"twitter:label1\" content=\"Gesch\u00e4tzte Lesezeit\" \/>\n\t<meta name=\"twitter:data1\" content=\"1\u00a0Minute\" \/>\n<script type=\"application\/ld+json\" class=\"yoast-schema-graph\">{\"@context\":\"https:\/\/schema.org\",\"@graph\":[{\"@type\":\"WebPage\",\"@id\":\"https:\/\/optimiso-group.com\/de\/software\/zertifizierungen\/\",\"url\":\"https:\/\/optimiso-group.com\/de\/software\/zertifizierungen\/\",\"name\":\"Software-Zertifizierungen ISO | Optimiso\",\"isPartOf\":{\"@id\":\"https:\/\/optimiso-group.com\/#website\"},\"datePublished\":\"2018-02-19T12:53:56+00:00\",\"dateModified\":\"2026-01-21T15:25:39+00:00\",\"description\":\"Optimiso Software macht es leicht, alle Managementsysteme zu implementieren: Qualit\u00e4t, Sicherheit, Umwelt (QSU), Lebensmittelsicherheit...\",\"breadcrumb\":{\"@id\":\"https:\/\/optimiso-group.com\/de\/software\/zertifizierungen\/#breadcrumb\"},\"inLanguage\":\"de\",\"potentialAction\":[{\"@type\":\"ReadAction\",\"target\":[\"https:\/\/optimiso-group.com\/de\/software\/zertifizierungen\/\"]}]},{\"@type\":\"BreadcrumbList\",\"@id\":\"https:\/\/optimiso-group.com\/de\/software\/zertifizierungen\/#breadcrumb\",\"itemListElement\":[{\"@type\":\"ListItem\",\"position\":1,\"name\":\"Startseite\",\"item\":\"https:\/\/optimiso-group.com\/de\/\"},{\"@type\":\"ListItem\",\"position\":2,\"name\":\"Software\",\"item\":\"https:\/\/optimiso-group.com\/de\/software\/\"},{\"@type\":\"ListItem\",\"position\":3,\"name\":\"Zertifizierungen\"}]},{\"@type\":\"WebSite\",\"@id\":\"https:\/\/optimiso-group.com\/#website\",\"url\":\"https:\/\/optimiso-group.com\/\",\"name\":\"Optimiso Group\",\"description\":\"Optimiso Software macht Ihre regulatorischen Einschr\u00e4nkungen zu echten Vorteilen. Entdecken Sie unsere einfachen und n\u00fctzlichen L\u00f6sungen f\u00fcr Ihre Projekte in den Bereichen interne Organisation, ISO-Zertifizierung, interne Kontrolle und Risikomanagement.\",\"publisher\":{\"@id\":\"https:\/\/optimiso-group.com\/#organization\"},\"potentialAction\":[{\"@type\":\"SearchAction\",\"target\":{\"@type\":\"EntryPoint\",\"urlTemplate\":\"https:\/\/optimiso-group.com\/?s={search_term_string}\"},\"query-input\":{\"@type\":\"PropertyValueSpecification\",\"valueRequired\":true,\"valueName\":\"search_term_string\"}}],\"inLanguage\":\"de\"},{\"@type\":\"Organization\",\"@id\":\"https:\/\/optimiso-group.com\/#organization\",\"name\":\"Optimiso Group\",\"url\":\"https:\/\/optimiso-group.com\/\",\"logo\":{\"@type\":\"ImageObject\",\"inLanguage\":\"de\",\"@id\":\"https:\/\/optimiso-group.com\/#\/schema\/logo\/image\/\",\"url\":\"https:\/\/optimiso-group.com\/wp-content\/uploads\/2018\/03\/logo-optimiso-group.png\",\"contentUrl\":\"https:\/\/optimiso-group.com\/wp-content\/uploads\/2018\/03\/logo-optimiso-group.png\",\"width\":351,\"height\":177,\"caption\":\"Optimiso Group\"},\"image\":{\"@id\":\"https:\/\/optimiso-group.com\/#\/schema\/logo\/image\/\"}}]}<\/script>\n<!-- \/ Yoast SEO plugin. -->","yoast_head_json":{"title":"Software-Zertifizierungen ISO | Optimiso","description":"Optimiso Software macht es leicht, alle Managementsysteme zu implementieren: Qualit\u00e4t, Sicherheit, Umwelt (QSU), Lebensmittelsicherheit...","robots":{"index":"index","follow":"follow","max-snippet":"max-snippet:-1","max-image-preview":"max-image-preview:large","max-video-preview":"max-video-preview:-1"},"canonical":"https:\/\/optimiso-group.com\/de\/software\/zertifizierungen\/","og_locale":"de_DE","og_type":"article","og_title":"Software-Zertifizierungen ISO | Optimiso","og_description":"Optimiso Software macht es leicht, alle Managementsysteme zu implementieren: Qualit\u00e4t, Sicherheit, Umwelt (QSU), Lebensmittelsicherheit...","og_url":"https:\/\/optimiso-group.com\/de\/software\/zertifizierungen\/","og_site_name":"Optimiso Group","article_modified_time":"2026-01-21T15:25:39+00:00","twitter_card":"summary_large_image","twitter_misc":{"Gesch\u00e4tzte Lesezeit":"1\u00a0Minute"},"schema":{"@context":"https:\/\/schema.org","@graph":[{"@type":"WebPage","@id":"https:\/\/optimiso-group.com\/de\/software\/zertifizierungen\/","url":"https:\/\/optimiso-group.com\/de\/software\/zertifizierungen\/","name":"Software-Zertifizierungen ISO | Optimiso","isPartOf":{"@id":"https:\/\/optimiso-group.com\/#website"},"datePublished":"2018-02-19T12:53:56+00:00","dateModified":"2026-01-21T15:25:39+00:00","description":"Optimiso Software macht es leicht, alle Managementsysteme zu implementieren: Qualit\u00e4t, Sicherheit, Umwelt (QSU), Lebensmittelsicherheit...","breadcrumb":{"@id":"https:\/\/optimiso-group.com\/de\/software\/zertifizierungen\/#breadcrumb"},"inLanguage":"de","potentialAction":[{"@type":"ReadAction","target":["https:\/\/optimiso-group.com\/de\/software\/zertifizierungen\/"]}]},{"@type":"BreadcrumbList","@id":"https:\/\/optimiso-group.com\/de\/software\/zertifizierungen\/#breadcrumb","itemListElement":[{"@type":"ListItem","position":1,"name":"Startseite","item":"https:\/\/optimiso-group.com\/de\/"},{"@type":"ListItem","position":2,"name":"Software","item":"https:\/\/optimiso-group.com\/de\/software\/"},{"@type":"ListItem","position":3,"name":"Zertifizierungen"}]},{"@type":"WebSite","@id":"https:\/\/optimiso-group.com\/#website","url":"https:\/\/optimiso-group.com\/","name":"Optimiso Group","description":"Optimiso Software macht Ihre regulatorischen Einschr\u00e4nkungen zu echten Vorteilen. Entdecken Sie unsere einfachen und n\u00fctzlichen L\u00f6sungen f\u00fcr Ihre Projekte in den Bereichen interne Organisation, ISO-Zertifizierung, interne Kontrolle und Risikomanagement.","publisher":{"@id":"https:\/\/optimiso-group.com\/#organization"},"potentialAction":[{"@type":"SearchAction","target":{"@type":"EntryPoint","urlTemplate":"https:\/\/optimiso-group.com\/?s={search_term_string}"},"query-input":{"@type":"PropertyValueSpecification","valueRequired":true,"valueName":"search_term_string"}}],"inLanguage":"de"},{"@type":"Organization","@id":"https:\/\/optimiso-group.com\/#organization","name":"Optimiso Group","url":"https:\/\/optimiso-group.com\/","logo":{"@type":"ImageObject","inLanguage":"de","@id":"https:\/\/optimiso-group.com\/#\/schema\/logo\/image\/","url":"https:\/\/optimiso-group.com\/wp-content\/uploads\/2018\/03\/logo-optimiso-group.png","contentUrl":"https:\/\/optimiso-group.com\/wp-content\/uploads\/2018\/03\/logo-optimiso-group.png","width":351,"height":177,"caption":"Optimiso Group"},"image":{"@id":"https:\/\/optimiso-group.com\/#\/schema\/logo\/image\/"}}]}},"_links":{"self":[{"href":"https:\/\/optimiso-group.com\/de\/wp-json\/wp\/v2\/pages\/7057","targetHints":{"allow":["GET"]}}],"collection":[{"href":"https:\/\/optimiso-group.com\/de\/wp-json\/wp\/v2\/pages"}],"about":[{"href":"https:\/\/optimiso-group.com\/de\/wp-json\/wp\/v2\/types\/page"}],"author":[{"embeddable":true,"href":"https:\/\/optimiso-group.com\/de\/wp-json\/wp\/v2\/users\/1"}],"replies":[{"embeddable":true,"href":"https:\/\/optimiso-group.com\/de\/wp-json\/wp\/v2\/comments?post=7057"}],"version-history":[{"count":1,"href":"https:\/\/optimiso-group.com\/de\/wp-json\/wp\/v2\/pages\/7057\/revisions"}],"predecessor-version":[{"id":28972,"href":"https:\/\/optimiso-group.com\/de\/wp-json\/wp\/v2\/pages\/7057\/revisions\/28972"}],"up":[{"embeddable":true,"href":"https:\/\/optimiso-group.com\/de\/wp-json\/wp\/v2\/pages\/7364"}],"wp:attachment":[{"href":"https:\/\/optimiso-group.com\/de\/wp-json\/wp\/v2\/media?parent=7057"}],"curies":[{"name":"wp","href":"https:\/\/api.w.org\/{rel}","templated":true}]}}