{"id":7072,"date":"2018-02-19T13:55:23","date_gmt":"2018-02-19T12:55:23","guid":{"rendered":"https:\/\/optimiso-group.com\/zertifizierungen\/certification-iso-22000\/"},"modified":"2026-01-22T11:27:32","modified_gmt":"2026-01-22T10:27:32","slug":"iso-22000-zertifizierung","status":"publish","type":"page","link":"https:\/\/optimiso-group.com\/de\/software\/zertifizierungen\/iso-22000-zertifizierung\/","title":{"rendered":"ISO 22000-Zertifizierung"},"content":{"rendered":"<p>[et_pb_section admin_label=&#8220;section&#8220;]<br \/>\n[et_pb_row admin_label=&#8220;row&#8220;]<br \/>\n[et_pb_column type=&#8220;4_4&#8243;]<br \/>\n[et_pb_text admin_label=&#8220;Text&#8220;]<\/p>\n<p>[\/et_pb_text]<br \/>\n[\/et_pb_column]<br \/>\n[\/et_pb_row]<br \/>\n[\/et_pb_section]<\/p>\n","protected":false},"excerpt":{"rendered":"<p>[et_pb_section admin_label=&#8220;section&#8220;] [et_pb_row admin_label=&#8220;row&#8220;] [et_pb_column type=&#8220;4_4&#8243;] [et_pb_text admin_label=&#8220;Text&#8220;] [\/et_pb_text] [\/et_pb_column] [\/et_pb_row] [\/et_pb_section]<\/p>\n","protected":false},"author":1,"featured_media":0,"parent":7057,"menu_order":220,"comment_status":"closed","ping_status":"closed","template":"template-level-3-V2.php","meta":{"_acf_changed":false,"_et_pb_use_builder":"off","_et_pb_old_content":"","_et_gb_content_width":"","_mo_disable_npp":"","footnotes":""},"class_list":["post-7072","page","type-page","status-publish","hentry"],"acf":[],"yoast_head":"<!-- This site is optimized with the Yoast SEO plugin v24.5 - https:\/\/yoast.com\/wordpress\/plugins\/seo\/ -->\n<title>FSMS und ISO 22000 Zertifizierungssoftware | Optimiso by Iskera<\/title>\n<meta name=\"description\" content=\"Optimiso Software ist ein effektives Tool zur Gew\u00e4hrleistung der Lebensmittelsicherheit. Es hilft, die Anforderungen der ISO 22000 einfach zu erf\u00fcllen und das Vertrauen der Kunden zu st\u00e4rken.\" \/>\n<meta name=\"robots\" content=\"index, follow, max-snippet:-1, max-image-preview:large, max-video-preview:-1\" \/>\n<link rel=\"canonical\" href=\"https:\/\/optimiso-group.com\/de\/software\/zertifizierungen\/iso-22000-zertifizierung\/\" \/>\n<meta property=\"og:locale\" content=\"de_DE\" \/>\n<meta property=\"og:type\" content=\"article\" \/>\n<meta property=\"og:title\" content=\"FSMS und ISO 22000 Zertifizierungssoftware | Optimiso by Iskera\" \/>\n<meta property=\"og:description\" content=\"Optimiso Software ist ein effektives Tool zur Gew\u00e4hrleistung der Lebensmittelsicherheit. Es hilft, die Anforderungen der ISO 22000 einfach zu erf\u00fcllen und das Vertrauen der Kunden zu st\u00e4rken.\" \/>\n<meta property=\"og:url\" content=\"https:\/\/optimiso-group.com\/de\/software\/zertifizierungen\/iso-22000-zertifizierung\/\" \/>\n<meta property=\"og:site_name\" content=\"Optimiso Group\" \/>\n<meta property=\"article:modified_time\" content=\"2026-01-22T10:27:32+00:00\" \/>\n<meta name=\"twitter:card\" content=\"summary_large_image\" \/>\n<meta name=\"twitter:label1\" content=\"Gesch\u00e4tzte Lesezeit\" \/>\n\t<meta name=\"twitter:data1\" content=\"1\u00a0Minute\" \/>\n<script type=\"application\/ld+json\" class=\"yoast-schema-graph\">{\"@context\":\"https:\/\/schema.org\",\"@graph\":[{\"@type\":\"WebPage\",\"@id\":\"https:\/\/optimiso-group.com\/de\/software\/zertifizierungen\/iso-22000-zertifizierung\/\",\"url\":\"https:\/\/optimiso-group.com\/de\/software\/zertifizierungen\/iso-22000-zertifizierung\/\",\"name\":\"FSMS und ISO 22000 Zertifizierungssoftware | Optimiso by Iskera\",\"isPartOf\":{\"@id\":\"https:\/\/optimiso-group.com\/#website\"},\"datePublished\":\"2018-02-19T12:55:23+00:00\",\"dateModified\":\"2026-01-22T10:27:32+00:00\",\"description\":\"Optimiso Software ist ein effektives Tool zur Gew\u00e4hrleistung der Lebensmittelsicherheit. Es hilft, die Anforderungen der ISO 22000 einfach zu erf\u00fcllen und das Vertrauen der Kunden zu st\u00e4rken.\",\"breadcrumb\":{\"@id\":\"https:\/\/optimiso-group.com\/de\/software\/zertifizierungen\/iso-22000-zertifizierung\/#breadcrumb\"},\"inLanguage\":\"de\",\"potentialAction\":[{\"@type\":\"ReadAction\",\"target\":[\"https:\/\/optimiso-group.com\/de\/software\/zertifizierungen\/iso-22000-zertifizierung\/\"]}]},{\"@type\":\"BreadcrumbList\",\"@id\":\"https:\/\/optimiso-group.com\/de\/software\/zertifizierungen\/iso-22000-zertifizierung\/#breadcrumb\",\"itemListElement\":[{\"@type\":\"ListItem\",\"position\":1,\"name\":\"Startseite\",\"item\":\"https:\/\/optimiso-group.com\/de\/\"},{\"@type\":\"ListItem\",\"position\":2,\"name\":\"Software\",\"item\":\"https:\/\/optimiso-group.com\/de\/software\/\"},{\"@type\":\"ListItem\",\"position\":3,\"name\":\"Zertifizierungen\",\"item\":\"https:\/\/optimiso-group.com\/de\/software\/zertifizierungen\/\"},{\"@type\":\"ListItem\",\"position\":4,\"name\":\"ISO 22000-Zertifizierung\"}]},{\"@type\":\"WebSite\",\"@id\":\"https:\/\/optimiso-group.com\/#website\",\"url\":\"https:\/\/optimiso-group.com\/\",\"name\":\"Optimiso Group\",\"description\":\"Optimiso Software macht Ihre regulatorischen Einschr\u00e4nkungen zu echten Vorteilen. Entdecken Sie unsere einfachen und n\u00fctzlichen L\u00f6sungen f\u00fcr Ihre Projekte in den Bereichen interne Organisation, ISO-Zertifizierung, interne Kontrolle und Risikomanagement.\",\"publisher\":{\"@id\":\"https:\/\/optimiso-group.com\/#organization\"},\"potentialAction\":[{\"@type\":\"SearchAction\",\"target\":{\"@type\":\"EntryPoint\",\"urlTemplate\":\"https:\/\/optimiso-group.com\/?s={search_term_string}\"},\"query-input\":{\"@type\":\"PropertyValueSpecification\",\"valueRequired\":true,\"valueName\":\"search_term_string\"}}],\"inLanguage\":\"de\"},{\"@type\":\"Organization\",\"@id\":\"https:\/\/optimiso-group.com\/#organization\",\"name\":\"Optimiso Group\",\"url\":\"https:\/\/optimiso-group.com\/\",\"logo\":{\"@type\":\"ImageObject\",\"inLanguage\":\"de\",\"@id\":\"https:\/\/optimiso-group.com\/#\/schema\/logo\/image\/\",\"url\":\"https:\/\/optimiso-group.com\/wp-content\/uploads\/2018\/03\/logo-optimiso-group.png\",\"contentUrl\":\"https:\/\/optimiso-group.com\/wp-content\/uploads\/2018\/03\/logo-optimiso-group.png\",\"width\":351,\"height\":177,\"caption\":\"Optimiso Group\"},\"image\":{\"@id\":\"https:\/\/optimiso-group.com\/#\/schema\/logo\/image\/\"}}]}<\/script>\n<!-- \/ Yoast SEO plugin. -->","yoast_head_json":{"title":"FSMS und ISO 22000 Zertifizierungssoftware | Optimiso by Iskera","description":"Optimiso Software ist ein effektives Tool zur Gew\u00e4hrleistung der Lebensmittelsicherheit. Es hilft, die Anforderungen der ISO 22000 einfach zu erf\u00fcllen und das Vertrauen der Kunden zu st\u00e4rken.","robots":{"index":"index","follow":"follow","max-snippet":"max-snippet:-1","max-image-preview":"max-image-preview:large","max-video-preview":"max-video-preview:-1"},"canonical":"https:\/\/optimiso-group.com\/de\/software\/zertifizierungen\/iso-22000-zertifizierung\/","og_locale":"de_DE","og_type":"article","og_title":"FSMS und ISO 22000 Zertifizierungssoftware | Optimiso by Iskera","og_description":"Optimiso Software ist ein effektives Tool zur Gew\u00e4hrleistung der Lebensmittelsicherheit. Es hilft, die Anforderungen der ISO 22000 einfach zu erf\u00fcllen und das Vertrauen der Kunden zu st\u00e4rken.","og_url":"https:\/\/optimiso-group.com\/de\/software\/zertifizierungen\/iso-22000-zertifizierung\/","og_site_name":"Optimiso Group","article_modified_time":"2026-01-22T10:27:32+00:00","twitter_card":"summary_large_image","twitter_misc":{"Gesch\u00e4tzte Lesezeit":"1\u00a0Minute"},"schema":{"@context":"https:\/\/schema.org","@graph":[{"@type":"WebPage","@id":"https:\/\/optimiso-group.com\/de\/software\/zertifizierungen\/iso-22000-zertifizierung\/","url":"https:\/\/optimiso-group.com\/de\/software\/zertifizierungen\/iso-22000-zertifizierung\/","name":"FSMS und ISO 22000 Zertifizierungssoftware | Optimiso by Iskera","isPartOf":{"@id":"https:\/\/optimiso-group.com\/#website"},"datePublished":"2018-02-19T12:55:23+00:00","dateModified":"2026-01-22T10:27:32+00:00","description":"Optimiso Software ist ein effektives Tool zur Gew\u00e4hrleistung der Lebensmittelsicherheit. Es hilft, die Anforderungen der ISO 22000 einfach zu erf\u00fcllen und das Vertrauen der Kunden zu st\u00e4rken.","breadcrumb":{"@id":"https:\/\/optimiso-group.com\/de\/software\/zertifizierungen\/iso-22000-zertifizierung\/#breadcrumb"},"inLanguage":"de","potentialAction":[{"@type":"ReadAction","target":["https:\/\/optimiso-group.com\/de\/software\/zertifizierungen\/iso-22000-zertifizierung\/"]}]},{"@type":"BreadcrumbList","@id":"https:\/\/optimiso-group.com\/de\/software\/zertifizierungen\/iso-22000-zertifizierung\/#breadcrumb","itemListElement":[{"@type":"ListItem","position":1,"name":"Startseite","item":"https:\/\/optimiso-group.com\/de\/"},{"@type":"ListItem","position":2,"name":"Software","item":"https:\/\/optimiso-group.com\/de\/software\/"},{"@type":"ListItem","position":3,"name":"Zertifizierungen","item":"https:\/\/optimiso-group.com\/de\/software\/zertifizierungen\/"},{"@type":"ListItem","position":4,"name":"ISO 22000-Zertifizierung"}]},{"@type":"WebSite","@id":"https:\/\/optimiso-group.com\/#website","url":"https:\/\/optimiso-group.com\/","name":"Optimiso Group","description":"Optimiso Software macht Ihre regulatorischen Einschr\u00e4nkungen zu echten Vorteilen. Entdecken Sie unsere einfachen und n\u00fctzlichen L\u00f6sungen f\u00fcr Ihre Projekte in den Bereichen interne Organisation, ISO-Zertifizierung, interne Kontrolle und Risikomanagement.","publisher":{"@id":"https:\/\/optimiso-group.com\/#organization"},"potentialAction":[{"@type":"SearchAction","target":{"@type":"EntryPoint","urlTemplate":"https:\/\/optimiso-group.com\/?s={search_term_string}"},"query-input":{"@type":"PropertyValueSpecification","valueRequired":true,"valueName":"search_term_string"}}],"inLanguage":"de"},{"@type":"Organization","@id":"https:\/\/optimiso-group.com\/#organization","name":"Optimiso Group","url":"https:\/\/optimiso-group.com\/","logo":{"@type":"ImageObject","inLanguage":"de","@id":"https:\/\/optimiso-group.com\/#\/schema\/logo\/image\/","url":"https:\/\/optimiso-group.com\/wp-content\/uploads\/2018\/03\/logo-optimiso-group.png","contentUrl":"https:\/\/optimiso-group.com\/wp-content\/uploads\/2018\/03\/logo-optimiso-group.png","width":351,"height":177,"caption":"Optimiso Group"},"image":{"@id":"https:\/\/optimiso-group.com\/#\/schema\/logo\/image\/"}}]}},"_links":{"self":[{"href":"https:\/\/optimiso-group.com\/de\/wp-json\/wp\/v2\/pages\/7072","targetHints":{"allow":["GET"]}}],"collection":[{"href":"https:\/\/optimiso-group.com\/de\/wp-json\/wp\/v2\/pages"}],"about":[{"href":"https:\/\/optimiso-group.com\/de\/wp-json\/wp\/v2\/types\/page"}],"author":[{"embeddable":true,"href":"https:\/\/optimiso-group.com\/de\/wp-json\/wp\/v2\/users\/1"}],"replies":[{"embeddable":true,"href":"https:\/\/optimiso-group.com\/de\/wp-json\/wp\/v2\/comments?post=7072"}],"version-history":[{"count":4,"href":"https:\/\/optimiso-group.com\/de\/wp-json\/wp\/v2\/pages\/7072\/revisions"}],"predecessor-version":[{"id":28991,"href":"https:\/\/optimiso-group.com\/de\/wp-json\/wp\/v2\/pages\/7072\/revisions\/28991"}],"up":[{"embeddable":true,"href":"https:\/\/optimiso-group.com\/de\/wp-json\/wp\/v2\/pages\/7057"}],"wp:attachment":[{"href":"https:\/\/optimiso-group.com\/de\/wp-json\/wp\/v2\/media?parent=7072"}],"curies":[{"name":"wp","href":"https:\/\/api.w.org\/{rel}","templated":true}]}}