{"id":7095,"date":"2018-02-19T13:57:38","date_gmt":"2018-02-19T12:57:38","guid":{"rendered":"https:\/\/optimiso-group.com\/controle-interne\/isae-3402\/"},"modified":"2026-01-22T14:40:51","modified_gmt":"2026-01-22T13:40:51","slug":"isae-3402","status":"publish","type":"page","link":"https:\/\/optimiso-group.com\/de\/software\/interne-kontrolle\/isae-3402\/","title":{"rendered":"ISAE 3402"},"content":{"rendered":"","protected":false},"excerpt":{"rendered":"","protected":false},"author":1,"featured_media":0,"parent":7093,"menu_order":205,"comment_status":"closed","ping_status":"closed","template":"template-level-3-V2.php","meta":{"_acf_changed":false,"_et_pb_use_builder":"","_et_pb_old_content":"","_et_gb_content_width":"","_mo_disable_npp":"","footnotes":""},"class_list":["post-7095","page","type-page","status-publish","hentry"],"acf":[],"yoast_head":"<!-- This site is optimized with the Yoast SEO plugin v24.5 - https:\/\/yoast.com\/wordpress\/plugins\/seo\/ -->\n<title>ISAE 3402-Erkennung: Entdecken Sie die Softwarel\u00f6sung Optimiso<\/title>\n<meta name=\"description\" content=\"Eine einfache und effiziente ISAE 3402-Anerkennung. Beweisen Sie die Strenge und Effizienz Ihrer Kontrollaktivit\u00e4ten mit der Optimiso Software.\" \/>\n<meta name=\"robots\" content=\"index, follow, max-snippet:-1, max-image-preview:large, max-video-preview:-1\" \/>\n<link rel=\"canonical\" href=\"https:\/\/optimiso-group.com\/de\/software\/interne-kontrolle\/isae-3402\/\" \/>\n<meta property=\"og:locale\" content=\"de_DE\" \/>\n<meta property=\"og:type\" content=\"article\" \/>\n<meta property=\"og:title\" content=\"ISAE 3402-Erkennung: Entdecken Sie die Softwarel\u00f6sung Optimiso\" \/>\n<meta property=\"og:description\" content=\"Eine einfache und effiziente ISAE 3402-Anerkennung. Beweisen Sie die Strenge und Effizienz Ihrer Kontrollaktivit\u00e4ten mit der Optimiso Software.\" \/>\n<meta property=\"og:url\" content=\"https:\/\/optimiso-group.com\/de\/software\/interne-kontrolle\/isae-3402\/\" \/>\n<meta property=\"og:site_name\" content=\"Optimiso Group\" \/>\n<meta property=\"article:modified_time\" content=\"2026-01-22T13:40:51+00:00\" \/>\n<meta name=\"twitter:card\" content=\"summary_large_image\" \/>\n<script type=\"application\/ld+json\" class=\"yoast-schema-graph\">{\"@context\":\"https:\/\/schema.org\",\"@graph\":[{\"@type\":\"WebPage\",\"@id\":\"https:\/\/optimiso-group.com\/de\/software\/interne-kontrolle\/isae-3402\/\",\"url\":\"https:\/\/optimiso-group.com\/de\/software\/interne-kontrolle\/isae-3402\/\",\"name\":\"ISAE 3402-Erkennung: Entdecken Sie die Softwarel\u00f6sung Optimiso\",\"isPartOf\":{\"@id\":\"https:\/\/optimiso-group.com\/#website\"},\"datePublished\":\"2018-02-19T12:57:38+00:00\",\"dateModified\":\"2026-01-22T13:40:51+00:00\",\"description\":\"Eine einfache und effiziente ISAE 3402-Anerkennung. Beweisen Sie die Strenge und Effizienz Ihrer Kontrollaktivit\u00e4ten mit der Optimiso Software.\",\"breadcrumb\":{\"@id\":\"https:\/\/optimiso-group.com\/de\/software\/interne-kontrolle\/isae-3402\/#breadcrumb\"},\"inLanguage\":\"de\",\"potentialAction\":[{\"@type\":\"ReadAction\",\"target\":[\"https:\/\/optimiso-group.com\/de\/software\/interne-kontrolle\/isae-3402\/\"]}]},{\"@type\":\"BreadcrumbList\",\"@id\":\"https:\/\/optimiso-group.com\/de\/software\/interne-kontrolle\/isae-3402\/#breadcrumb\",\"itemListElement\":[{\"@type\":\"ListItem\",\"position\":1,\"name\":\"Startseite\",\"item\":\"https:\/\/optimiso-group.com\/de\/\"},{\"@type\":\"ListItem\",\"position\":2,\"name\":\"Software\",\"item\":\"https:\/\/optimiso-group.com\/de\/software\/\"},{\"@type\":\"ListItem\",\"position\":3,\"name\":\"Interne Kontrolle Software\",\"item\":\"https:\/\/optimiso-group.com\/de\/software\/interne-kontrolle\/\"},{\"@type\":\"ListItem\",\"position\":4,\"name\":\"ISAE 3402\"}]},{\"@type\":\"WebSite\",\"@id\":\"https:\/\/optimiso-group.com\/#website\",\"url\":\"https:\/\/optimiso-group.com\/\",\"name\":\"Optimiso Group\",\"description\":\"Optimiso Software macht Ihre regulatorischen Einschr\u00e4nkungen zu echten Vorteilen. Entdecken Sie unsere einfachen und n\u00fctzlichen L\u00f6sungen f\u00fcr Ihre Projekte in den Bereichen interne Organisation, ISO-Zertifizierung, interne Kontrolle und Risikomanagement.\",\"publisher\":{\"@id\":\"https:\/\/optimiso-group.com\/#organization\"},\"potentialAction\":[{\"@type\":\"SearchAction\",\"target\":{\"@type\":\"EntryPoint\",\"urlTemplate\":\"https:\/\/optimiso-group.com\/?s={search_term_string}\"},\"query-input\":{\"@type\":\"PropertyValueSpecification\",\"valueRequired\":true,\"valueName\":\"search_term_string\"}}],\"inLanguage\":\"de\"},{\"@type\":\"Organization\",\"@id\":\"https:\/\/optimiso-group.com\/#organization\",\"name\":\"Optimiso Group\",\"url\":\"https:\/\/optimiso-group.com\/\",\"logo\":{\"@type\":\"ImageObject\",\"inLanguage\":\"de\",\"@id\":\"https:\/\/optimiso-group.com\/#\/schema\/logo\/image\/\",\"url\":\"https:\/\/optimiso-group.com\/wp-content\/uploads\/2018\/03\/logo-optimiso-group.png\",\"contentUrl\":\"https:\/\/optimiso-group.com\/wp-content\/uploads\/2018\/03\/logo-optimiso-group.png\",\"width\":351,\"height\":177,\"caption\":\"Optimiso Group\"},\"image\":{\"@id\":\"https:\/\/optimiso-group.com\/#\/schema\/logo\/image\/\"}}]}<\/script>\n<!-- \/ Yoast SEO plugin. -->","yoast_head_json":{"title":"ISAE 3402-Erkennung: Entdecken Sie die Softwarel\u00f6sung Optimiso","description":"Eine einfache und effiziente ISAE 3402-Anerkennung. Beweisen Sie die Strenge und Effizienz Ihrer Kontrollaktivit\u00e4ten mit der Optimiso Software.","robots":{"index":"index","follow":"follow","max-snippet":"max-snippet:-1","max-image-preview":"max-image-preview:large","max-video-preview":"max-video-preview:-1"},"canonical":"https:\/\/optimiso-group.com\/de\/software\/interne-kontrolle\/isae-3402\/","og_locale":"de_DE","og_type":"article","og_title":"ISAE 3402-Erkennung: Entdecken Sie die Softwarel\u00f6sung Optimiso","og_description":"Eine einfache und effiziente ISAE 3402-Anerkennung. Beweisen Sie die Strenge und Effizienz Ihrer Kontrollaktivit\u00e4ten mit der Optimiso Software.","og_url":"https:\/\/optimiso-group.com\/de\/software\/interne-kontrolle\/isae-3402\/","og_site_name":"Optimiso Group","article_modified_time":"2026-01-22T13:40:51+00:00","twitter_card":"summary_large_image","schema":{"@context":"https:\/\/schema.org","@graph":[{"@type":"WebPage","@id":"https:\/\/optimiso-group.com\/de\/software\/interne-kontrolle\/isae-3402\/","url":"https:\/\/optimiso-group.com\/de\/software\/interne-kontrolle\/isae-3402\/","name":"ISAE 3402-Erkennung: Entdecken Sie die Softwarel\u00f6sung Optimiso","isPartOf":{"@id":"https:\/\/optimiso-group.com\/#website"},"datePublished":"2018-02-19T12:57:38+00:00","dateModified":"2026-01-22T13:40:51+00:00","description":"Eine einfache und effiziente ISAE 3402-Anerkennung. Beweisen Sie die Strenge und Effizienz Ihrer Kontrollaktivit\u00e4ten mit der Optimiso Software.","breadcrumb":{"@id":"https:\/\/optimiso-group.com\/de\/software\/interne-kontrolle\/isae-3402\/#breadcrumb"},"inLanguage":"de","potentialAction":[{"@type":"ReadAction","target":["https:\/\/optimiso-group.com\/de\/software\/interne-kontrolle\/isae-3402\/"]}]},{"@type":"BreadcrumbList","@id":"https:\/\/optimiso-group.com\/de\/software\/interne-kontrolle\/isae-3402\/#breadcrumb","itemListElement":[{"@type":"ListItem","position":1,"name":"Startseite","item":"https:\/\/optimiso-group.com\/de\/"},{"@type":"ListItem","position":2,"name":"Software","item":"https:\/\/optimiso-group.com\/de\/software\/"},{"@type":"ListItem","position":3,"name":"Interne Kontrolle Software","item":"https:\/\/optimiso-group.com\/de\/software\/interne-kontrolle\/"},{"@type":"ListItem","position":4,"name":"ISAE 3402"}]},{"@type":"WebSite","@id":"https:\/\/optimiso-group.com\/#website","url":"https:\/\/optimiso-group.com\/","name":"Optimiso Group","description":"Optimiso Software macht Ihre regulatorischen Einschr\u00e4nkungen zu echten Vorteilen. Entdecken Sie unsere einfachen und n\u00fctzlichen L\u00f6sungen f\u00fcr Ihre Projekte in den Bereichen interne Organisation, ISO-Zertifizierung, interne Kontrolle und Risikomanagement.","publisher":{"@id":"https:\/\/optimiso-group.com\/#organization"},"potentialAction":[{"@type":"SearchAction","target":{"@type":"EntryPoint","urlTemplate":"https:\/\/optimiso-group.com\/?s={search_term_string}"},"query-input":{"@type":"PropertyValueSpecification","valueRequired":true,"valueName":"search_term_string"}}],"inLanguage":"de"},{"@type":"Organization","@id":"https:\/\/optimiso-group.com\/#organization","name":"Optimiso Group","url":"https:\/\/optimiso-group.com\/","logo":{"@type":"ImageObject","inLanguage":"de","@id":"https:\/\/optimiso-group.com\/#\/schema\/logo\/image\/","url":"https:\/\/optimiso-group.com\/wp-content\/uploads\/2018\/03\/logo-optimiso-group.png","contentUrl":"https:\/\/optimiso-group.com\/wp-content\/uploads\/2018\/03\/logo-optimiso-group.png","width":351,"height":177,"caption":"Optimiso Group"},"image":{"@id":"https:\/\/optimiso-group.com\/#\/schema\/logo\/image\/"}}]}},"_links":{"self":[{"href":"https:\/\/optimiso-group.com\/de\/wp-json\/wp\/v2\/pages\/7095","targetHints":{"allow":["GET"]}}],"collection":[{"href":"https:\/\/optimiso-group.com\/de\/wp-json\/wp\/v2\/pages"}],"about":[{"href":"https:\/\/optimiso-group.com\/de\/wp-json\/wp\/v2\/types\/page"}],"author":[{"embeddable":true,"href":"https:\/\/optimiso-group.com\/de\/wp-json\/wp\/v2\/users\/1"}],"replies":[{"embeddable":true,"href":"https:\/\/optimiso-group.com\/de\/wp-json\/wp\/v2\/comments?post=7095"}],"version-history":[{"count":3,"href":"https:\/\/optimiso-group.com\/de\/wp-json\/wp\/v2\/pages\/7095\/revisions"}],"predecessor-version":[{"id":29018,"href":"https:\/\/optimiso-group.com\/de\/wp-json\/wp\/v2\/pages\/7095\/revisions\/29018"}],"up":[{"embeddable":true,"href":"https:\/\/optimiso-group.com\/de\/wp-json\/wp\/v2\/pages\/7093"}],"wp:attachment":[{"href":"https:\/\/optimiso-group.com\/de\/wp-json\/wp\/v2\/media?parent=7095"}],"curies":[{"name":"wp","href":"https:\/\/api.w.org\/{rel}","templated":true}]}}