{"id":7106,"date":"2018-02-19T13:57:55","date_gmt":"2018-02-19T12:57:55","guid":{"rendered":"https:\/\/optimiso-group.com\/gestion-des-risques\/"},"modified":"2026-01-22T15:03:35","modified_gmt":"2026-01-22T14:03:35","slug":"risikomanagement","status":"publish","type":"page","link":"https:\/\/optimiso-group.com\/de\/software\/risikomanagement\/","title":{"rendered":"Risikomanagement"},"content":{"rendered":"<p>Ein unverzichtbares Risikomanagement erm\u00f6glicht es jedem Unternehmen, sich in seiner Weiterentwicklung auf mehr Nachhaltigkeit zu konzentrieren. In Kombination mit den Konzepten von Governance und Compliance stellen Sie sicher, dass Ihr Unternehmen mit den geltenden Vorschriften und internen Richtlinien \u00fcbereinstimmt.<\/p>\n<p>Mit der Optimiso-Software k\u00f6nnen Sie Risiken auf einfache Art und Weise managen und bewerten. Sie demonstrieren die Einhaltung aktueller Regeln und Prozesse und schaffen damit einen echten Mehrwert f\u00fcr Ihr Tagesgesch\u00e4ft.<\/p>\n","protected":false},"excerpt":{"rendered":"<p>Ein unverzichtbares Risikomanagement erm\u00f6glicht es jedem Unternehmen, sich in seiner Weiterentwicklung auf mehr Nachhaltigkeit zu konzentrieren. In Kombination mit den Konzepten von Governance und Compliance stellen Sie sicher, dass Ihr Unternehmen mit den geltenden Vorschriften und internen Richtlinien \u00fcbereinstimmt. Mit der Optimiso-Software k\u00f6nnen Sie Risiken auf einfache Art und Weise managen und bewerten. Sie demonstrieren [&hellip;]<\/p>\n","protected":false},"author":1,"featured_media":0,"parent":7364,"menu_order":202,"comment_status":"closed","ping_status":"closed","template":"template-level-2-V2.php","meta":{"_acf_changed":false,"_et_pb_use_builder":"","_et_pb_old_content":"","_et_gb_content_width":"","_mo_disable_npp":"","footnotes":""},"class_list":["post-7106","page","type-page","status-publish","hentry"],"acf":[],"yoast_head":"<!-- This site is optimized with the Yoast SEO plugin v24.5 - https:\/\/yoast.com\/wordpress\/plugins\/seo\/ -->\n<title>Risikomanagement-Software | Optimiso<\/title>\n<meta name=\"description\" content=\"Optimiso Software macht es einfach, Risiken zu verwalten und zu bewerten. Es hilft dabei, die Einhaltung bestehender Regeln und Prozesse nachzuweisen und gleichzeitig einen echten Mehrwert f\u00fcr das Tagesgesch\u00e4ft zu schaffen.\" \/>\n<meta name=\"robots\" content=\"index, follow, max-snippet:-1, max-image-preview:large, max-video-preview:-1\" \/>\n<link rel=\"canonical\" href=\"https:\/\/optimiso-group.com\/de\/software\/risikomanagement\/\" \/>\n<meta property=\"og:locale\" content=\"de_DE\" \/>\n<meta property=\"og:type\" content=\"article\" \/>\n<meta property=\"og:title\" content=\"Risikomanagement-Software | Optimiso\" \/>\n<meta property=\"og:description\" content=\"Optimiso Software macht es einfach, Risiken zu verwalten und zu bewerten. Es hilft dabei, die Einhaltung bestehender Regeln und Prozesse nachzuweisen und gleichzeitig einen echten Mehrwert f\u00fcr das Tagesgesch\u00e4ft zu schaffen.\" \/>\n<meta property=\"og:url\" content=\"https:\/\/optimiso-group.com\/de\/software\/risikomanagement\/\" \/>\n<meta property=\"og:site_name\" content=\"Optimiso Group\" \/>\n<meta property=\"article:modified_time\" content=\"2026-01-22T14:03:35+00:00\" \/>\n<meta name=\"twitter:card\" content=\"summary_large_image\" \/>\n<meta name=\"twitter:label1\" content=\"Gesch\u00e4tzte Lesezeit\" \/>\n\t<meta name=\"twitter:data1\" content=\"1\u00a0Minute\" \/>\n<script type=\"application\/ld+json\" class=\"yoast-schema-graph\">{\"@context\":\"https:\/\/schema.org\",\"@graph\":[{\"@type\":\"WebPage\",\"@id\":\"https:\/\/optimiso-group.com\/de\/software\/risikomanagement\/\",\"url\":\"https:\/\/optimiso-group.com\/de\/software\/risikomanagement\/\",\"name\":\"Risikomanagement-Software | Optimiso\",\"isPartOf\":{\"@id\":\"https:\/\/optimiso-group.com\/#website\"},\"datePublished\":\"2018-02-19T12:57:55+00:00\",\"dateModified\":\"2026-01-22T14:03:35+00:00\",\"description\":\"Optimiso Software macht es einfach, Risiken zu verwalten und zu bewerten. Es hilft dabei, die Einhaltung bestehender Regeln und Prozesse nachzuweisen und gleichzeitig einen echten Mehrwert f\u00fcr das Tagesgesch\u00e4ft zu schaffen.\",\"breadcrumb\":{\"@id\":\"https:\/\/optimiso-group.com\/de\/software\/risikomanagement\/#breadcrumb\"},\"inLanguage\":\"de\",\"potentialAction\":[{\"@type\":\"ReadAction\",\"target\":[\"https:\/\/optimiso-group.com\/de\/software\/risikomanagement\/\"]}]},{\"@type\":\"BreadcrumbList\",\"@id\":\"https:\/\/optimiso-group.com\/de\/software\/risikomanagement\/#breadcrumb\",\"itemListElement\":[{\"@type\":\"ListItem\",\"position\":1,\"name\":\"Startseite\",\"item\":\"https:\/\/optimiso-group.com\/de\/\"},{\"@type\":\"ListItem\",\"position\":2,\"name\":\"Software\",\"item\":\"https:\/\/optimiso-group.com\/de\/software\/\"},{\"@type\":\"ListItem\",\"position\":3,\"name\":\"Risikomanagement\"}]},{\"@type\":\"WebSite\",\"@id\":\"https:\/\/optimiso-group.com\/#website\",\"url\":\"https:\/\/optimiso-group.com\/\",\"name\":\"Optimiso Group\",\"description\":\"Optimiso Software macht Ihre regulatorischen Einschr\u00e4nkungen zu echten Vorteilen. Entdecken Sie unsere einfachen und n\u00fctzlichen L\u00f6sungen f\u00fcr Ihre Projekte in den Bereichen interne Organisation, ISO-Zertifizierung, interne Kontrolle und Risikomanagement.\",\"publisher\":{\"@id\":\"https:\/\/optimiso-group.com\/#organization\"},\"potentialAction\":[{\"@type\":\"SearchAction\",\"target\":{\"@type\":\"EntryPoint\",\"urlTemplate\":\"https:\/\/optimiso-group.com\/?s={search_term_string}\"},\"query-input\":{\"@type\":\"PropertyValueSpecification\",\"valueRequired\":true,\"valueName\":\"search_term_string\"}}],\"inLanguage\":\"de\"},{\"@type\":\"Organization\",\"@id\":\"https:\/\/optimiso-group.com\/#organization\",\"name\":\"Optimiso Group\",\"url\":\"https:\/\/optimiso-group.com\/\",\"logo\":{\"@type\":\"ImageObject\",\"inLanguage\":\"de\",\"@id\":\"https:\/\/optimiso-group.com\/#\/schema\/logo\/image\/\",\"url\":\"https:\/\/optimiso-group.com\/wp-content\/uploads\/2018\/03\/logo-optimiso-group.png\",\"contentUrl\":\"https:\/\/optimiso-group.com\/wp-content\/uploads\/2018\/03\/logo-optimiso-group.png\",\"width\":351,\"height\":177,\"caption\":\"Optimiso Group\"},\"image\":{\"@id\":\"https:\/\/optimiso-group.com\/#\/schema\/logo\/image\/\"}}]}<\/script>\n<!-- \/ Yoast SEO plugin. -->","yoast_head_json":{"title":"Risikomanagement-Software | Optimiso","description":"Optimiso Software macht es einfach, Risiken zu verwalten und zu bewerten. Es hilft dabei, die Einhaltung bestehender Regeln und Prozesse nachzuweisen und gleichzeitig einen echten Mehrwert f\u00fcr das Tagesgesch\u00e4ft zu schaffen.","robots":{"index":"index","follow":"follow","max-snippet":"max-snippet:-1","max-image-preview":"max-image-preview:large","max-video-preview":"max-video-preview:-1"},"canonical":"https:\/\/optimiso-group.com\/de\/software\/risikomanagement\/","og_locale":"de_DE","og_type":"article","og_title":"Risikomanagement-Software | Optimiso","og_description":"Optimiso Software macht es einfach, Risiken zu verwalten und zu bewerten. Es hilft dabei, die Einhaltung bestehender Regeln und Prozesse nachzuweisen und gleichzeitig einen echten Mehrwert f\u00fcr das Tagesgesch\u00e4ft zu schaffen.","og_url":"https:\/\/optimiso-group.com\/de\/software\/risikomanagement\/","og_site_name":"Optimiso Group","article_modified_time":"2026-01-22T14:03:35+00:00","twitter_card":"summary_large_image","twitter_misc":{"Gesch\u00e4tzte Lesezeit":"1\u00a0Minute"},"schema":{"@context":"https:\/\/schema.org","@graph":[{"@type":"WebPage","@id":"https:\/\/optimiso-group.com\/de\/software\/risikomanagement\/","url":"https:\/\/optimiso-group.com\/de\/software\/risikomanagement\/","name":"Risikomanagement-Software | Optimiso","isPartOf":{"@id":"https:\/\/optimiso-group.com\/#website"},"datePublished":"2018-02-19T12:57:55+00:00","dateModified":"2026-01-22T14:03:35+00:00","description":"Optimiso Software macht es einfach, Risiken zu verwalten und zu bewerten. Es hilft dabei, die Einhaltung bestehender Regeln und Prozesse nachzuweisen und gleichzeitig einen echten Mehrwert f\u00fcr das Tagesgesch\u00e4ft zu schaffen.","breadcrumb":{"@id":"https:\/\/optimiso-group.com\/de\/software\/risikomanagement\/#breadcrumb"},"inLanguage":"de","potentialAction":[{"@type":"ReadAction","target":["https:\/\/optimiso-group.com\/de\/software\/risikomanagement\/"]}]},{"@type":"BreadcrumbList","@id":"https:\/\/optimiso-group.com\/de\/software\/risikomanagement\/#breadcrumb","itemListElement":[{"@type":"ListItem","position":1,"name":"Startseite","item":"https:\/\/optimiso-group.com\/de\/"},{"@type":"ListItem","position":2,"name":"Software","item":"https:\/\/optimiso-group.com\/de\/software\/"},{"@type":"ListItem","position":3,"name":"Risikomanagement"}]},{"@type":"WebSite","@id":"https:\/\/optimiso-group.com\/#website","url":"https:\/\/optimiso-group.com\/","name":"Optimiso Group","description":"Optimiso Software macht Ihre regulatorischen Einschr\u00e4nkungen zu echten Vorteilen. Entdecken Sie unsere einfachen und n\u00fctzlichen L\u00f6sungen f\u00fcr Ihre Projekte in den Bereichen interne Organisation, ISO-Zertifizierung, interne Kontrolle und Risikomanagement.","publisher":{"@id":"https:\/\/optimiso-group.com\/#organization"},"potentialAction":[{"@type":"SearchAction","target":{"@type":"EntryPoint","urlTemplate":"https:\/\/optimiso-group.com\/?s={search_term_string}"},"query-input":{"@type":"PropertyValueSpecification","valueRequired":true,"valueName":"search_term_string"}}],"inLanguage":"de"},{"@type":"Organization","@id":"https:\/\/optimiso-group.com\/#organization","name":"Optimiso Group","url":"https:\/\/optimiso-group.com\/","logo":{"@type":"ImageObject","inLanguage":"de","@id":"https:\/\/optimiso-group.com\/#\/schema\/logo\/image\/","url":"https:\/\/optimiso-group.com\/wp-content\/uploads\/2018\/03\/logo-optimiso-group.png","contentUrl":"https:\/\/optimiso-group.com\/wp-content\/uploads\/2018\/03\/logo-optimiso-group.png","width":351,"height":177,"caption":"Optimiso Group"},"image":{"@id":"https:\/\/optimiso-group.com\/#\/schema\/logo\/image\/"}}]}},"_links":{"self":[{"href":"https:\/\/optimiso-group.com\/de\/wp-json\/wp\/v2\/pages\/7106","targetHints":{"allow":["GET"]}}],"collection":[{"href":"https:\/\/optimiso-group.com\/de\/wp-json\/wp\/v2\/pages"}],"about":[{"href":"https:\/\/optimiso-group.com\/de\/wp-json\/wp\/v2\/types\/page"}],"author":[{"embeddable":true,"href":"https:\/\/optimiso-group.com\/de\/wp-json\/wp\/v2\/users\/1"}],"replies":[{"embeddable":true,"href":"https:\/\/optimiso-group.com\/de\/wp-json\/wp\/v2\/comments?post=7106"}],"version-history":[{"count":1,"href":"https:\/\/optimiso-group.com\/de\/wp-json\/wp\/v2\/pages\/7106\/revisions"}],"predecessor-version":[{"id":29023,"href":"https:\/\/optimiso-group.com\/de\/wp-json\/wp\/v2\/pages\/7106\/revisions\/29023"}],"up":[{"embeddable":true,"href":"https:\/\/optimiso-group.com\/de\/wp-json\/wp\/v2\/pages\/7364"}],"wp:attachment":[{"href":"https:\/\/optimiso-group.com\/de\/wp-json\/wp\/v2\/media?parent=7106"}],"curies":[{"name":"wp","href":"https:\/\/api.w.org\/{rel}","templated":true}]}}