{"id":7108,"date":"2018-02-19T13:58:46","date_gmt":"2018-02-19T12:58:46","guid":{"rendered":"https:\/\/optimiso-group.com\/gestion-des-risques\/gouvernance-risques-conformite\/"},"modified":"2026-01-22T15:24:35","modified_gmt":"2026-01-22T14:24:35","slug":"governance-risiken-und-compliance","status":"publish","type":"page","link":"https:\/\/optimiso-group.com\/de\/software\/risikomanagement\/governance-risiken-und-compliance\/","title":{"rendered":"Governance Risiken und Compliance"},"content":{"rendered":"","protected":false},"excerpt":{"rendered":"","protected":false},"author":1,"featured_media":0,"parent":7106,"menu_order":196,"comment_status":"closed","ping_status":"closed","template":"template-level-3-V2.php","meta":{"_acf_changed":false,"_et_pb_use_builder":"","_et_pb_old_content":"","_et_gb_content_width":"","_mo_disable_npp":"","footnotes":""},"class_list":["post-7108","page","type-page","status-publish","hentry"],"acf":[],"yoast_head":"<!-- This site is optimized with the Yoast SEO plugin v24.5 - https:\/\/yoast.com\/wordpress\/plugins\/seo\/ -->\n<title>Software Governance Risiken und Compliance | Optimiso<\/title>\n<meta name=\"description\" content=\"Optimiso Software hilft Ihnen, Governance Risiken und Compliance einfach anzuwenden, um Ihr Unternehmen zu sch\u00fctzen. Die GRC ist unter Kontrolle und die regulatorischen Auflagen werden in echte Vorteile umgewandelt.\" \/>\n<meta name=\"robots\" content=\"index, follow, max-snippet:-1, max-image-preview:large, max-video-preview:-1\" \/>\n<link rel=\"canonical\" href=\"https:\/\/optimiso-group.com\/de\/software\/risikomanagement\/governance-risiken-und-compliance\/\" \/>\n<meta property=\"og:locale\" content=\"de_DE\" \/>\n<meta property=\"og:type\" content=\"article\" \/>\n<meta property=\"og:title\" content=\"Software Governance Risiken und Compliance | Optimiso\" \/>\n<meta property=\"og:description\" content=\"Optimiso Software hilft Ihnen, Governance Risiken und Compliance einfach anzuwenden, um Ihr Unternehmen zu sch\u00fctzen. Die GRC ist unter Kontrolle und die regulatorischen Auflagen werden in echte Vorteile umgewandelt.\" \/>\n<meta property=\"og:url\" content=\"https:\/\/optimiso-group.com\/de\/software\/risikomanagement\/governance-risiken-und-compliance\/\" \/>\n<meta property=\"og:site_name\" content=\"Optimiso Group\" \/>\n<meta property=\"article:modified_time\" content=\"2026-01-22T14:24:35+00:00\" \/>\n<meta name=\"twitter:card\" content=\"summary_large_image\" \/>\n<script type=\"application\/ld+json\" class=\"yoast-schema-graph\">{\"@context\":\"https:\/\/schema.org\",\"@graph\":[{\"@type\":\"WebPage\",\"@id\":\"https:\/\/optimiso-group.com\/de\/software\/risikomanagement\/governance-risiken-und-compliance\/\",\"url\":\"https:\/\/optimiso-group.com\/de\/software\/risikomanagement\/governance-risiken-und-compliance\/\",\"name\":\"Software Governance Risiken und Compliance | Optimiso\",\"isPartOf\":{\"@id\":\"https:\/\/optimiso-group.com\/#website\"},\"datePublished\":\"2018-02-19T12:58:46+00:00\",\"dateModified\":\"2026-01-22T14:24:35+00:00\",\"description\":\"Optimiso Software hilft Ihnen, Governance Risiken und Compliance einfach anzuwenden, um Ihr Unternehmen zu sch\u00fctzen. Die GRC ist unter Kontrolle und die regulatorischen Auflagen werden in echte Vorteile umgewandelt.\",\"breadcrumb\":{\"@id\":\"https:\/\/optimiso-group.com\/de\/software\/risikomanagement\/governance-risiken-und-compliance\/#breadcrumb\"},\"inLanguage\":\"de\",\"potentialAction\":[{\"@type\":\"ReadAction\",\"target\":[\"https:\/\/optimiso-group.com\/de\/software\/risikomanagement\/governance-risiken-und-compliance\/\"]}]},{\"@type\":\"BreadcrumbList\",\"@id\":\"https:\/\/optimiso-group.com\/de\/software\/risikomanagement\/governance-risiken-und-compliance\/#breadcrumb\",\"itemListElement\":[{\"@type\":\"ListItem\",\"position\":1,\"name\":\"Startseite\",\"item\":\"https:\/\/optimiso-group.com\/de\/\"},{\"@type\":\"ListItem\",\"position\":2,\"name\":\"Software\",\"item\":\"https:\/\/optimiso-group.com\/de\/software\/\"},{\"@type\":\"ListItem\",\"position\":3,\"name\":\"Risikomanagement\",\"item\":\"https:\/\/optimiso-group.com\/de\/software\/risikomanagement\/\"},{\"@type\":\"ListItem\",\"position\":4,\"name\":\"Governance Risiken und Compliance\"}]},{\"@type\":\"WebSite\",\"@id\":\"https:\/\/optimiso-group.com\/#website\",\"url\":\"https:\/\/optimiso-group.com\/\",\"name\":\"Optimiso Group\",\"description\":\"Optimiso Software macht Ihre regulatorischen Einschr\u00e4nkungen zu echten Vorteilen. Entdecken Sie unsere einfachen und n\u00fctzlichen L\u00f6sungen f\u00fcr Ihre Projekte in den Bereichen interne Organisation, ISO-Zertifizierung, interne Kontrolle und Risikomanagement.\",\"publisher\":{\"@id\":\"https:\/\/optimiso-group.com\/#organization\"},\"potentialAction\":[{\"@type\":\"SearchAction\",\"target\":{\"@type\":\"EntryPoint\",\"urlTemplate\":\"https:\/\/optimiso-group.com\/?s={search_term_string}\"},\"query-input\":{\"@type\":\"PropertyValueSpecification\",\"valueRequired\":true,\"valueName\":\"search_term_string\"}}],\"inLanguage\":\"de\"},{\"@type\":\"Organization\",\"@id\":\"https:\/\/optimiso-group.com\/#organization\",\"name\":\"Optimiso Group\",\"url\":\"https:\/\/optimiso-group.com\/\",\"logo\":{\"@type\":\"ImageObject\",\"inLanguage\":\"de\",\"@id\":\"https:\/\/optimiso-group.com\/#\/schema\/logo\/image\/\",\"url\":\"https:\/\/optimiso-group.com\/wp-content\/uploads\/2018\/03\/logo-optimiso-group.png\",\"contentUrl\":\"https:\/\/optimiso-group.com\/wp-content\/uploads\/2018\/03\/logo-optimiso-group.png\",\"width\":351,\"height\":177,\"caption\":\"Optimiso Group\"},\"image\":{\"@id\":\"https:\/\/optimiso-group.com\/#\/schema\/logo\/image\/\"}}]}<\/script>\n<!-- \/ Yoast SEO plugin. -->","yoast_head_json":{"title":"Software Governance Risiken und Compliance | Optimiso","description":"Optimiso Software hilft Ihnen, Governance Risiken und Compliance einfach anzuwenden, um Ihr Unternehmen zu sch\u00fctzen. Die GRC ist unter Kontrolle und die regulatorischen Auflagen werden in echte Vorteile umgewandelt.","robots":{"index":"index","follow":"follow","max-snippet":"max-snippet:-1","max-image-preview":"max-image-preview:large","max-video-preview":"max-video-preview:-1"},"canonical":"https:\/\/optimiso-group.com\/de\/software\/risikomanagement\/governance-risiken-und-compliance\/","og_locale":"de_DE","og_type":"article","og_title":"Software Governance Risiken und Compliance | Optimiso","og_description":"Optimiso Software hilft Ihnen, Governance Risiken und Compliance einfach anzuwenden, um Ihr Unternehmen zu sch\u00fctzen. Die GRC ist unter Kontrolle und die regulatorischen Auflagen werden in echte Vorteile umgewandelt.","og_url":"https:\/\/optimiso-group.com\/de\/software\/risikomanagement\/governance-risiken-und-compliance\/","og_site_name":"Optimiso Group","article_modified_time":"2026-01-22T14:24:35+00:00","twitter_card":"summary_large_image","schema":{"@context":"https:\/\/schema.org","@graph":[{"@type":"WebPage","@id":"https:\/\/optimiso-group.com\/de\/software\/risikomanagement\/governance-risiken-und-compliance\/","url":"https:\/\/optimiso-group.com\/de\/software\/risikomanagement\/governance-risiken-und-compliance\/","name":"Software Governance Risiken und Compliance | Optimiso","isPartOf":{"@id":"https:\/\/optimiso-group.com\/#website"},"datePublished":"2018-02-19T12:58:46+00:00","dateModified":"2026-01-22T14:24:35+00:00","description":"Optimiso Software hilft Ihnen, Governance Risiken und Compliance einfach anzuwenden, um Ihr Unternehmen zu sch\u00fctzen. Die GRC ist unter Kontrolle und die regulatorischen Auflagen werden in echte Vorteile umgewandelt.","breadcrumb":{"@id":"https:\/\/optimiso-group.com\/de\/software\/risikomanagement\/governance-risiken-und-compliance\/#breadcrumb"},"inLanguage":"de","potentialAction":[{"@type":"ReadAction","target":["https:\/\/optimiso-group.com\/de\/software\/risikomanagement\/governance-risiken-und-compliance\/"]}]},{"@type":"BreadcrumbList","@id":"https:\/\/optimiso-group.com\/de\/software\/risikomanagement\/governance-risiken-und-compliance\/#breadcrumb","itemListElement":[{"@type":"ListItem","position":1,"name":"Startseite","item":"https:\/\/optimiso-group.com\/de\/"},{"@type":"ListItem","position":2,"name":"Software","item":"https:\/\/optimiso-group.com\/de\/software\/"},{"@type":"ListItem","position":3,"name":"Risikomanagement","item":"https:\/\/optimiso-group.com\/de\/software\/risikomanagement\/"},{"@type":"ListItem","position":4,"name":"Governance Risiken und Compliance"}]},{"@type":"WebSite","@id":"https:\/\/optimiso-group.com\/#website","url":"https:\/\/optimiso-group.com\/","name":"Optimiso Group","description":"Optimiso Software macht Ihre regulatorischen Einschr\u00e4nkungen zu echten Vorteilen. Entdecken Sie unsere einfachen und n\u00fctzlichen L\u00f6sungen f\u00fcr Ihre Projekte in den Bereichen interne Organisation, ISO-Zertifizierung, interne Kontrolle und Risikomanagement.","publisher":{"@id":"https:\/\/optimiso-group.com\/#organization"},"potentialAction":[{"@type":"SearchAction","target":{"@type":"EntryPoint","urlTemplate":"https:\/\/optimiso-group.com\/?s={search_term_string}"},"query-input":{"@type":"PropertyValueSpecification","valueRequired":true,"valueName":"search_term_string"}}],"inLanguage":"de"},{"@type":"Organization","@id":"https:\/\/optimiso-group.com\/#organization","name":"Optimiso Group","url":"https:\/\/optimiso-group.com\/","logo":{"@type":"ImageObject","inLanguage":"de","@id":"https:\/\/optimiso-group.com\/#\/schema\/logo\/image\/","url":"https:\/\/optimiso-group.com\/wp-content\/uploads\/2018\/03\/logo-optimiso-group.png","contentUrl":"https:\/\/optimiso-group.com\/wp-content\/uploads\/2018\/03\/logo-optimiso-group.png","width":351,"height":177,"caption":"Optimiso Group"},"image":{"@id":"https:\/\/optimiso-group.com\/#\/schema\/logo\/image\/"}}]}},"_links":{"self":[{"href":"https:\/\/optimiso-group.com\/de\/wp-json\/wp\/v2\/pages\/7108","targetHints":{"allow":["GET"]}}],"collection":[{"href":"https:\/\/optimiso-group.com\/de\/wp-json\/wp\/v2\/pages"}],"about":[{"href":"https:\/\/optimiso-group.com\/de\/wp-json\/wp\/v2\/types\/page"}],"author":[{"embeddable":true,"href":"https:\/\/optimiso-group.com\/de\/wp-json\/wp\/v2\/users\/1"}],"replies":[{"embeddable":true,"href":"https:\/\/optimiso-group.com\/de\/wp-json\/wp\/v2\/comments?post=7108"}],"version-history":[{"count":2,"href":"https:\/\/optimiso-group.com\/de\/wp-json\/wp\/v2\/pages\/7108\/revisions"}],"predecessor-version":[{"id":29029,"href":"https:\/\/optimiso-group.com\/de\/wp-json\/wp\/v2\/pages\/7108\/revisions\/29029"}],"up":[{"embeddable":true,"href":"https:\/\/optimiso-group.com\/de\/wp-json\/wp\/v2\/pages\/7106"}],"wp:attachment":[{"href":"https:\/\/optimiso-group.com\/de\/wp-json\/wp\/v2\/media?parent=7108"}],"curies":[{"name":"wp","href":"https:\/\/api.w.org\/{rel}","templated":true}]}}