{"id":7121,"date":"2018-03-21T08:56:04","date_gmt":"2018-03-21T07:56:04","guid":{"rendered":"https:\/\/optimiso-group.com\/mise-a-jour\/"},"modified":"2023-10-23T11:56:43","modified_gmt":"2023-10-23T09:56:43","slug":"update-service","status":"publish","type":"page","link":"https:\/\/optimiso-group.com\/de\/update-service\/","title":{"rendered":"Update-Service"},"content":{"rendered":"","protected":false},"excerpt":{"rendered":"","protected":false},"author":1,"featured_media":0,"parent":0,"menu_order":48,"comment_status":"closed","ping_status":"closed","template":"template-conseil-services.php","meta":{"_acf_changed":false,"_et_pb_use_builder":"","_et_pb_old_content":"","_et_gb_content_width":"","_mo_disable_npp":"","footnotes":""},"class_list":["post-7121","page","type-page","status-publish","hentry"],"acf":[],"yoast_head":"<!-- This site is optimized with the Yoast SEO plugin v24.5 - https:\/\/yoast.com\/wordpress\/plugins\/seo\/ -->\n<title>Aktualisierung der Qualit\u00e4t, internen Kontrolle und Risikosysteme<\/title>\n<meta name=\"description\" content=\"Die Consultants der Optimiso Group unterhalten laufend aktuelle Dokumentations-, Qualit\u00e4ts-, interne Kontroll- oder Risikosysteme. Outsourcen Sie diese Aufgabe, wir k\u00fcmmern uns um alles!\" \/>\n<meta name=\"robots\" content=\"index, follow, max-snippet:-1, max-image-preview:large, max-video-preview:-1\" \/>\n<link rel=\"canonical\" href=\"https:\/\/optimiso-group.com\/de\/update-service\/\" \/>\n<meta property=\"og:locale\" content=\"de_DE\" \/>\n<meta property=\"og:type\" content=\"article\" \/>\n<meta property=\"og:title\" content=\"Aktualisierung der Qualit\u00e4t, internen Kontrolle und Risikosysteme\" \/>\n<meta property=\"og:description\" content=\"Die Consultants der Optimiso Group unterhalten laufend aktuelle Dokumentations-, Qualit\u00e4ts-, interne Kontroll- oder Risikosysteme. Outsourcen Sie diese Aufgabe, wir k\u00fcmmern uns um alles!\" \/>\n<meta property=\"og:url\" content=\"https:\/\/optimiso-group.com\/de\/update-service\/\" \/>\n<meta property=\"og:site_name\" content=\"Optimiso Group\" \/>\n<meta property=\"article:modified_time\" content=\"2023-10-23T09:56:43+00:00\" \/>\n<meta name=\"twitter:card\" content=\"summary_large_image\" \/>\n<script type=\"application\/ld+json\" class=\"yoast-schema-graph\">{\"@context\":\"https:\/\/schema.org\",\"@graph\":[{\"@type\":\"WebPage\",\"@id\":\"https:\/\/optimiso-group.com\/de\/update-service\/\",\"url\":\"https:\/\/optimiso-group.com\/de\/update-service\/\",\"name\":\"Aktualisierung der Qualit\u00e4t, internen Kontrolle und Risikosysteme\",\"isPartOf\":{\"@id\":\"https:\/\/optimiso-group.com\/#website\"},\"datePublished\":\"2018-03-21T07:56:04+00:00\",\"dateModified\":\"2023-10-23T09:56:43+00:00\",\"description\":\"Die Consultants der Optimiso Group unterhalten laufend aktuelle Dokumentations-, Qualit\u00e4ts-, interne Kontroll- oder Risikosysteme. Outsourcen Sie diese Aufgabe, wir k\u00fcmmern uns um alles!\",\"breadcrumb\":{\"@id\":\"https:\/\/optimiso-group.com\/de\/update-service\/#breadcrumb\"},\"inLanguage\":\"de\",\"potentialAction\":[{\"@type\":\"ReadAction\",\"target\":[\"https:\/\/optimiso-group.com\/de\/update-service\/\"]}]},{\"@type\":\"BreadcrumbList\",\"@id\":\"https:\/\/optimiso-group.com\/de\/update-service\/#breadcrumb\",\"itemListElement\":[{\"@type\":\"ListItem\",\"position\":1,\"name\":\"Startseite\",\"item\":\"https:\/\/optimiso-group.com\/de\/\"},{\"@type\":\"ListItem\",\"position\":2,\"name\":\"Update-Service\"}]},{\"@type\":\"WebSite\",\"@id\":\"https:\/\/optimiso-group.com\/#website\",\"url\":\"https:\/\/optimiso-group.com\/\",\"name\":\"Optimiso Group\",\"description\":\"Optimiso Software macht Ihre regulatorischen Einschr\u00e4nkungen zu echten Vorteilen. Entdecken Sie unsere einfachen und n\u00fctzlichen L\u00f6sungen f\u00fcr Ihre Projekte in den Bereichen interne Organisation, ISO-Zertifizierung, interne Kontrolle und Risikomanagement.\",\"publisher\":{\"@id\":\"https:\/\/optimiso-group.com\/#organization\"},\"potentialAction\":[{\"@type\":\"SearchAction\",\"target\":{\"@type\":\"EntryPoint\",\"urlTemplate\":\"https:\/\/optimiso-group.com\/?s={search_term_string}\"},\"query-input\":{\"@type\":\"PropertyValueSpecification\",\"valueRequired\":true,\"valueName\":\"search_term_string\"}}],\"inLanguage\":\"de\"},{\"@type\":\"Organization\",\"@id\":\"https:\/\/optimiso-group.com\/#organization\",\"name\":\"Optimiso Group\",\"url\":\"https:\/\/optimiso-group.com\/\",\"logo\":{\"@type\":\"ImageObject\",\"inLanguage\":\"de\",\"@id\":\"https:\/\/optimiso-group.com\/#\/schema\/logo\/image\/\",\"url\":\"https:\/\/optimiso-group.com\/wp-content\/uploads\/2018\/03\/logo-optimiso-group.png\",\"contentUrl\":\"https:\/\/optimiso-group.com\/wp-content\/uploads\/2018\/03\/logo-optimiso-group.png\",\"width\":351,\"height\":177,\"caption\":\"Optimiso Group\"},\"image\":{\"@id\":\"https:\/\/optimiso-group.com\/#\/schema\/logo\/image\/\"}}]}<\/script>\n<!-- \/ Yoast SEO plugin. -->","yoast_head_json":{"title":"Aktualisierung der Qualit\u00e4t, internen Kontrolle und Risikosysteme","description":"Die Consultants der Optimiso Group unterhalten laufend aktuelle Dokumentations-, Qualit\u00e4ts-, interne Kontroll- oder Risikosysteme. Outsourcen Sie diese Aufgabe, wir k\u00fcmmern uns um alles!","robots":{"index":"index","follow":"follow","max-snippet":"max-snippet:-1","max-image-preview":"max-image-preview:large","max-video-preview":"max-video-preview:-1"},"canonical":"https:\/\/optimiso-group.com\/de\/update-service\/","og_locale":"de_DE","og_type":"article","og_title":"Aktualisierung der Qualit\u00e4t, internen Kontrolle und Risikosysteme","og_description":"Die Consultants der Optimiso Group unterhalten laufend aktuelle Dokumentations-, Qualit\u00e4ts-, interne Kontroll- oder Risikosysteme. Outsourcen Sie diese Aufgabe, wir k\u00fcmmern uns um alles!","og_url":"https:\/\/optimiso-group.com\/de\/update-service\/","og_site_name":"Optimiso Group","article_modified_time":"2023-10-23T09:56:43+00:00","twitter_card":"summary_large_image","schema":{"@context":"https:\/\/schema.org","@graph":[{"@type":"WebPage","@id":"https:\/\/optimiso-group.com\/de\/update-service\/","url":"https:\/\/optimiso-group.com\/de\/update-service\/","name":"Aktualisierung der Qualit\u00e4t, internen Kontrolle und Risikosysteme","isPartOf":{"@id":"https:\/\/optimiso-group.com\/#website"},"datePublished":"2018-03-21T07:56:04+00:00","dateModified":"2023-10-23T09:56:43+00:00","description":"Die Consultants der Optimiso Group unterhalten laufend aktuelle Dokumentations-, Qualit\u00e4ts-, interne Kontroll- oder Risikosysteme. Outsourcen Sie diese Aufgabe, wir k\u00fcmmern uns um alles!","breadcrumb":{"@id":"https:\/\/optimiso-group.com\/de\/update-service\/#breadcrumb"},"inLanguage":"de","potentialAction":[{"@type":"ReadAction","target":["https:\/\/optimiso-group.com\/de\/update-service\/"]}]},{"@type":"BreadcrumbList","@id":"https:\/\/optimiso-group.com\/de\/update-service\/#breadcrumb","itemListElement":[{"@type":"ListItem","position":1,"name":"Startseite","item":"https:\/\/optimiso-group.com\/de\/"},{"@type":"ListItem","position":2,"name":"Update-Service"}]},{"@type":"WebSite","@id":"https:\/\/optimiso-group.com\/#website","url":"https:\/\/optimiso-group.com\/","name":"Optimiso Group","description":"Optimiso Software macht Ihre regulatorischen Einschr\u00e4nkungen zu echten Vorteilen. Entdecken Sie unsere einfachen und n\u00fctzlichen L\u00f6sungen f\u00fcr Ihre Projekte in den Bereichen interne Organisation, ISO-Zertifizierung, interne Kontrolle und Risikomanagement.","publisher":{"@id":"https:\/\/optimiso-group.com\/#organization"},"potentialAction":[{"@type":"SearchAction","target":{"@type":"EntryPoint","urlTemplate":"https:\/\/optimiso-group.com\/?s={search_term_string}"},"query-input":{"@type":"PropertyValueSpecification","valueRequired":true,"valueName":"search_term_string"}}],"inLanguage":"de"},{"@type":"Organization","@id":"https:\/\/optimiso-group.com\/#organization","name":"Optimiso Group","url":"https:\/\/optimiso-group.com\/","logo":{"@type":"ImageObject","inLanguage":"de","@id":"https:\/\/optimiso-group.com\/#\/schema\/logo\/image\/","url":"https:\/\/optimiso-group.com\/wp-content\/uploads\/2018\/03\/logo-optimiso-group.png","contentUrl":"https:\/\/optimiso-group.com\/wp-content\/uploads\/2018\/03\/logo-optimiso-group.png","width":351,"height":177,"caption":"Optimiso Group"},"image":{"@id":"https:\/\/optimiso-group.com\/#\/schema\/logo\/image\/"}}]}},"_links":{"self":[{"href":"https:\/\/optimiso-group.com\/de\/wp-json\/wp\/v2\/pages\/7121","targetHints":{"allow":["GET"]}}],"collection":[{"href":"https:\/\/optimiso-group.com\/de\/wp-json\/wp\/v2\/pages"}],"about":[{"href":"https:\/\/optimiso-group.com\/de\/wp-json\/wp\/v2\/types\/page"}],"author":[{"embeddable":true,"href":"https:\/\/optimiso-group.com\/de\/wp-json\/wp\/v2\/users\/1"}],"replies":[{"embeddable":true,"href":"https:\/\/optimiso-group.com\/de\/wp-json\/wp\/v2\/comments?post=7121"}],"version-history":[{"count":0,"href":"https:\/\/optimiso-group.com\/de\/wp-json\/wp\/v2\/pages\/7121\/revisions"}],"wp:attachment":[{"href":"https:\/\/optimiso-group.com\/de\/wp-json\/wp\/v2\/media?parent=7121"}],"curies":[{"name":"wp","href":"https:\/\/api.w.org\/{rel}","templated":true}]}}