{"id":7127,"date":"2018-03-19T18:58:56","date_gmt":"2018-03-19T17:58:56","guid":{"rendered":"https:\/\/optimiso-group.com\/technique\/"},"modified":"2019-07-05T15:32:09","modified_gmt":"2019-07-05T13:32:09","slug":"ueber-der-software","status":"publish","type":"page","link":"https:\/\/optimiso-group.com\/de\/ueber-der-software\/","title":{"rendered":"\u00dcber der Software"},"content":{"rendered":"<p>[et_pb_section bb_built=&#8220;1&#8243; _builder_version=&#8220;3.0.47&#8243; custom_padding=&#8220;100px|0px|0px|0px&#8220;][et_pb_row custom_padding=&#8220;0px|0px|33.1875px|0px&#8220; _builder_version=&#8220;3.0.47&#8243; background_size=&#8220;initial&#8220; background_position=&#8220;top_left&#8220; background_repeat=&#8220;repeat&#8220;][et_pb_column type=&#8220;4_4&#8243;][et_pb_text _builder_version=&#8220;3.0.93&#8243; background_layout=&#8220;light&#8220;]<\/p>\n<h1><strong>Die besten Technologien, sicher und zuverl\u00e4ssig<\/strong><\/h1>\n<p>Die mit den besten Technologien entwickelte Optimiso-Software ist skalierbar, um den Erwartungen der Anwender und den neuesten technischen Anforderungen gerecht zu werden. Jede neue Version der Software wird erst nach einem Prozess ver\u00f6ffentlicht, der unz\u00e4hlige Tests und sorgf\u00e4ltigste Dokumentationen durchlaufen hat. Mit seiner robusten Struktur, die die prim\u00e4re Garantie f\u00fcr Datensicherheit ist, erf\u00fcllt Optimiso die strengsten Anforderungen an die Informationssicherheit.<\/p>\n<h2 style=\"text-align: center;\"><strong>Vollst\u00e4ndige Web-Software, kompatibel mit Tablet-PCs und Smartphones <\/strong><\/h2>\n<p class=\"aligncenter wp-image-5792 size-large\"><img loading=\"lazy\" decoding=\"async\" class=\"aligncenter wp-image-5792 size-large\" src=\"https:\/\/optimiso-group.com\/wp-content\/uploads\/2018\/03\/page_technique-1024x410.png\" alt=\"\" width=\"1024\" height=\"410\" srcset=\"https:\/\/optimiso-group.com\/wp-content\/uploads\/2018\/03\/page_technique-1024x410.png 1024w, https:\/\/optimiso-group.com\/wp-content\/uploads\/2018\/03\/page_technique-300x120.png 300w, https:\/\/optimiso-group.com\/wp-content\/uploads\/2018\/03\/page_technique-768x307.png 768w, https:\/\/optimiso-group.com\/wp-content\/uploads\/2018\/03\/page_technique-1080x432.png 1080w, https:\/\/optimiso-group.com\/wp-content\/uploads\/2018\/03\/page_technique.png 2000w\" sizes=\"(max-width: 1024px) 100vw, 1024px\" \/><\/p>\n<p>&nbsp;<\/p>\n<p>[\/et_pb_text][et_pb_divider show_divider=&#8220;on&#8220; height=&#8220;15px&#8220; _builder_version=&#8220;3.0.93&#8243; max_width=&#8220;55%&#8220; module_alignment=&#8220;center&#8220; box_shadow_style=&#8220;preset3&#8243; box_shadow_vertical=&#8220;-6px&#8220; box_shadow_blur=&#8220;10px&#8220; box_shadow_color=&#8220;rgba(0,0,0,0.28)&#8220; \/][\/et_pb_column][\/et_pb_row][et_pb_row custom_padding=&#8220;0px|0px|33.1875px|0px&#8220; _builder_version=&#8220;3.0.47&#8243; background_size=&#8220;initial&#8220; background_position=&#8220;top_left&#8220; background_repeat=&#8220;repeat&#8220;][et_pb_column type=&#8220;4_4&#8243;][et_pb_text admin_label=&#8220;Titre : Version SaaS ou On Premise ?&#8220; _builder_version=&#8220;3.0.93&#8243; background_layout=&#8220;light&#8220;]<\/p>\n<h2 style=\"text-align: center;\"><strong>Im SaaS-Modus oder im Lizenzmodus?<\/strong><\/h2>\n<p>[\/et_pb_text][\/et_pb_column][\/et_pb_row][et_pb_row custom_padding=&#8220;0px|0px|33.1875px|0px&#8220; _builder_version=&#8220;3.0.93&#8243; background_size=&#8220;initial&#8220; background_position=&#8220;top_left&#8220; background_repeat=&#8220;repeat&#8220;][et_pb_column type=&#8220;1_2&#8243;][et_pb_text admin_label=&#8220;SaaS&#8220; _builder_version=&#8220;3.0.93&#8243; background_layout=&#8220;light&#8220;]<\/p>\n<h2 style=\"text-align: center;\">\u00a0<img loading=\"lazy\" decoding=\"async\" class=\"alignnone size-full wp-image-6544\" src=\"https:\/\/optimiso-group.com\/wp-content\/uploads\/2018\/03\/cloud.png\" alt=\"\" width=\"186\" height=\"186\" srcset=\"https:\/\/optimiso-group.com\/wp-content\/uploads\/2018\/03\/cloud.png 186w, https:\/\/optimiso-group.com\/wp-content\/uploads\/2018\/03\/cloud-150x150.png 150w\" sizes=\"(max-width: 186px) 100vw, 186px\" \/><\/h2>\n<h2><strong>Im SaaS-Modus: verabschieden Sie sich von allen technischen Einschr\u00e4nkungen<\/strong><\/h2>\n<ul>\n<li>Keine Serverwartungskosten<\/li>\n<li>Sicherheit, Backup und Speicherung von ausgelagerten Daten<\/li>\n<li>Hosting \u00fcber Microsoft Azure, das globale <em>Best Practices<\/em> in der Informationssicherheit implementiert<\/li>\n<li>Von uns durchgef\u00fchrte Updates<\/li>\n<li>Zugang \u00fcberall, t\u00e4glich, rund um die Uhr<\/li>\n<\/ul>\n<p>[\/et_pb_text][\/et_pb_column][et_pb_column type=&#8220;1_2&#8243;][et_pb_text admin_label=&#8220;Licence&#8220; _builder_version=&#8220;3.0.93&#8243; background_layout=&#8220;light&#8220;]<\/p>\n<h2 style=\"text-align: center;\">\u00a0<img loading=\"lazy\" decoding=\"async\" class=\"alignnone size-full wp-image-6545\" src=\"https:\/\/optimiso-group.com\/wp-content\/uploads\/2018\/03\/pc.png\" alt=\"\" width=\"186\" height=\"186\" srcset=\"https:\/\/optimiso-group.com\/wp-content\/uploads\/2018\/03\/pc.png 186w, https:\/\/optimiso-group.com\/wp-content\/uploads\/2018\/03\/pc-150x150.png 150w\" sizes=\"(max-width: 186px) 100vw, 186px\" \/><\/h2>\n<h2><strong>Im Lizenzmodus: Behalten Sie die Software-Umgebung im Griff<\/strong><\/h2>\n<ul>\n<li>Volle Kontrolle \u00fcber die Infrastruktur<\/li>\n<li>Daten, die auf Ihren eigenen Servern gespeichert sind.<\/li>\n<\/ul>\n<p>[\/et_pb_text][\/et_pb_column][\/et_pb_row][et_pb_row custom_padding=&#8220;0px|0px|33.1875px|0px&#8220; _builder_version=&#8220;3.0.47&#8243; background_size=&#8220;initial&#8220; background_position=&#8220;top_left&#8220; background_repeat=&#8220;repeat&#8220;][et_pb_column type=&#8220;4_4&#8243;][et_pb_text admin_label=&#8220;Contact&#8220; _builder_version=&#8220;3.0.106&#8243; background_layout=&#8220;light&#8220;]<\/p>\n<p style=\"text-align: center;\">Kontaktieren Sie uns, um die richtige L\u00f6sung f\u00fcr Ihr Unternehmen zu finden.<\/p>\n<p style=\"text-align: center;\"><a class=\"button\" title=\"Nous contacter\" href=\"\/de\/kontakt\/\">Nehmen Sie Kontakt zu uns auf<\/a><\/p>\n<p>[\/et_pb_text][et_pb_divider show_divider=&#8220;on&#8220; height=&#8220;15px&#8220; _builder_version=&#8220;3.0.93&#8243; max_width=&#8220;55%&#8220; module_alignment=&#8220;center&#8220; box_shadow_style=&#8220;preset3&#8243; box_shadow_vertical=&#8220;-6px&#8220; box_shadow_blur=&#8220;10px&#8220; box_shadow_color=&#8220;rgba(0,0,0,0.28)&#8220; \/][\/et_pb_column][\/et_pb_row][et_pb_row custom_padding=&#8220;0px|0px|33.1875px|0px&#8220; _builder_version=&#8220;3.0.47&#8243; background_size=&#8220;initial&#8220; background_position=&#8220;top_left&#8220; background_repeat=&#8220;repeat&#8220;][et_pb_column type=&#8220;4_4&#8243;][et_pb_text admin_label=&#8220;Nos experts \u00e0 votre service&#8220; _builder_version=&#8220;3.0.106&#8243; background_layout=&#8220;light&#8220;]<\/p>\n<h2 style=\"text-align: center;\"><strong>Unsere Experten sind Ihnen zu Diensten<\/strong><\/h2>\n<p>Sobald Sie die Optimiso-Software besitzen, bleiben wir f\u00fcr Sie pr\u00e4sent und sind bestrebt, Ihnen das bestm\u00f6gliche Erlebnis zu bieten. Mit der Optimiso-Software entscheiden Sie sich f\u00fcr eine doppelte Unterst\u00fctzung, sowohl durch Business-Experten, die bereits \u00e4hnliche Projekte wie Ihres realisiert haben, und technische Experten.<\/p>\n<p>Die Optimiso Support-Plattform bedeutet:<\/p>\n<ul>\n<li>Schnelle und pr\u00e4zise Antworten auf alle Ihre Anfragen<\/li>\n<li>Halbw\u00f6chentliche Webinare zu bestimmten Themenbereichen<\/li>\n<li>Bebilderte Schulungsunterlagen oder Videos sind jederzeit abrufbar.<\/li>\n<\/ul>\n<p style=\"text-align: center;\"><a class=\"button\" title=\"Acc\u00e9der au support\" href=\"https:\/\/support.optimiso.com\/portal\/home\">Zugang Support<\/a><\/p>\n<p>[\/et_pb_text][\/et_pb_column][\/et_pb_row][\/et_pb_section]<\/p>\n","protected":false},"excerpt":{"rendered":"<p>Die besten Technologien, sicher und zuverl\u00e4ssig Die&#8230;<\/p>\n","protected":false},"author":1,"featured_media":0,"parent":0,"menu_order":162,"comment_status":"closed","ping_status":"closed","template":"template-divi.php","meta":{"_acf_changed":false,"_et_pb_use_builder":"on","_et_pb_old_content":"","_et_gb_content_width":"","_mo_disable_npp":"","footnotes":""},"class_list":["post-7127","page","type-page","status-publish","hentry"],"acf":[],"yoast_head":"<!-- This site is optimized with the Yoast SEO plugin v24.5 - https:\/\/yoast.com\/wordpress\/plugins\/seo\/ -->\n<title>\u00dcber die Software | Optimiso Group<\/title>\n<meta name=\"description\" content=\"Full Web-, Tablet- und Smartphone-kompatible Software. Entwickelt mit den besten Technologien, ist die Optimiso Software so konzipiert, dass sie die Erwartungen der Anwender und die neuesten technischen Anforderungen erf\u00fcllt. Es erf\u00fcllt die strengsten Anforderungen an die Sicherheit von Informationen.\" \/>\n<meta name=\"robots\" content=\"index, follow, max-snippet:-1, max-image-preview:large, max-video-preview:-1\" \/>\n<link rel=\"canonical\" href=\"https:\/\/optimiso-group.com\/de\/ueber-der-software\/\" \/>\n<meta property=\"og:locale\" content=\"de_DE\" \/>\n<meta property=\"og:type\" content=\"article\" \/>\n<meta property=\"og:title\" content=\"\u00dcber die Software | Optimiso Group\" \/>\n<meta property=\"og:description\" content=\"Full Web-, Tablet- und Smartphone-kompatible Software. Entwickelt mit den besten Technologien, ist die Optimiso Software so konzipiert, dass sie die Erwartungen der Anwender und die neuesten technischen Anforderungen erf\u00fcllt. Es erf\u00fcllt die strengsten Anforderungen an die Sicherheit von Informationen.\" \/>\n<meta property=\"og:url\" content=\"https:\/\/optimiso-group.com\/de\/ueber-der-software\/\" \/>\n<meta property=\"og:site_name\" content=\"Optimiso Group\" \/>\n<meta property=\"article:modified_time\" content=\"2019-07-05T13:32:09+00:00\" \/>\n<meta property=\"og:image\" content=\"https:\/\/optimiso-group.com\/wp-content\/uploads\/2018\/03\/page_technique-1024x410.png\" \/>\n<meta name=\"twitter:card\" content=\"summary_large_image\" \/>\n<meta name=\"twitter:label1\" content=\"Gesch\u00e4tzte Lesezeit\" \/>\n\t<meta name=\"twitter:data1\" content=\"3\u00a0Minuten\" \/>\n<script type=\"application\/ld+json\" class=\"yoast-schema-graph\">{\"@context\":\"https:\/\/schema.org\",\"@graph\":[{\"@type\":\"WebPage\",\"@id\":\"https:\/\/optimiso-group.com\/de\/ueber-der-software\/\",\"url\":\"https:\/\/optimiso-group.com\/de\/ueber-der-software\/\",\"name\":\"\u00dcber die Software | Optimiso Group\",\"isPartOf\":{\"@id\":\"https:\/\/optimiso-group.com\/#website\"},\"primaryImageOfPage\":{\"@id\":\"https:\/\/optimiso-group.com\/de\/ueber-der-software\/#primaryimage\"},\"image\":{\"@id\":\"https:\/\/optimiso-group.com\/de\/ueber-der-software\/#primaryimage\"},\"thumbnailUrl\":\"https:\/\/optimiso-group.com\/wp-content\/uploads\/2018\/03\/page_technique-1024x410.png\",\"datePublished\":\"2018-03-19T17:58:56+00:00\",\"dateModified\":\"2019-07-05T13:32:09+00:00\",\"description\":\"Full Web-, Tablet- und Smartphone-kompatible Software. Entwickelt mit den besten Technologien, ist die Optimiso Software so konzipiert, dass sie die Erwartungen der Anwender und die neuesten technischen Anforderungen erf\u00fcllt. Es erf\u00fcllt die strengsten Anforderungen an die Sicherheit von Informationen.\",\"breadcrumb\":{\"@id\":\"https:\/\/optimiso-group.com\/de\/ueber-der-software\/#breadcrumb\"},\"inLanguage\":\"de\",\"potentialAction\":[{\"@type\":\"ReadAction\",\"target\":[\"https:\/\/optimiso-group.com\/de\/ueber-der-software\/\"]}]},{\"@type\":\"ImageObject\",\"inLanguage\":\"de\",\"@id\":\"https:\/\/optimiso-group.com\/de\/ueber-der-software\/#primaryimage\",\"url\":\"https:\/\/optimiso-group.com\/wp-content\/uploads\/2018\/03\/page_technique-1024x410.png\",\"contentUrl\":\"https:\/\/optimiso-group.com\/wp-content\/uploads\/2018\/03\/page_technique-1024x410.png\"},{\"@type\":\"BreadcrumbList\",\"@id\":\"https:\/\/optimiso-group.com\/de\/ueber-der-software\/#breadcrumb\",\"itemListElement\":[{\"@type\":\"ListItem\",\"position\":1,\"name\":\"Startseite\",\"item\":\"https:\/\/optimiso-group.com\/de\/\"},{\"@type\":\"ListItem\",\"position\":2,\"name\":\"\u00dcber der Software\"}]},{\"@type\":\"WebSite\",\"@id\":\"https:\/\/optimiso-group.com\/#website\",\"url\":\"https:\/\/optimiso-group.com\/\",\"name\":\"Optimiso Group\",\"description\":\"Optimiso Software macht Ihre regulatorischen Einschr\u00e4nkungen zu echten Vorteilen. Entdecken Sie unsere einfachen und n\u00fctzlichen L\u00f6sungen f\u00fcr Ihre Projekte in den Bereichen interne Organisation, ISO-Zertifizierung, interne Kontrolle und Risikomanagement.\",\"publisher\":{\"@id\":\"https:\/\/optimiso-group.com\/#organization\"},\"potentialAction\":[{\"@type\":\"SearchAction\",\"target\":{\"@type\":\"EntryPoint\",\"urlTemplate\":\"https:\/\/optimiso-group.com\/?s={search_term_string}\"},\"query-input\":{\"@type\":\"PropertyValueSpecification\",\"valueRequired\":true,\"valueName\":\"search_term_string\"}}],\"inLanguage\":\"de\"},{\"@type\":\"Organization\",\"@id\":\"https:\/\/optimiso-group.com\/#organization\",\"name\":\"Optimiso Group\",\"url\":\"https:\/\/optimiso-group.com\/\",\"logo\":{\"@type\":\"ImageObject\",\"inLanguage\":\"de\",\"@id\":\"https:\/\/optimiso-group.com\/#\/schema\/logo\/image\/\",\"url\":\"https:\/\/optimiso-group.com\/wp-content\/uploads\/2018\/03\/logo-optimiso-group.png\",\"contentUrl\":\"https:\/\/optimiso-group.com\/wp-content\/uploads\/2018\/03\/logo-optimiso-group.png\",\"width\":351,\"height\":177,\"caption\":\"Optimiso Group\"},\"image\":{\"@id\":\"https:\/\/optimiso-group.com\/#\/schema\/logo\/image\/\"}}]}<\/script>\n<!-- \/ Yoast SEO plugin. -->","yoast_head_json":{"title":"\u00dcber die Software | Optimiso Group","description":"Full Web-, Tablet- und Smartphone-kompatible Software. Entwickelt mit den besten Technologien, ist die Optimiso Software so konzipiert, dass sie die Erwartungen der Anwender und die neuesten technischen Anforderungen erf\u00fcllt. Es erf\u00fcllt die strengsten Anforderungen an die Sicherheit von Informationen.","robots":{"index":"index","follow":"follow","max-snippet":"max-snippet:-1","max-image-preview":"max-image-preview:large","max-video-preview":"max-video-preview:-1"},"canonical":"https:\/\/optimiso-group.com\/de\/ueber-der-software\/","og_locale":"de_DE","og_type":"article","og_title":"\u00dcber die Software | Optimiso Group","og_description":"Full Web-, Tablet- und Smartphone-kompatible Software. Entwickelt mit den besten Technologien, ist die Optimiso Software so konzipiert, dass sie die Erwartungen der Anwender und die neuesten technischen Anforderungen erf\u00fcllt. Es erf\u00fcllt die strengsten Anforderungen an die Sicherheit von Informationen.","og_url":"https:\/\/optimiso-group.com\/de\/ueber-der-software\/","og_site_name":"Optimiso Group","article_modified_time":"2019-07-05T13:32:09+00:00","og_image":[{"url":"https:\/\/optimiso-group.com\/wp-content\/uploads\/2018\/03\/page_technique-1024x410.png","type":"","width":"","height":""}],"twitter_card":"summary_large_image","twitter_misc":{"Gesch\u00e4tzte Lesezeit":"3\u00a0Minuten"},"schema":{"@context":"https:\/\/schema.org","@graph":[{"@type":"WebPage","@id":"https:\/\/optimiso-group.com\/de\/ueber-der-software\/","url":"https:\/\/optimiso-group.com\/de\/ueber-der-software\/","name":"\u00dcber die Software | Optimiso Group","isPartOf":{"@id":"https:\/\/optimiso-group.com\/#website"},"primaryImageOfPage":{"@id":"https:\/\/optimiso-group.com\/de\/ueber-der-software\/#primaryimage"},"image":{"@id":"https:\/\/optimiso-group.com\/de\/ueber-der-software\/#primaryimage"},"thumbnailUrl":"https:\/\/optimiso-group.com\/wp-content\/uploads\/2018\/03\/page_technique-1024x410.png","datePublished":"2018-03-19T17:58:56+00:00","dateModified":"2019-07-05T13:32:09+00:00","description":"Full Web-, Tablet- und Smartphone-kompatible Software. Entwickelt mit den besten Technologien, ist die Optimiso Software so konzipiert, dass sie die Erwartungen der Anwender und die neuesten technischen Anforderungen erf\u00fcllt. Es erf\u00fcllt die strengsten Anforderungen an die Sicherheit von Informationen.","breadcrumb":{"@id":"https:\/\/optimiso-group.com\/de\/ueber-der-software\/#breadcrumb"},"inLanguage":"de","potentialAction":[{"@type":"ReadAction","target":["https:\/\/optimiso-group.com\/de\/ueber-der-software\/"]}]},{"@type":"ImageObject","inLanguage":"de","@id":"https:\/\/optimiso-group.com\/de\/ueber-der-software\/#primaryimage","url":"https:\/\/optimiso-group.com\/wp-content\/uploads\/2018\/03\/page_technique-1024x410.png","contentUrl":"https:\/\/optimiso-group.com\/wp-content\/uploads\/2018\/03\/page_technique-1024x410.png"},{"@type":"BreadcrumbList","@id":"https:\/\/optimiso-group.com\/de\/ueber-der-software\/#breadcrumb","itemListElement":[{"@type":"ListItem","position":1,"name":"Startseite","item":"https:\/\/optimiso-group.com\/de\/"},{"@type":"ListItem","position":2,"name":"\u00dcber der Software"}]},{"@type":"WebSite","@id":"https:\/\/optimiso-group.com\/#website","url":"https:\/\/optimiso-group.com\/","name":"Optimiso Group","description":"Optimiso Software macht Ihre regulatorischen Einschr\u00e4nkungen zu echten Vorteilen. Entdecken Sie unsere einfachen und n\u00fctzlichen L\u00f6sungen f\u00fcr Ihre Projekte in den Bereichen interne Organisation, ISO-Zertifizierung, interne Kontrolle und Risikomanagement.","publisher":{"@id":"https:\/\/optimiso-group.com\/#organization"},"potentialAction":[{"@type":"SearchAction","target":{"@type":"EntryPoint","urlTemplate":"https:\/\/optimiso-group.com\/?s={search_term_string}"},"query-input":{"@type":"PropertyValueSpecification","valueRequired":true,"valueName":"search_term_string"}}],"inLanguage":"de"},{"@type":"Organization","@id":"https:\/\/optimiso-group.com\/#organization","name":"Optimiso Group","url":"https:\/\/optimiso-group.com\/","logo":{"@type":"ImageObject","inLanguage":"de","@id":"https:\/\/optimiso-group.com\/#\/schema\/logo\/image\/","url":"https:\/\/optimiso-group.com\/wp-content\/uploads\/2018\/03\/logo-optimiso-group.png","contentUrl":"https:\/\/optimiso-group.com\/wp-content\/uploads\/2018\/03\/logo-optimiso-group.png","width":351,"height":177,"caption":"Optimiso Group"},"image":{"@id":"https:\/\/optimiso-group.com\/#\/schema\/logo\/image\/"}}]}},"_links":{"self":[{"href":"https:\/\/optimiso-group.com\/de\/wp-json\/wp\/v2\/pages\/7127","targetHints":{"allow":["GET"]}}],"collection":[{"href":"https:\/\/optimiso-group.com\/de\/wp-json\/wp\/v2\/pages"}],"about":[{"href":"https:\/\/optimiso-group.com\/de\/wp-json\/wp\/v2\/types\/page"}],"author":[{"embeddable":true,"href":"https:\/\/optimiso-group.com\/de\/wp-json\/wp\/v2\/users\/1"}],"replies":[{"embeddable":true,"href":"https:\/\/optimiso-group.com\/de\/wp-json\/wp\/v2\/comments?post=7127"}],"version-history":[{"count":0,"href":"https:\/\/optimiso-group.com\/de\/wp-json\/wp\/v2\/pages\/7127\/revisions"}],"wp:attachment":[{"href":"https:\/\/optimiso-group.com\/de\/wp-json\/wp\/v2\/media?parent=7127"}],"curies":[{"name":"wp","href":"https:\/\/api.w.org\/{rel}","templated":true}]}}