{"id":7136,"date":"2018-02-19T14:00:41","date_gmt":"2018-02-19T13:00:41","guid":{"rendered":"https:\/\/optimiso-group.com\/module\/risk-manager\/"},"modified":"2021-07-20T11:08:09","modified_gmt":"2021-07-20T09:08:09","slug":"risiken","status":"publish","type":"page","link":"https:\/\/optimiso-group.com\/de\/software\/module\/risiken\/","title":{"rendered":"Risiken"},"content":{"rendered":"<p>[et_pb_section fb_built=&#8220;1&#8243; _builder_version=&#8220;3.22&#8243; custom_padding=&#8220;100px|0px|0px|0px&#8220;][et_pb_row _builder_version=&#8220;3.25&#8243; background_size=&#8220;initial&#8220; background_position=&#8220;top_left&#8220; background_repeat=&#8220;repeat&#8220; custom_padding=&#8220;0px|0px|33.1875px|0px&#8220;][et_pb_column type=&#8220;4_4&#8243; _builder_version=&#8220;3.25&#8243; custom_padding=&#8220;|||&#8220; custom_padding__hover=&#8220;|||&#8220;][et_pb_text _builder_version=&#8220;4.9.7&#8243; hover_enabled=&#8220;0&#8243; sticky_enabled=&#8220;0&#8243;]<\/p>\n<h1 style=\"text-align: left;\"><strong>Das Risiken Modul<\/strong><\/h1>\n<h2><strong>Analysieren und bewerten Sie alle Risiken in Ihrem Unternehmen auf einfache Art und Weise<\/strong><\/h2>\n<p>Mit der Optimiso-Software k\u00f6nnen Sie auf einfache Weise alle Risiken Ihres Unternehmens identifizieren, bewerten und kontrollieren. Je nach Bedarf werden sie mit Kontrollmitteln, Vorf\u00e4llen und Aktionspl\u00e4nen verkn\u00fcpft.<\/p>\n<p>[\/et_pb_text][\/et_pb_column][\/et_pb_row][\/et_pb_section][et_pb_section fb_built=&#8220;1&#8243; _builder_version=&#8220;3.22&#8243; custom_padding=&#8220;0px|0px|0px|0px&#8220;][et_pb_row _builder_version=&#8220;3.25&#8243; background_size=&#8220;initial&#8220; background_position=&#8220;top_left&#8220; background_repeat=&#8220;repeat&#8220;][et_pb_column type=&#8220;4_4&#8243; _builder_version=&#8220;3.25&#8243; custom_padding=&#8220;|||&#8220; custom_padding__hover=&#8220;|||&#8220;][et_pb_image src=&#8220;https:\/\/optimiso-group.com\/wp-content\/uploads\/2018\/03\/module_risk_manager.png&#8220; align=&#8220;center&#8220; align_tablet=&#8220;center&#8220; align_phone=&#8220;&#8220; align_last_edited=&#8220;on|desktop&#8220; _builder_version=&#8220;3.23&#8243; always_center_on_mobile=&#8220;on&#8220;][\/et_pb_image][\/et_pb_column][\/et_pb_row][\/et_pb_section][et_pb_section fb_built=&#8220;1&#8243; _builder_version=&#8220;3.22&#8243; custom_padding=&#8220;0px|0px|100px|0px&#8220;][et_pb_row column_structure=&#8220;3_4,1_4&#8243; _builder_version=&#8220;3.25&#8243; background_size=&#8220;initial&#8220; background_position=&#8220;top_left&#8220; background_repeat=&#8220;repeat&#8220; custom_padding=&#8220;0px|0px|0px|0px&#8220;][et_pb_column type=&#8220;3_4&#8243; _builder_version=&#8220;3.25&#8243; custom_padding=&#8220;|||&#8220; custom_padding__hover=&#8220;|||&#8220;][et_pb_text _builder_version=&#8220;3.27.4&#8243;]<\/p>\n<h2>Die Vorz\u00fcge<\/h2>\n<ul>\n<li>Automatische Erstellung von Risiko-Mappings<\/li>\n<li>Automatische Bearbeitung von Risikobl\u00e4ttern und der Risikomatrix<\/li>\n<li>Die Risikobewertung kann auf verschiedenen Wirkungsebenen parametrisiert werden.<\/li>\n<li>Warnungsfunktion bei neu zu bewertenden Risiken<\/li>\n<li>Validierungs-Workflow<\/li>\n<li>Gew\u00e4hrleistung von R\u00fcckverfolgbarkeit, Integrit\u00e4t und Risikohistorie<\/li>\n<li>Dynamische Beziehungen mit allen Elementen der internen Organisation<\/li>\n<\/ul>\n<p>[\/et_pb_text][\/et_pb_column][et_pb_column type=&#8220;1_4&#8243; _builder_version=&#8220;3.25&#8243; custom_padding=&#8220;|||&#8220; custom_padding__hover=&#8220;|||&#8220;][et_pb_text _builder_version=&#8220;3.27.4&#8243;][\/et_pb_text][et_pb_button button_url=&#8220;\/demande-de-demo-du-logiciel-optimiso\/&#8220; button_text=&#8220;Beantragen eine Demo&#8220; _builder_version=&#8220;3.16&#8243; custom_button=&#8220;on&#8220; button_text_size=&#8220;16&#8243; button_text_color=&#8220;#ffffff&#8220; button_bg_color=&#8220;#02b1e6&#8243; button_border_width=&#8220;0&#8243; button_border_radius=&#8220;0&#8243; button_use_icon=&#8220;off&#8220; custom_padding=&#8220;15px|25px|15px|25px&#8220; custom_css_before=&#8220;display:none;&#8220; custom_css_after=&#8220;display:none;&#8220; button_text_color_hover=&#8220;#ffffff&#8220; button_border_radius_hover=&#8220;0&#8243; button_bg_color_hover=&#8220;#0ac4fd&#8220; saved_tabs=&#8220;all&#8220; button_text_size__hover_enabled=&#8220;off&#8220; button_one_text_size__hover_enabled=&#8220;off&#8220; button_two_text_size__hover_enabled=&#8220;off&#8220; button_text_color__hover_enabled=&#8220;on&#8220; button_text_color__hover=&#8220;#ffffff&#8220; button_one_text_color__hover_enabled=&#8220;off&#8220; button_two_text_color__hover_enabled=&#8220;off&#8220; button_border_width__hover_enabled=&#8220;off&#8220; button_one_border_width__hover_enabled=&#8220;off&#8220; button_two_border_width__hover_enabled=&#8220;off&#8220; button_border_color__hover_enabled=&#8220;off&#8220; button_one_border_color__hover_enabled=&#8220;off&#8220; button_two_border_color__hover_enabled=&#8220;off&#8220; button_border_radius__hover_enabled=&#8220;on&#8220; button_border_radius__hover=&#8220;0&#8243; button_one_border_radius__hover_enabled=&#8220;off&#8220; button_two_border_radius__hover_enabled=&#8220;off&#8220; button_letter_spacing__hover_enabled=&#8220;off&#8220; button_one_letter_spacing__hover_enabled=&#8220;off&#8220; button_two_letter_spacing__hover_enabled=&#8220;off&#8220; button_bg_color__hover_enabled=&#8220;on&#8220; button_bg_color__hover=&#8220;#0ac4fd&#8220; button_one_bg_color__hover_enabled=&#8220;off&#8220; button_two_bg_color__hover_enabled=&#8220;off&#8220;][\/et_pb_button][\/et_pb_column][\/et_pb_row][\/et_pb_section]<\/p>\n","protected":false},"excerpt":{"rendered":"<p>Das Risiken Modul Analysieren und bewerten Sie alle&#8230;<\/p>\n","protected":false},"author":1,"featured_media":0,"parent":7131,"menu_order":184,"comment_status":"closed","ping_status":"closed","template":"template-divi.php","meta":{"_acf_changed":false,"_et_pb_use_builder":"on","_et_pb_old_content":"","_et_gb_content_width":"","_mo_disable_npp":"","footnotes":""},"class_list":["post-7136","page","type-page","status-publish","hentry"],"acf":[],"yoast_head":"<!-- This site is optimized with the Yoast SEO plugin v24.5 - https:\/\/yoast.com\/wordpress\/plugins\/seo\/ -->\n<title>Das Risiken Modul - Optimiso group<\/title>\n<meta name=\"description\" content=\"Analysieren und bewerten Sie alle Risiken in Ihrem Unternehmen auf einfache Art und Weise.\" \/>\n<meta name=\"robots\" content=\"index, follow, max-snippet:-1, max-image-preview:large, max-video-preview:-1\" \/>\n<link rel=\"canonical\" href=\"https:\/\/optimiso-group.com\/de\/software\/module\/risiken\/\" \/>\n<meta property=\"og:locale\" content=\"de_DE\" \/>\n<meta property=\"og:type\" content=\"article\" \/>\n<meta property=\"og:title\" content=\"Das Risiken Modul - Optimiso group\" \/>\n<meta property=\"og:description\" content=\"Analysieren und bewerten Sie alle Risiken in Ihrem Unternehmen auf einfache Art und Weise.\" \/>\n<meta property=\"og:url\" content=\"https:\/\/optimiso-group.com\/de\/software\/module\/risiken\/\" \/>\n<meta property=\"og:site_name\" content=\"Optimiso Group\" \/>\n<meta property=\"article:modified_time\" content=\"2021-07-20T09:08:09+00:00\" \/>\n<meta name=\"twitter:card\" content=\"summary_large_image\" \/>\n<meta name=\"twitter:label1\" content=\"Gesch\u00e4tzte Lesezeit\" \/>\n\t<meta name=\"twitter:data1\" content=\"3\u00a0Minuten\" \/>\n<script type=\"application\/ld+json\" class=\"yoast-schema-graph\">{\"@context\":\"https:\/\/schema.org\",\"@graph\":[{\"@type\":\"WebPage\",\"@id\":\"https:\/\/optimiso-group.com\/de\/software\/module\/risiken\/\",\"url\":\"https:\/\/optimiso-group.com\/de\/software\/module\/risiken\/\",\"name\":\"Das Risiken Modul - Optimiso group\",\"isPartOf\":{\"@id\":\"https:\/\/optimiso-group.com\/#website\"},\"datePublished\":\"2018-02-19T13:00:41+00:00\",\"dateModified\":\"2021-07-20T09:08:09+00:00\",\"description\":\"Analysieren und bewerten Sie alle Risiken in Ihrem Unternehmen auf einfache Art und Weise.\",\"breadcrumb\":{\"@id\":\"https:\/\/optimiso-group.com\/de\/software\/module\/risiken\/#breadcrumb\"},\"inLanguage\":\"de\",\"potentialAction\":[{\"@type\":\"ReadAction\",\"target\":[\"https:\/\/optimiso-group.com\/de\/software\/module\/risiken\/\"]}]},{\"@type\":\"BreadcrumbList\",\"@id\":\"https:\/\/optimiso-group.com\/de\/software\/module\/risiken\/#breadcrumb\",\"itemListElement\":[{\"@type\":\"ListItem\",\"position\":1,\"name\":\"Startseite\",\"item\":\"https:\/\/optimiso-group.com\/de\/\"},{\"@type\":\"ListItem\",\"position\":2,\"name\":\"Software\",\"item\":\"https:\/\/optimiso-group.com\/de\/software\/\"},{\"@type\":\"ListItem\",\"position\":3,\"name\":\"Module\",\"item\":\"https:\/\/optimiso-group.com\/de\/software\/module\/\"},{\"@type\":\"ListItem\",\"position\":4,\"name\":\"Risiken\"}]},{\"@type\":\"WebSite\",\"@id\":\"https:\/\/optimiso-group.com\/#website\",\"url\":\"https:\/\/optimiso-group.com\/\",\"name\":\"Optimiso Group\",\"description\":\"Optimiso Software macht Ihre regulatorischen Einschr\u00e4nkungen zu echten Vorteilen. Entdecken Sie unsere einfachen und n\u00fctzlichen L\u00f6sungen f\u00fcr Ihre Projekte in den Bereichen interne Organisation, ISO-Zertifizierung, interne Kontrolle und Risikomanagement.\",\"publisher\":{\"@id\":\"https:\/\/optimiso-group.com\/#organization\"},\"potentialAction\":[{\"@type\":\"SearchAction\",\"target\":{\"@type\":\"EntryPoint\",\"urlTemplate\":\"https:\/\/optimiso-group.com\/?s={search_term_string}\"},\"query-input\":{\"@type\":\"PropertyValueSpecification\",\"valueRequired\":true,\"valueName\":\"search_term_string\"}}],\"inLanguage\":\"de\"},{\"@type\":\"Organization\",\"@id\":\"https:\/\/optimiso-group.com\/#organization\",\"name\":\"Optimiso Group\",\"url\":\"https:\/\/optimiso-group.com\/\",\"logo\":{\"@type\":\"ImageObject\",\"inLanguage\":\"de\",\"@id\":\"https:\/\/optimiso-group.com\/#\/schema\/logo\/image\/\",\"url\":\"https:\/\/optimiso-group.com\/wp-content\/uploads\/2018\/03\/logo-optimiso-group.png\",\"contentUrl\":\"https:\/\/optimiso-group.com\/wp-content\/uploads\/2018\/03\/logo-optimiso-group.png\",\"width\":351,\"height\":177,\"caption\":\"Optimiso Group\"},\"image\":{\"@id\":\"https:\/\/optimiso-group.com\/#\/schema\/logo\/image\/\"}}]}<\/script>\n<!-- \/ Yoast SEO plugin. -->","yoast_head_json":{"title":"Das Risiken Modul - Optimiso group","description":"Analysieren und bewerten Sie alle Risiken in Ihrem Unternehmen auf einfache Art und Weise.","robots":{"index":"index","follow":"follow","max-snippet":"max-snippet:-1","max-image-preview":"max-image-preview:large","max-video-preview":"max-video-preview:-1"},"canonical":"https:\/\/optimiso-group.com\/de\/software\/module\/risiken\/","og_locale":"de_DE","og_type":"article","og_title":"Das Risiken Modul - Optimiso group","og_description":"Analysieren und bewerten Sie alle Risiken in Ihrem Unternehmen auf einfache Art und Weise.","og_url":"https:\/\/optimiso-group.com\/de\/software\/module\/risiken\/","og_site_name":"Optimiso Group","article_modified_time":"2021-07-20T09:08:09+00:00","twitter_card":"summary_large_image","twitter_misc":{"Gesch\u00e4tzte Lesezeit":"3\u00a0Minuten"},"schema":{"@context":"https:\/\/schema.org","@graph":[{"@type":"WebPage","@id":"https:\/\/optimiso-group.com\/de\/software\/module\/risiken\/","url":"https:\/\/optimiso-group.com\/de\/software\/module\/risiken\/","name":"Das Risiken Modul - Optimiso group","isPartOf":{"@id":"https:\/\/optimiso-group.com\/#website"},"datePublished":"2018-02-19T13:00:41+00:00","dateModified":"2021-07-20T09:08:09+00:00","description":"Analysieren und bewerten Sie alle Risiken in Ihrem Unternehmen auf einfache Art und Weise.","breadcrumb":{"@id":"https:\/\/optimiso-group.com\/de\/software\/module\/risiken\/#breadcrumb"},"inLanguage":"de","potentialAction":[{"@type":"ReadAction","target":["https:\/\/optimiso-group.com\/de\/software\/module\/risiken\/"]}]},{"@type":"BreadcrumbList","@id":"https:\/\/optimiso-group.com\/de\/software\/module\/risiken\/#breadcrumb","itemListElement":[{"@type":"ListItem","position":1,"name":"Startseite","item":"https:\/\/optimiso-group.com\/de\/"},{"@type":"ListItem","position":2,"name":"Software","item":"https:\/\/optimiso-group.com\/de\/software\/"},{"@type":"ListItem","position":3,"name":"Module","item":"https:\/\/optimiso-group.com\/de\/software\/module\/"},{"@type":"ListItem","position":4,"name":"Risiken"}]},{"@type":"WebSite","@id":"https:\/\/optimiso-group.com\/#website","url":"https:\/\/optimiso-group.com\/","name":"Optimiso Group","description":"Optimiso Software macht Ihre regulatorischen Einschr\u00e4nkungen zu echten Vorteilen. Entdecken Sie unsere einfachen und n\u00fctzlichen L\u00f6sungen f\u00fcr Ihre Projekte in den Bereichen interne Organisation, ISO-Zertifizierung, interne Kontrolle und Risikomanagement.","publisher":{"@id":"https:\/\/optimiso-group.com\/#organization"},"potentialAction":[{"@type":"SearchAction","target":{"@type":"EntryPoint","urlTemplate":"https:\/\/optimiso-group.com\/?s={search_term_string}"},"query-input":{"@type":"PropertyValueSpecification","valueRequired":true,"valueName":"search_term_string"}}],"inLanguage":"de"},{"@type":"Organization","@id":"https:\/\/optimiso-group.com\/#organization","name":"Optimiso Group","url":"https:\/\/optimiso-group.com\/","logo":{"@type":"ImageObject","inLanguage":"de","@id":"https:\/\/optimiso-group.com\/#\/schema\/logo\/image\/","url":"https:\/\/optimiso-group.com\/wp-content\/uploads\/2018\/03\/logo-optimiso-group.png","contentUrl":"https:\/\/optimiso-group.com\/wp-content\/uploads\/2018\/03\/logo-optimiso-group.png","width":351,"height":177,"caption":"Optimiso Group"},"image":{"@id":"https:\/\/optimiso-group.com\/#\/schema\/logo\/image\/"}}]}},"_links":{"self":[{"href":"https:\/\/optimiso-group.com\/de\/wp-json\/wp\/v2\/pages\/7136","targetHints":{"allow":["GET"]}}],"collection":[{"href":"https:\/\/optimiso-group.com\/de\/wp-json\/wp\/v2\/pages"}],"about":[{"href":"https:\/\/optimiso-group.com\/de\/wp-json\/wp\/v2\/types\/page"}],"author":[{"embeddable":true,"href":"https:\/\/optimiso-group.com\/de\/wp-json\/wp\/v2\/users\/1"}],"replies":[{"embeddable":true,"href":"https:\/\/optimiso-group.com\/de\/wp-json\/wp\/v2\/comments?post=7136"}],"version-history":[{"count":0,"href":"https:\/\/optimiso-group.com\/de\/wp-json\/wp\/v2\/pages\/7136\/revisions"}],"up":[{"embeddable":true,"href":"https:\/\/optimiso-group.com\/de\/wp-json\/wp\/v2\/pages\/7131"}],"wp:attachment":[{"href":"https:\/\/optimiso-group.com\/de\/wp-json\/wp\/v2\/media?parent=7136"}],"curies":[{"name":"wp","href":"https:\/\/api.w.org\/{rel}","templated":true}]}}