{"id":7140,"date":"2018-03-20T19:25:41","date_gmt":"2018-03-20T18:25:41","guid":{"rendered":"https:\/\/optimiso-group.com\/module\/competence-manager\/"},"modified":"2021-07-20T11:37:01","modified_gmt":"2021-07-20T09:37:01","slug":"kompetenzen","status":"publish","type":"page","link":"https:\/\/optimiso-group.com\/de\/software\/module\/kompetenzen\/","title":{"rendered":"Kompetenzen"},"content":{"rendered":"<p>[et_pb_section fb_built=&#8220;1&#8243; _builder_version=&#8220;3.22&#8243; custom_padding=&#8220;100px|0px|0px|0px&#8220;][et_pb_row _builder_version=&#8220;3.25&#8243; background_size=&#8220;initial&#8220; background_position=&#8220;top_left&#8220; background_repeat=&#8220;repeat&#8220; custom_padding=&#8220;0px|0px|33.1875px|0px&#8220;][et_pb_column type=&#8220;4_4&#8243; _builder_version=&#8220;3.25&#8243; custom_padding=&#8220;|||&#8220; custom_padding__hover=&#8220;|||&#8220;][et_pb_text _builder_version=&#8220;3.27.4&#8243;]<\/p>\n<h1 style=\"text-align: left;\">Das Kompetenzen Modul<\/h1>\n<h2><strong>Definieren Sie m\u00fchelos die Eins\u00e4tze Ihrer Mitarbeiter und \u00fcberwachen Sie deren Umsetzung in Echtzeit.<\/strong><\/h2>\n<p>Mittels Optimiso werden jedem Mitarbeiter Kompetenzen je nach einer reellen Einsch\u00e4tzung seines Kenntnisstands zugewiesen. F\u00fcr alle Mitarbeiter wird automatisch eine Stellenbeschreibung und eine Qualifikationsmatrix erstellt. Die Software erm\u00f6glicht es auch, die Kompetenzen zu definieren, die f\u00fcr die Durchf\u00fchrung eines Prozesses, eines Verfahrens, einer Dienstleistung oder f\u00fcr eine bestimmte Verantwortlichkeit erforderlich sind. Dadurch ist es m\u00f6glich, die notwendige Kompetenz mit der tats\u00e4chlichen Kompetenz zu vergleichen.<\/p>\n<p>[\/et_pb_text][\/et_pb_column][\/et_pb_row][\/et_pb_section][et_pb_section fb_built=&#8220;1&#8243; _builder_version=&#8220;3.22&#8243; custom_padding=&#8220;0px|0px|0px|0px&#8220;][et_pb_row _builder_version=&#8220;3.25&#8243; background_size=&#8220;initial&#8220; background_position=&#8220;top_left&#8220; background_repeat=&#8220;repeat&#8220;][et_pb_column type=&#8220;4_4&#8243; _builder_version=&#8220;3.25&#8243; custom_padding=&#8220;|||&#8220; custom_padding__hover=&#8220;|||&#8220;][et_pb_image src=&#8220;https:\/\/optimiso-group.com\/wp-content\/uploads\/2018\/03\/module_competence_manager.png&#8220; align=&#8220;center&#8220; align_tablet=&#8220;center&#8220; align_phone=&#8220;&#8220; align_last_edited=&#8220;on|desktop&#8220; _builder_version=&#8220;3.23&#8243;]&nbsp;<br \/>\n[\/et_pb_image][\/et_pb_column][\/et_pb_row][\/et_pb_section][et_pb_section fb_built=&#8220;1&#8243; _builder_version=&#8220;3.22&#8243; custom_padding=&#8220;0px|0px|100px|0px&#8220;][et_pb_row column_structure=&#8220;3_4,1_4&#8243; _builder_version=&#8220;3.25&#8243; background_size=&#8220;initial&#8220; background_position=&#8220;top_left&#8220; background_repeat=&#8220;repeat&#8220; custom_padding=&#8220;0px|0px|0px|0px&#8220;][et_pb_column type=&#8220;3_4&#8243; _builder_version=&#8220;3.25&#8243; custom_padding=&#8220;|||&#8220; custom_padding__hover=&#8220;|||&#8220;][et_pb_text _builder_version=&#8220;3.27.4&#8243;]<\/p>\n<h2>Die Vorteile<\/h2>\n<ul>\n<li>Automatische Aktualisierung der Kompetenzen in den Stellenbeschreibungen<\/li>\n<li>Erstellung zahlreicher Analyseberichte: Matrix der Kompetenzen pro Mitarbeiter, Matrix der real existierenden Kompetenzen \/ notwendigen Kompetenzen<\/li>\n<li>Einfache \u00dcberwachung der G\u00fcltigkeit von Genehmigungen oder Bescheinigungen hinsichtlich der beruflichen Bef\u00e4higung der Mitarbeiter<\/li>\n<li>Nachvollziehbarkeit aller Eintr\u00e4ge und \u00c4nderungen<\/li>\n<li>Dynamische Beziehungen und Kompetenz-Bilanz mit allen Elementen der internen Organisation (Mitarbeiter, Prozesse, Dienstleistungen, Risiken, etc.<\/li>\n<\/ul>\n<p>[\/et_pb_text][\/et_pb_column][et_pb_column type=&#8220;1_4&#8243; _builder_version=&#8220;3.25&#8243; custom_padding=&#8220;|||&#8220; custom_padding__hover=&#8220;|||&#8220;][et_pb_text _builder_version=&#8220;3.27.4&#8243;][\/et_pb_text][et_pb_button button_url=&#8220;\/demande-de-demo-du-logiciel-optimiso\/&#8220; button_text=&#8220;Beantrag ein Demo&#8220; _builder_version=&#8220;3.16&#8243; custom_button=&#8220;on&#8220; button_text_size=&#8220;16&#8243; button_text_color=&#8220;#ffffff&#8220; button_bg_color=&#8220;#02b1e6&#8243; button_border_width=&#8220;0&#8243; button_border_radius=&#8220;0&#8243; button_use_icon=&#8220;off&#8220; custom_padding=&#8220;15px|25px|15px|25px&#8220; custom_css_before=&#8220;display:none;&#8220; custom_css_after=&#8220;display:none;&#8220; button_text_color_hover=&#8220;#ffffff&#8220; button_border_radius_hover=&#8220;0&#8243; button_bg_color_hover=&#8220;#0ac4fd&#8220; saved_tabs=&#8220;all&#8220; button_text_size__hover_enabled=&#8220;off&#8220; button_one_text_size__hover_enabled=&#8220;off&#8220; button_two_text_size__hover_enabled=&#8220;off&#8220; button_text_color__hover_enabled=&#8220;on&#8220; button_text_color__hover=&#8220;#ffffff&#8220; button_one_text_color__hover_enabled=&#8220;off&#8220; button_two_text_color__hover_enabled=&#8220;off&#8220; button_border_width__hover_enabled=&#8220;off&#8220; button_one_border_width__hover_enabled=&#8220;off&#8220; button_two_border_width__hover_enabled=&#8220;off&#8220; button_border_color__hover_enabled=&#8220;off&#8220; button_one_border_color__hover_enabled=&#8220;off&#8220; button_two_border_color__hover_enabled=&#8220;off&#8220; button_border_radius__hover_enabled=&#8220;on&#8220; button_border_radius__hover=&#8220;0&#8243; button_one_border_radius__hover_enabled=&#8220;off&#8220; button_two_border_radius__hover_enabled=&#8220;off&#8220; button_letter_spacing__hover_enabled=&#8220;off&#8220; button_one_letter_spacing__hover_enabled=&#8220;off&#8220; button_two_letter_spacing__hover_enabled=&#8220;off&#8220; button_bg_color__hover_enabled=&#8220;on&#8220; button_bg_color__hover=&#8220;#0ac4fd&#8220; button_one_bg_color__hover_enabled=&#8220;off&#8220; button_two_bg_color__hover_enabled=&#8220;off&#8220;]&nbsp;<br \/>\n[\/et_pb_button][\/et_pb_column][\/et_pb_row][\/et_pb_section]<\/p>\n","protected":false},"excerpt":{"rendered":"<p>Das Kompetenzen Modul Definieren Sie m\u00fchelos die&#8230;<\/p>\n","protected":false},"author":1,"featured_media":0,"parent":7131,"menu_order":133,"comment_status":"closed","ping_status":"closed","template":"template-divi.php","meta":{"_acf_changed":false,"_et_pb_use_builder":"on","_et_pb_old_content":"","_et_gb_content_width":"","_mo_disable_npp":"","footnotes":""},"class_list":["post-7140","page","type-page","status-publish","hentry"],"acf":[],"yoast_head":"<!-- This site is optimized with the Yoast SEO plugin v24.5 - https:\/\/yoast.com\/wordpress\/plugins\/seo\/ -->\n<title>Das Kompetenzen Modul - Optimiso Group<\/title>\n<meta name=\"description\" content=\"Identifizieren und bewerten Sie einfach die F\u00e4higkeiten der Mitarbeiter. Jedem Mitarbeiter werden F\u00e4higkeiten zugewiesen.\" \/>\n<meta name=\"robots\" content=\"index, follow, max-snippet:-1, max-image-preview:large, max-video-preview:-1\" \/>\n<link rel=\"canonical\" href=\"https:\/\/optimiso-group.com\/de\/software\/module\/kompetenzen\/\" \/>\n<meta property=\"og:locale\" content=\"de_DE\" \/>\n<meta property=\"og:type\" content=\"article\" \/>\n<meta property=\"og:title\" content=\"Das Kompetenzen Modul - Optimiso Group\" \/>\n<meta property=\"og:description\" content=\"Identifizieren und bewerten Sie einfach die F\u00e4higkeiten der Mitarbeiter. Jedem Mitarbeiter werden F\u00e4higkeiten zugewiesen.\" \/>\n<meta property=\"og:url\" content=\"https:\/\/optimiso-group.com\/de\/software\/module\/kompetenzen\/\" \/>\n<meta property=\"og:site_name\" content=\"Optimiso Group\" \/>\n<meta property=\"article:modified_time\" content=\"2021-07-20T09:37:01+00:00\" \/>\n<meta name=\"twitter:card\" content=\"summary_large_image\" \/>\n<meta name=\"twitter:label1\" content=\"Gesch\u00e4tzte Lesezeit\" \/>\n\t<meta name=\"twitter:data1\" content=\"3\u00a0Minuten\" \/>\n<script type=\"application\/ld+json\" class=\"yoast-schema-graph\">{\"@context\":\"https:\/\/schema.org\",\"@graph\":[{\"@type\":\"WebPage\",\"@id\":\"https:\/\/optimiso-group.com\/de\/software\/module\/kompetenzen\/\",\"url\":\"https:\/\/optimiso-group.com\/de\/software\/module\/kompetenzen\/\",\"name\":\"Das Kompetenzen Modul - Optimiso Group\",\"isPartOf\":{\"@id\":\"https:\/\/optimiso-group.com\/#website\"},\"datePublished\":\"2018-03-20T18:25:41+00:00\",\"dateModified\":\"2021-07-20T09:37:01+00:00\",\"description\":\"Identifizieren und bewerten Sie einfach die F\u00e4higkeiten der Mitarbeiter. Jedem Mitarbeiter werden F\u00e4higkeiten zugewiesen.\",\"breadcrumb\":{\"@id\":\"https:\/\/optimiso-group.com\/de\/software\/module\/kompetenzen\/#breadcrumb\"},\"inLanguage\":\"de\",\"potentialAction\":[{\"@type\":\"ReadAction\",\"target\":[\"https:\/\/optimiso-group.com\/de\/software\/module\/kompetenzen\/\"]}]},{\"@type\":\"BreadcrumbList\",\"@id\":\"https:\/\/optimiso-group.com\/de\/software\/module\/kompetenzen\/#breadcrumb\",\"itemListElement\":[{\"@type\":\"ListItem\",\"position\":1,\"name\":\"Startseite\",\"item\":\"https:\/\/optimiso-group.com\/de\/\"},{\"@type\":\"ListItem\",\"position\":2,\"name\":\"Software\",\"item\":\"https:\/\/optimiso-group.com\/de\/software\/\"},{\"@type\":\"ListItem\",\"position\":3,\"name\":\"Module\",\"item\":\"https:\/\/optimiso-group.com\/de\/software\/module\/\"},{\"@type\":\"ListItem\",\"position\":4,\"name\":\"Kompetenzen\"}]},{\"@type\":\"WebSite\",\"@id\":\"https:\/\/optimiso-group.com\/#website\",\"url\":\"https:\/\/optimiso-group.com\/\",\"name\":\"Optimiso Group\",\"description\":\"Optimiso Software macht Ihre regulatorischen Einschr\u00e4nkungen zu echten Vorteilen. Entdecken Sie unsere einfachen und n\u00fctzlichen L\u00f6sungen f\u00fcr Ihre Projekte in den Bereichen interne Organisation, ISO-Zertifizierung, interne Kontrolle und Risikomanagement.\",\"publisher\":{\"@id\":\"https:\/\/optimiso-group.com\/#organization\"},\"potentialAction\":[{\"@type\":\"SearchAction\",\"target\":{\"@type\":\"EntryPoint\",\"urlTemplate\":\"https:\/\/optimiso-group.com\/?s={search_term_string}\"},\"query-input\":{\"@type\":\"PropertyValueSpecification\",\"valueRequired\":true,\"valueName\":\"search_term_string\"}}],\"inLanguage\":\"de\"},{\"@type\":\"Organization\",\"@id\":\"https:\/\/optimiso-group.com\/#organization\",\"name\":\"Optimiso Group\",\"url\":\"https:\/\/optimiso-group.com\/\",\"logo\":{\"@type\":\"ImageObject\",\"inLanguage\":\"de\",\"@id\":\"https:\/\/optimiso-group.com\/#\/schema\/logo\/image\/\",\"url\":\"https:\/\/optimiso-group.com\/wp-content\/uploads\/2018\/03\/logo-optimiso-group.png\",\"contentUrl\":\"https:\/\/optimiso-group.com\/wp-content\/uploads\/2018\/03\/logo-optimiso-group.png\",\"width\":351,\"height\":177,\"caption\":\"Optimiso Group\"},\"image\":{\"@id\":\"https:\/\/optimiso-group.com\/#\/schema\/logo\/image\/\"}}]}<\/script>\n<!-- \/ Yoast SEO plugin. -->","yoast_head_json":{"title":"Das Kompetenzen Modul - Optimiso Group","description":"Identifizieren und bewerten Sie einfach die F\u00e4higkeiten der Mitarbeiter. Jedem Mitarbeiter werden F\u00e4higkeiten zugewiesen.","robots":{"index":"index","follow":"follow","max-snippet":"max-snippet:-1","max-image-preview":"max-image-preview:large","max-video-preview":"max-video-preview:-1"},"canonical":"https:\/\/optimiso-group.com\/de\/software\/module\/kompetenzen\/","og_locale":"de_DE","og_type":"article","og_title":"Das Kompetenzen Modul - Optimiso Group","og_description":"Identifizieren und bewerten Sie einfach die F\u00e4higkeiten der Mitarbeiter. Jedem Mitarbeiter werden F\u00e4higkeiten zugewiesen.","og_url":"https:\/\/optimiso-group.com\/de\/software\/module\/kompetenzen\/","og_site_name":"Optimiso Group","article_modified_time":"2021-07-20T09:37:01+00:00","twitter_card":"summary_large_image","twitter_misc":{"Gesch\u00e4tzte Lesezeit":"3\u00a0Minuten"},"schema":{"@context":"https:\/\/schema.org","@graph":[{"@type":"WebPage","@id":"https:\/\/optimiso-group.com\/de\/software\/module\/kompetenzen\/","url":"https:\/\/optimiso-group.com\/de\/software\/module\/kompetenzen\/","name":"Das Kompetenzen Modul - Optimiso Group","isPartOf":{"@id":"https:\/\/optimiso-group.com\/#website"},"datePublished":"2018-03-20T18:25:41+00:00","dateModified":"2021-07-20T09:37:01+00:00","description":"Identifizieren und bewerten Sie einfach die F\u00e4higkeiten der Mitarbeiter. Jedem Mitarbeiter werden F\u00e4higkeiten zugewiesen.","breadcrumb":{"@id":"https:\/\/optimiso-group.com\/de\/software\/module\/kompetenzen\/#breadcrumb"},"inLanguage":"de","potentialAction":[{"@type":"ReadAction","target":["https:\/\/optimiso-group.com\/de\/software\/module\/kompetenzen\/"]}]},{"@type":"BreadcrumbList","@id":"https:\/\/optimiso-group.com\/de\/software\/module\/kompetenzen\/#breadcrumb","itemListElement":[{"@type":"ListItem","position":1,"name":"Startseite","item":"https:\/\/optimiso-group.com\/de\/"},{"@type":"ListItem","position":2,"name":"Software","item":"https:\/\/optimiso-group.com\/de\/software\/"},{"@type":"ListItem","position":3,"name":"Module","item":"https:\/\/optimiso-group.com\/de\/software\/module\/"},{"@type":"ListItem","position":4,"name":"Kompetenzen"}]},{"@type":"WebSite","@id":"https:\/\/optimiso-group.com\/#website","url":"https:\/\/optimiso-group.com\/","name":"Optimiso Group","description":"Optimiso Software macht Ihre regulatorischen Einschr\u00e4nkungen zu echten Vorteilen. Entdecken Sie unsere einfachen und n\u00fctzlichen L\u00f6sungen f\u00fcr Ihre Projekte in den Bereichen interne Organisation, ISO-Zertifizierung, interne Kontrolle und Risikomanagement.","publisher":{"@id":"https:\/\/optimiso-group.com\/#organization"},"potentialAction":[{"@type":"SearchAction","target":{"@type":"EntryPoint","urlTemplate":"https:\/\/optimiso-group.com\/?s={search_term_string}"},"query-input":{"@type":"PropertyValueSpecification","valueRequired":true,"valueName":"search_term_string"}}],"inLanguage":"de"},{"@type":"Organization","@id":"https:\/\/optimiso-group.com\/#organization","name":"Optimiso Group","url":"https:\/\/optimiso-group.com\/","logo":{"@type":"ImageObject","inLanguage":"de","@id":"https:\/\/optimiso-group.com\/#\/schema\/logo\/image\/","url":"https:\/\/optimiso-group.com\/wp-content\/uploads\/2018\/03\/logo-optimiso-group.png","contentUrl":"https:\/\/optimiso-group.com\/wp-content\/uploads\/2018\/03\/logo-optimiso-group.png","width":351,"height":177,"caption":"Optimiso Group"},"image":{"@id":"https:\/\/optimiso-group.com\/#\/schema\/logo\/image\/"}}]}},"_links":{"self":[{"href":"https:\/\/optimiso-group.com\/de\/wp-json\/wp\/v2\/pages\/7140","targetHints":{"allow":["GET"]}}],"collection":[{"href":"https:\/\/optimiso-group.com\/de\/wp-json\/wp\/v2\/pages"}],"about":[{"href":"https:\/\/optimiso-group.com\/de\/wp-json\/wp\/v2\/types\/page"}],"author":[{"embeddable":true,"href":"https:\/\/optimiso-group.com\/de\/wp-json\/wp\/v2\/users\/1"}],"replies":[{"embeddable":true,"href":"https:\/\/optimiso-group.com\/de\/wp-json\/wp\/v2\/comments?post=7140"}],"version-history":[{"count":0,"href":"https:\/\/optimiso-group.com\/de\/wp-json\/wp\/v2\/pages\/7140\/revisions"}],"up":[{"embeddable":true,"href":"https:\/\/optimiso-group.com\/de\/wp-json\/wp\/v2\/pages\/7131"}],"wp:attachment":[{"href":"https:\/\/optimiso-group.com\/de\/wp-json\/wp\/v2\/media?parent=7140"}],"curies":[{"name":"wp","href":"https:\/\/api.w.org\/{rel}","templated":true}]}}