{"id":7141,"date":"2018-02-19T14:01:43","date_gmt":"2018-02-19T13:01:43","guid":{"rendered":"https:\/\/optimiso-group.com\/module\/compliance-manager\/"},"modified":"2024-01-24T09:50:32","modified_gmt":"2024-01-24T08:50:32","slug":"normen-und-gesetze","status":"publish","type":"page","link":"https:\/\/optimiso-group.com\/de\/software\/module\/normen-und-gesetze\/","title":{"rendered":"Normen und Gesetze"},"content":{"rendered":"<p>[et_pb_section fb_built=&#8220;1&#8243; _builder_version=&#8220;4.23.4&#8243; custom_padding=&#8220;30px|0px|0px|0px|false|false&#8220; global_colors_info=&#8220;{}&#8220;][et_pb_row _builder_version=&#8220;4.16&#8243; background_size=&#8220;initial&#8220; background_position=&#8220;top_left&#8220; background_repeat=&#8220;repeat&#8220; custom_padding=&#8220;0px|0px|29.2px|0px||&#8220; global_colors_info=&#8220;{}&#8220;][et_pb_column type=&#8220;4_4&#8243; _builder_version=&#8220;4.16&#8243; custom_padding=&#8220;|||&#8220; global_colors_info=&#8220;{}&#8220; custom_padding__hover=&#8220;|||&#8220;][et_pb_text _builder_version=&#8220;4.23.4&#8243; global_colors_info=&#8220;{}&#8220;]<\/p>\n<h1 style=\"text-align: left;\"><span style=\"color: #000000;\"><strong>Das Normen und Gesetze Modul<\/strong><\/span><\/h1>\n<h2><span style=\"color: #555555;\"><strong>Beweisen Sie auf einfache Weise Ihre Konformit\u00e4t mit Normen, Gesetzen und Richtlinien\u00a0<\/strong><\/span><\/h2>\n<p><span style=\"color: #555555;\">Die Software Optimiso Suite erm\u00f6glicht es, alle f\u00fcr Ihre Einrichtung geltenden Vorschriften zu integrieren. <\/span><\/p>\n<p><span style=\"color: #555555;\">Parallel dazu kann jedes organisatorische Element (Prozess, Verfahren, Dokument, Rolle, Kontrolle, Aktionsplan usw.) mit den Anforderungen der Normen oder Gesetze, die es abzudecken erlaubt, verkn\u00fcpft werden. <\/span><\/p>\n<p><span style=\"color: #555555;\">Die Optimiso-Software erstellt automatisch einen Konformit\u00e4tsbericht f\u00fcr jede Vorschrift.<\/span><\/p>\n<p>[\/et_pb_text][\/et_pb_column][\/et_pb_row][\/et_pb_section][et_pb_section fb_built=&#8220;1&#8243; _builder_version=&#8220;4.16&#8243; custom_padding=&#8220;0px|0px|0px|0px&#8220; global_colors_info=&#8220;{}&#8220;][et_pb_row _builder_version=&#8220;4.16&#8243; background_size=&#8220;initial&#8220; background_position=&#8220;top_left&#8220; background_repeat=&#8220;repeat&#8220; global_colors_info=&#8220;{}&#8220;][et_pb_column type=&#8220;4_4&#8243; _builder_version=&#8220;4.16&#8243; custom_padding=&#8220;|||&#8220; global_colors_info=&#8220;{}&#8220; custom_padding__hover=&#8220;|||&#8220;][et_pb_image src=&#8220;https:\/\/optimiso-group.com\/wp-content\/uploads\/2024\/01\/module-normes-et-lois-3.png&#8220; title_text=&#8220;module-normes-et-lois&#8220; align=&#8220;center&#8220; align_tablet=&#8220;center&#8220; align_phone=&#8220;&#8220; align_last_edited=&#8220;on|desktop&#8220; _builder_version=&#8220;4.23.4&#8243; always_center_on_mobile=&#8220;on&#8220; global_colors_info=&#8220;{}&#8220; custom_margin=&#8220;-53px|||||&#8220;][\/et_pb_image][\/et_pb_column][\/et_pb_row][\/et_pb_section][et_pb_section fb_built=&#8220;1&#8243; _builder_version=&#8220;4.16&#8243; custom_padding=&#8220;0px|0px|100px|0px&#8220; global_colors_info=&#8220;{}&#8220;][et_pb_row column_structure=&#8220;3_4,1_4&#8243; _builder_version=&#8220;4.16&#8243; background_size=&#8220;initial&#8220; background_position=&#8220;top_left&#8220; background_repeat=&#8220;repeat&#8220; custom_padding=&#8220;0px|0px|0px|0px&#8220; global_colors_info=&#8220;{}&#8220;][et_pb_column type=&#8220;3_4&#8243; _builder_version=&#8220;4.16&#8243; custom_padding=&#8220;|||&#8220; global_colors_info=&#8220;{}&#8220; custom_padding__hover=&#8220;|||&#8220;][et_pb_text _builder_version=&#8220;4.16&#8243; global_colors_info=&#8220;{}&#8220;]<\/p>\n<h2>Die Vorz\u00fcge<\/h2>\n<ul>\n<li>Automatische Erstellung von Compliance-Berichten<\/li>\n<li>Warnung vor der programmierten \u00dcberalterung einer Norm oder eines Gesetzes<\/li>\n<li>Deutlich erleichterte Audits<\/li>\n<li>Dynamische Verkn\u00fcpfung und Mapping von Normen oder Gesetzen mit allen Elementen der internen Organisation<\/li>\n<\/ul>\n<p>[\/et_pb_text][\/et_pb_column][et_pb_column type=&#8220;1_4&#8243; _builder_version=&#8220;4.16&#8243; custom_padding=&#8220;|||&#8220; global_colors_info=&#8220;{}&#8220; custom_padding__hover=&#8220;|||&#8220;][et_pb_text _builder_version=&#8220;4.16&#8243; global_colors_info=&#8220;{}&#8220;][\/et_pb_text][et_pb_button button_url=&#8220;https:\/\/optimiso-group.com\/de\/optimiso-software-demo-anfrage\/&#8220; button_text=&#8220;Eine Demo erhalten&#8220; _builder_version=&#8220;4.23.4&#8243; custom_button=&#8220;on&#8220; button_text_size=&#8220;16&#8243; button_text_color=&#8220;#ffffff&#8220; button_bg_color=&#8220;#02b1e6&#8243; button_border_width=&#8220;0&#8243; button_border_radius=&#8220;0&#8243; button_use_icon=&#8220;off&#8220; custom_padding=&#8220;15px|25px|15px|25px&#8220; custom_css_before=&#8220;display:none;&#8220; custom_css_after=&#8220;display:none;&#8220; button_text_color_hover=&#8220;#ffffff&#8220; button_border_radius_hover=&#8220;0&#8243; button_bg_color_hover=&#8220;#0ac4fd&#8220; saved_tabs=&#8220;all&#8220; global_colors_info=&#8220;{}&#8220; button_text_size__hover_enabled=&#8220;off&#8220; button_one_text_size__hover_enabled=&#8220;off&#8220; button_two_text_size__hover_enabled=&#8220;off&#8220; button_text_color__hover_enabled=&#8220;on&#8220; button_text_color__hover=&#8220;#ffffff&#8220; button_one_text_color__hover_enabled=&#8220;off&#8220; button_two_text_color__hover_enabled=&#8220;off&#8220; button_border_width__hover_enabled=&#8220;off&#8220; button_one_border_width__hover_enabled=&#8220;off&#8220; button_two_border_width__hover_enabled=&#8220;off&#8220; button_border_color__hover_enabled=&#8220;off&#8220; button_one_border_color__hover_enabled=&#8220;off&#8220; button_two_border_color__hover_enabled=&#8220;off&#8220; button_border_radius__hover_enabled=&#8220;on&#8220; button_border_radius__hover=&#8220;0&#8243; button_one_border_radius__hover_enabled=&#8220;off&#8220; button_two_border_radius__hover_enabled=&#8220;off&#8220; button_letter_spacing__hover_enabled=&#8220;off&#8220; button_one_letter_spacing__hover_enabled=&#8220;off&#8220; button_two_letter_spacing__hover_enabled=&#8220;off&#8220; button_bg_color__hover_enabled=&#8220;on&#8220; button_bg_color__hover=&#8220;#0ac4fd&#8220; button_one_bg_color__hover_enabled=&#8220;off&#8220; button_two_bg_color__hover_enabled=&#8220;off&#8220;][\/et_pb_button][\/et_pb_column][\/et_pb_row][\/et_pb_section]<\/p>\n","protected":false},"excerpt":{"rendered":"<p>Das Normen und Gesetze Modul Beweisen Sie auf&#8230;<\/p>\n","protected":false},"author":1,"featured_media":0,"parent":7131,"menu_order":175,"comment_status":"closed","ping_status":"closed","template":"template-divi.php","meta":{"_acf_changed":false,"_et_pb_use_builder":"on","_et_pb_old_content":"","_et_gb_content_width":"","_mo_disable_npp":"","footnotes":""},"class_list":["post-7141","page","type-page","status-publish","hentry"],"acf":[],"yoast_head":"<!-- This site is optimized with the Yoast SEO plugin v24.5 - https:\/\/yoast.com\/wordpress\/plugins\/seo\/ -->\n<title>Das Normen und Gesetze Modul - Optimiso Group<\/title>\n<meta name=\"description\" content=\"Identifizieren Sie ganz einfach die f\u00fcr das Unternehmen geltenden Vorschriften und die Elemente, die zur Erf\u00fcllung dieser Vorschriften eingesetzt werden.\" \/>\n<meta name=\"robots\" content=\"index, follow, max-snippet:-1, max-image-preview:large, max-video-preview:-1\" \/>\n<link rel=\"canonical\" href=\"https:\/\/optimiso-group.com\/de\/software\/module\/normen-und-gesetze\/\" \/>\n<meta property=\"og:locale\" content=\"de_DE\" \/>\n<meta property=\"og:type\" content=\"article\" \/>\n<meta property=\"og:title\" content=\"Das Normen und Gesetze Modul - Optimiso Group\" \/>\n<meta property=\"og:description\" content=\"Identifizieren Sie ganz einfach die f\u00fcr das Unternehmen geltenden Vorschriften und die Elemente, die zur Erf\u00fcllung dieser Vorschriften eingesetzt werden.\" \/>\n<meta property=\"og:url\" content=\"https:\/\/optimiso-group.com\/de\/software\/module\/normen-und-gesetze\/\" \/>\n<meta property=\"og:site_name\" content=\"Optimiso Group\" \/>\n<meta property=\"article:modified_time\" content=\"2024-01-24T08:50:32+00:00\" \/>\n<meta name=\"twitter:card\" content=\"summary_large_image\" \/>\n<meta name=\"twitter:label1\" content=\"Gesch\u00e4tzte Lesezeit\" \/>\n\t<meta name=\"twitter:data1\" content=\"1\u00a0Minute\" \/>\n<script type=\"application\/ld+json\" class=\"yoast-schema-graph\">{\"@context\":\"https:\/\/schema.org\",\"@graph\":[{\"@type\":\"WebPage\",\"@id\":\"https:\/\/optimiso-group.com\/de\/software\/module\/normen-und-gesetze\/\",\"url\":\"https:\/\/optimiso-group.com\/de\/software\/module\/normen-und-gesetze\/\",\"name\":\"Das Normen und Gesetze Modul - Optimiso Group\",\"isPartOf\":{\"@id\":\"https:\/\/optimiso-group.com\/#website\"},\"datePublished\":\"2018-02-19T13:01:43+00:00\",\"dateModified\":\"2024-01-24T08:50:32+00:00\",\"description\":\"Identifizieren Sie ganz einfach die f\u00fcr das Unternehmen geltenden Vorschriften und die Elemente, die zur Erf\u00fcllung dieser Vorschriften eingesetzt werden.\",\"breadcrumb\":{\"@id\":\"https:\/\/optimiso-group.com\/de\/software\/module\/normen-und-gesetze\/#breadcrumb\"},\"inLanguage\":\"de\",\"potentialAction\":[{\"@type\":\"ReadAction\",\"target\":[\"https:\/\/optimiso-group.com\/de\/software\/module\/normen-und-gesetze\/\"]}]},{\"@type\":\"BreadcrumbList\",\"@id\":\"https:\/\/optimiso-group.com\/de\/software\/module\/normen-und-gesetze\/#breadcrumb\",\"itemListElement\":[{\"@type\":\"ListItem\",\"position\":1,\"name\":\"Startseite\",\"item\":\"https:\/\/optimiso-group.com\/de\/\"},{\"@type\":\"ListItem\",\"position\":2,\"name\":\"Software\",\"item\":\"https:\/\/optimiso-group.com\/de\/software\/\"},{\"@type\":\"ListItem\",\"position\":3,\"name\":\"Module\",\"item\":\"https:\/\/optimiso-group.com\/de\/software\/module\/\"},{\"@type\":\"ListItem\",\"position\":4,\"name\":\"Normen und Gesetze\"}]},{\"@type\":\"WebSite\",\"@id\":\"https:\/\/optimiso-group.com\/#website\",\"url\":\"https:\/\/optimiso-group.com\/\",\"name\":\"Optimiso Group\",\"description\":\"Optimiso Software macht Ihre regulatorischen Einschr\u00e4nkungen zu echten Vorteilen. Entdecken Sie unsere einfachen und n\u00fctzlichen L\u00f6sungen f\u00fcr Ihre Projekte in den Bereichen interne Organisation, ISO-Zertifizierung, interne Kontrolle und Risikomanagement.\",\"publisher\":{\"@id\":\"https:\/\/optimiso-group.com\/#organization\"},\"potentialAction\":[{\"@type\":\"SearchAction\",\"target\":{\"@type\":\"EntryPoint\",\"urlTemplate\":\"https:\/\/optimiso-group.com\/?s={search_term_string}\"},\"query-input\":{\"@type\":\"PropertyValueSpecification\",\"valueRequired\":true,\"valueName\":\"search_term_string\"}}],\"inLanguage\":\"de\"},{\"@type\":\"Organization\",\"@id\":\"https:\/\/optimiso-group.com\/#organization\",\"name\":\"Optimiso Group\",\"url\":\"https:\/\/optimiso-group.com\/\",\"logo\":{\"@type\":\"ImageObject\",\"inLanguage\":\"de\",\"@id\":\"https:\/\/optimiso-group.com\/#\/schema\/logo\/image\/\",\"url\":\"https:\/\/optimiso-group.com\/wp-content\/uploads\/2018\/03\/logo-optimiso-group.png\",\"contentUrl\":\"https:\/\/optimiso-group.com\/wp-content\/uploads\/2018\/03\/logo-optimiso-group.png\",\"width\":351,\"height\":177,\"caption\":\"Optimiso Group\"},\"image\":{\"@id\":\"https:\/\/optimiso-group.com\/#\/schema\/logo\/image\/\"}}]}<\/script>\n<!-- \/ Yoast SEO plugin. -->","yoast_head_json":{"title":"Das Normen und Gesetze Modul - Optimiso Group","description":"Identifizieren Sie ganz einfach die f\u00fcr das Unternehmen geltenden Vorschriften und die Elemente, die zur Erf\u00fcllung dieser Vorschriften eingesetzt werden.","robots":{"index":"index","follow":"follow","max-snippet":"max-snippet:-1","max-image-preview":"max-image-preview:large","max-video-preview":"max-video-preview:-1"},"canonical":"https:\/\/optimiso-group.com\/de\/software\/module\/normen-und-gesetze\/","og_locale":"de_DE","og_type":"article","og_title":"Das Normen und Gesetze Modul - Optimiso Group","og_description":"Identifizieren Sie ganz einfach die f\u00fcr das Unternehmen geltenden Vorschriften und die Elemente, die zur Erf\u00fcllung dieser Vorschriften eingesetzt werden.","og_url":"https:\/\/optimiso-group.com\/de\/software\/module\/normen-und-gesetze\/","og_site_name":"Optimiso Group","article_modified_time":"2024-01-24T08:50:32+00:00","twitter_card":"summary_large_image","twitter_misc":{"Gesch\u00e4tzte Lesezeit":"1\u00a0Minute"},"schema":{"@context":"https:\/\/schema.org","@graph":[{"@type":"WebPage","@id":"https:\/\/optimiso-group.com\/de\/software\/module\/normen-und-gesetze\/","url":"https:\/\/optimiso-group.com\/de\/software\/module\/normen-und-gesetze\/","name":"Das Normen und Gesetze Modul - Optimiso Group","isPartOf":{"@id":"https:\/\/optimiso-group.com\/#website"},"datePublished":"2018-02-19T13:01:43+00:00","dateModified":"2024-01-24T08:50:32+00:00","description":"Identifizieren Sie ganz einfach die f\u00fcr das Unternehmen geltenden Vorschriften und die Elemente, die zur Erf\u00fcllung dieser Vorschriften eingesetzt werden.","breadcrumb":{"@id":"https:\/\/optimiso-group.com\/de\/software\/module\/normen-und-gesetze\/#breadcrumb"},"inLanguage":"de","potentialAction":[{"@type":"ReadAction","target":["https:\/\/optimiso-group.com\/de\/software\/module\/normen-und-gesetze\/"]}]},{"@type":"BreadcrumbList","@id":"https:\/\/optimiso-group.com\/de\/software\/module\/normen-und-gesetze\/#breadcrumb","itemListElement":[{"@type":"ListItem","position":1,"name":"Startseite","item":"https:\/\/optimiso-group.com\/de\/"},{"@type":"ListItem","position":2,"name":"Software","item":"https:\/\/optimiso-group.com\/de\/software\/"},{"@type":"ListItem","position":3,"name":"Module","item":"https:\/\/optimiso-group.com\/de\/software\/module\/"},{"@type":"ListItem","position":4,"name":"Normen und Gesetze"}]},{"@type":"WebSite","@id":"https:\/\/optimiso-group.com\/#website","url":"https:\/\/optimiso-group.com\/","name":"Optimiso Group","description":"Optimiso Software macht Ihre regulatorischen Einschr\u00e4nkungen zu echten Vorteilen. Entdecken Sie unsere einfachen und n\u00fctzlichen L\u00f6sungen f\u00fcr Ihre Projekte in den Bereichen interne Organisation, ISO-Zertifizierung, interne Kontrolle und Risikomanagement.","publisher":{"@id":"https:\/\/optimiso-group.com\/#organization"},"potentialAction":[{"@type":"SearchAction","target":{"@type":"EntryPoint","urlTemplate":"https:\/\/optimiso-group.com\/?s={search_term_string}"},"query-input":{"@type":"PropertyValueSpecification","valueRequired":true,"valueName":"search_term_string"}}],"inLanguage":"de"},{"@type":"Organization","@id":"https:\/\/optimiso-group.com\/#organization","name":"Optimiso Group","url":"https:\/\/optimiso-group.com\/","logo":{"@type":"ImageObject","inLanguage":"de","@id":"https:\/\/optimiso-group.com\/#\/schema\/logo\/image\/","url":"https:\/\/optimiso-group.com\/wp-content\/uploads\/2018\/03\/logo-optimiso-group.png","contentUrl":"https:\/\/optimiso-group.com\/wp-content\/uploads\/2018\/03\/logo-optimiso-group.png","width":351,"height":177,"caption":"Optimiso Group"},"image":{"@id":"https:\/\/optimiso-group.com\/#\/schema\/logo\/image\/"}}]}},"_links":{"self":[{"href":"https:\/\/optimiso-group.com\/de\/wp-json\/wp\/v2\/pages\/7141","targetHints":{"allow":["GET"]}}],"collection":[{"href":"https:\/\/optimiso-group.com\/de\/wp-json\/wp\/v2\/pages"}],"about":[{"href":"https:\/\/optimiso-group.com\/de\/wp-json\/wp\/v2\/types\/page"}],"author":[{"embeddable":true,"href":"https:\/\/optimiso-group.com\/de\/wp-json\/wp\/v2\/users\/1"}],"replies":[{"embeddable":true,"href":"https:\/\/optimiso-group.com\/de\/wp-json\/wp\/v2\/comments?post=7141"}],"version-history":[{"count":0,"href":"https:\/\/optimiso-group.com\/de\/wp-json\/wp\/v2\/pages\/7141\/revisions"}],"up":[{"embeddable":true,"href":"https:\/\/optimiso-group.com\/de\/wp-json\/wp\/v2\/pages\/7131"}],"wp:attachment":[{"href":"https:\/\/optimiso-group.com\/de\/wp-json\/wp\/v2\/media?parent=7141"}],"curies":[{"name":"wp","href":"https:\/\/api.w.org\/{rel}","templated":true}]}}