{"id":7200,"date":"2018-03-20T19:30:17","date_gmt":"2018-03-20T18:30:17","guid":{"rendered":"https:\/\/optimiso-group.com\/kunden\/services-professionnels\/"},"modified":"2018-05-09T16:31:54","modified_gmt":"2018-05-09T14:31:54","slug":"dienstleistungen","status":"publish","type":"page","link":"https:\/\/optimiso-group.com\/de\/kunden\/dienstleistungen\/","title":{"rendered":"Dienstleistungen"},"content":{"rendered":"<p>[et_pb_section bb_built=&#8220;1&#8243; _builder_version=&#8220;3.0.47&#8243; custom_padding=&#8220;100px|0px|0px|0px&#8220; next_background_color=&#8220;#f4f4f4&#8243;][et_pb_row custom_padding=&#8220;0px|0px|33.1875px|0px&#8220; _builder_version=&#8220;3.0.47&#8243; background_size=&#8220;initial&#8220; background_position=&#8220;top_left&#8220; background_repeat=&#8220;repeat&#8220;][et_pb_column type=&#8220;4_4&#8243;][et_pb_text _builder_version=&#8220;3.0.106&#8243; background_layout=&#8220;light&#8220;]<\/p>\n<p>Sie sind eine Kommunikationsagentur, ein Geb\u00e4udeservice-Unternehmen, ein Unternehmen im Bereich Maschinenbau, eine Beratungsagentur oder eine Anwaltskanzlei oder \u2026 Kurzum, Sie m\u00fcssen Ihr Wachstum sicherstellen, indem Sie die Zufriedenheit Ihrer Kunden und damit eine einwandfreie Servicequalit\u00e4t gew\u00e4hrleisten, unabh\u00e4ngig von der Person, die dieses Ziel umsetzt.<\/p>\n<p>Die Zertifizierungen nach <a href=\"https:\/\/optimiso-group.com\/de\/zertifizierungen\/iso-9001-zertifizierung\/\">ISO 9001<\/a> und <a href=\"https:\/\/optimiso-group.com\/de\/zertifizierungen\/iso-14001-zertifizierung\/\">ISO 14001<\/a> erlauben es Ihnen vielfach, Ihre <em>best practices<\/em> in Bezug auf Qualit\u00e4t und Umweltfreundlichkeit unter Beweis zu stellen. Je nach Branche gelten jedoch weitere Besonderheiten, wie z.B. CMS III f\u00fcr das Qualit\u00e4tsmanagement von Kommunikationsagenturen.<\/p>\n<p>Um die Servicequalit\u00e4t zu gew\u00e4hrleisten und die schnelle Integration neuer Mitarbeiter im Falle ihres Ausscheidens zu gew\u00e4hrleisten, sollten Sie Ihre <a href=\"https:\/\/optimiso-group.com\/de\/software\/interne-organisation\/prozessmanagement\/\">Prozesse<\/a>, Ihr Know-how und die\u00a0<a href=\"https:\/\/optimiso-group.com\/de\/interne-organisation\/stellenbeschreibungen\/\">Stellenbeschreibungen<\/a> Ihres Unternehmens formalisieren.<\/p>\n<p>&nbsp;<\/p>\n<p>[\/et_pb_text][\/et_pb_column][\/et_pb_row][\/et_pb_section][et_pb_section bb_built=&#8220;1&#8243; _builder_version=&#8220;3.0.93&#8243; custom_padding=&#8220;0px|0px|0px|0px&#8220; background_color=&#8220;#f4f4f4&#8243; prev_background_color=&#8220;#ffffff&#8220; next_background_color=&#8220;#ffffff&#8220;][et_pb_row custom_margin=&#8220;||20px|&#8220; _builder_version=&#8220;3.0.93&#8243; background_size=&#8220;initial&#8220; background_position=&#8220;top_left&#8220; background_repeat=&#8220;repeat&#8220; custom_padding=&#8220;50px|0px|50px|0px&#8220;][et_pb_column type=&#8220;4_4&#8243;][et_pb_text _builder_version=&#8220;3.0.106&#8243; background_layout=&#8220;light&#8220;]<\/p>\n<h2 style=\"text-align: center;\">Unsere Referenzen im Bereich Dienstleistungen?<br \/>\nTreten Sie mit\u00a0uns in Kontakt<\/h2>\n<p>[\/et_pb_text][et_pb_button button_url=&#8220;https:\/\/optimiso-group.com\/de\/Kontakt\/&#8220; button_text=&#8220;Schaltfl\u00e4che Kontakt&#8220; button_alignment=&#8220;center&#8220; _builder_version=&#8220;3.0.106&#8243; custom_padding=&#8220;15px|25px|15px|25px&#8220; custom_button=&#8220;on&#8220; button_text_size=&#8220;16&#8243; button_text_color=&#8220;#ffffff&#8220; button_bg_color=&#8220;#02b1e6&#8243; button_border_width=&#8220;0&#8243; button_border_radius=&#8220;0&#8243; button_use_icon=&#8220;off&#8220; button_text_color_hover=&#8220;#ffffff&#8220; button_bg_color_hover=&#8220;#0ac4fd&#8220; button_border_radius_hover=&#8220;0&#8243; saved_tabs=&#8220;all&#8220; url_new_window=&#8220;off&#8220; background_layout=&#8220;light&#8220; button_icon_placement=&#8220;right&#8220;]<\/p>\n<p>&nbsp;<\/p>\n<p>[\/et_pb_button][\/et_pb_column][\/et_pb_row][\/et_pb_section][et_pb_section bb_built=&#8220;1&#8243; _builder_version=&#8220;3.0.47&#8243; custom_padding=&#8220;0px|0px|100px|0px&#8220; prev_background_color=&#8220;#f4f4f4&#8243;][et_pb_row custom_padding=&#8220;0px|0px|0px|0px&#8220; _builder_version=&#8220;3.0.47&#8243; background_size=&#8220;initial&#8220; background_position=&#8220;top_left&#8220; background_repeat=&#8220;repeat&#8220;][et_pb_column type=&#8220;3_4&#8243;][et_pb_text _builder_version=&#8220;3.0.93&#8243; background_layout=&#8220;light&#8220;]<\/p>\n<h2><strong>Profitieren Sie von einem Qualit\u00e4tssicherungssystem oder einer internen Dokumentation, von denen jeder Mitarbeiter profitiert<\/strong><\/h2>\n<p>Mit der Optimiso-Software k\u00f6nnen Sie Ihr Qualit\u00e4tssicherungssystem oder Ihre interne Dokumentation einfach verwalten. Mit ihr erreichen Sie folgendes:<\/p>\n<ul>\n<li>Sicherstellung einer gleichbleibenden Servicequalit\u00e4t<\/li>\n<li>Nutzung einer soliden Basis von Unternehmenswissen und Know-how.<\/li>\n<li>Die einfache Motivation und Nachverfolgung von Vorf\u00e4llen oder Vorschl\u00e4gen f\u00fcr Verbesserungen<\/li>\n<li>Einfacher Nachweis \u00fcber die Einhaltung der gesetzlichen Vorschriften, denen Sie bei Audits unterliegen.<\/li>\n<\/ul>\n<p>[\/et_pb_text][\/et_pb_column][et_pb_column type=&#8220;1_4&#8243;][\/et_pb_column][\/et_pb_row][\/et_pb_section]<\/p>\n","protected":false},"excerpt":{"rendered":"<p>Sie sind eine Kommunikationsagentur, ein&#8230;<\/p>\n","protected":false},"author":1,"featured_media":0,"parent":7180,"menu_order":132,"comment_status":"closed","ping_status":"closed","template":"template-divi.php","meta":{"_acf_changed":false,"_et_pb_use_builder":"on","_et_pb_old_content":"","_et_gb_content_width":"","_mo_disable_npp":"","footnotes":""},"class_list":["post-7200","page","type-page","status-publish","hentry"],"acf":[],"yoast_head":"<!-- This site is optimized with the Yoast SEO plugin v24.5 - https:\/\/yoast.com\/wordpress\/plugins\/seo\/ -->\n<title>L\u00f6sungen f\u00fcr professionelle Dienstleistungen | Optimiso Group<\/title>\n<meta name=\"description\" content=\"Sie m\u00fcssen Ihr Wachstum sichern, indem Sie die Zufriedenheit Ihrer Kunden und damit eine einwandfreie Servicequalit\u00e4t garantieren, unabh\u00e4ngig von der Person, die sie ausf\u00fchrt. Optimiso Group bietet L\u00f6sungen, die speziell auf Ihr T\u00e4tigkeitsfeld zugeschnitten sind.\" \/>\n<meta name=\"robots\" content=\"index, follow, max-snippet:-1, max-image-preview:large, max-video-preview:-1\" \/>\n<link rel=\"canonical\" href=\"https:\/\/optimiso-group.com\/de\/kunden\/dienstleistungen\/\" \/>\n<meta property=\"og:locale\" content=\"de_DE\" \/>\n<meta property=\"og:type\" content=\"article\" \/>\n<meta property=\"og:title\" content=\"L\u00f6sungen f\u00fcr professionelle Dienstleistungen | Optimiso Group\" \/>\n<meta property=\"og:description\" content=\"Sie m\u00fcssen Ihr Wachstum sichern, indem Sie die Zufriedenheit Ihrer Kunden und damit eine einwandfreie Servicequalit\u00e4t garantieren, unabh\u00e4ngig von der Person, die sie ausf\u00fchrt. Optimiso Group bietet L\u00f6sungen, die speziell auf Ihr T\u00e4tigkeitsfeld zugeschnitten sind.\" \/>\n<meta property=\"og:url\" content=\"https:\/\/optimiso-group.com\/de\/kunden\/dienstleistungen\/\" \/>\n<meta property=\"og:site_name\" content=\"Optimiso Group\" \/>\n<meta property=\"article:modified_time\" content=\"2018-05-09T14:31:54+00:00\" \/>\n<meta name=\"twitter:card\" content=\"summary_large_image\" \/>\n<meta name=\"twitter:label1\" content=\"Gesch\u00e4tzte Lesezeit\" \/>\n\t<meta name=\"twitter:data1\" content=\"3\u00a0Minuten\" \/>\n<script type=\"application\/ld+json\" class=\"yoast-schema-graph\">{\"@context\":\"https:\/\/schema.org\",\"@graph\":[{\"@type\":\"WebPage\",\"@id\":\"https:\/\/optimiso-group.com\/de\/kunden\/dienstleistungen\/\",\"url\":\"https:\/\/optimiso-group.com\/de\/kunden\/dienstleistungen\/\",\"name\":\"L\u00f6sungen f\u00fcr professionelle Dienstleistungen | Optimiso Group\",\"isPartOf\":{\"@id\":\"https:\/\/optimiso-group.com\/#website\"},\"datePublished\":\"2018-03-20T18:30:17+00:00\",\"dateModified\":\"2018-05-09T14:31:54+00:00\",\"description\":\"Sie m\u00fcssen Ihr Wachstum sichern, indem Sie die Zufriedenheit Ihrer Kunden und damit eine einwandfreie Servicequalit\u00e4t garantieren, unabh\u00e4ngig von der Person, die sie ausf\u00fchrt. Optimiso Group bietet L\u00f6sungen, die speziell auf Ihr T\u00e4tigkeitsfeld zugeschnitten sind.\",\"breadcrumb\":{\"@id\":\"https:\/\/optimiso-group.com\/de\/kunden\/dienstleistungen\/#breadcrumb\"},\"inLanguage\":\"de\",\"potentialAction\":[{\"@type\":\"ReadAction\",\"target\":[\"https:\/\/optimiso-group.com\/de\/kunden\/dienstleistungen\/\"]}]},{\"@type\":\"BreadcrumbList\",\"@id\":\"https:\/\/optimiso-group.com\/de\/kunden\/dienstleistungen\/#breadcrumb\",\"itemListElement\":[{\"@type\":\"ListItem\",\"position\":1,\"name\":\"Startseite\",\"item\":\"https:\/\/optimiso-group.com\/de\/\"},{\"@type\":\"ListItem\",\"position\":2,\"name\":\"Kunden\",\"item\":\"https:\/\/optimiso-group.com\/de\/kunden\/\"},{\"@type\":\"ListItem\",\"position\":3,\"name\":\"Dienstleistungen\"}]},{\"@type\":\"WebSite\",\"@id\":\"https:\/\/optimiso-group.com\/#website\",\"url\":\"https:\/\/optimiso-group.com\/\",\"name\":\"Optimiso Group\",\"description\":\"Optimiso Software macht Ihre regulatorischen Einschr\u00e4nkungen zu echten Vorteilen. Entdecken Sie unsere einfachen und n\u00fctzlichen L\u00f6sungen f\u00fcr Ihre Projekte in den Bereichen interne Organisation, ISO-Zertifizierung, interne Kontrolle und Risikomanagement.\",\"publisher\":{\"@id\":\"https:\/\/optimiso-group.com\/#organization\"},\"potentialAction\":[{\"@type\":\"SearchAction\",\"target\":{\"@type\":\"EntryPoint\",\"urlTemplate\":\"https:\/\/optimiso-group.com\/?s={search_term_string}\"},\"query-input\":{\"@type\":\"PropertyValueSpecification\",\"valueRequired\":true,\"valueName\":\"search_term_string\"}}],\"inLanguage\":\"de\"},{\"@type\":\"Organization\",\"@id\":\"https:\/\/optimiso-group.com\/#organization\",\"name\":\"Optimiso Group\",\"url\":\"https:\/\/optimiso-group.com\/\",\"logo\":{\"@type\":\"ImageObject\",\"inLanguage\":\"de\",\"@id\":\"https:\/\/optimiso-group.com\/#\/schema\/logo\/image\/\",\"url\":\"https:\/\/optimiso-group.com\/wp-content\/uploads\/2018\/03\/logo-optimiso-group.png\",\"contentUrl\":\"https:\/\/optimiso-group.com\/wp-content\/uploads\/2018\/03\/logo-optimiso-group.png\",\"width\":351,\"height\":177,\"caption\":\"Optimiso Group\"},\"image\":{\"@id\":\"https:\/\/optimiso-group.com\/#\/schema\/logo\/image\/\"}}]}<\/script>\n<!-- \/ Yoast SEO plugin. -->","yoast_head_json":{"title":"L\u00f6sungen f\u00fcr professionelle Dienstleistungen | Optimiso Group","description":"Sie m\u00fcssen Ihr Wachstum sichern, indem Sie die Zufriedenheit Ihrer Kunden und damit eine einwandfreie Servicequalit\u00e4t garantieren, unabh\u00e4ngig von der Person, die sie ausf\u00fchrt. Optimiso Group bietet L\u00f6sungen, die speziell auf Ihr T\u00e4tigkeitsfeld zugeschnitten sind.","robots":{"index":"index","follow":"follow","max-snippet":"max-snippet:-1","max-image-preview":"max-image-preview:large","max-video-preview":"max-video-preview:-1"},"canonical":"https:\/\/optimiso-group.com\/de\/kunden\/dienstleistungen\/","og_locale":"de_DE","og_type":"article","og_title":"L\u00f6sungen f\u00fcr professionelle Dienstleistungen | Optimiso Group","og_description":"Sie m\u00fcssen Ihr Wachstum sichern, indem Sie die Zufriedenheit Ihrer Kunden und damit eine einwandfreie Servicequalit\u00e4t garantieren, unabh\u00e4ngig von der Person, die sie ausf\u00fchrt. Optimiso Group bietet L\u00f6sungen, die speziell auf Ihr T\u00e4tigkeitsfeld zugeschnitten sind.","og_url":"https:\/\/optimiso-group.com\/de\/kunden\/dienstleistungen\/","og_site_name":"Optimiso Group","article_modified_time":"2018-05-09T14:31:54+00:00","twitter_card":"summary_large_image","twitter_misc":{"Gesch\u00e4tzte Lesezeit":"3\u00a0Minuten"},"schema":{"@context":"https:\/\/schema.org","@graph":[{"@type":"WebPage","@id":"https:\/\/optimiso-group.com\/de\/kunden\/dienstleistungen\/","url":"https:\/\/optimiso-group.com\/de\/kunden\/dienstleistungen\/","name":"L\u00f6sungen f\u00fcr professionelle Dienstleistungen | Optimiso Group","isPartOf":{"@id":"https:\/\/optimiso-group.com\/#website"},"datePublished":"2018-03-20T18:30:17+00:00","dateModified":"2018-05-09T14:31:54+00:00","description":"Sie m\u00fcssen Ihr Wachstum sichern, indem Sie die Zufriedenheit Ihrer Kunden und damit eine einwandfreie Servicequalit\u00e4t garantieren, unabh\u00e4ngig von der Person, die sie ausf\u00fchrt. Optimiso Group bietet L\u00f6sungen, die speziell auf Ihr T\u00e4tigkeitsfeld zugeschnitten sind.","breadcrumb":{"@id":"https:\/\/optimiso-group.com\/de\/kunden\/dienstleistungen\/#breadcrumb"},"inLanguage":"de","potentialAction":[{"@type":"ReadAction","target":["https:\/\/optimiso-group.com\/de\/kunden\/dienstleistungen\/"]}]},{"@type":"BreadcrumbList","@id":"https:\/\/optimiso-group.com\/de\/kunden\/dienstleistungen\/#breadcrumb","itemListElement":[{"@type":"ListItem","position":1,"name":"Startseite","item":"https:\/\/optimiso-group.com\/de\/"},{"@type":"ListItem","position":2,"name":"Kunden","item":"https:\/\/optimiso-group.com\/de\/kunden\/"},{"@type":"ListItem","position":3,"name":"Dienstleistungen"}]},{"@type":"WebSite","@id":"https:\/\/optimiso-group.com\/#website","url":"https:\/\/optimiso-group.com\/","name":"Optimiso Group","description":"Optimiso Software macht Ihre regulatorischen Einschr\u00e4nkungen zu echten Vorteilen. Entdecken Sie unsere einfachen und n\u00fctzlichen L\u00f6sungen f\u00fcr Ihre Projekte in den Bereichen interne Organisation, ISO-Zertifizierung, interne Kontrolle und Risikomanagement.","publisher":{"@id":"https:\/\/optimiso-group.com\/#organization"},"potentialAction":[{"@type":"SearchAction","target":{"@type":"EntryPoint","urlTemplate":"https:\/\/optimiso-group.com\/?s={search_term_string}"},"query-input":{"@type":"PropertyValueSpecification","valueRequired":true,"valueName":"search_term_string"}}],"inLanguage":"de"},{"@type":"Organization","@id":"https:\/\/optimiso-group.com\/#organization","name":"Optimiso Group","url":"https:\/\/optimiso-group.com\/","logo":{"@type":"ImageObject","inLanguage":"de","@id":"https:\/\/optimiso-group.com\/#\/schema\/logo\/image\/","url":"https:\/\/optimiso-group.com\/wp-content\/uploads\/2018\/03\/logo-optimiso-group.png","contentUrl":"https:\/\/optimiso-group.com\/wp-content\/uploads\/2018\/03\/logo-optimiso-group.png","width":351,"height":177,"caption":"Optimiso Group"},"image":{"@id":"https:\/\/optimiso-group.com\/#\/schema\/logo\/image\/"}}]}},"_links":{"self":[{"href":"https:\/\/optimiso-group.com\/de\/wp-json\/wp\/v2\/pages\/7200","targetHints":{"allow":["GET"]}}],"collection":[{"href":"https:\/\/optimiso-group.com\/de\/wp-json\/wp\/v2\/pages"}],"about":[{"href":"https:\/\/optimiso-group.com\/de\/wp-json\/wp\/v2\/types\/page"}],"author":[{"embeddable":true,"href":"https:\/\/optimiso-group.com\/de\/wp-json\/wp\/v2\/users\/1"}],"replies":[{"embeddable":true,"href":"https:\/\/optimiso-group.com\/de\/wp-json\/wp\/v2\/comments?post=7200"}],"version-history":[{"count":0,"href":"https:\/\/optimiso-group.com\/de\/wp-json\/wp\/v2\/pages\/7200\/revisions"}],"up":[{"embeddable":true,"href":"https:\/\/optimiso-group.com\/de\/wp-json\/wp\/v2\/pages\/7180"}],"wp:attachment":[{"href":"https:\/\/optimiso-group.com\/de\/wp-json\/wp\/v2\/media?parent=7200"}],"curies":[{"name":"wp","href":"https:\/\/api.w.org\/{rel}","templated":true}]}}