{"id":7474,"date":"2018-03-23T12:52:00","date_gmt":"2018-03-23T11:52:00","guid":{"rendered":"https:\/\/optimiso-group.com\/?page_id=7474"},"modified":"2021-09-28T16:43:46","modified_gmt":"2021-09-28T14:43:46","slug":"videos","status":"publish","type":"page","link":"https:\/\/optimiso-group.com\/de\/videos\/","title":{"rendered":"Vid\u00e9os"},"content":{"rendered":"<p>[et_pb_section fb_built=&#8220;1&#8243; _builder_version=&#8220;3.22.3&#8243; custom_padding=&#8220;100px|0px|0px|0px&#8220; global_colors_info=&#8220;{}&#8220;][et_pb_row _builder_version=&#8220;4.10.6&#8243; _module_preset=&#8220;default&#8220; global_colors_info=&#8220;{}&#8220;][et_pb_column type=&#8220;4_4&#8243; _builder_version=&#8220;4.10.6&#8243; _module_preset=&#8220;default&#8220; global_colors_info=&#8220;{}&#8220;][et_pb_text _builder_version=&#8220;4.10.6&#8243; _module_preset=&#8220;default&#8220; global_colors_info=&#8220;{}&#8220;]<\/p>\n<h1 style=\"text-align: center;\">Entdecken Sie die Optimiso Software Suite im Video!<\/h1>\n<p>[\/et_pb_text][\/et_pb_column][\/et_pb_row][et_pb_row column_structure=&#8220;2_3,1_3&#8243; _builder_version=&#8220;3.25&#8243; background_size=&#8220;initial&#8220; background_position=&#8220;top_left&#8220; background_repeat=&#8220;repeat&#8220; custom_padding=&#8220;0px|0px|33.1875px|0px&#8220; global_colors_info=&#8220;{}&#8220;][et_pb_column type=&#8220;2_3&#8243; _builder_version=&#8220;3.25&#8243; custom_padding=&#8220;|||&#8220; global_colors_info=&#8220;{}&#8220; custom_padding__hover=&#8220;|||&#8220;][et_pb_code admin_label=&#8220;Code Vid\u00e9o Certifications ISO&#8220; _builder_version=&#8220;4.10.6&#8243; global_colors_info=&#8220;{}&#8220;]<iframe loading=\"lazy\" src=\"https:\/\/player.vimeo.com\/video\/353752885\" width=\"640\" height=\"360\" frameborder=\"0\" webkitallowfullscreen mozallowfullscreen allowfullscreen><\/iframe>[\/et_pb_code][\/et_pb_column][et_pb_column type=&#8220;1_3&#8243; _builder_version=&#8220;3.25&#8243; custom_padding=&#8220;|||&#8220; global_colors_info=&#8220;{}&#8220; custom_padding__hover=&#8220;|||&#8220;][et_pb_divider divider_weight=&#8220;0px&#8220; _builder_version=&#8220;4.10.6&#8243; _module_preset=&#8220;default&#8220; global_colors_info=&#8220;{}&#8220;][\/et_pb_divider][et_pb_text admin_label=&#8220;Titre Certifications ISO&#8220; _builder_version=&#8220;4.10.6&#8243; custom_margin=&#8220;-20px||-10px|&#8220; global_colors_info=&#8220;{}&#8220;]<\/p>\n<h2>Ihre ISO-Zertifizierungen in drei Klicks !<\/h2>\n<p>[\/et_pb_text][et_pb_text admin_label=&#8220;Texte Certifications ISO&#8220; _builder_version=&#8220;4.10.6&#8243; link_text_color=&#8220;#05c3fd&#8220; global_colors_info=&#8220;{}&#8220;]<\/p>\n<p>Die Software erf\u00fcllt flexibel die anspruchsvollsten Anforderungen der\u00a0<a href=\"https:\/\/optimiso-group.com\/de\/logiciel\/zertifizierungen\/\">ISO-Zertifizierungen<\/a>.<\/p>\n<p>Die Software besteht aus unabh\u00e4ngigen und integrierten Modulen, um den spezifischen Anspr\u00fcchen jeder Institution gerecht zu werden.<\/p>\n<p>[\/et_pb_text][\/et_pb_column][\/et_pb_row][et_pb_row column_structure=&#8220;2_3,1_3&#8243; _builder_version=&#8220;3.25&#8243; background_size=&#8220;initial&#8220; background_position=&#8220;top_left&#8220; background_repeat=&#8220;repeat&#8220; custom_padding=&#8220;0px|0px|33.1875px|0px&#8220; global_colors_info=&#8220;{}&#8220;][et_pb_column type=&#8220;2_3&#8243; _builder_version=&#8220;3.25&#8243; custom_padding=&#8220;|||&#8220; global_colors_info=&#8220;{}&#8220; custom_padding__hover=&#8220;|||&#8220;][et_pb_code admin_label=&#8220;Code Vid\u00e9o SCI&#8220; _builder_version=&#8220;4.10.6&#8243; global_colors_info=&#8220;{}&#8220;]<iframe loading=\"lazy\" src=\"https:\/\/player.vimeo.com\/video\/353753144\" width=\"640\" height=\"360\" frameborder=\"0\" webkitallowfullscreen mozallowfullscreen allowfullscreen><\/iframe>[\/et_pb_code][\/et_pb_column][et_pb_column type=&#8220;1_3&#8243; _builder_version=&#8220;3.25&#8243; custom_padding=&#8220;|||&#8220; global_colors_info=&#8220;{}&#8220; custom_padding__hover=&#8220;|||&#8220;][et_pb_divider divider_weight=&#8220;0px&#8220; _builder_version=&#8220;4.10.6&#8243; _module_preset=&#8220;default&#8220; global_colors_info=&#8220;{}&#8220;][\/et_pb_divider][et_pb_text admin_label=&#8220;Titre SCI&#8220; _builder_version=&#8220;4.10.6&#8243; custom_margin=&#8220;-20px||-10px|&#8220; global_colors_info=&#8220;{}&#8220;]<\/p>\n<h2>Die Softwarel\u00f6sung f\u00fcr Ihr internes Kontrollsystem und Risikomanagment !<\/h2>\n<p>[\/et_pb_text][et_pb_text admin_label=&#8220;Texte SCI&#8220; _builder_version=&#8220;4.10.6&#8243; link_text_color=&#8220;#05c3fd&#8220; global_colors_info=&#8220;{}&#8220;]<\/p>\n<p>Schlie\u00dflich ein\u00a0<a href=\"https:\/\/optimiso-group.com\/de\/logiciel\/interne-kontrollen\/\">internes Kontrollsystem (IKS)<\/a>\u00a0und\u00a0<a href=\"https:\/\/optimiso-group.com\/de\/logiciel\/risikomanagement\/\">Risikomanagement<\/a>, das f\u00fcr das Unternehmen und seine Mitarbeiter von Nutzen ist.<\/p>\n<p>[\/et_pb_text][\/et_pb_column][\/et_pb_row][et_pb_row column_structure=&#8220;2_3,1_3&#8243; _builder_version=&#8220;3.25&#8243; background_size=&#8220;initial&#8220; background_position=&#8220;top_left&#8220; background_repeat=&#8220;repeat&#8220; custom_padding=&#8220;0px|0px|33.1875px|0px&#8220; global_colors_info=&#8220;{}&#8220;][et_pb_column type=&#8220;2_3&#8243; _builder_version=&#8220;3.25&#8243; custom_padding=&#8220;|||&#8220; global_colors_info=&#8220;{}&#8220; custom_padding__hover=&#8220;|||&#8220;][et_pb_code admin_label=&#8220;Code Vid\u00e9o Orga interne&#8220; _builder_version=&#8220;4.10.6&#8243; global_colors_info=&#8220;{}&#8220;]<iframe loading=\"lazy\" width=\"560\" height=\"315\" src=\"https:\/\/player.vimeo.com\/video\/353753051\" frameborder=\"0\" allow=\"accelerometer; autoplay; encrypted-media; gyroscope; picture-in-picture\" allowfullscreen><\/iframe>[\/et_pb_code][\/et_pb_column][et_pb_column type=&#8220;1_3&#8243; _builder_version=&#8220;3.25&#8243; custom_padding=&#8220;|||&#8220; global_colors_info=&#8220;{}&#8220; custom_padding__hover=&#8220;|||&#8220;][et_pb_divider divider_weight=&#8220;0px&#8220; _builder_version=&#8220;4.10.6&#8243; _module_preset=&#8220;default&#8220; global_colors_info=&#8220;{}&#8220;][\/et_pb_divider][et_pb_text admin_label=&#8220;Titre Orga interne&#8220; _builder_version=&#8220;4.10.6&#8243; custom_margin=&#8220;-20px||-10px|&#8220; global_colors_info=&#8220;{}&#8220;]<\/p>\n<h2>Ihre interne und HR Organisation in drei Klicks !<\/h2>\n<p>[\/et_pb_text][et_pb_text admin_label=&#8220;Texte Orga interne&#8220; _builder_version=&#8220;4.10.6&#8243; link_text_color=&#8220;#05c3fd&#8220; global_colors_info=&#8220;{}&#8220;]<\/p>\n<p>Unabh\u00e4ngig von Ihrer Gesch\u00e4ftst\u00e4tigkeit bildet die\u00a0<a href=\"https:\/\/optimiso-group.com\/de\/logiciel\/interne-organisation\/\">interne Organisation<\/a>\u00a0die Grundlage f\u00fcr das reibungslose Funktionieren Ihres Unternehmens.<\/p>\n<p>[\/et_pb_text][\/et_pb_column][\/et_pb_row][et_pb_row _builder_version=&#8220;3.25&#8243; background_size=&#8220;initial&#8220; background_position=&#8220;top_left&#8220; background_repeat=&#8220;repeat&#8220; global_colors_info=&#8220;{}&#8220;][et_pb_column type=&#8220;4_4&#8243; _builder_version=&#8220;3.25&#8243; custom_padding=&#8220;|||&#8220; global_colors_info=&#8220;{}&#8220; custom_padding__hover=&#8220;|||&#8220;][et_pb_divider show_divider=&#8220;off&#8220; _builder_version=&#8220;3.2&#8243; global_colors_info=&#8220;{}&#8220;][\/et_pb_divider][\/et_pb_column][\/et_pb_row][\/et_pb_section]<\/p>\n","protected":false},"excerpt":{"rendered":"<p>Entdecken Sie die Optimiso Software Suite im Video!&#8230;<\/p>\n","protected":false},"author":2,"featured_media":0,"parent":0,"menu_order":53,"comment_status":"closed","ping_status":"closed","template":"template-divi.php","meta":{"_acf_changed":false,"_et_pb_use_builder":"on","_et_pb_old_content":"<p>[et_pb_section bb_built=\"1\" _builder_version=\"3.0.47\" custom_padding=\"100px|0px|0px|0px\"][et_pb_row custom_padding=\"0px|0px|33.1875px|0px\" _builder_version=\"3.0.93\" background_size=\"initial\" background_position=\"top_left\" background_repeat=\"repeat\"][et_pb_column type=\"2_3\"][et_pb_code admin_label=\"Code Vid\u00e9o Certifications ISO\" _builder_version=\"3.19.12\"]<iframe src=\"https:\/\/player.vimeo.com\/video\/313791428\" width=\"640\" height=\"360\" frameborder=\"0\" allowfullscreen=\"allowfullscreen\"><\/iframe>[\/et_pb_code][\/et_pb_column][et_pb_column type=\"1_3\"][et_pb_text admin_label=\"Titre Certifications ISO\" _builder_version=\"3.19.4\" custom_margin=\"-20px||-10px|\"]<\/p><h2>La solution logicielle pour vos certifications ISO !<\/h2><p>[\/et_pb_text][et_pb_text admin_label=\"Texte Certifications ISO\" _builder_version=\"3.19.4\" link_text_color=\"#05c3fd\"]<\/p><p>Facilitez la gestion de vos certifications ISO gr\u00e2ce aux modules d'Optimiso Suite qui sont \u00e0 la fois ind\u00e9pendants, int\u00e9gr\u00e9s et modulables.\u00a0<\/p><p>[\/et_pb_text][\/et_pb_column][\/et_pb_row][et_pb_row][et_pb_column type=\"4_4\"][et_pb_divider _builder_version=\"3.0.93\" color=\"#ffffff\" show_divider=\"off\" \/][et_pb_divider admin_label=\"S\u00e9parateur - trait ombr\u00e9\" _builder_version=\"3.0.93\" show_divider=\"on\" height=\"15px\" max_width=\"55%\" box_shadow_style=\"preset3\" box_shadow_vertical=\"-6px\" box_shadow_blur=\"10px\" module_alignment=\"center\" color=\"#ffffff\" \/][et_pb_divider _builder_version=\"3.0.93\" color=\"#ffffff\" show_divider=\"off\" \/][\/et_pb_column][\/et_pb_row][et_pb_row custom_padding=\"0px|0px|33.1875px|0px\" _builder_version=\"3.0.93\" background_size=\"initial\" background_position=\"top_left\" background_repeat=\"repeat\"][et_pb_column type=\"2_3\"][et_pb_code admin_label=\"Code Vid\u00e9o SCI\" _builder_version=\"3.21.1\"]<iframe src=\"https:\/\/player.vimeo.com\/video\/318381959\" width=\"640\" height=\"360\" frameborder=\"0\" allowfullscreen=\"allowfullscreen\"><\/iframe>[\/et_pb_code][\/et_pb_column][et_pb_column type=\"1_3\"][et_pb_text admin_label=\"Titre SCI\" _builder_version=\"3.19.4\" background_layout=\"light\" custom_margin=\"-20px||-10px|\"]<\/p><h2>La solution logicielle pour votre syst\u00e8me de contr\u00f4le interne!<\/h2><p>[\/et_pb_text][et_pb_text admin_label=\"Texte SCI\" _builder_version=\"3.19.4\" background_layout=\"light\" link_text_color=\"#05c3fd\"]<\/p><p>Enfin un <a href=\"https:\/\/optimiso-group.com\/logiciel\/controle-interne\/systeme-de-controle-interne\/\">syst\u00e8me de contr\u00f4le interne<\/a> (SCI) utile \u00e0 l'entreprise et aux collaborateurs.<\/p><p>[\/et_pb_text][\/et_pb_column][\/et_pb_row][et_pb_row _builder_version=\"3.19.12\"][et_pb_column type=\"4_4\"][et_pb_divider _builder_version=\"3.0.93\" color=\"#ffffff\" show_divider=\"off\" \/][et_pb_divider admin_label=\"S\u00e9parateur - trait ombr\u00e9\" _builder_version=\"3.0.93\" show_divider=\"on\" height=\"15px\" max_width=\"55%\" box_shadow_style=\"preset3\" box_shadow_vertical=\"-6px\" box_shadow_blur=\"10px\" module_alignment=\"center\" color=\"#ffffff\" \/][et_pb_divider _builder_version=\"3.0.93\" color=\"#ffffff\" show_divider=\"off\" \/][\/et_pb_column][\/et_pb_row][et_pb_row custom_padding=\"0px|0px|33.1875px|0px\" _builder_version=\"3.0.93\" background_size=\"initial\" background_position=\"top_left\" background_repeat=\"repeat\"][et_pb_column type=\"2_3\"][et_pb_code admin_label=\"Code Vid\u00e9o Orga interne\" _builder_version=\"3.11.1\"]<a name=\"organisation-interne\"><\/a><!-- [et_pb_line_break_holder] --><iframe src=\"https:\/\/www.youtube.com\/embed\/IDh06nkmXn4?rel=0&showinfo=0\" width=\"560\" height=\"325\" frameborder=\"0\" allowfullscreen=\"allowfullscreen\"><\/iframe>[\/et_pb_code][\/et_pb_column][et_pb_column type=\"1_3\"][et_pb_text admin_label=\"Titre Orga interne\" _builder_version=\"3.11.1\" custom_margin=\"-20px||-10px|\"]<\/p><h2>La solution logicielle pour l'organisation interne<\/h2><p>[\/et_pb_text][et_pb_text admin_label=\"Texte Orga interne\" _builder_version=\"3.19.4\" link_text_color=\"#05c3fd\"]<\/p><p>G\u00e9rer et communiquer plus facilement votre <a href=\"https:\/\/optimiso-group.com\/logiciel\/organisation-interne\/\/\">organisation interne<\/a> - processus, fiches de poste, organigramme, comp\u00e9tences... - avec Optimiso Suite.<\/p><p>[\/et_pb_text][\/et_pb_column][\/et_pb_row][et_pb_row][et_pb_column type=\"4_4\"][et_pb_divider _builder_version=\"3.0.93\" color=\"#ffffff\" show_divider=\"off\" \/][\/et_pb_column][\/et_pb_row][\/et_pb_section]<\/p>","_et_gb_content_width":"","_mo_disable_npp":"","footnotes":""},"class_list":["post-7474","page","type-page","status-publish","hentry"],"acf":[],"yoast_head":"<!-- This site is optimized with the Yoast SEO plugin v24.5 - https:\/\/yoast.com\/wordpress\/plugins\/seo\/ -->\n<title>Entdecken Sie die Optimiso Software Suite im Video!<\/title>\n<meta name=\"description\" content=\"Sehen Sie sich diese wenigen Videos an, um die Optimiso Suite zu entdecken: interne Kontrolle, Risikomanagement, ISO-Zertifizierungen ...\" \/>\n<meta name=\"robots\" content=\"index, follow, max-snippet:-1, max-image-preview:large, max-video-preview:-1\" \/>\n<link rel=\"canonical\" href=\"https:\/\/optimiso-group.com\/de\/videos\/\" \/>\n<meta property=\"og:locale\" content=\"de_DE\" \/>\n<meta property=\"og:type\" content=\"article\" \/>\n<meta property=\"og:title\" content=\"Entdecken Sie die Optimiso Software Suite im Video!\" \/>\n<meta property=\"og:description\" content=\"Sehen Sie sich diese wenigen Videos an, um die Optimiso Suite zu entdecken: interne Kontrolle, Risikomanagement, ISO-Zertifizierungen ...\" \/>\n<meta property=\"og:url\" content=\"https:\/\/optimiso-group.com\/de\/videos\/\" \/>\n<meta property=\"og:site_name\" content=\"Optimiso Group\" \/>\n<meta property=\"article:modified_time\" content=\"2021-09-28T14:43:46+00:00\" \/>\n<meta name=\"twitter:card\" content=\"summary_large_image\" \/>\n<meta name=\"twitter:label1\" content=\"Gesch\u00e4tzte Lesezeit\" \/>\n\t<meta name=\"twitter:data1\" content=\"3\u00a0Minuten\" \/>\n<script type=\"application\/ld+json\" class=\"yoast-schema-graph\">{\"@context\":\"https:\/\/schema.org\",\"@graph\":[{\"@type\":\"WebPage\",\"@id\":\"https:\/\/optimiso-group.com\/de\/videos\/\",\"url\":\"https:\/\/optimiso-group.com\/de\/videos\/\",\"name\":\"Entdecken Sie die Optimiso Software Suite im Video!\",\"isPartOf\":{\"@id\":\"https:\/\/optimiso-group.com\/#website\"},\"datePublished\":\"2018-03-23T11:52:00+00:00\",\"dateModified\":\"2021-09-28T14:43:46+00:00\",\"description\":\"Sehen Sie sich diese wenigen Videos an, um die Optimiso Suite zu entdecken: interne Kontrolle, Risikomanagement, ISO-Zertifizierungen ...\",\"breadcrumb\":{\"@id\":\"https:\/\/optimiso-group.com\/de\/videos\/#breadcrumb\"},\"inLanguage\":\"de\",\"potentialAction\":[{\"@type\":\"ReadAction\",\"target\":[\"https:\/\/optimiso-group.com\/de\/videos\/\"]}]},{\"@type\":\"BreadcrumbList\",\"@id\":\"https:\/\/optimiso-group.com\/de\/videos\/#breadcrumb\",\"itemListElement\":[{\"@type\":\"ListItem\",\"position\":1,\"name\":\"Startseite\",\"item\":\"https:\/\/optimiso-group.com\/de\/\"},{\"@type\":\"ListItem\",\"position\":2,\"name\":\"Vid\u00e9os\"}]},{\"@type\":\"WebSite\",\"@id\":\"https:\/\/optimiso-group.com\/#website\",\"url\":\"https:\/\/optimiso-group.com\/\",\"name\":\"Optimiso Group\",\"description\":\"Optimiso Software macht Ihre regulatorischen Einschr\u00e4nkungen zu echten Vorteilen. Entdecken Sie unsere einfachen und n\u00fctzlichen L\u00f6sungen f\u00fcr Ihre Projekte in den Bereichen interne Organisation, ISO-Zertifizierung, interne Kontrolle und Risikomanagement.\",\"publisher\":{\"@id\":\"https:\/\/optimiso-group.com\/#organization\"},\"potentialAction\":[{\"@type\":\"SearchAction\",\"target\":{\"@type\":\"EntryPoint\",\"urlTemplate\":\"https:\/\/optimiso-group.com\/?s={search_term_string}\"},\"query-input\":{\"@type\":\"PropertyValueSpecification\",\"valueRequired\":true,\"valueName\":\"search_term_string\"}}],\"inLanguage\":\"de\"},{\"@type\":\"Organization\",\"@id\":\"https:\/\/optimiso-group.com\/#organization\",\"name\":\"Optimiso Group\",\"url\":\"https:\/\/optimiso-group.com\/\",\"logo\":{\"@type\":\"ImageObject\",\"inLanguage\":\"de\",\"@id\":\"https:\/\/optimiso-group.com\/#\/schema\/logo\/image\/\",\"url\":\"https:\/\/optimiso-group.com\/wp-content\/uploads\/2018\/03\/logo-optimiso-group.png\",\"contentUrl\":\"https:\/\/optimiso-group.com\/wp-content\/uploads\/2018\/03\/logo-optimiso-group.png\",\"width\":351,\"height\":177,\"caption\":\"Optimiso Group\"},\"image\":{\"@id\":\"https:\/\/optimiso-group.com\/#\/schema\/logo\/image\/\"}}]}<\/script>\n<!-- \/ Yoast SEO plugin. -->","yoast_head_json":{"title":"Entdecken Sie die Optimiso Software Suite im Video!","description":"Sehen Sie sich diese wenigen Videos an, um die Optimiso Suite zu entdecken: interne Kontrolle, Risikomanagement, ISO-Zertifizierungen ...","robots":{"index":"index","follow":"follow","max-snippet":"max-snippet:-1","max-image-preview":"max-image-preview:large","max-video-preview":"max-video-preview:-1"},"canonical":"https:\/\/optimiso-group.com\/de\/videos\/","og_locale":"de_DE","og_type":"article","og_title":"Entdecken Sie die Optimiso Software Suite im Video!","og_description":"Sehen Sie sich diese wenigen Videos an, um die Optimiso Suite zu entdecken: interne Kontrolle, Risikomanagement, ISO-Zertifizierungen ...","og_url":"https:\/\/optimiso-group.com\/de\/videos\/","og_site_name":"Optimiso Group","article_modified_time":"2021-09-28T14:43:46+00:00","twitter_card":"summary_large_image","twitter_misc":{"Gesch\u00e4tzte Lesezeit":"3\u00a0Minuten"},"schema":{"@context":"https:\/\/schema.org","@graph":[{"@type":"WebPage","@id":"https:\/\/optimiso-group.com\/de\/videos\/","url":"https:\/\/optimiso-group.com\/de\/videos\/","name":"Entdecken Sie die Optimiso Software Suite im Video!","isPartOf":{"@id":"https:\/\/optimiso-group.com\/#website"},"datePublished":"2018-03-23T11:52:00+00:00","dateModified":"2021-09-28T14:43:46+00:00","description":"Sehen Sie sich diese wenigen Videos an, um die Optimiso Suite zu entdecken: interne Kontrolle, Risikomanagement, ISO-Zertifizierungen ...","breadcrumb":{"@id":"https:\/\/optimiso-group.com\/de\/videos\/#breadcrumb"},"inLanguage":"de","potentialAction":[{"@type":"ReadAction","target":["https:\/\/optimiso-group.com\/de\/videos\/"]}]},{"@type":"BreadcrumbList","@id":"https:\/\/optimiso-group.com\/de\/videos\/#breadcrumb","itemListElement":[{"@type":"ListItem","position":1,"name":"Startseite","item":"https:\/\/optimiso-group.com\/de\/"},{"@type":"ListItem","position":2,"name":"Vid\u00e9os"}]},{"@type":"WebSite","@id":"https:\/\/optimiso-group.com\/#website","url":"https:\/\/optimiso-group.com\/","name":"Optimiso Group","description":"Optimiso Software macht Ihre regulatorischen Einschr\u00e4nkungen zu echten Vorteilen. Entdecken Sie unsere einfachen und n\u00fctzlichen L\u00f6sungen f\u00fcr Ihre Projekte in den Bereichen interne Organisation, ISO-Zertifizierung, interne Kontrolle und Risikomanagement.","publisher":{"@id":"https:\/\/optimiso-group.com\/#organization"},"potentialAction":[{"@type":"SearchAction","target":{"@type":"EntryPoint","urlTemplate":"https:\/\/optimiso-group.com\/?s={search_term_string}"},"query-input":{"@type":"PropertyValueSpecification","valueRequired":true,"valueName":"search_term_string"}}],"inLanguage":"de"},{"@type":"Organization","@id":"https:\/\/optimiso-group.com\/#organization","name":"Optimiso Group","url":"https:\/\/optimiso-group.com\/","logo":{"@type":"ImageObject","inLanguage":"de","@id":"https:\/\/optimiso-group.com\/#\/schema\/logo\/image\/","url":"https:\/\/optimiso-group.com\/wp-content\/uploads\/2018\/03\/logo-optimiso-group.png","contentUrl":"https:\/\/optimiso-group.com\/wp-content\/uploads\/2018\/03\/logo-optimiso-group.png","width":351,"height":177,"caption":"Optimiso Group"},"image":{"@id":"https:\/\/optimiso-group.com\/#\/schema\/logo\/image\/"}}]}},"_links":{"self":[{"href":"https:\/\/optimiso-group.com\/de\/wp-json\/wp\/v2\/pages\/7474","targetHints":{"allow":["GET"]}}],"collection":[{"href":"https:\/\/optimiso-group.com\/de\/wp-json\/wp\/v2\/pages"}],"about":[{"href":"https:\/\/optimiso-group.com\/de\/wp-json\/wp\/v2\/types\/page"}],"author":[{"embeddable":true,"href":"https:\/\/optimiso-group.com\/de\/wp-json\/wp\/v2\/users\/2"}],"replies":[{"embeddable":true,"href":"https:\/\/optimiso-group.com\/de\/wp-json\/wp\/v2\/comments?post=7474"}],"version-history":[{"count":0,"href":"https:\/\/optimiso-group.com\/de\/wp-json\/wp\/v2\/pages\/7474\/revisions"}],"wp:attachment":[{"href":"https:\/\/optimiso-group.com\/de\/wp-json\/wp\/v2\/media?parent=7474"}],"curies":[{"name":"wp","href":"https:\/\/api.w.org\/{rel}","templated":true}]}}