{"id":8636,"date":"2018-01-08T16:16:10","date_gmt":"2018-01-08T15:16:10","guid":{"rendered":"https:\/\/optimiso-group.com\/mentions-legales\/"},"modified":"2025-09-17T15:27:34","modified_gmt":"2025-09-17T13:27:34","slug":"impressum","status":"publish","type":"page","link":"https:\/\/optimiso-group.com\/de\/impressum\/","title":{"rendered":"Impressum"},"content":{"rendered":"<p>[et_pb_section fb_built=&#8220;1&#8243; _builder_version=&#8220;4.16&#8243; global_colors_info=&#8220;{}&#8220;][et_pb_row _builder_version=&#8220;4.27.0&#8243; _module_preset=&#8220;default&#8220; global_colors_info=&#8220;{}&#8220;][et_pb_column type=&#8220;4_4&#8243; _builder_version=&#8220;4.27.0&#8243; _module_preset=&#8220;default&#8220; global_colors_info=&#8220;{}&#8220;][et_pb_text _builder_version=&#8220;4.27.0&#8243; _module_preset=&#8220;default&#8220; global_colors_info=&#8220;{}&#8220;]<\/p>\n<h1 style=\"text-align: center;\">Impressum<\/h1>\n<div id=\"gtx-trans\" style=\"position: absolute; left: 60px; top: 0px;\">\n<div class=\"gtx-trans-icon\">\u00a0<\/div>\n<\/div>\n<p>[\/et_pb_text][\/et_pb_column][\/et_pb_row][et_pb_row _builder_version=&#8220;4.16&#8243; background_size=&#8220;initial&#8220; background_position=&#8220;top_left&#8220; background_repeat=&#8220;repeat&#8220; global_colors_info=&#8220;{}&#8220;][et_pb_column type=&#8220;4_4&#8243; _builder_version=&#8220;4.16&#8243; custom_padding=&#8220;|||&#8220; global_colors_info=&#8220;{}&#8220; custom_padding__hover=&#8220;|||&#8220;][et_pb_accordion _builder_version=&#8220;4.27.4&#8243; hover_enabled=&#8220;0&#8243; global_colors_info=&#8220;{}&#8220; sticky_enabled=&#8220;0&#8243;][et_pb_accordion_item title=&#8220;Allgemeine Informationen&#8220; open=&#8220;on&#8220; _builder_version=&#8220;4.21.0&#8243; global_colors_info=&#8220;{}&#8220;]<\/p>\n<div class=\"accordion-tab active\">\n<div class=\"accordion-content\">\n<p>Diese Webseite wird von der Firma Optimiso Group SA herausgegeben, mit Hauptsitz in Chemin J-B Vandelle 8, 1290 Versoix | Genf, telefonisch erreichbar unter der Nr. +41 (0)22 755 21 27 oder per E-Mail an info@optimiso-group.com<\/p>\n<p>Entwurf und Webdesign: Firma troisdeuxun S\u00e0rl &#8211; www.troisdeuxun.ch.<\/p>\n<p>Technische Angaben zum Hosting der Webseite optimiso-group.com:<br \/>INFOMANIAK<br \/>Avenue de la Praille 26<br \/>1227 Carouge | Genf<br \/>0844 55 11 55<\/p>\n<\/div>\n<\/div>\n<div class=\"accordion-tab\">\u00a0<\/div>\n<p>[\/et_pb_accordion_item][et_pb_accordion_item title=&#8220;Nutzungsbedingungen&#8220; _builder_version=&#8220;4.21.0&#8243; global_colors_info=&#8220;{}&#8220; open=&#8220;off&#8220;]<\/p>\n<p>Wenn Sie diese Webseite nutzen, gilt dies als Zurkenntnisnahme und Einwilligung zu unseren nachstehend aufgef\u00fchrten Nutzungsbedingungen.<\/p>\n<p>Die Optimiso Group SA bem\u00fcht sich, die Genauigkeit und Aktualit\u00e4t der \u00fcber diese Webseite verbreiteten Informationen bestm\u00f6glich zu gew\u00e4hrleisten; sie beh\u00e4lt sich vor, deren Inhalt jederzeit ohne Vorank\u00fcndigung zu \u00e4ndern.<\/p>\n<p>Die Optimiso Group SA \u00fcbernimmt jedoch keinerlei Garantie f\u00fcr die Richtigkeit, Genauigkeit oder Vollst\u00e4ndigkeit der auf dieser Webseite bereitgestellten Informationen.<\/p>\n<p>Daher lehnt Optimiso Group SA jede Haftung ab f\u00fcr:<\/p>\n<ul>\n<li>St\u00f6rungen beim Zugriff auf die Webseite oder das Auftreten von Bugs;<\/li>\n<li>Ungenauigkeiten oder Auslassungen in den auf der Webseite ver\u00f6ffentlichten Informationen;<\/li>\n<li>Sch\u00e4den, die auf einen betr\u00fcgerischen Zugriff durch Dritte zur\u00fcckzuf\u00fchren sind, der zu einer \u00c4nderung der auf der Webseite bereitgestellten.<\/li>\n<\/ul>\n<p>Informationen f\u00fchrte. Die Optimiso Group SA haftet in keinem Fall f\u00fcr direkte oder indirekte Sch\u00e4den, die auf die Nutzung ihrer Webseite zur\u00fcckzuf\u00fchren sind.<\/p>\n<p>Die Inhaber der Webseite erlauben aussenstehenden Personen, auf ihrer Webseite einen Link zur Webseite optimiso-group.com zu setzen, vorausgesetzt, die Webseite verst\u00f6sst nicht gegen geltende gesetzliche Bestimmungen.<\/p>\n<p>[\/et_pb_accordion_item][et_pb_accordion_item title=&#8220;Urheberrechte&#8220; _builder_version=&#8220;4.27.4&#8243; hover_enabled=&#8220;0&#8243; global_colors_info=&#8220;{}&#8220; open=&#8220;off&#8220; sticky_enabled=&#8220;0&#8243;]<\/p>\n<p>Durch den Zugriff auf die Webseite optimiso-group.com erhalten Sie durch die vorliegende Genehmigung ein nicht ausschliessliches Recht zur privaten, nicht gemeinschaftlichen Nutzung.<\/p>\n<p>Jede Art der Ver\u00f6ffentlichung im Netz und Weiterverbreitung ist untersagt. Das Recht zur Reproduktion ist lediglich auf die Darstellung auf einem Einzelplatz-Monitor beschr\u00e4nkt und bezieht sich nur auf eine private Nutzung Ihrerseits.<\/p>\n<p>Wenn Sie diese Webseite kommerziell nutzen m\u00f6chten, m\u00fcssen Sie dazu eine ausdr\u00fcckliche Genehmigung von uns anfordern.<br \/>Senden Sie uns zu diesem Zweck eine E-Mail an die folgende Adresse: info@optimiso-group.com.<\/p>\n<p>Die Texte, Bilder, Fotos, die Gestaltung und die Animationen (die vollst\u00e4ndige Webseite opimiso-group.com) sind urheberrechtlich gesch\u00fctzt und Eigentum der Inhaber der Webseite.<\/p>\n<p>Jegliche (auch teilweise) Reproduktion der Seiten (dies betrifft die vollst\u00e4ndige Webseite optimiso-group.com) auf einem Datentr\u00e4ger oder irgendeinem sonstigen Tr\u00e4ger bedarf der Zustimmung durch die Inhaber.<\/p>\n<p>Ohne unsere ausdr\u00fcckliche vorherige Zustimmung ist keine Bezugnahme auf bzw. vollst\u00e4ndige oder teilweise Aufnahme irgendeines Elements unserer Webseite oder unserer Kataloge zul\u00e4ssig; bei Verst\u00f6ssen werden wir Sie wegen betr\u00fcgerischer Nachahmung zur Verantwortung ziehen.<\/p>\n<p>[\/et_pb_accordion_item][\/et_pb_accordion][\/et_pb_column][\/et_pb_row][\/et_pb_section]<\/p>\n","protected":false},"excerpt":{"rendered":"<p>Impressum \u00a0 Allgemeine Informationen Diese Webseite&#8230;<\/p>\n","protected":false},"author":1,"featured_media":0,"parent":0,"menu_order":266,"comment_status":"closed","ping_status":"closed","template":"template-divi.php","meta":{"_acf_changed":false,"_et_pb_use_builder":"on","_et_pb_old_content":"","_et_gb_content_width":"","_mo_disable_npp":"","footnotes":""},"class_list":["post-8636","page","type-page","status-publish","hentry"],"acf":[],"yoast_head":"<!-- This site is optimized with the Yoast SEO plugin v24.5 - https:\/\/yoast.com\/wordpress\/plugins\/seo\/ -->\n<title>Impressum - Optimiso Group<\/title>\n<meta name=\"description\" content=\"Entdecken und \u00fcberpr\u00fcfen Sie sich bitte die aktuellen rechtlichen Hinweise und Gesch\u00e4ftsbedingungen der Optimiso Group an.\" \/>\n<meta name=\"robots\" content=\"index, follow, max-snippet:-1, max-image-preview:large, max-video-preview:-1\" \/>\n<link rel=\"canonical\" href=\"https:\/\/optimiso-group.com\/de\/impressum\/\" \/>\n<meta property=\"og:locale\" content=\"de_DE\" \/>\n<meta property=\"og:type\" content=\"article\" \/>\n<meta property=\"og:title\" content=\"Impressum - Optimiso Group\" \/>\n<meta property=\"og:description\" content=\"Entdecken und \u00fcberpr\u00fcfen Sie sich bitte die aktuellen rechtlichen Hinweise und Gesch\u00e4ftsbedingungen der Optimiso Group an.\" \/>\n<meta property=\"og:url\" content=\"https:\/\/optimiso-group.com\/de\/impressum\/\" \/>\n<meta property=\"og:site_name\" content=\"Optimiso Group\" \/>\n<meta property=\"article:modified_time\" content=\"2025-09-17T13:27:34+00:00\" \/>\n<meta name=\"twitter:card\" content=\"summary_large_image\" \/>\n<meta name=\"twitter:label1\" content=\"Gesch\u00e4tzte Lesezeit\" \/>\n\t<meta name=\"twitter:data1\" content=\"3\u00a0Minuten\" \/>\n<script type=\"application\/ld+json\" class=\"yoast-schema-graph\">{\"@context\":\"https:\/\/schema.org\",\"@graph\":[{\"@type\":\"WebPage\",\"@id\":\"https:\/\/optimiso-group.com\/de\/impressum\/\",\"url\":\"https:\/\/optimiso-group.com\/de\/impressum\/\",\"name\":\"Impressum - Optimiso Group\",\"isPartOf\":{\"@id\":\"https:\/\/optimiso-group.com\/#website\"},\"datePublished\":\"2018-01-08T15:16:10+00:00\",\"dateModified\":\"2025-09-17T13:27:34+00:00\",\"description\":\"Entdecken und \u00fcberpr\u00fcfen Sie sich bitte die aktuellen rechtlichen Hinweise und Gesch\u00e4ftsbedingungen der Optimiso Group an.\",\"breadcrumb\":{\"@id\":\"https:\/\/optimiso-group.com\/de\/impressum\/#breadcrumb\"},\"inLanguage\":\"de\",\"potentialAction\":[{\"@type\":\"ReadAction\",\"target\":[\"https:\/\/optimiso-group.com\/de\/impressum\/\"]}]},{\"@type\":\"BreadcrumbList\",\"@id\":\"https:\/\/optimiso-group.com\/de\/impressum\/#breadcrumb\",\"itemListElement\":[{\"@type\":\"ListItem\",\"position\":1,\"name\":\"Startseite\",\"item\":\"https:\/\/optimiso-group.com\/de\/\"},{\"@type\":\"ListItem\",\"position\":2,\"name\":\"Impressum\"}]},{\"@type\":\"WebSite\",\"@id\":\"https:\/\/optimiso-group.com\/#website\",\"url\":\"https:\/\/optimiso-group.com\/\",\"name\":\"Optimiso Group\",\"description\":\"Optimiso Software macht Ihre regulatorischen Einschr\u00e4nkungen zu echten Vorteilen. Entdecken Sie unsere einfachen und n\u00fctzlichen L\u00f6sungen f\u00fcr Ihre Projekte in den Bereichen interne Organisation, ISO-Zertifizierung, interne Kontrolle und Risikomanagement.\",\"publisher\":{\"@id\":\"https:\/\/optimiso-group.com\/#organization\"},\"potentialAction\":[{\"@type\":\"SearchAction\",\"target\":{\"@type\":\"EntryPoint\",\"urlTemplate\":\"https:\/\/optimiso-group.com\/?s={search_term_string}\"},\"query-input\":{\"@type\":\"PropertyValueSpecification\",\"valueRequired\":true,\"valueName\":\"search_term_string\"}}],\"inLanguage\":\"de\"},{\"@type\":\"Organization\",\"@id\":\"https:\/\/optimiso-group.com\/#organization\",\"name\":\"Optimiso Group\",\"url\":\"https:\/\/optimiso-group.com\/\",\"logo\":{\"@type\":\"ImageObject\",\"inLanguage\":\"de\",\"@id\":\"https:\/\/optimiso-group.com\/#\/schema\/logo\/image\/\",\"url\":\"https:\/\/optimiso-group.com\/wp-content\/uploads\/2018\/03\/logo-optimiso-group.png\",\"contentUrl\":\"https:\/\/optimiso-group.com\/wp-content\/uploads\/2018\/03\/logo-optimiso-group.png\",\"width\":351,\"height\":177,\"caption\":\"Optimiso Group\"},\"image\":{\"@id\":\"https:\/\/optimiso-group.com\/#\/schema\/logo\/image\/\"}}]}<\/script>\n<!-- \/ Yoast SEO plugin. -->","yoast_head_json":{"title":"Impressum - Optimiso Group","description":"Entdecken und \u00fcberpr\u00fcfen Sie sich bitte die aktuellen rechtlichen Hinweise und Gesch\u00e4ftsbedingungen der Optimiso Group an.","robots":{"index":"index","follow":"follow","max-snippet":"max-snippet:-1","max-image-preview":"max-image-preview:large","max-video-preview":"max-video-preview:-1"},"canonical":"https:\/\/optimiso-group.com\/de\/impressum\/","og_locale":"de_DE","og_type":"article","og_title":"Impressum - Optimiso Group","og_description":"Entdecken und \u00fcberpr\u00fcfen Sie sich bitte die aktuellen rechtlichen Hinweise und Gesch\u00e4ftsbedingungen der Optimiso Group an.","og_url":"https:\/\/optimiso-group.com\/de\/impressum\/","og_site_name":"Optimiso Group","article_modified_time":"2025-09-17T13:27:34+00:00","twitter_card":"summary_large_image","twitter_misc":{"Gesch\u00e4tzte Lesezeit":"3\u00a0Minuten"},"schema":{"@context":"https:\/\/schema.org","@graph":[{"@type":"WebPage","@id":"https:\/\/optimiso-group.com\/de\/impressum\/","url":"https:\/\/optimiso-group.com\/de\/impressum\/","name":"Impressum - Optimiso Group","isPartOf":{"@id":"https:\/\/optimiso-group.com\/#website"},"datePublished":"2018-01-08T15:16:10+00:00","dateModified":"2025-09-17T13:27:34+00:00","description":"Entdecken und \u00fcberpr\u00fcfen Sie sich bitte die aktuellen rechtlichen Hinweise und Gesch\u00e4ftsbedingungen der Optimiso Group an.","breadcrumb":{"@id":"https:\/\/optimiso-group.com\/de\/impressum\/#breadcrumb"},"inLanguage":"de","potentialAction":[{"@type":"ReadAction","target":["https:\/\/optimiso-group.com\/de\/impressum\/"]}]},{"@type":"BreadcrumbList","@id":"https:\/\/optimiso-group.com\/de\/impressum\/#breadcrumb","itemListElement":[{"@type":"ListItem","position":1,"name":"Startseite","item":"https:\/\/optimiso-group.com\/de\/"},{"@type":"ListItem","position":2,"name":"Impressum"}]},{"@type":"WebSite","@id":"https:\/\/optimiso-group.com\/#website","url":"https:\/\/optimiso-group.com\/","name":"Optimiso Group","description":"Optimiso Software macht Ihre regulatorischen Einschr\u00e4nkungen zu echten Vorteilen. Entdecken Sie unsere einfachen und n\u00fctzlichen L\u00f6sungen f\u00fcr Ihre Projekte in den Bereichen interne Organisation, ISO-Zertifizierung, interne Kontrolle und Risikomanagement.","publisher":{"@id":"https:\/\/optimiso-group.com\/#organization"},"potentialAction":[{"@type":"SearchAction","target":{"@type":"EntryPoint","urlTemplate":"https:\/\/optimiso-group.com\/?s={search_term_string}"},"query-input":{"@type":"PropertyValueSpecification","valueRequired":true,"valueName":"search_term_string"}}],"inLanguage":"de"},{"@type":"Organization","@id":"https:\/\/optimiso-group.com\/#organization","name":"Optimiso Group","url":"https:\/\/optimiso-group.com\/","logo":{"@type":"ImageObject","inLanguage":"de","@id":"https:\/\/optimiso-group.com\/#\/schema\/logo\/image\/","url":"https:\/\/optimiso-group.com\/wp-content\/uploads\/2018\/03\/logo-optimiso-group.png","contentUrl":"https:\/\/optimiso-group.com\/wp-content\/uploads\/2018\/03\/logo-optimiso-group.png","width":351,"height":177,"caption":"Optimiso Group"},"image":{"@id":"https:\/\/optimiso-group.com\/#\/schema\/logo\/image\/"}}]}},"_links":{"self":[{"href":"https:\/\/optimiso-group.com\/de\/wp-json\/wp\/v2\/pages\/8636","targetHints":{"allow":["GET"]}}],"collection":[{"href":"https:\/\/optimiso-group.com\/de\/wp-json\/wp\/v2\/pages"}],"about":[{"href":"https:\/\/optimiso-group.com\/de\/wp-json\/wp\/v2\/types\/page"}],"author":[{"embeddable":true,"href":"https:\/\/optimiso-group.com\/de\/wp-json\/wp\/v2\/users\/1"}],"replies":[{"embeddable":true,"href":"https:\/\/optimiso-group.com\/de\/wp-json\/wp\/v2\/comments?post=8636"}],"version-history":[{"count":3,"href":"https:\/\/optimiso-group.com\/de\/wp-json\/wp\/v2\/pages\/8636\/revisions"}],"predecessor-version":[{"id":28696,"href":"https:\/\/optimiso-group.com\/de\/wp-json\/wp\/v2\/pages\/8636\/revisions\/28696"}],"wp:attachment":[{"href":"https:\/\/optimiso-group.com\/de\/wp-json\/wp\/v2\/media?parent=8636"}],"curies":[{"name":"wp","href":"https:\/\/api.w.org\/{rel}","templated":true}]}}