{"id":22141,"date":"2022-12-07T14:04:14","date_gmt":"2022-12-07T13:04:14","guid":{"rendered":"https:\/\/optimiso-group.com\/customers\/building-construction\/"},"modified":"2026-01-30T11:08:32","modified_gmt":"2026-01-30T10:08:32","slug":"industry","status":"publish","type":"page","link":"https:\/\/optimiso-group.com\/en\/customers\/industry\/","title":{"rendered":"Industry"},"content":{"rendered":"<p>[et_pb_section fb_built=&#8221;1&#8243; fullwidth=&#8221;on&#8221; _builder_version=&#8221;4.16&#8243; _module_preset=&#8221;default&#8221; use_background_color_gradient=&#8221;on&#8221; background_color_gradient_direction=&#8221;105deg&#8221; global_colors_info=&#8221;{}&#8221;][et_pb_fullwidth_header title=&#8221;Industry&#8221; button_one_text=&#8221;See the benefits (2 min)&#8221; button_one_url=&#8221;https:\/\/optimiso-group.com\/en\/videos\/software-iso-certifications\/&#8221; button_two_text=&#8221;Discover the solution&#8221; button_two_url=&#8221;https:\/\/optimiso-group.com\/en\/software\/certifications\/certification-iso-9001\/&#8221; content_tablet=&#8221;&#8221; content_phone=&#8221;&#8221; content_last_edited=&#8221;on|phone&#8221; _builder_version=&#8221;4.19.0&#8243; _module_preset=&#8221;default&#8221; title_font=&#8221;Arial|700|||||||&#8221; title_font_size=&#8221;50px&#8221; content_font=&#8221;Arial|700|||||||&#8221; subhead_font=&#8221;||||||||&#8221; subhead_font_size=&#8221;25px&#8221; background_color=&#8221;#FFFFFF&#8221; use_background_color_gradient=&#8221;on&#8221; background_color_gradient_stops=&#8221;rgba(0,0,0,0.38) 0%|rgba(0,0,0,0.44) 100%&#8221; background_color_gradient_overlays_image=&#8221;on&#8221; background_color_gradient_start=&#8221;rgba(0,0,0,0.38)&#8221; background_color_gradient_end=&#8221;rgba(0,0,0,0.44)&#8221; background_image=&#8221;https:\/\/optimiso-group.com\/wp-content\/uploads\/2022\/12\/industrie.png&#8221; background_position=&#8221;top_right&#8221; custom_button_one=&#8221;on&#8221; button_one_text_color=&#8221;#FFFFFF&#8221; button_one_bg_color=&#8221;#01b1ec&#8221; button_one_border_width=&#8221;3px&#8221; button_one_border_color=&#8221;#01b1ec&#8221; button_one_border_radius=&#8221;0px&#8221; button_one_letter_spacing=&#8221;0px&#8221; button_one_use_icon=&#8221;off&#8221; custom_button_two=&#8221;on&#8221; button_two_text_color=&#8221;#FFFFFF&#8221; button_two_bg_color=&#8221;RGBA(0,0,0,0)&#8221; button_two_border_width=&#8221;3px&#8221; button_two_border_color=&#8221;#FFFFFF&#8221; button_two_border_radius=&#8221;0px&#8221; button_two_use_icon=&#8221;off&#8221; button_two_custom_margin=&#8221;|0px||0px|false|false&#8221; custom_padding=&#8221;40px||40px||false|false&#8221; custom_padding_tablet=&#8221;&#8221; custom_padding_phone=&#8221;20px||20px||false|false&#8221; custom_padding_last_edited=&#8221;on|phone&#8221; title_font_size_tablet=&#8221;&#8221; title_font_size_phone=&#8221;25px&#8221; title_font_size_last_edited=&#8221;on|desktop&#8221; subhead_text_color_tablet=&#8221;&#8221; subhead_text_color_phone=&#8221;&#8221; subhead_text_color_last_edited=&#8221;on|phone&#8221; subhead_font_size_tablet=&#8221;&#8221; subhead_font_size_phone=&#8221;20px&#8221; subhead_font_size_last_edited=&#8221;on|phone&#8221; button_one_text_size_tablet=&#8221;&#8221; button_one_text_size_phone=&#8221;16px&#8221; button_one_text_size_last_edited=&#8221;on|phone&#8221; button_two_text_size_tablet=&#8221;&#8221; button_two_text_size_phone=&#8221;16px&#8221; button_two_text_size_last_edited=&#8221;on|desktop&#8221; global_colors_info=&#8221;{}&#8221;]<\/p>\n<p>&nbsp;<\/p>\n<p>&nbsp;<\/p>\n<p>[\/et_pb_fullwidth_header][\/et_pb_section][et_pb_section fb_built=&#8221;1&#8243; _builder_version=&#8221;4.16&#8243; custom_padding=&#8221;0px|0px|0px|0px||&#8221; global_colors_info=&#8221;{}&#8221;][et_pb_row _builder_version=&#8221;4.16&#8243; _module_preset=&#8221;default&#8221; min_height=&#8221;11.9px&#8221; custom_padding=&#8221;45px|20px|20px|20px|false|false&#8221; global_colors_info=&#8221;{}&#8221;][et_pb_column type=&#8221;4_4&#8243; _builder_version=&#8221;4.16&#8243; _module_preset=&#8221;default&#8221; global_colors_info=&#8221;{}&#8221;][et_pb_text _builder_version=&#8221;4.19.0&#8243; _module_preset=&#8221;default&#8221; text_font=&#8221;Arial||||||||&#8221; text_text_color=&#8221;#000000&#8243; custom_padding=&#8221;||0px|||&#8221; global_colors_info=&#8221;{}&#8221;]<\/p>\n<h3><strong>Ensure growth while respecting regulatory constraints<\/strong><\/h3>\n<p>[\/et_pb_text][et_pb_text _builder_version=&#8221;4.24.2&#8243; _module_preset=&#8221;default&#8221; text_font=&#8221;Arial||||||||&#8221; text_text_color=&#8221;#000000&#8243; custom_padding=&#8221;||0px|||&#8221; global_colors_info=&#8221;{}&#8221;]<\/p>\n<p><span style=\"color: #555555;\">In the industry sector, you must constantly <strong>guarantee the quality<\/strong> of your products, ensure <strong>customer satisfaction<\/strong> and ensure the <strong>safety of your employees<\/strong>. Thus, you are probably certified <a href=\"https:\/\/optimiso-group.com\/en\/software\/certifications\/certification-iso-9001\/\">ISO 9001<\/a> for quality management, <a href=\"https:\/\/optimiso-group.com\/en\/software\/certifications\/certification-iso-14001\/\">ISO 14001<\/a> or B Corp for environmental management or <a href=\"https:\/\/optimiso-group.com\/en\/software\/certifications\/certification-iso-45001\/\">ISO 45001<\/a> for health and safety at work.<\/span><\/p>\n<p><span style=\"color: #555555;\">Other certifications may be required depending on the specificities of your products, such as <a href=\"https:\/\/optimiso-group.com\/en\/software\/certifications\/certification-iso-22000\/\">ISO 22000<\/a> for food, <a href=\"https:\/\/optimiso-group.com\/en\/software\/certifications\/certification-13485\/\">ISO 13485<\/a> for medical devices or <a href=\"https:\/\/www.responsiblejewellery.com\/\" target=\"_blank\" rel=\"noopener\">RJC<\/a> for watches and jewelry.<\/span><\/p>\n<p><span style=\"color: #555555;\">In addition to these requirements and in order to ensure the sustainability of your company, it is essential to describe and harmonize your work procedures. This allows you to control your activities, to reduce the costs of non-quality and to ensure the transmission of know-how. In addition, the implementation of a <a href=\"https:\/\/optimiso-group.com\/en\/software\/risk-management\/entreprise-risk-management\/\">risk management<\/a> system allows you to control the risks related to the image, strategy, operations and finances of the company.<\/span><\/p>\n<p><span style=\"color: #555555;\">In order to demonstrate compliance with these various requirements, you must:<\/span><\/p>\n<ul>\n<li><span style=\"color: #555555;\">Identify and assess risks and opportunities<\/span><\/li>\n<li><span style=\"color: #555555;\">Manage incidents and non-conformities<\/span><\/li>\n<li><span style=\"color: #555555;\">Implement a continuous improvement loop<\/span><\/li>\n<li><span style=\"color: #555555;\">Describe your internal organization (processes, work procedures, job descriptions, etc.)<\/span><\/li>\n<li><span style=\"color: #555555;\">Implement performance indicators<\/span><\/li>\n<li><span style=\"color: #555555;\">Develop reports and other legal documents for audits<\/span><\/li>\n<\/ul>\n<p>[\/et_pb_text][\/et_pb_column][\/et_pb_row][et_pb_row _builder_version=&#8221;4.16&#8243; _module_preset=&#8221;default&#8221; background_color=&#8221;#f6f6f6&#8243; min_height=&#8221;11.9px&#8221; custom_padding=&#8221;|20px|20px|20px|false|false&#8221; global_colors_info=&#8221;{}&#8221;][et_pb_column type=&#8221;4_4&#8243; _builder_version=&#8221;4.16&#8243; _module_preset=&#8221;default&#8221; global_colors_info=&#8221;{}&#8221;][et_pb_text _builder_version=&#8221;4.19.0&#8243; _module_preset=&#8221;default&#8221; text_font=&#8221;Arial||||||||&#8221; text_text_color=&#8221;#000000&#8243; custom_padding=&#8221;||0px|||&#8221; global_colors_info=&#8221;{}&#8221;]<\/p>\n<h3><strong>Facilitate the management of your QSE, Internal Organization and Risk systems<\/strong><\/h3>\n<p>[\/et_pb_text][et_pb_text _builder_version=&#8221;4.27.4&#8243; _module_preset=&#8221;default&#8221; text_font=&#8221;Arial||||||||&#8221; text_text_color=&#8221;#000000&#8243; custom_padding=&#8221;||0px|||&#8221; hover_enabled=&#8221;0&#8243; global_colors_info=&#8221;{}&#8221; sticky_enabled=&#8221;0&#8243;]<\/p>\n<p><span style=\"color: #555555;\">Make these requirements a real asset for your company. Like many industry players, opt for the Optimiso software and :<\/span><\/p>\n<ul>\n<li><span style=\"color: #555555;\">Benefit from a reliable and centralized QSE system<\/span><\/li>\n<li><span style=\"color: #555555;\">Automate the follow-up of tasks and controls<\/span><\/li>\n<li><span style=\"color: #555555;\">Improve employee involvement in quality management<\/span><\/li>\n<li><span style=\"color: #555555;\">Quickly report incidents and non-conformities<\/span><\/li>\n<li><span style=\"color: #555555;\">Easily communicate your internal documents to all employees<\/span><\/li>\n<li><span style=\"color: #555555;\">Benefit from an auditor-approved reporting and solution<\/span><\/li>\n<\/ul>\n<div id=\"gtx-trans\" style=\"position: absolute; left: 762px; top: 0px;\">\n<div class=\"gtx-trans-icon\">\u00a0<\/div>\n<\/div>\n<p>[\/et_pb_text][\/et_pb_column][\/et_pb_row][et_pb_row _builder_version=&#8221;4.16&#8243; _module_preset=&#8221;default&#8221; custom_padding=&#8221;|20px|16px|20px|false|false&#8221; global_colors_info=&#8221;{}&#8221;][et_pb_column type=&#8221;4_4&#8243; _builder_version=&#8221;4.16&#8243; _module_preset=&#8221;default&#8221; global_colors_info=&#8221;{}&#8221;][et_pb_text _builder_version=&#8221;4.19.0&#8243; _module_preset=&#8221;default&#8221; text_font=&#8221;Arial||||||||&#8221; text_text_color=&#8221;#000000&#8243; custom_margin=&#8221;9px|||||&#8221; custom_padding=&#8221;||0px|||&#8221; global_colors_info=&#8221;{}&#8221;]<\/p>\n<h3><strong>Somes references<\/strong><\/h3>\n<div id=\"gtx-trans\" style=\"position: absolute; left: -16px; top: 53.7188px;\">\n<div class=\"gtx-trans-icon\">\u00a0<\/div>\n<\/div>\n<p>[\/et_pb_text][dica_divi_carousel show_items_tablet=&#8221;4&#8243; dot_nav=&#8221;on&#8221; item_spacing=&#8221;50&#8243; advanced_effect=&#8221;1&#8243; dots_active_color=&#8221;#01b1ec&#8221; _builder_version=&#8221;4.24.2&#8243; _module_preset=&#8221;default&#8221; custom_margin=&#8221;5px|||||&#8221; custom_padding=&#8221;||0px|||&#8221; global_colors_info=&#8221;{}&#8221;][dica_divi_carouselitem button_url_new_window=&#8221;1&#8243; image=&#8221;https:\/\/optimiso-group.com\/wp-content\/uploads\/2022\/12\/lauener.png&#8221; _builder_version=&#8221;4.19.0&#8243; _module_preset=&#8221;default&#8221; link_option_url=&#8221;https:\/\/www.lauener.ch\/&#8221; link_option_url_new_window=&#8221;on&#8221; global_colors_info=&#8221;{}&#8221;][\/dica_divi_carouselitem][dica_divi_carouselitem button_url_new_window=&#8221;1&#8243; image=&#8221;https:\/\/optimiso-group.com\/wp-content\/uploads\/2022\/12\/service-equipement.png&#8221; _builder_version=&#8221;4.19.0&#8243; _module_preset=&#8221;default&#8221; link_option_url=&#8221;https:\/\/service-equipement.ch\/&#8221; link_option_url_new_window=&#8221;on&#8221; global_colors_info=&#8221;{}&#8221;][\/dica_divi_carouselitem][dica_divi_carouselitem button_url_new_window=&#8221;1&#8243; image=&#8221;https:\/\/optimiso-group.com\/wp-content\/uploads\/2022\/12\/fpsa.png&#8221; _builder_version=&#8221;4.19.0&#8243; _module_preset=&#8221;default&#8221; link_option_url=&#8221;https:\/\/www.fpsa.com\/&#8221; link_option_url_new_window=&#8221;on&#8221; global_colors_info=&#8221;{}&#8221;][\/dica_divi_carouselitem][dica_divi_carouselitem button_url_new_window=&#8221;1&#8243; image=&#8221;https:\/\/optimiso-group.com\/wp-content\/uploads\/2022\/12\/boursier-sogreg.png&#8221; _builder_version=&#8221;4.19.0&#8243; _module_preset=&#8221;default&#8221; link_option_url=&#8221;https:\/\/boursier-sogreg.com\/&#8221; link_option_url_new_window=&#8221;on&#8221; global_colors_info=&#8221;{}&#8221;][\/dica_divi_carouselitem][dica_divi_carouselitem button_url_new_window=&#8221;1&#8243; image=&#8221;https:\/\/optimiso-group.com\/wp-content\/uploads\/2024\/05\/weneos.png&#8221; _builder_version=&#8221;4.24.2&#8243; _module_preset=&#8221;default&#8221; link_option_url=&#8221;https:\/\/weneos.com\/en\/&#8221; link_option_url_new_window=&#8221;on&#8221; global_colors_info=&#8221;{}&#8221;][\/dica_divi_carouselitem][\/dica_divi_carousel][et_pb_text _builder_version=&#8221;4.19.0&#8243; _module_preset=&#8221;default&#8221; text_font=&#8221;Arial||||||||&#8221; text_text_color=&#8221;#000000&#8243; custom_padding=&#8221;||0px|||&#8221; global_colors_info=&#8221;{}&#8221;]<\/p>\n<p><span style=\"color: #555555;\">And more&#8230;<\/span><\/p>\n<div id=\"gtx-trans\" style=\"position: absolute; left: -15px; top: 0px;\">\n<div class=\"gtx-trans-icon\">\u00a0<\/div>\n<\/div>\n<p>[\/et_pb_text][\/et_pb_column][\/et_pb_row][et_pb_row _builder_version=&#8221;4.16&#8243; _module_preset=&#8221;default&#8221; min_height=&#8221;11.9px&#8221; custom_padding=&#8221;18px|20px|20px|20px|false|false&#8221; global_colors_info=&#8221;{}&#8221;][et_pb_column type=&#8221;4_4&#8243; _builder_version=&#8221;4.16&#8243; _module_preset=&#8221;default&#8221; global_colors_info=&#8221;{}&#8221;][et_pb_text _builder_version=&#8221;4.19.0&#8243; _module_preset=&#8221;default&#8221; text_font=&#8221;Arial||||||||&#8221; text_text_color=&#8221;#000000&#8243; custom_padding=&#8221;||0px|||&#8221; global_colors_info=&#8221;{}&#8221;]<\/p>\n<h3><strong>A project ?<\/strong><\/h3>\n<p><span style=\"color: #555555;\">Do you have a project related to Quality, Internal Organization or Risks?<\/span><\/p>\n<div id=\"gtx-trans\" style=\"position: absolute; left: 389px; top: 97.5156px;\">\n<div class=\"gtx-trans-icon\">\u00a0<\/div>\n<\/div>\n<p>[\/et_pb_text][et_pb_button button_url=&#8221;https:\/\/optimiso-group.com\/en\/contact\/&#8221; button_text=&#8221;Let&#8217;s talk about it !&#8221; button_alignment=&#8221;center&#8221; _builder_version=&#8221;4.19.0&#8243; custom_button=&#8221;on&#8221; button_text_size=&#8221;20px&#8221; button_text_color=&#8221;#FFFFFF&#8221; button_bg_color=&#8221;#01b1ec&#8221; button_border_width=&#8221;3px&#8221; button_border_color=&#8221;#01b1ec&#8221; button_border_radius=&#8221;0px&#8221; button_letter_spacing=&#8221;0px&#8221; button_font=&#8221;||||||||&#8221; button_use_icon=&#8221;off&#8221; background_layout=&#8221;dark&#8221; custom_margin=&#8221;|||&#8221; custom_padding=&#8221;3px|17px|3px|17px|false|false&#8221; button_text_size_tablet=&#8221;&#8221; button_text_size_phone=&#8221;16px&#8221; button_text_size_last_edited=&#8221;on|phone&#8221; button_font_tablet=&#8221;&#8221; button_font_phone=&#8221;&#8221; button_font_last_edited=&#8221;on|phone&#8221; button_letter_spacing_hover=&#8221;1px&#8221; locked=&#8221;off&#8221; global_colors_info=&#8221;{}&#8221; button_text_size__hover_enabled=&#8221;off&#8221; button_one_text_size__hover_enabled=&#8221;off&#8221; button_two_text_size__hover_enabled=&#8221;off&#8221; button_text_color__hover_enabled=&#8221;off&#8221; button_one_text_color__hover_enabled=&#8221;off&#8221; button_two_text_color__hover_enabled=&#8221;off&#8221; button_border_width__hover_enabled=&#8221;off&#8221; button_one_border_width__hover_enabled=&#8221;off&#8221; button_two_border_width__hover_enabled=&#8221;off&#8221; button_border_color__hover_enabled=&#8221;off&#8221; button_one_border_color__hover_enabled=&#8221;off&#8221; button_two_border_color__hover_enabled=&#8221;off&#8221; button_border_radius__hover_enabled=&#8221;off&#8221; button_one_border_radius__hover_enabled=&#8221;off&#8221; button_two_border_radius__hover_enabled=&#8221;off&#8221; button_letter_spacing__hover_enabled=&#8221;on|hover&#8221; button_letter_spacing__hover=&#8221;0px&#8221; button_one_letter_spacing__hover_enabled=&#8221;off&#8221; button_two_letter_spacing__hover_enabled=&#8221;off&#8221; button_bg_color__hover_enabled=&#8221;off&#8221; button_one_bg_color__hover_enabled=&#8221;off&#8221; button_two_bg_color__hover_enabled=&#8221;off&#8221;][\/et_pb_button][\/et_pb_column][\/et_pb_row][\/et_pb_section]<\/p>\n","protected":false},"excerpt":{"rendered":"<p>Industry &nbsp; &nbsp; See the benefits (2&#8230;<\/p>\n","protected":false},"author":6,"featured_media":22156,"parent":6817,"menu_order":0,"comment_status":"closed","ping_status":"closed","template":"","meta":{"_acf_changed":false,"_et_pb_use_builder":"on","_et_pb_old_content":"","_et_gb_content_width":"","_mo_disable_npp":"","footnotes":""},"class_list":["post-22141","page","type-page","status-publish","has-post-thumbnail","hentry"],"acf":[],"yoast_head":"<!-- This site is optimized with the Yoast SEO plugin v24.5 - https:\/\/yoast.com\/wordpress\/plugins\/seo\/ -->\n<title>Quality Management, Risks and Organization in the Industry Sector<\/title>\n<meta name=\"description\" content=\"Optimiso Suite allows you to ensure the quality of your services and digitalize your QSE, Risks and Organization systems.\" \/>\n<meta name=\"robots\" content=\"index, follow, max-snippet:-1, max-image-preview:large, max-video-preview:-1\" \/>\n<link rel=\"canonical\" href=\"https:\/\/optimiso-group.com\/en\/customers\/industry\/\" \/>\n<meta property=\"og:locale\" content=\"en_US\" \/>\n<meta property=\"og:type\" content=\"article\" \/>\n<meta property=\"og:title\" content=\"Quality Management, Risks and Organization in the Industry Sector\" \/>\n<meta property=\"og:description\" content=\"Optimiso Suite allows you to ensure the quality of your services and digitalize your QSE, Risks and Organization systems.\" \/>\n<meta property=\"og:url\" content=\"https:\/\/optimiso-group.com\/en\/customers\/industry\/\" \/>\n<meta property=\"og:site_name\" content=\"Optimiso Group\" \/>\n<meta property=\"article:modified_time\" content=\"2026-01-30T10:08:32+00:00\" \/>\n<meta property=\"og:image\" content=\"https:\/\/optimiso-group.com\/wp-content\/uploads\/2022\/12\/industrie.png\" \/>\n\t<meta property=\"og:image:width\" content=\"2000\" \/>\n\t<meta property=\"og:image:height\" content=\"800\" \/>\n\t<meta property=\"og:image:type\" content=\"image\/png\" \/>\n<meta name=\"twitter:card\" content=\"summary_large_image\" \/>\n<meta name=\"twitter:label1\" content=\"Est. reading time\" \/>\n\t<meta name=\"twitter:data1\" content=\"3 minutes\" \/>\n<script type=\"application\/ld+json\" class=\"yoast-schema-graph\">{\"@context\":\"https:\/\/schema.org\",\"@graph\":[{\"@type\":\"WebPage\",\"@id\":\"https:\/\/optimiso-group.com\/en\/customers\/industry\/\",\"url\":\"https:\/\/optimiso-group.com\/en\/customers\/industry\/\",\"name\":\"Quality Management, Risks and Organization in the Industry Sector\",\"isPartOf\":{\"@id\":\"https:\/\/optimiso-group.com\/#website\"},\"primaryImageOfPage\":{\"@id\":\"https:\/\/optimiso-group.com\/en\/customers\/industry\/#primaryimage\"},\"image\":{\"@id\":\"https:\/\/optimiso-group.com\/en\/customers\/industry\/#primaryimage\"},\"thumbnailUrl\":\"https:\/\/optimiso-group.com\/wp-content\/uploads\/2022\/12\/industrie.png\",\"datePublished\":\"2022-12-07T13:04:14+00:00\",\"dateModified\":\"2026-01-30T10:08:32+00:00\",\"description\":\"Optimiso Suite allows you to ensure the quality of your services and digitalize your QSE, Risks and Organization systems.\",\"breadcrumb\":{\"@id\":\"https:\/\/optimiso-group.com\/en\/customers\/industry\/#breadcrumb\"},\"inLanguage\":\"en-US\",\"potentialAction\":[{\"@type\":\"ReadAction\",\"target\":[\"https:\/\/optimiso-group.com\/en\/customers\/industry\/\"]}]},{\"@type\":\"ImageObject\",\"inLanguage\":\"en-US\",\"@id\":\"https:\/\/optimiso-group.com\/en\/customers\/industry\/#primaryimage\",\"url\":\"https:\/\/optimiso-group.com\/wp-content\/uploads\/2022\/12\/industrie.png\",\"contentUrl\":\"https:\/\/optimiso-group.com\/wp-content\/uploads\/2022\/12\/industrie.png\",\"width\":2000,\"height\":800,\"caption\":\"qualit\u00e9 s\u00e9curit\u00e9 satisfaction industrie\"},{\"@type\":\"BreadcrumbList\",\"@id\":\"https:\/\/optimiso-group.com\/en\/customers\/industry\/#breadcrumb\",\"itemListElement\":[{\"@type\":\"ListItem\",\"position\":1,\"name\":\"Home\",\"item\":\"https:\/\/optimiso-group.com\/en\/\"},{\"@type\":\"ListItem\",\"position\":2,\"name\":\"Customers\",\"item\":\"https:\/\/optimiso-group.com\/en\/customers\/\"},{\"@type\":\"ListItem\",\"position\":3,\"name\":\"Industry\"}]},{\"@type\":\"WebSite\",\"@id\":\"https:\/\/optimiso-group.com\/#website\",\"url\":\"https:\/\/optimiso-group.com\/\",\"name\":\"Optimiso Group\",\"description\":\"Optimiso software turns your regulatory constraints into real benefits. Discover our simple and useful solutions for your projects related to internal organisation, ISO certifications, internal control and risk management.\",\"publisher\":{\"@id\":\"https:\/\/optimiso-group.com\/#organization\"},\"potentialAction\":[{\"@type\":\"SearchAction\",\"target\":{\"@type\":\"EntryPoint\",\"urlTemplate\":\"https:\/\/optimiso-group.com\/?s={search_term_string}\"},\"query-input\":{\"@type\":\"PropertyValueSpecification\",\"valueRequired\":true,\"valueName\":\"search_term_string\"}}],\"inLanguage\":\"en-US\"},{\"@type\":\"Organization\",\"@id\":\"https:\/\/optimiso-group.com\/#organization\",\"name\":\"Optimiso Group\",\"url\":\"https:\/\/optimiso-group.com\/\",\"logo\":{\"@type\":\"ImageObject\",\"inLanguage\":\"en-US\",\"@id\":\"https:\/\/optimiso-group.com\/#\/schema\/logo\/image\/\",\"url\":\"https:\/\/optimiso-group.com\/wp-content\/uploads\/2018\/03\/logo-optimiso-group.png\",\"contentUrl\":\"https:\/\/optimiso-group.com\/wp-content\/uploads\/2018\/03\/logo-optimiso-group.png\",\"width\":351,\"height\":177,\"caption\":\"Optimiso Group\"},\"image\":{\"@id\":\"https:\/\/optimiso-group.com\/#\/schema\/logo\/image\/\"}}]}<\/script>\n<!-- \/ Yoast SEO plugin. -->","yoast_head_json":{"title":"Quality Management, Risks and Organization in the Industry Sector","description":"Optimiso Suite allows you to ensure the quality of your services and digitalize your QSE, Risks and Organization systems.","robots":{"index":"index","follow":"follow","max-snippet":"max-snippet:-1","max-image-preview":"max-image-preview:large","max-video-preview":"max-video-preview:-1"},"canonical":"https:\/\/optimiso-group.com\/en\/customers\/industry\/","og_locale":"en_US","og_type":"article","og_title":"Quality Management, Risks and Organization in the Industry Sector","og_description":"Optimiso Suite allows you to ensure the quality of your services and digitalize your QSE, Risks and Organization systems.","og_url":"https:\/\/optimiso-group.com\/en\/customers\/industry\/","og_site_name":"Optimiso Group","article_modified_time":"2026-01-30T10:08:32+00:00","og_image":[{"width":2000,"height":800,"url":"https:\/\/optimiso-group.com\/wp-content\/uploads\/2022\/12\/industrie.png","type":"image\/png"}],"twitter_card":"summary_large_image","twitter_misc":{"Est. reading time":"3 minutes"},"schema":{"@context":"https:\/\/schema.org","@graph":[{"@type":"WebPage","@id":"https:\/\/optimiso-group.com\/en\/customers\/industry\/","url":"https:\/\/optimiso-group.com\/en\/customers\/industry\/","name":"Quality Management, Risks and Organization in the Industry Sector","isPartOf":{"@id":"https:\/\/optimiso-group.com\/#website"},"primaryImageOfPage":{"@id":"https:\/\/optimiso-group.com\/en\/customers\/industry\/#primaryimage"},"image":{"@id":"https:\/\/optimiso-group.com\/en\/customers\/industry\/#primaryimage"},"thumbnailUrl":"https:\/\/optimiso-group.com\/wp-content\/uploads\/2022\/12\/industrie.png","datePublished":"2022-12-07T13:04:14+00:00","dateModified":"2026-01-30T10:08:32+00:00","description":"Optimiso Suite allows you to ensure the quality of your services and digitalize your QSE, Risks and Organization systems.","breadcrumb":{"@id":"https:\/\/optimiso-group.com\/en\/customers\/industry\/#breadcrumb"},"inLanguage":"en-US","potentialAction":[{"@type":"ReadAction","target":["https:\/\/optimiso-group.com\/en\/customers\/industry\/"]}]},{"@type":"ImageObject","inLanguage":"en-US","@id":"https:\/\/optimiso-group.com\/en\/customers\/industry\/#primaryimage","url":"https:\/\/optimiso-group.com\/wp-content\/uploads\/2022\/12\/industrie.png","contentUrl":"https:\/\/optimiso-group.com\/wp-content\/uploads\/2022\/12\/industrie.png","width":2000,"height":800,"caption":"qualit\u00e9 s\u00e9curit\u00e9 satisfaction industrie"},{"@type":"BreadcrumbList","@id":"https:\/\/optimiso-group.com\/en\/customers\/industry\/#breadcrumb","itemListElement":[{"@type":"ListItem","position":1,"name":"Home","item":"https:\/\/optimiso-group.com\/en\/"},{"@type":"ListItem","position":2,"name":"Customers","item":"https:\/\/optimiso-group.com\/en\/customers\/"},{"@type":"ListItem","position":3,"name":"Industry"}]},{"@type":"WebSite","@id":"https:\/\/optimiso-group.com\/#website","url":"https:\/\/optimiso-group.com\/","name":"Optimiso Group","description":"Optimiso software turns your regulatory constraints into real benefits. Discover our simple and useful solutions for your projects related to internal organisation, ISO certifications, internal control and risk management.","publisher":{"@id":"https:\/\/optimiso-group.com\/#organization"},"potentialAction":[{"@type":"SearchAction","target":{"@type":"EntryPoint","urlTemplate":"https:\/\/optimiso-group.com\/?s={search_term_string}"},"query-input":{"@type":"PropertyValueSpecification","valueRequired":true,"valueName":"search_term_string"}}],"inLanguage":"en-US"},{"@type":"Organization","@id":"https:\/\/optimiso-group.com\/#organization","name":"Optimiso Group","url":"https:\/\/optimiso-group.com\/","logo":{"@type":"ImageObject","inLanguage":"en-US","@id":"https:\/\/optimiso-group.com\/#\/schema\/logo\/image\/","url":"https:\/\/optimiso-group.com\/wp-content\/uploads\/2018\/03\/logo-optimiso-group.png","contentUrl":"https:\/\/optimiso-group.com\/wp-content\/uploads\/2018\/03\/logo-optimiso-group.png","width":351,"height":177,"caption":"Optimiso Group"},"image":{"@id":"https:\/\/optimiso-group.com\/#\/schema\/logo\/image\/"}}]}},"_links":{"self":[{"href":"https:\/\/optimiso-group.com\/en\/wp-json\/wp\/v2\/pages\/22141","targetHints":{"allow":["GET"]}}],"collection":[{"href":"https:\/\/optimiso-group.com\/en\/wp-json\/wp\/v2\/pages"}],"about":[{"href":"https:\/\/optimiso-group.com\/en\/wp-json\/wp\/v2\/types\/page"}],"author":[{"embeddable":true,"href":"https:\/\/optimiso-group.com\/en\/wp-json\/wp\/v2\/users\/6"}],"replies":[{"embeddable":true,"href":"https:\/\/optimiso-group.com\/en\/wp-json\/wp\/v2\/comments?post=22141"}],"version-history":[{"count":1,"href":"https:\/\/optimiso-group.com\/en\/wp-json\/wp\/v2\/pages\/22141\/revisions"}],"predecessor-version":[{"id":29090,"href":"https:\/\/optimiso-group.com\/en\/wp-json\/wp\/v2\/pages\/22141\/revisions\/29090"}],"up":[{"embeddable":true,"href":"https:\/\/optimiso-group.com\/en\/wp-json\/wp\/v2\/pages\/6817"}],"wp:featuredmedia":[{"embeddable":true,"href":"https:\/\/optimiso-group.com\/en\/wp-json\/wp\/v2\/media\/22156"}],"wp:attachment":[{"href":"https:\/\/optimiso-group.com\/en\/wp-json\/wp\/v2\/media?parent=22141"}],"curies":[{"name":"wp","href":"https:\/\/api.w.org\/{rel}","templated":true}]}}