{"id":22517,"date":"2023-03-17T14:52:56","date_gmt":"2023-03-17T13:52:56","guid":{"rendered":"https:\/\/optimiso-group.com\/customers\/social\/"},"modified":"2026-01-23T11:49:33","modified_gmt":"2026-01-23T10:49:33","slug":"medical","status":"publish","type":"page","link":"https:\/\/optimiso-group.com\/en\/customers\/medical\/","title":{"rendered":"Medical"},"content":{"rendered":"<p>[et_pb_section fb_built=&#8221;1&#8243; fullwidth=&#8221;on&#8221; _builder_version=&#8221;4.16&#8243; _module_preset=&#8221;default&#8221; use_background_color_gradient=&#8221;on&#8221; background_color_gradient_direction=&#8221;105deg&#8221; global_colors_info=&#8221;{}&#8221;][et_pb_fullwidth_header title=&#8221;Medical&#8221; button_one_text=&#8221;See the benefits (2 min)&#8221; button_one_url=&#8221;https:\/\/optimiso-group.com\/en\/videos\/software-iso-certifications\/&#8221; button_two_text=&#8221;Discover the solution&#8221; button_two_url=&#8221;https:\/\/optimiso-group.com\/en\/software\/certifications\/certification-iso-9001\/&#8221; content_tablet=&#8221;&#8221; content_phone=&#8221;&#8221; content_last_edited=&#8221;on|phone&#8221; _builder_version=&#8221;4.19.5&#8243; _module_preset=&#8221;default&#8221; title_font=&#8221;Arial|700|||||||&#8221; title_font_size=&#8221;50px&#8221; content_font=&#8221;Arial|700|||||||&#8221; subhead_font=&#8221;||||||||&#8221; subhead_font_size=&#8221;25px&#8221; background_color=&#8221;#FFFFFF&#8221; use_background_color_gradient=&#8221;on&#8221; background_color_gradient_stops=&#8221;rgba(0,0,0,0.38) 0%|rgba(0,0,0,0.44) 100%&#8221; background_color_gradient_overlays_image=&#8221;on&#8221; background_color_gradient_start=&#8221;rgba(0,0,0,0.38)&#8221; background_color_gradient_end=&#8221;rgba(0,0,0,0.44)&#8221; background_image=&#8221;https:\/\/optimiso-group.com\/wp-content\/uploads\/2023\/03\/secteur-sante.png&#8221; background_position=&#8221;top_right&#8221; custom_button_one=&#8221;on&#8221; button_one_text_color=&#8221;#FFFFFF&#8221; button_one_bg_color=&#8221;#01b1ec&#8221; button_one_border_width=&#8221;3px&#8221; button_one_border_color=&#8221;#01b1ec&#8221; button_one_border_radius=&#8221;0px&#8221; button_one_letter_spacing=&#8221;0px&#8221; button_one_use_icon=&#8221;off&#8221; custom_button_two=&#8221;on&#8221; button_two_text_color=&#8221;#FFFFFF&#8221; button_two_bg_color=&#8221;RGBA(0,0,0,0)&#8221; button_two_border_width=&#8221;3px&#8221; button_two_border_color=&#8221;#FFFFFF&#8221; button_two_border_radius=&#8221;0px&#8221; button_two_use_icon=&#8221;off&#8221; button_two_custom_margin=&#8221;|0px||0px|false|false&#8221; custom_padding=&#8221;40px||40px||false|false&#8221; custom_padding_tablet=&#8221;&#8221; custom_padding_phone=&#8221;20px||20px||false|false&#8221; custom_padding_last_edited=&#8221;on|phone&#8221; title_font_size_tablet=&#8221;&#8221; title_font_size_phone=&#8221;25px&#8221; title_font_size_last_edited=&#8221;on|desktop&#8221; subhead_text_color_tablet=&#8221;&#8221; subhead_text_color_phone=&#8221;&#8221; subhead_text_color_last_edited=&#8221;on|phone&#8221; subhead_font_size_tablet=&#8221;&#8221; subhead_font_size_phone=&#8221;20px&#8221; subhead_font_size_last_edited=&#8221;on|phone&#8221; button_one_text_size_tablet=&#8221;&#8221; button_one_text_size_phone=&#8221;16px&#8221; button_one_text_size_last_edited=&#8221;on|phone&#8221; button_two_text_size_tablet=&#8221;&#8221; button_two_text_size_phone=&#8221;16px&#8221; button_two_text_size_last_edited=&#8221;on|desktop&#8221; global_colors_info=&#8221;{}&#8221;]<\/p>\n<p>&nbsp;<\/p>\n<p>&nbsp;<\/p>\n<p>[\/et_pb_fullwidth_header][\/et_pb_section][et_pb_section fb_built=&#8221;1&#8243; _builder_version=&#8221;4.16&#8243; custom_padding=&#8221;0px|0px|0px|0px||&#8221; global_colors_info=&#8221;{}&#8221;][et_pb_row _builder_version=&#8221;4.16&#8243; _module_preset=&#8221;default&#8221; min_height=&#8221;11.9px&#8221; custom_padding=&#8221;45px|20px|20px|20px|false|false&#8221; global_colors_info=&#8221;{}&#8221;][et_pb_column type=&#8221;4_4&#8243; _builder_version=&#8221;4.16&#8243; _module_preset=&#8221;default&#8221; global_colors_info=&#8221;{}&#8221;][et_pb_text _builder_version=&#8221;4.19.5&#8243; _module_preset=&#8221;default&#8221; text_font=&#8221;Arial||||||||&#8221; text_text_color=&#8221;#000000&#8243; custom_padding=&#8221;||0px|||&#8221; global_colors_info=&#8221;{}&#8221;]<\/p>\n<h3><strong>Ensure quality and safety of care while turning these requirements into strength<\/strong><\/h3>\n<p>[\/et_pb_text][et_pb_text _builder_version=&#8221;4.19.5&#8243; _module_preset=&#8221;default&#8221; text_font=&#8221;Arial||||||||&#8221; text_text_color=&#8221;#000000&#8243; custom_padding=&#8221;||0px|||&#8221; global_colors_info=&#8221;{}&#8221;]<\/p>\n<p><span style=\"color: #555555;\">As a healthcare provider (hospital, clinic, home care, pharmacy, etc.), you have to meet quality of care and risk management requirements.<\/span><\/p>\n<p><span style=\"color: #555555;\">To <strong>prove the quality<\/strong> of medical services and <strong>ensure patient satisfaction<\/strong>, you are probably certified <a href=\"https:\/\/optimiso-group.com\/en\/software\/certifications\/certification-iso-9001\/\">ISO 9001<\/a> or <a href=\"https:\/\/optimiso-group.com\/en\/software\/certifications\/certification-13485\/\">ISO 13485<\/a> in the context of material safety. In all cases, you must harmonize and consolidate best practices while adapting to the realities of the field and the various business constraints.<\/span><\/p>\n<p><span style=\"color: #555555;\">On the financial side, you are certainly required to prevent the risk of error or fraud and to demonstrate the proper use of your funds. You have therefore implemented an <a href=\"https:\/\/optimiso-group.com\/en\/software\/internal-control\/internal-control-system\/\">internal control system<\/a>.<\/span><\/p>\n<p><span style=\"color: #555555;\">To demonstrate compliance with these various requirements, you must:<\/span><\/p>\n<ul>\n<li><span style=\"color: #555555;\">Model and share processes, procedures, protocols and operating methods<\/span><\/li>\n<li><span style=\"color: #555555;\">Ensure risk management (operational, health and safety, financial&#8230;) and implement action plans<\/span><\/li>\n<li><span style=\"color: #555555;\">Manage incidents, undesirable events and non-conformities<\/span><\/li>\n<li><span style=\"color: #555555;\">Guarantee the proper execution of controls<\/span><\/li>\n<li><span style=\"color: #555555;\">Prepare reports and other legal documents<\/span><\/li>\n<\/ul>\n<div id=\"gtx-trans\" style=\"position: absolute; left: 169px; top: 256px;\">\n<div class=\"gtx-trans-icon\">\u00a0<\/div>\n<\/div>\n<p>[\/et_pb_text][\/et_pb_column][\/et_pb_row][et_pb_row _builder_version=&#8221;4.19.5&#8243; _module_preset=&#8221;default&#8221; background_color=&#8221;#f6f6f6&#8243; min_height=&#8221;11.9px&#8221; custom_padding=&#8221;|20px|20px|20px|false|false&#8221; global_colors_info=&#8221;{}&#8221;][et_pb_column type=&#8221;4_4&#8243; _builder_version=&#8221;4.16&#8243; _module_preset=&#8221;default&#8221; global_colors_info=&#8221;{}&#8221;][et_pb_text _builder_version=&#8221;4.19.5&#8243; _module_preset=&#8221;default&#8221; text_font=&#8221;Arial||||||||&#8221; text_text_color=&#8221;#000000&#8243; custom_padding=&#8221;||0px|||&#8221; global_colors_info=&#8221;{}&#8221;]<\/p>\n<h3><strong>Digitalize your quality-safety system and your internal control<\/strong><\/h3>\n<p>[\/et_pb_text][et_pb_text _builder_version=&#8221;4.27.4&#8243; _module_preset=&#8221;default&#8221; text_font=&#8221;Arial||||||||&#8221; text_text_color=&#8221;#000000&#8243; custom_padding=&#8221;||0px|||&#8221; hover_enabled=&#8221;0&#8243; global_colors_info=&#8221;{}&#8221; sticky_enabled=&#8221;0&#8243;]<\/p>\n<p><span style=\"color: #555555;\">Like many medical establishments, make these requirements a real asset for your establishment by choosing Optimiso!<\/span><\/p>\n<ul>\n<li><span style=\"color: #555555;\">Benefit from a reliable and centralized quality-safety system<\/span><\/li>\n<li><span style=\"color: #555555;\">Easily communicate all your documentation to your employees<\/span><\/li>\n<li><span style=\"color: #555555;\">Facilitate the declaration of incidents and gain in responsiveness in their treatment<\/span><\/li>\n<li><span style=\"color: #555555;\">Easily control risk management<\/span><\/li>\n<li><span style=\"color: #555555;\">Follow in real time the good realization of the controls<\/span><\/li>\n<li><span style=\"color: #555555;\">Easily prove your compliance during audits<\/span><\/li>\n<\/ul>\n<div id=\"gtx-trans\" style=\"position: absolute; left: 837px; top: 0px;\">\n<div class=\"gtx-trans-icon\">\u00a0<\/div>\n<\/div>\n<p>[\/et_pb_text][\/et_pb_column][\/et_pb_row][et_pb_row _builder_version=&#8221;4.16&#8243; _module_preset=&#8221;default&#8221; custom_padding=&#8221;|20px|16px|20px|false|false&#8221; global_colors_info=&#8221;{}&#8221;][et_pb_column type=&#8221;4_4&#8243; _builder_version=&#8221;4.16&#8243; _module_preset=&#8221;default&#8221; global_colors_info=&#8221;{}&#8221;][et_pb_text _builder_version=&#8221;4.19.5&#8243; _module_preset=&#8221;default&#8221; text_font=&#8221;Arial||||||||&#8221; text_text_color=&#8221;#000000&#8243; custom_margin=&#8221;9px|||||&#8221; custom_padding=&#8221;||0px|||&#8221; global_colors_info=&#8221;{}&#8221;]<\/p>\n<h3><strong>Some References<\/strong><\/h3>\n<div id=\"gtx-trans\" style=\"position: absolute; left: -74px; top: 3.71875px;\">\n<div class=\"gtx-trans-icon\">\u00a0<\/div>\n<\/div>\n<p>[\/et_pb_text][dica_divi_carousel show_items_tablet=&#8221;4&#8243; dot_nav=&#8221;on&#8221; item_spacing=&#8221;50&#8243; advanced_effect=&#8221;1&#8243; dots_active_color=&#8221;#01b1ec&#8221; _builder_version=&#8221;4.19.5&#8243; _module_preset=&#8221;default&#8221; custom_margin=&#8221;5px|||||&#8221; custom_padding=&#8221;||0px|||&#8221; global_colors_info=&#8221;{}&#8221;][dica_divi_carouselitem button_url_new_window=&#8221;1&#8243; image=&#8221;https:\/\/optimiso-group.com\/wp-content\/uploads\/2023\/03\/proximos.png&#8221; _builder_version=&#8221;4.19.5&#8243; _module_preset=&#8221;default&#8221; link_option_url=&#8221;https:\/\/www.proximos.ch\/&#8221; link_option_url_new_window=&#8221;on&#8221; global_colors_info=&#8221;{}&#8221;][\/dica_divi_carouselitem][dica_divi_carouselitem button_url_new_window=&#8221;1&#8243; image=&#8221;https:\/\/optimiso-group.com\/wp-content\/uploads\/2023\/03\/ambulance-clerc.png&#8221; _builder_version=&#8221;4.19.5&#8243; _module_preset=&#8221;default&#8221; link_option_url=&#8221;https:\/\/www.ambulance-clerc.ch\/&#8221; link_option_url_new_window=&#8221;on&#8221; global_colors_info=&#8221;{}&#8221;][\/dica_divi_carouselitem][dica_divi_carouselitem button_url_new_window=&#8221;1&#8243; image=&#8221;https:\/\/optimiso-group.com\/wp-content\/uploads\/2023\/03\/promotion-sante-valais.png&#8221; _builder_version=&#8221;4.19.5&#8243; _module_preset=&#8221;default&#8221; link_option_url=&#8221;https:\/\/www.promotionsantevalais.ch\/&#8221; link_option_url_new_window=&#8221;on&#8221; global_colors_info=&#8221;{}&#8221;][\/dica_divi_carouselitem][dica_divi_carouselitem button_url_new_window=&#8221;1&#8243; image=&#8221;https:\/\/optimiso-group.com\/wp-content\/uploads\/2023\/03\/soins-a-domicile-de-la-cote.png&#8221; _builder_version=&#8221;4.19.5&#8243; _module_preset=&#8221;default&#8221; link_option_url=&#8221;https:\/\/www.soinsadomiciledelacote.ch\/&#8221; link_option_url_new_window=&#8221;on&#8221; global_colors_info=&#8221;{}&#8221;][\/dica_divi_carouselitem][\/dica_divi_carousel][et_pb_text _builder_version=&#8221;4.19.5&#8243; _module_preset=&#8221;default&#8221; text_font=&#8221;Arial||||||||&#8221; text_text_color=&#8221;#000000&#8243; custom_padding=&#8221;||0px|||&#8221; global_colors_info=&#8221;{}&#8221;]<\/p>\n<p><span style=\"color: #555555;\">And more&#8230;<\/span><\/p>\n<div id=\"gtx-trans\" style=\"position: absolute; left: -67px; top: 0px;\">\n<div class=\"gtx-trans-icon\">\u00a0<\/div>\n<\/div>\n<p>[\/et_pb_text][\/et_pb_column][\/et_pb_row][et_pb_row _builder_version=&#8221;4.16&#8243; _module_preset=&#8221;default&#8221; min_height=&#8221;11.9px&#8221; custom_padding=&#8221;18px|20px|20px|20px|false|false&#8221; global_colors_info=&#8221;{}&#8221;][et_pb_column type=&#8221;4_4&#8243; _builder_version=&#8221;4.16&#8243; _module_preset=&#8221;default&#8221; global_colors_info=&#8221;{}&#8221;][et_pb_text _builder_version=&#8221;4.19.5&#8243; _module_preset=&#8221;default&#8221; text_font=&#8221;Arial||||||||&#8221; text_text_color=&#8221;#000000&#8243; custom_padding=&#8221;||0px|||&#8221; global_colors_info=&#8221;{}&#8221;]<\/p>\n<h3><strong>A project ?<\/strong><\/h3>\n<p><span style=\"color: #555555;\">Do you have a project related to Quality, Safety or Internal Control?<\/span><\/p>\n<p>[\/et_pb_text][et_pb_button button_url=&#8221;https:\/\/optimiso-group.com\/en\/contact\/&#8221; button_text=&#8221;Let&#8217; talk about it !&#8221; button_alignment=&#8221;center&#8221; _builder_version=&#8221;4.19.5&#8243; custom_button=&#8221;on&#8221; button_text_size=&#8221;20px&#8221; button_text_color=&#8221;#FFFFFF&#8221; button_bg_color=&#8221;#01b1ec&#8221; button_border_width=&#8221;3px&#8221; button_border_color=&#8221;#01b1ec&#8221; button_border_radius=&#8221;0px&#8221; button_letter_spacing=&#8221;0px&#8221; button_font=&#8221;||||||||&#8221; button_use_icon=&#8221;off&#8221; background_layout=&#8221;dark&#8221; custom_margin=&#8221;|||&#8221; custom_padding=&#8221;3px|17px|3px|17px|false|false&#8221; button_text_size_tablet=&#8221;&#8221; button_text_size_phone=&#8221;16px&#8221; button_text_size_last_edited=&#8221;on|phone&#8221; button_font_tablet=&#8221;&#8221; button_font_phone=&#8221;&#8221; button_font_last_edited=&#8221;on|phone&#8221; button_letter_spacing_hover=&#8221;1px&#8221; locked=&#8221;off&#8221; global_colors_info=&#8221;{}&#8221; button_text_size__hover_enabled=&#8221;off&#8221; button_one_text_size__hover_enabled=&#8221;off&#8221; button_two_text_size__hover_enabled=&#8221;off&#8221; button_text_color__hover_enabled=&#8221;off&#8221; button_one_text_color__hover_enabled=&#8221;off&#8221; button_two_text_color__hover_enabled=&#8221;off&#8221; button_border_width__hover_enabled=&#8221;off&#8221; button_one_border_width__hover_enabled=&#8221;off&#8221; button_two_border_width__hover_enabled=&#8221;off&#8221; button_border_color__hover_enabled=&#8221;off&#8221; button_one_border_color__hover_enabled=&#8221;off&#8221; button_two_border_color__hover_enabled=&#8221;off&#8221; button_border_radius__hover_enabled=&#8221;off&#8221; button_one_border_radius__hover_enabled=&#8221;off&#8221; button_two_border_radius__hover_enabled=&#8221;off&#8221; button_letter_spacing__hover_enabled=&#8221;on|hover&#8221; button_letter_spacing__hover=&#8221;0px&#8221; button_one_letter_spacing__hover_enabled=&#8221;off&#8221; button_two_letter_spacing__hover_enabled=&#8221;off&#8221; button_bg_color__hover_enabled=&#8221;off&#8221; button_one_bg_color__hover_enabled=&#8221;off&#8221; button_two_bg_color__hover_enabled=&#8221;off&#8221;][\/et_pb_button][\/et_pb_column][\/et_pb_row][\/et_pb_section]<\/p>\n","protected":false},"excerpt":{"rendered":"<p>Medical &nbsp; &nbsp; See the benefits (2&#8230;<\/p>\n","protected":false},"author":6,"featured_media":22524,"parent":6817,"menu_order":0,"comment_status":"closed","ping_status":"closed","template":"","meta":{"_acf_changed":false,"_et_pb_use_builder":"on","_et_pb_old_content":"","_et_gb_content_width":"","_mo_disable_npp":"","footnotes":""},"class_list":["post-22517","page","type-page","status-publish","has-post-thumbnail","hentry"],"acf":[],"yoast_head":"<!-- This site is optimized with the Yoast SEO plugin v24.5 - https:\/\/yoast.com\/wordpress\/plugins\/seo\/ -->\n<title>Quality, Safety and Internal Control in the medical sector<\/title>\n<meta name=\"description\" content=\"As many establishments in the medical sector have done, facilitate the management of your systems with Optimiso.\" \/>\n<meta name=\"robots\" content=\"index, follow, max-snippet:-1, max-image-preview:large, max-video-preview:-1\" \/>\n<link rel=\"canonical\" href=\"https:\/\/optimiso-group.com\/en\/customers\/medical\/\" \/>\n<meta property=\"og:locale\" content=\"en_US\" \/>\n<meta property=\"og:type\" content=\"article\" \/>\n<meta property=\"og:title\" content=\"Quality, Safety and Internal Control in the medical sector\" \/>\n<meta property=\"og:description\" content=\"As many establishments in the medical sector have done, facilitate the management of your systems with Optimiso.\" \/>\n<meta property=\"og:url\" content=\"https:\/\/optimiso-group.com\/en\/customers\/medical\/\" \/>\n<meta property=\"og:site_name\" content=\"Optimiso Group\" \/>\n<meta property=\"article:modified_time\" content=\"2026-01-23T10:49:33+00:00\" \/>\n<meta property=\"og:image\" content=\"https:\/\/optimiso-group.com\/wp-content\/uploads\/2023\/03\/secteur-sante.png\" \/>\n\t<meta property=\"og:image:width\" content=\"2000\" \/>\n\t<meta property=\"og:image:height\" content=\"800\" \/>\n\t<meta property=\"og:image:type\" content=\"image\/png\" \/>\n<meta name=\"twitter:card\" content=\"summary_large_image\" \/>\n<meta name=\"twitter:label1\" content=\"Est. reading time\" \/>\n\t<meta name=\"twitter:data1\" content=\"3 minutes\" \/>\n<script type=\"application\/ld+json\" class=\"yoast-schema-graph\">{\"@context\":\"https:\/\/schema.org\",\"@graph\":[{\"@type\":\"WebPage\",\"@id\":\"https:\/\/optimiso-group.com\/en\/customers\/medical\/\",\"url\":\"https:\/\/optimiso-group.com\/en\/customers\/medical\/\",\"name\":\"Quality, Safety and Internal Control in the medical sector\",\"isPartOf\":{\"@id\":\"https:\/\/optimiso-group.com\/#website\"},\"primaryImageOfPage\":{\"@id\":\"https:\/\/optimiso-group.com\/en\/customers\/medical\/#primaryimage\"},\"image\":{\"@id\":\"https:\/\/optimiso-group.com\/en\/customers\/medical\/#primaryimage\"},\"thumbnailUrl\":\"https:\/\/optimiso-group.com\/wp-content\/uploads\/2023\/03\/secteur-sante.png\",\"datePublished\":\"2023-03-17T13:52:56+00:00\",\"dateModified\":\"2026-01-23T10:49:33+00:00\",\"description\":\"As many establishments in the medical sector have done, facilitate the management of your systems with Optimiso.\",\"breadcrumb\":{\"@id\":\"https:\/\/optimiso-group.com\/en\/customers\/medical\/#breadcrumb\"},\"inLanguage\":\"en-US\",\"potentialAction\":[{\"@type\":\"ReadAction\",\"target\":[\"https:\/\/optimiso-group.com\/en\/customers\/medical\/\"]}]},{\"@type\":\"ImageObject\",\"inLanguage\":\"en-US\",\"@id\":\"https:\/\/optimiso-group.com\/en\/customers\/medical\/#primaryimage\",\"url\":\"https:\/\/optimiso-group.com\/wp-content\/uploads\/2023\/03\/secteur-sante.png\",\"contentUrl\":\"https:\/\/optimiso-group.com\/wp-content\/uploads\/2023\/03\/secteur-sante.png\",\"width\":2000,\"height\":800,\"caption\":\"qualit\u00e9 et la s\u00e9curit\u00e9 des soins\"},{\"@type\":\"BreadcrumbList\",\"@id\":\"https:\/\/optimiso-group.com\/en\/customers\/medical\/#breadcrumb\",\"itemListElement\":[{\"@type\":\"ListItem\",\"position\":1,\"name\":\"Home\",\"item\":\"https:\/\/optimiso-group.com\/en\/\"},{\"@type\":\"ListItem\",\"position\":2,\"name\":\"Customers\",\"item\":\"https:\/\/optimiso-group.com\/en\/customers\/\"},{\"@type\":\"ListItem\",\"position\":3,\"name\":\"Medical\"}]},{\"@type\":\"WebSite\",\"@id\":\"https:\/\/optimiso-group.com\/#website\",\"url\":\"https:\/\/optimiso-group.com\/\",\"name\":\"Optimiso Group\",\"description\":\"Optimiso software turns your regulatory constraints into real benefits. Discover our simple and useful solutions for your projects related to internal organisation, ISO certifications, internal control and risk management.\",\"publisher\":{\"@id\":\"https:\/\/optimiso-group.com\/#organization\"},\"potentialAction\":[{\"@type\":\"SearchAction\",\"target\":{\"@type\":\"EntryPoint\",\"urlTemplate\":\"https:\/\/optimiso-group.com\/?s={search_term_string}\"},\"query-input\":{\"@type\":\"PropertyValueSpecification\",\"valueRequired\":true,\"valueName\":\"search_term_string\"}}],\"inLanguage\":\"en-US\"},{\"@type\":\"Organization\",\"@id\":\"https:\/\/optimiso-group.com\/#organization\",\"name\":\"Optimiso Group\",\"url\":\"https:\/\/optimiso-group.com\/\",\"logo\":{\"@type\":\"ImageObject\",\"inLanguage\":\"en-US\",\"@id\":\"https:\/\/optimiso-group.com\/#\/schema\/logo\/image\/\",\"url\":\"https:\/\/optimiso-group.com\/wp-content\/uploads\/2018\/03\/logo-optimiso-group.png\",\"contentUrl\":\"https:\/\/optimiso-group.com\/wp-content\/uploads\/2018\/03\/logo-optimiso-group.png\",\"width\":351,\"height\":177,\"caption\":\"Optimiso Group\"},\"image\":{\"@id\":\"https:\/\/optimiso-group.com\/#\/schema\/logo\/image\/\"}}]}<\/script>\n<!-- \/ Yoast SEO plugin. -->","yoast_head_json":{"title":"Quality, Safety and Internal Control in the medical sector","description":"As many establishments in the medical sector have done, facilitate the management of your systems with Optimiso.","robots":{"index":"index","follow":"follow","max-snippet":"max-snippet:-1","max-image-preview":"max-image-preview:large","max-video-preview":"max-video-preview:-1"},"canonical":"https:\/\/optimiso-group.com\/en\/customers\/medical\/","og_locale":"en_US","og_type":"article","og_title":"Quality, Safety and Internal Control in the medical sector","og_description":"As many establishments in the medical sector have done, facilitate the management of your systems with Optimiso.","og_url":"https:\/\/optimiso-group.com\/en\/customers\/medical\/","og_site_name":"Optimiso Group","article_modified_time":"2026-01-23T10:49:33+00:00","og_image":[{"width":2000,"height":800,"url":"https:\/\/optimiso-group.com\/wp-content\/uploads\/2023\/03\/secteur-sante.png","type":"image\/png"}],"twitter_card":"summary_large_image","twitter_misc":{"Est. reading time":"3 minutes"},"schema":{"@context":"https:\/\/schema.org","@graph":[{"@type":"WebPage","@id":"https:\/\/optimiso-group.com\/en\/customers\/medical\/","url":"https:\/\/optimiso-group.com\/en\/customers\/medical\/","name":"Quality, Safety and Internal Control in the medical sector","isPartOf":{"@id":"https:\/\/optimiso-group.com\/#website"},"primaryImageOfPage":{"@id":"https:\/\/optimiso-group.com\/en\/customers\/medical\/#primaryimage"},"image":{"@id":"https:\/\/optimiso-group.com\/en\/customers\/medical\/#primaryimage"},"thumbnailUrl":"https:\/\/optimiso-group.com\/wp-content\/uploads\/2023\/03\/secteur-sante.png","datePublished":"2023-03-17T13:52:56+00:00","dateModified":"2026-01-23T10:49:33+00:00","description":"As many establishments in the medical sector have done, facilitate the management of your systems with Optimiso.","breadcrumb":{"@id":"https:\/\/optimiso-group.com\/en\/customers\/medical\/#breadcrumb"},"inLanguage":"en-US","potentialAction":[{"@type":"ReadAction","target":["https:\/\/optimiso-group.com\/en\/customers\/medical\/"]}]},{"@type":"ImageObject","inLanguage":"en-US","@id":"https:\/\/optimiso-group.com\/en\/customers\/medical\/#primaryimage","url":"https:\/\/optimiso-group.com\/wp-content\/uploads\/2023\/03\/secteur-sante.png","contentUrl":"https:\/\/optimiso-group.com\/wp-content\/uploads\/2023\/03\/secteur-sante.png","width":2000,"height":800,"caption":"qualit\u00e9 et la s\u00e9curit\u00e9 des soins"},{"@type":"BreadcrumbList","@id":"https:\/\/optimiso-group.com\/en\/customers\/medical\/#breadcrumb","itemListElement":[{"@type":"ListItem","position":1,"name":"Home","item":"https:\/\/optimiso-group.com\/en\/"},{"@type":"ListItem","position":2,"name":"Customers","item":"https:\/\/optimiso-group.com\/en\/customers\/"},{"@type":"ListItem","position":3,"name":"Medical"}]},{"@type":"WebSite","@id":"https:\/\/optimiso-group.com\/#website","url":"https:\/\/optimiso-group.com\/","name":"Optimiso Group","description":"Optimiso software turns your regulatory constraints into real benefits. Discover our simple and useful solutions for your projects related to internal organisation, ISO certifications, internal control and risk management.","publisher":{"@id":"https:\/\/optimiso-group.com\/#organization"},"potentialAction":[{"@type":"SearchAction","target":{"@type":"EntryPoint","urlTemplate":"https:\/\/optimiso-group.com\/?s={search_term_string}"},"query-input":{"@type":"PropertyValueSpecification","valueRequired":true,"valueName":"search_term_string"}}],"inLanguage":"en-US"},{"@type":"Organization","@id":"https:\/\/optimiso-group.com\/#organization","name":"Optimiso Group","url":"https:\/\/optimiso-group.com\/","logo":{"@type":"ImageObject","inLanguage":"en-US","@id":"https:\/\/optimiso-group.com\/#\/schema\/logo\/image\/","url":"https:\/\/optimiso-group.com\/wp-content\/uploads\/2018\/03\/logo-optimiso-group.png","contentUrl":"https:\/\/optimiso-group.com\/wp-content\/uploads\/2018\/03\/logo-optimiso-group.png","width":351,"height":177,"caption":"Optimiso Group"},"image":{"@id":"https:\/\/optimiso-group.com\/#\/schema\/logo\/image\/"}}]}},"_links":{"self":[{"href":"https:\/\/optimiso-group.com\/en\/wp-json\/wp\/v2\/pages\/22517","targetHints":{"allow":["GET"]}}],"collection":[{"href":"https:\/\/optimiso-group.com\/en\/wp-json\/wp\/v2\/pages"}],"about":[{"href":"https:\/\/optimiso-group.com\/en\/wp-json\/wp\/v2\/types\/page"}],"author":[{"embeddable":true,"href":"https:\/\/optimiso-group.com\/en\/wp-json\/wp\/v2\/users\/6"}],"replies":[{"embeddable":true,"href":"https:\/\/optimiso-group.com\/en\/wp-json\/wp\/v2\/comments?post=22517"}],"version-history":[{"count":1,"href":"https:\/\/optimiso-group.com\/en\/wp-json\/wp\/v2\/pages\/22517\/revisions"}],"predecessor-version":[{"id":29072,"href":"https:\/\/optimiso-group.com\/en\/wp-json\/wp\/v2\/pages\/22517\/revisions\/29072"}],"up":[{"embeddable":true,"href":"https:\/\/optimiso-group.com\/en\/wp-json\/wp\/v2\/pages\/6817"}],"wp:featuredmedia":[{"embeddable":true,"href":"https:\/\/optimiso-group.com\/en\/wp-json\/wp\/v2\/media\/22524"}],"wp:attachment":[{"href":"https:\/\/optimiso-group.com\/en\/wp-json\/wp\/v2\/media?parent=22517"}],"curies":[{"name":"wp","href":"https:\/\/api.w.org\/{rel}","templated":true}]}}