{"id":6750,"date":"2018-02-19T13:53:56","date_gmt":"2018-02-19T12:53:56","guid":{"rendered":"https:\/\/optimiso-group.com\/certifications\/"},"modified":"2026-01-21T16:22:48","modified_gmt":"2026-01-21T15:22:48","slug":"certifications","status":"publish","type":"page","link":"https:\/\/optimiso-group.com\/en\/software\/certifications\/","title":{"rendered":"Certifications"},"content":{"rendered":"<p>Ind\u00e9pendamment de la taille de l\u2019\u00e9tablissement ou de l\u2019activit\u00e9 exerc\u00e9e, les normes de syst\u00e8me de management apportent de nombreux avantages. Elles permettent notamment de structurer l\u2019organisation et favoriser l\u2019am\u00e9lioration continue pour atteindre les objectifs fix\u00e9s.<\/p>\n<p>A l\u2019aide du logiciel Optimiso, vous favorisez l\u2019adh\u00e9sion de tous les collaborateurs gr\u00e2ce \u00e0 une plateforme web intuitive et interactive. Vous gagnez aussi un temps consid\u00e9rable dans la gestion de la documentation.<\/p>\n","protected":false},"excerpt":{"rendered":"<p>Ind\u00e9pendamment de la taille de l\u2019\u00e9tablissement ou de l\u2019activit\u00e9 exerc\u00e9e, les normes de syst\u00e8me de management apportent de nombreux avantages. Elles permettent notamment de structurer l\u2019organisation et favoriser l\u2019am\u00e9lioration continue pour atteindre les objectifs fix\u00e9s. A l\u2019aide du logiciel Optimiso, vous favorisez l\u2019adh\u00e9sion de tous les collaborateurs gr\u00e2ce \u00e0 une plateforme web intuitive et interactive. [&hellip;]<\/p>\n","protected":false},"author":1,"featured_media":0,"parent":7363,"menu_order":232,"comment_status":"closed","ping_status":"closed","template":"template-level-2-V2.php","meta":{"_acf_changed":false,"_et_pb_use_builder":"","_et_pb_old_content":"","_et_gb_content_width":"","_mo_disable_npp":"","footnotes":""},"class_list":["post-6750","page","type-page","status-publish","hentry"],"acf":[],"yoast_head":"<!-- This site is optimized with the Yoast SEO plugin v24.5 - https:\/\/yoast.com\/wordpress\/plugins\/seo\/ -->\n<title>ISO and Management certifications - Optimiso Group<\/title>\n<meta name=\"description\" content=\"Optimiso software facilitates management systems: quality, safety, environment (QSE), food safety, quality of medical devices.\" \/>\n<meta name=\"robots\" content=\"index, follow, max-snippet:-1, max-image-preview:large, max-video-preview:-1\" \/>\n<link rel=\"canonical\" href=\"https:\/\/optimiso-group.com\/en\/software\/certifications\/\" \/>\n<meta property=\"og:locale\" content=\"en_US\" \/>\n<meta property=\"og:type\" content=\"article\" \/>\n<meta property=\"og:title\" content=\"ISO and Management certifications - Optimiso Group\" \/>\n<meta property=\"og:description\" content=\"Optimiso software facilitates management systems: quality, safety, environment (QSE), food safety, quality of medical devices.\" \/>\n<meta property=\"og:url\" content=\"https:\/\/optimiso-group.com\/en\/software\/certifications\/\" \/>\n<meta property=\"og:site_name\" content=\"Optimiso Group\" \/>\n<meta property=\"article:modified_time\" content=\"2026-01-21T15:22:48+00:00\" \/>\n<meta name=\"twitter:card\" content=\"summary_large_image\" \/>\n<meta name=\"twitter:label1\" content=\"Est. reading time\" \/>\n\t<meta name=\"twitter:data1\" content=\"1 minute\" \/>\n<script type=\"application\/ld+json\" class=\"yoast-schema-graph\">{\"@context\":\"https:\/\/schema.org\",\"@graph\":[{\"@type\":\"WebPage\",\"@id\":\"https:\/\/optimiso-group.com\/en\/software\/certifications\/\",\"url\":\"https:\/\/optimiso-group.com\/en\/software\/certifications\/\",\"name\":\"ISO and Management certifications - Optimiso Group\",\"isPartOf\":{\"@id\":\"https:\/\/optimiso-group.com\/#website\"},\"datePublished\":\"2018-02-19T12:53:56+00:00\",\"dateModified\":\"2026-01-21T15:22:48+00:00\",\"description\":\"Optimiso software facilitates management systems: quality, safety, environment (QSE), food safety, quality of medical devices.\",\"breadcrumb\":{\"@id\":\"https:\/\/optimiso-group.com\/en\/software\/certifications\/#breadcrumb\"},\"inLanguage\":\"en-US\",\"potentialAction\":[{\"@type\":\"ReadAction\",\"target\":[\"https:\/\/optimiso-group.com\/en\/software\/certifications\/\"]}]},{\"@type\":\"BreadcrumbList\",\"@id\":\"https:\/\/optimiso-group.com\/en\/software\/certifications\/#breadcrumb\",\"itemListElement\":[{\"@type\":\"ListItem\",\"position\":1,\"name\":\"Home\",\"item\":\"https:\/\/optimiso-group.com\/en\/\"},{\"@type\":\"ListItem\",\"position\":2,\"name\":\"Software\",\"item\":\"https:\/\/optimiso-group.com\/en\/software\/\"},{\"@type\":\"ListItem\",\"position\":3,\"name\":\"Certifications\"}]},{\"@type\":\"WebSite\",\"@id\":\"https:\/\/optimiso-group.com\/#website\",\"url\":\"https:\/\/optimiso-group.com\/\",\"name\":\"Optimiso Group\",\"description\":\"Optimiso software turns your regulatory constraints into real benefits. Discover our simple and useful solutions for your projects related to internal organisation, ISO certifications, internal control and risk management.\",\"publisher\":{\"@id\":\"https:\/\/optimiso-group.com\/#organization\"},\"potentialAction\":[{\"@type\":\"SearchAction\",\"target\":{\"@type\":\"EntryPoint\",\"urlTemplate\":\"https:\/\/optimiso-group.com\/?s={search_term_string}\"},\"query-input\":{\"@type\":\"PropertyValueSpecification\",\"valueRequired\":true,\"valueName\":\"search_term_string\"}}],\"inLanguage\":\"en-US\"},{\"@type\":\"Organization\",\"@id\":\"https:\/\/optimiso-group.com\/#organization\",\"name\":\"Optimiso Group\",\"url\":\"https:\/\/optimiso-group.com\/\",\"logo\":{\"@type\":\"ImageObject\",\"inLanguage\":\"en-US\",\"@id\":\"https:\/\/optimiso-group.com\/#\/schema\/logo\/image\/\",\"url\":\"https:\/\/optimiso-group.com\/wp-content\/uploads\/2018\/03\/logo-optimiso-group.png\",\"contentUrl\":\"https:\/\/optimiso-group.com\/wp-content\/uploads\/2018\/03\/logo-optimiso-group.png\",\"width\":351,\"height\":177,\"caption\":\"Optimiso Group\"},\"image\":{\"@id\":\"https:\/\/optimiso-group.com\/#\/schema\/logo\/image\/\"}}]}<\/script>\n<!-- \/ Yoast SEO plugin. -->","yoast_head_json":{"title":"ISO and Management certifications - Optimiso Group","description":"Optimiso software facilitates management systems: quality, safety, environment (QSE), food safety, quality of medical devices.","robots":{"index":"index","follow":"follow","max-snippet":"max-snippet:-1","max-image-preview":"max-image-preview:large","max-video-preview":"max-video-preview:-1"},"canonical":"https:\/\/optimiso-group.com\/en\/software\/certifications\/","og_locale":"en_US","og_type":"article","og_title":"ISO and Management certifications - Optimiso Group","og_description":"Optimiso software facilitates management systems: quality, safety, environment (QSE), food safety, quality of medical devices.","og_url":"https:\/\/optimiso-group.com\/en\/software\/certifications\/","og_site_name":"Optimiso Group","article_modified_time":"2026-01-21T15:22:48+00:00","twitter_card":"summary_large_image","twitter_misc":{"Est. reading time":"1 minute"},"schema":{"@context":"https:\/\/schema.org","@graph":[{"@type":"WebPage","@id":"https:\/\/optimiso-group.com\/en\/software\/certifications\/","url":"https:\/\/optimiso-group.com\/en\/software\/certifications\/","name":"ISO and Management certifications - Optimiso Group","isPartOf":{"@id":"https:\/\/optimiso-group.com\/#website"},"datePublished":"2018-02-19T12:53:56+00:00","dateModified":"2026-01-21T15:22:48+00:00","description":"Optimiso software facilitates management systems: quality, safety, environment (QSE), food safety, quality of medical devices.","breadcrumb":{"@id":"https:\/\/optimiso-group.com\/en\/software\/certifications\/#breadcrumb"},"inLanguage":"en-US","potentialAction":[{"@type":"ReadAction","target":["https:\/\/optimiso-group.com\/en\/software\/certifications\/"]}]},{"@type":"BreadcrumbList","@id":"https:\/\/optimiso-group.com\/en\/software\/certifications\/#breadcrumb","itemListElement":[{"@type":"ListItem","position":1,"name":"Home","item":"https:\/\/optimiso-group.com\/en\/"},{"@type":"ListItem","position":2,"name":"Software","item":"https:\/\/optimiso-group.com\/en\/software\/"},{"@type":"ListItem","position":3,"name":"Certifications"}]},{"@type":"WebSite","@id":"https:\/\/optimiso-group.com\/#website","url":"https:\/\/optimiso-group.com\/","name":"Optimiso Group","description":"Optimiso software turns your regulatory constraints into real benefits. Discover our simple and useful solutions for your projects related to internal organisation, ISO certifications, internal control and risk management.","publisher":{"@id":"https:\/\/optimiso-group.com\/#organization"},"potentialAction":[{"@type":"SearchAction","target":{"@type":"EntryPoint","urlTemplate":"https:\/\/optimiso-group.com\/?s={search_term_string}"},"query-input":{"@type":"PropertyValueSpecification","valueRequired":true,"valueName":"search_term_string"}}],"inLanguage":"en-US"},{"@type":"Organization","@id":"https:\/\/optimiso-group.com\/#organization","name":"Optimiso Group","url":"https:\/\/optimiso-group.com\/","logo":{"@type":"ImageObject","inLanguage":"en-US","@id":"https:\/\/optimiso-group.com\/#\/schema\/logo\/image\/","url":"https:\/\/optimiso-group.com\/wp-content\/uploads\/2018\/03\/logo-optimiso-group.png","contentUrl":"https:\/\/optimiso-group.com\/wp-content\/uploads\/2018\/03\/logo-optimiso-group.png","width":351,"height":177,"caption":"Optimiso Group"},"image":{"@id":"https:\/\/optimiso-group.com\/#\/schema\/logo\/image\/"}}]}},"_links":{"self":[{"href":"https:\/\/optimiso-group.com\/en\/wp-json\/wp\/v2\/pages\/6750","targetHints":{"allow":["GET"]}}],"collection":[{"href":"https:\/\/optimiso-group.com\/en\/wp-json\/wp\/v2\/pages"}],"about":[{"href":"https:\/\/optimiso-group.com\/en\/wp-json\/wp\/v2\/types\/page"}],"author":[{"embeddable":true,"href":"https:\/\/optimiso-group.com\/en\/wp-json\/wp\/v2\/users\/1"}],"replies":[{"embeddable":true,"href":"https:\/\/optimiso-group.com\/en\/wp-json\/wp\/v2\/comments?post=6750"}],"version-history":[{"count":1,"href":"https:\/\/optimiso-group.com\/en\/wp-json\/wp\/v2\/pages\/6750\/revisions"}],"predecessor-version":[{"id":28971,"href":"https:\/\/optimiso-group.com\/en\/wp-json\/wp\/v2\/pages\/6750\/revisions\/28971"}],"up":[{"embeddable":true,"href":"https:\/\/optimiso-group.com\/en\/wp-json\/wp\/v2\/pages\/7363"}],"wp:attachment":[{"href":"https:\/\/optimiso-group.com\/en\/wp-json\/wp\/v2\/media?parent=6750"}],"curies":[{"name":"wp","href":"https:\/\/api.w.org\/{rel}","templated":true}]}}