{"id":6976,"date":"2018-03-19T19:16:00","date_gmt":"2018-03-19T18:16:00","guid":{"rendered":"https:\/\/optimiso-group.com\/clients\/formation\/"},"modified":"2023-10-17T10:45:15","modified_gmt":"2023-10-17T08:45:15","slug":"training","status":"publish","type":"page","link":"https:\/\/optimiso-group.com\/en\/customers\/training\/","title":{"rendered":"Training"},"content":{"rendered":"<p>[et_pb_section fb_built=&#8221;1&#8243; _builder_version=&#8221;4.16&#8243; custom_padding=&#8221;100px|0px|0px|0px&#8221; global_colors_info=&#8221;{}&#8221;][et_pb_row _builder_version=&#8221;4.16&#8243; background_size=&#8221;initial&#8221; background_position=&#8221;top_left&#8221; background_repeat=&#8221;repeat&#8221; custom_padding=&#8221;0px|0px|33.1875px|0px&#8221; global_colors_info=&#8221;{}&#8221;][et_pb_column type=&#8221;4_4&#8243; _builder_version=&#8221;4.16&#8243; custom_padding=&#8221;|||&#8221; global_colors_info=&#8221;{}&#8221; custom_padding__hover=&#8221;|||&#8221;][et_pb_text _builder_version=&#8221;4.16&#8243; global_colors_info=&#8221;{}&#8221;]<\/p>\n<p>Assurer la croissance et la comp\u00e9titivit\u00e9, s\u2019adapter facilement aux r\u00e9formes et aux nouveaux besoins en formation, tels sont les d\u00e9fis des \u00e9coles publiques ou priv\u00e9es aujourd\u2019hui. Pour relever ces d\u00e9fis, vous devez offrir des prestations de la meilleure qualit\u00e9 possible et souvent obtenir la certification <a href=\"https:\/\/optimiso-group.com\/logiciel\/certifications\/certification-iso-9001\/\">ISO 9001<\/a>, ISO 21001 ou EduQua.<\/p>\n<p>De plus, si vous recevez des subventions, la mise en place d\u2019un <a href=\"https:\/\/optimiso-group.com\/logiciel\/controle-interne\/systeme-de-controle-interne\/\">syst\u00e8me de contr\u00f4le interne<\/a> est g\u00e9n\u00e9ralement obligatoire.<\/p>\n<p>[\/et_pb_text][\/et_pb_column][\/et_pb_row][\/et_pb_section][et_pb_section fb_built=&#8221;1&#8243; _builder_version=&#8221;4.16&#8243; background_color=&#8221;#f4f4f4&#8243; custom_padding=&#8221;0px|0px|0px|0px&#8221; global_colors_info=&#8221;{}&#8221;][et_pb_row _builder_version=&#8221;4.16&#8243; background_size=&#8221;initial&#8221; background_position=&#8221;top_left&#8221; background_repeat=&#8221;repeat&#8221; custom_margin=&#8221;||20px|&#8221; custom_padding=&#8221;50px|0px|50px|0px&#8221; global_colors_info=&#8221;{}&#8221;][et_pb_column type=&#8221;4_4&#8243; _builder_version=&#8221;4.16&#8243; custom_padding=&#8221;|||&#8221; global_colors_info=&#8221;{}&#8221; custom_padding__hover=&#8221;|||&#8221;][et_pb_text _builder_version=&#8221;4.16&#8243; global_colors_info=&#8221;{}&#8221;]<\/p>\n<h2 style=\"text-align: center;\">Nos r\u00e9f\u00e9rences dans le secteur de la formation\u00a0?<\/h2>\n<p>[\/et_pb_text][et_pb_button button_url=&#8221;https:\/\/optimiso-group.com\/en\/contact\/&#8221; button_text=&#8221;Contactez-nous&#8221; button_alignment=&#8221;center&#8221; _builder_version=&#8221;4.16&#8243; custom_button=&#8221;on&#8221; button_text_size=&#8221;16&#8243; button_text_color=&#8221;#ffffff&#8221; button_bg_color=&#8221;#02b1e6&#8243; button_border_width=&#8221;0&#8243; button_border_radius=&#8221;0&#8243; button_use_icon=&#8221;off&#8221; custom_padding=&#8221;15px|25px|15px|25px&#8221; button_text_color_hover=&#8221;#ffffff&#8221; button_border_radius_hover=&#8221;0&#8243; button_bg_color_hover=&#8221;#0ac4fd&#8221; saved_tabs=&#8221;all&#8221; global_colors_info=&#8221;{}&#8221; button_text_size__hover_enabled=&#8221;off&#8221; button_one_text_size__hover_enabled=&#8221;off&#8221; button_two_text_size__hover_enabled=&#8221;off&#8221; button_text_color__hover_enabled=&#8221;on&#8221; button_text_color__hover=&#8221;#ffffff&#8221; button_one_text_color__hover_enabled=&#8221;off&#8221; button_two_text_color__hover_enabled=&#8221;off&#8221; button_border_width__hover_enabled=&#8221;off&#8221; button_one_border_width__hover_enabled=&#8221;off&#8221; button_two_border_width__hover_enabled=&#8221;off&#8221; button_border_color__hover_enabled=&#8221;off&#8221; button_one_border_color__hover_enabled=&#8221;off&#8221; button_two_border_color__hover_enabled=&#8221;off&#8221; button_border_radius__hover_enabled=&#8221;on&#8221; button_border_radius__hover=&#8221;0&#8243; button_one_border_radius__hover_enabled=&#8221;off&#8221; button_two_border_radius__hover_enabled=&#8221;off&#8221; button_letter_spacing__hover_enabled=&#8221;off&#8221; button_one_letter_spacing__hover_enabled=&#8221;off&#8221; button_two_letter_spacing__hover_enabled=&#8221;off&#8221; button_bg_color__hover_enabled=&#8221;on&#8221; button_bg_color__hover=&#8221;#0ac4fd&#8221; button_one_bg_color__hover_enabled=&#8221;off&#8221; button_two_bg_color__hover_enabled=&#8221;off&#8221;]&nbsp;<br \/>\n[\/et_pb_button][\/et_pb_column][\/et_pb_row][\/et_pb_section][et_pb_section fb_built=&#8221;1&#8243; _builder_version=&#8221;4.16&#8243; custom_padding=&#8221;0px|0px|100px|0px&#8221; global_colors_info=&#8221;{}&#8221;][et_pb_row column_structure=&#8221;3_4,1_4&#8243; _builder_version=&#8221;4.16&#8243; background_size=&#8221;initial&#8221; background_position=&#8221;top_left&#8221; background_repeat=&#8221;repeat&#8221; custom_padding=&#8221;0px|0px|0px|0px&#8221; global_colors_info=&#8221;{}&#8221;][et_pb_column type=&#8221;3_4&#8243; _builder_version=&#8221;4.16&#8243; custom_padding=&#8221;|||&#8221; global_colors_info=&#8221;{}&#8221; custom_padding__hover=&#8221;|||&#8221;][et_pb_text _builder_version=&#8221;4.16&#8243; global_colors_info=&#8221;{}&#8221;]<\/p>\n<h2><strong>Facilitez la gestion de votre syst\u00e8me qualit\u00e9 ou de votre contr\u00f4le interne<\/strong><\/h2>\n<p>Le logiciel Optimiso est utilis\u00e9 depuis de nombreuses ann\u00e9es par diff\u00e9rents organismes de formation. Il vous aide \u00e0\u00a0:<\/p>\n<ul>\n<li>Assurer toujours la m\u00eame qualit\u00e9 de service<\/li>\n<li>Rapidement faire face aux changements gr\u00e2ce aux processus et aux responsabilit\u00e9s clairement d\u00e9finis<\/li>\n<li>Cr\u00e9er automatiquement les rapports de risques et contr\u00f4les exig\u00e9s par les auditeurs<\/li>\n<li>Suivre la r\u00e9alisation des contr\u00f4les<\/li>\n<\/ul>\n<p>[\/et_pb_text][\/et_pb_column][et_pb_column type=&#8221;1_4&#8243; _builder_version=&#8221;4.16&#8243; custom_padding=&#8221;|||&#8221; global_colors_info=&#8221;{}&#8221; custom_padding__hover=&#8221;|||&#8221;][\/et_pb_column][\/et_pb_row][\/et_pb_section]<\/p>\n","protected":false},"excerpt":{"rendered":"<p>Assurer la croissance et la comp\u00e9titivit\u00e9, s\u2019adapter&#8230;<\/p>\n","protected":false},"author":1,"featured_media":0,"parent":6817,"menu_order":150,"comment_status":"closed","ping_status":"closed","template":"template-divi.php","meta":{"_acf_changed":false,"_et_pb_use_builder":"on","_et_pb_old_content":"","_et_gb_content_width":"","_mo_disable_npp":"","footnotes":""},"class_list":["post-6976","page","type-page","status-publish","hentry"],"acf":[],"yoast_head":"<!-- This site is optimized with the Yoast SEO plugin v24.5 - https:\/\/yoast.com\/wordpress\/plugins\/seo\/ -->\n<title>Solutions for training sector | Optimiso Group<\/title>\n<meta name=\"description\" content=\"Ensuring growth and competitiveness, adapting easily to reforms and new training needs are the challenges facing public and private schools today. Often, you must be ISO 9001 or EduQua certified. To meet these challenges, have Optimiso Group accompany you!\" \/>\n<meta name=\"robots\" content=\"index, follow, max-snippet:-1, max-image-preview:large, max-video-preview:-1\" \/>\n<link rel=\"canonical\" href=\"https:\/\/optimiso-group.com\/clients\/formation\/\" \/>\n<meta property=\"og:locale\" content=\"en_US\" \/>\n<meta property=\"og:type\" content=\"article\" \/>\n<meta property=\"og:title\" content=\"Solutions for training sector | Optimiso Group\" \/>\n<meta property=\"og:description\" content=\"Ensuring growth and competitiveness, adapting easily to reforms and new training needs are the challenges facing public and private schools today. Often, you must be ISO 9001 or EduQua certified. To meet these challenges, have Optimiso Group accompany you!\" \/>\n<meta property=\"og:url\" content=\"https:\/\/optimiso-group.com\/clients\/formation\/\" \/>\n<meta property=\"og:site_name\" content=\"Optimiso Group\" \/>\n<meta property=\"article:modified_time\" content=\"2023-10-17T08:45:15+00:00\" \/>\n<meta name=\"twitter:card\" content=\"summary_large_image\" \/>\n<meta name=\"twitter:label1\" content=\"Est. reading time\" \/>\n\t<meta name=\"twitter:data1\" content=\"3 minutes\" \/>\n<script type=\"application\/ld+json\" class=\"yoast-schema-graph\">{\"@context\":\"https:\/\/schema.org\",\"@graph\":[{\"@type\":\"WebPage\",\"@id\":\"https:\/\/optimiso-group.com\/clients\/formation\/\",\"url\":\"https:\/\/optimiso-group.com\/clients\/formation\/\",\"name\":\"Solutions for training sector | Optimiso Group\",\"isPartOf\":{\"@id\":\"https:\/\/optimiso-group.com\/#website\"},\"datePublished\":\"2018-03-19T18:16:00+00:00\",\"dateModified\":\"2023-10-17T08:45:15+00:00\",\"description\":\"Ensuring growth and competitiveness, adapting easily to reforms and new training needs are the challenges facing public and private schools today. Often, you must be ISO 9001 or EduQua certified. To meet these challenges, have Optimiso Group accompany you!\",\"breadcrumb\":{\"@id\":\"https:\/\/optimiso-group.com\/clients\/formation\/#breadcrumb\"},\"inLanguage\":\"en-US\",\"potentialAction\":[{\"@type\":\"ReadAction\",\"target\":[\"https:\/\/optimiso-group.com\/clients\/formation\/\"]}]},{\"@type\":\"BreadcrumbList\",\"@id\":\"https:\/\/optimiso-group.com\/clients\/formation\/#breadcrumb\",\"itemListElement\":[{\"@type\":\"ListItem\",\"position\":1,\"name\":\"Home\",\"item\":\"https:\/\/optimiso-group.com\/en\/\"},{\"@type\":\"ListItem\",\"position\":2,\"name\":\"Customers\",\"item\":\"https:\/\/optimiso-group.com\/en\/customers\/\"},{\"@type\":\"ListItem\",\"position\":3,\"name\":\"Training\"}]},{\"@type\":\"WebSite\",\"@id\":\"https:\/\/optimiso-group.com\/#website\",\"url\":\"https:\/\/optimiso-group.com\/\",\"name\":\"Optimiso Group\",\"description\":\"Optimiso software turns your regulatory constraints into real benefits. Discover our simple and useful solutions for your projects related to internal organisation, ISO certifications, internal control and risk management.\",\"publisher\":{\"@id\":\"https:\/\/optimiso-group.com\/#organization\"},\"potentialAction\":[{\"@type\":\"SearchAction\",\"target\":{\"@type\":\"EntryPoint\",\"urlTemplate\":\"https:\/\/optimiso-group.com\/?s={search_term_string}\"},\"query-input\":{\"@type\":\"PropertyValueSpecification\",\"valueRequired\":true,\"valueName\":\"search_term_string\"}}],\"inLanguage\":\"en-US\"},{\"@type\":\"Organization\",\"@id\":\"https:\/\/optimiso-group.com\/#organization\",\"name\":\"Optimiso Group\",\"url\":\"https:\/\/optimiso-group.com\/\",\"logo\":{\"@type\":\"ImageObject\",\"inLanguage\":\"en-US\",\"@id\":\"https:\/\/optimiso-group.com\/#\/schema\/logo\/image\/\",\"url\":\"https:\/\/optimiso-group.com\/wp-content\/uploads\/2018\/03\/logo-optimiso-group.png\",\"contentUrl\":\"https:\/\/optimiso-group.com\/wp-content\/uploads\/2018\/03\/logo-optimiso-group.png\",\"width\":351,\"height\":177,\"caption\":\"Optimiso Group\"},\"image\":{\"@id\":\"https:\/\/optimiso-group.com\/#\/schema\/logo\/image\/\"}}]}<\/script>\n<!-- \/ Yoast SEO plugin. -->","yoast_head_json":{"title":"Solutions for training sector | Optimiso Group","description":"Ensuring growth and competitiveness, adapting easily to reforms and new training needs are the challenges facing public and private schools today. Often, you must be ISO 9001 or EduQua certified. To meet these challenges, have Optimiso Group accompany you!","robots":{"index":"index","follow":"follow","max-snippet":"max-snippet:-1","max-image-preview":"max-image-preview:large","max-video-preview":"max-video-preview:-1"},"canonical":"https:\/\/optimiso-group.com\/clients\/formation\/","og_locale":"en_US","og_type":"article","og_title":"Solutions for training sector | Optimiso Group","og_description":"Ensuring growth and competitiveness, adapting easily to reforms and new training needs are the challenges facing public and private schools today. Often, you must be ISO 9001 or EduQua certified. To meet these challenges, have Optimiso Group accompany you!","og_url":"https:\/\/optimiso-group.com\/clients\/formation\/","og_site_name":"Optimiso Group","article_modified_time":"2023-10-17T08:45:15+00:00","twitter_card":"summary_large_image","twitter_misc":{"Est. reading time":"3 minutes"},"schema":{"@context":"https:\/\/schema.org","@graph":[{"@type":"WebPage","@id":"https:\/\/optimiso-group.com\/clients\/formation\/","url":"https:\/\/optimiso-group.com\/clients\/formation\/","name":"Solutions for training sector | Optimiso Group","isPartOf":{"@id":"https:\/\/optimiso-group.com\/#website"},"datePublished":"2018-03-19T18:16:00+00:00","dateModified":"2023-10-17T08:45:15+00:00","description":"Ensuring growth and competitiveness, adapting easily to reforms and new training needs are the challenges facing public and private schools today. Often, you must be ISO 9001 or EduQua certified. To meet these challenges, have Optimiso Group accompany you!","breadcrumb":{"@id":"https:\/\/optimiso-group.com\/clients\/formation\/#breadcrumb"},"inLanguage":"en-US","potentialAction":[{"@type":"ReadAction","target":["https:\/\/optimiso-group.com\/clients\/formation\/"]}]},{"@type":"BreadcrumbList","@id":"https:\/\/optimiso-group.com\/clients\/formation\/#breadcrumb","itemListElement":[{"@type":"ListItem","position":1,"name":"Home","item":"https:\/\/optimiso-group.com\/en\/"},{"@type":"ListItem","position":2,"name":"Customers","item":"https:\/\/optimiso-group.com\/en\/customers\/"},{"@type":"ListItem","position":3,"name":"Training"}]},{"@type":"WebSite","@id":"https:\/\/optimiso-group.com\/#website","url":"https:\/\/optimiso-group.com\/","name":"Optimiso Group","description":"Optimiso software turns your regulatory constraints into real benefits. Discover our simple and useful solutions for your projects related to internal organisation, ISO certifications, internal control and risk management.","publisher":{"@id":"https:\/\/optimiso-group.com\/#organization"},"potentialAction":[{"@type":"SearchAction","target":{"@type":"EntryPoint","urlTemplate":"https:\/\/optimiso-group.com\/?s={search_term_string}"},"query-input":{"@type":"PropertyValueSpecification","valueRequired":true,"valueName":"search_term_string"}}],"inLanguage":"en-US"},{"@type":"Organization","@id":"https:\/\/optimiso-group.com\/#organization","name":"Optimiso Group","url":"https:\/\/optimiso-group.com\/","logo":{"@type":"ImageObject","inLanguage":"en-US","@id":"https:\/\/optimiso-group.com\/#\/schema\/logo\/image\/","url":"https:\/\/optimiso-group.com\/wp-content\/uploads\/2018\/03\/logo-optimiso-group.png","contentUrl":"https:\/\/optimiso-group.com\/wp-content\/uploads\/2018\/03\/logo-optimiso-group.png","width":351,"height":177,"caption":"Optimiso Group"},"image":{"@id":"https:\/\/optimiso-group.com\/#\/schema\/logo\/image\/"}}]}},"_links":{"self":[{"href":"https:\/\/optimiso-group.com\/en\/wp-json\/wp\/v2\/pages\/6976","targetHints":{"allow":["GET"]}}],"collection":[{"href":"https:\/\/optimiso-group.com\/en\/wp-json\/wp\/v2\/pages"}],"about":[{"href":"https:\/\/optimiso-group.com\/en\/wp-json\/wp\/v2\/types\/page"}],"author":[{"embeddable":true,"href":"https:\/\/optimiso-group.com\/en\/wp-json\/wp\/v2\/users\/1"}],"replies":[{"embeddable":true,"href":"https:\/\/optimiso-group.com\/en\/wp-json\/wp\/v2\/comments?post=6976"}],"version-history":[{"count":0,"href":"https:\/\/optimiso-group.com\/en\/wp-json\/wp\/v2\/pages\/6976\/revisions"}],"up":[{"embeddable":true,"href":"https:\/\/optimiso-group.com\/en\/wp-json\/wp\/v2\/pages\/6817"}],"wp:attachment":[{"href":"https:\/\/optimiso-group.com\/en\/wp-json\/wp\/v2\/media?parent=6976"}],"curies":[{"name":"wp","href":"https:\/\/api.w.org\/{rel}","templated":true}]}}